{"id":8487,"date":"2018-09-21T14:47:33","date_gmt":"2018-09-21T12:47:33","guid":{"rendered":"http:\/\/www.accobams.org\/activites-principales\/accobams-survey-initiative\/asi-preliminary-results\/"},"modified":"2021-10-20T10:42:52","modified_gmt":"2021-10-20T08:42:52","slug":"asi-preliminary-results","status":"publish","type":"page","link":"https:\/\/accobams.org\/fr\/activites-principales\/accobams-survey-initiative-2\/asi-preliminary-results\/","title":{"rendered":"2018 ASI &#8211; Observations en M\u00e9diterran\u00e9e"},"content":{"rendered":"<p style=\"text-align: center;\"><span style=\"color: #3366ff; font-size: 16pt;\"><strong>\u00ab\u00a0<span style=\"text-decoration: underline;\">UNE INITIATIVE AMBITIEUSE<\/span>\u00ab\u00a0<\/strong><\/span><\/p><p style=\"text-align: justify;\"><span id=\"result_box\" class=\"\" lang=\"fr\"><span class=\"\">En r\u00e9ponse au besoin crucial de donn\u00e9es sur l&rsquo;\u00e9tat des populations de c\u00e9tac\u00e9s, l&rsquo;ACCOBAMS a coordonn\u00e9 la premi\u00e8re campagne \u00e0 grande \u00e9chelle sur les esp\u00e8ces marines de la mer M\u00e9diterran\u00e9e au cours de l&rsquo;\u00e9t\u00e9 2018. Avec la participation de tous les pays m\u00e9diterran\u00e9ens, cet effort sans pr\u00e9c\u00e9dent fournira de pr\u00e9cieuses<\/span><span class=\"\"> informations sur la r\u00e9partition et l&rsquo;abondance des c\u00e9tac\u00e9s, informations que les pays pourront utiliser pour am\u00e9liorer et renforcer les mesures visant \u00e0 r\u00e9duire les impacts des activit\u00e9s humaines sur les c\u00e9tac\u00e9s et \u00e0 mieux prot\u00e9ger ces esp\u00e8ces embl\u00e9matiques et leurs habitats.<\/span> <span class=\"\">L&rsquo;ACCOBAMS Survey Initiative (ASI) a \u00e9galement offert une occasion unique de collecter des donn\u00e9es sur d&rsquo;autres esp\u00e8ces marines telles que les tortues de mer, les diables de mer m\u00e9diterran\u00e9ens, les requins, les oiseaux de mer, mais \u00e9galement sur les d\u00e9chets marins et le bruit sous-marin.<\/span><\/span><\/p><p>&nbsp;<\/p><table style=\"height: 584px;\" width=\"742\"><tbody><tr><td colspan=\"2\"><p><img loading=\"lazy\" decoding=\"async\" class=\"aligncenter wp-image-6349\" src=\"https:\/\/accobams.org\/wp-content\/uploads\/2018\/06\/Logo-ASI-copie-300x74.png\" alt=\"\" width=\"195\" height=\"48\" srcset=\"https:\/\/accobams.org\/wp-content\/uploads\/2018\/06\/Logo-ASI-copie-300x74.png 300w, https:\/\/accobams.org\/wp-content\/uploads\/2018\/06\/Logo-ASI-copie-1024x253.png 1024w\" sizes=\"auto, (max-width: 195px) 100vw, 195px\" \/><\/p><p><img loading=\"lazy\" decoding=\"async\" class=\"wp-image-7197 size-thumbnail colorbox-8482 alignleft\" src=\"https:\/\/accobams.org\/wp-content\/uploads\/2018\/08\/MCR-2018-07-27-18-53-44_C2_CR_1-copie-150x150.jpg\" alt=\"\" width=\"150\" height=\"150\" \/><img loading=\"lazy\" decoding=\"async\" class=\"wp-image-6823 size-thumbnail colorbox-8482 alignleft\" src=\"https:\/\/accobams.org\/wp-content\/uploads\/2018\/07\/IMG_7926-\u00a9Saleh-DYRIAG_ACCOBAMS-150x150.jpg\" alt=\"\" width=\"150\" height=\"150\" \/><img loading=\"lazy\" decoding=\"async\" class=\"wp-image-7856 size-thumbnail colorbox-8482 alignleft\" src=\"https:\/\/accobams.org\/wp-content\/uploads\/2018\/09\/\u00a9JReid_1-150x150.jpg\" alt=\"\" width=\"150\" height=\"150\" \/><img loading=\"lazy\" decoding=\"async\" class=\"wp-image-8130 size-thumbnail colorbox-8482 alignleft\" src=\"https:\/\/accobams.org\/wp-content\/uploads\/2018\/09\/mer\u00e9g\u00e9e3-150x150.jpg\" alt=\"\" width=\"150\" height=\"150\" \/><\/p><\/td><\/tr><tr><td><p><img loading=\"lazy\" decoding=\"async\" class=\"wp-image-6851 size-thumbnail colorbox-8482 aligncenter\" src=\"https:\/\/accobams.org\/wp-content\/uploads\/2018\/07\/IMG_8028-\u00a9Saleh-DYRIAG_ACCOBAMS-150x150.jpg\" alt=\"\" width=\"150\" height=\"150\" \/><\/p><p><img loading=\"lazy\" decoding=\"async\" class=\"aligncenter size-thumbnail wp-image-8132 colorbox-8482\" src=\"https:\/\/accobams.org\/wp-content\/uploads\/2018\/09\/mer\u00e9g\u00e9e4-150x150.jpg\" alt=\"\" width=\"150\" height=\"150\" \/><\/p><\/td><td><p style=\"text-align: center;\">Participation de <span style=\"font-size: 18pt; color: #3366ff;\"><strong>20<\/strong> <\/span>Pays de la M\u00e9diterran\u00e9e<\/p><p style=\"text-align: center;\"><span style=\"font-size: 18pt; color: #800080;\"><strong>Plus de 100<\/strong> <\/span>observateurs scientifiques<\/p><p style=\"text-align: center;\">8 avions planes and 6 boats mobilized<\/p><p style=\"text-align: center;\"><span style=\"font-size: 18pt; color: #3366ff;\"><strong>70\u00a0000 km couverts pour la campagne a\u00e9rienne<\/strong><\/span><\/p><p style=\"text-align: center;\">22 000 km couverts pour la campagne sur le bateau le Song of the Whale<\/p><p style=\"text-align: center;\">Plus de <span style=\"font-size: 18pt; color: #800080;\"><strong>30 organisations impliqu\u00e9es<\/strong><\/span><\/p><\/td><\/tr><\/tbody><\/table><p style=\"text-align: justify;\">\u00a0<\/p><p>&nbsp;<\/p><p style=\"text-align: center;\"><span style=\"text-decoration: underline;\"><span style=\"color: #800080; text-decoration: underline;\"><strong><span style=\"font-size: 16pt;\">ASI CAMPAGNE D\u2019\u00c9T\u00c9 2018 OBSERVATIONS EN M\u00c9DITERRAN\u00c9E<br \/><\/span><\/strong><\/span><\/span><\/p><p style=\"text-align: justify;\"><span id=\"result_box\" class=\"\" lang=\"fr\"><span class=\"\">Les cartes compilant les observations et les d\u00e9tections acoustiques recueillies lors des relev\u00e9s a\u00e9riens et \u00e0 bord du SOTW ont \u00e9t\u00e9 mises \u00e0 jour r\u00e9guli\u00e8rement et sont maintenant disponibles pour chaque esp\u00e8ce de c\u00e9tac\u00e9, les autres esp\u00e8ces de m\u00e9gafaune, mais \u00e9galement les d\u00e9chets marins et les activit\u00e9s anthropiques.<\/span><br \/><br \/><span class=\"\">Les informations pr\u00e9sent\u00e9es doivent \u00eatre consid\u00e9r\u00e9es comme tr\u00e8s pr\u00e9liminaires.<\/span> <span class=\"\">Elles seront compl\u00e9t\u00e9es par les donn\u00e9es collect\u00e9es par d\u2019autres bateaux et feront l\u2019objet d\u2019un traitement statistique par le biais d\u2019analyses bas\u00e9es sur la conception et sur le mod\u00e8le.<\/span> <span class=\"\">Cela fournira une estimation de l&rsquo;abondance et de la distribution des esp\u00e8ces rencontr\u00e9es et ce n&rsquo;est qu&rsquo;alors que les r\u00e9sultats seront soumis \u00e0 interpr\u00e9tation pour les probl\u00e8mes de conservation.<\/span><\/span><\/p><p>&nbsp;<\/p><p style=\"text-align: center;\"><span style=\"font-size: 16pt;\"><strong><span style=\"color: #3366ff;\">ASI OBSERVATIONS LORS DE LA CAMPAGNE A\u00c9RIENNE<\/span><\/strong><\/span><\/p><p><span style=\"color: #3366ff;\"><strong>Transects couverts<\/strong><\/span><\/p><p><img loading=\"lazy\" decoding=\"async\" class=\"colorbox-8482 wp-image-8502 size-large alignnone\" src=\"https:\/\/accobams.org\/wp-content\/uploads\/2018\/09\/ASI_OnEffort-1024x496.jpg\" alt=\"\" width=\"1024\" height=\"496\" srcset=\"https:\/\/accobams.org\/wp-content\/uploads\/2018\/09\/ASI_OnEffort-1024x496.jpg 1024w, https:\/\/accobams.org\/wp-content\/uploads\/2018\/09\/ASI_OnEffort-300x145.jpg 300w\" sizes=\"auto, (max-width: 1024px) 100vw, 1024px\" \/><\/p><p><strong><span style=\"color: #3366ff;\">Esp\u00e8ces de c\u00e9tac\u00e9 de grande taille<\/span><br \/><\/strong><\/p><p><img loading=\"lazy\" decoding=\"async\" class=\"colorbox-8482 wp-image-8496 size-large alignnone\" src=\"https:\/\/accobams.org\/wp-content\/uploads\/2018\/09\/ASI_MM_Large-1024x535.jpg\" alt=\"\" width=\"1024\" height=\"535\" srcset=\"https:\/\/accobams.org\/wp-content\/uploads\/2018\/09\/ASI_MM_Large-1024x535.jpg 1024w, https:\/\/accobams.org\/wp-content\/uploads\/2018\/09\/ASI_MM_Large-300x157.jpg 300w\" sizes=\"auto, (max-width: 1024px) 100vw, 1024px\" \/><\/p><p><strong><span style=\"color: #3366ff;\">Esp\u00e8ces de c\u00e9tac\u00e9 de taille moyenne<\/span><br \/><\/strong><\/p><p><img loading=\"lazy\" decoding=\"async\" class=\"colorbox-8482 wp-image-8498 size-large alignnone\" src=\"https:\/\/accobams.org\/wp-content\/uploads\/2018\/09\/ASI_MM_Medium-1024x614.jpg\" alt=\"\" width=\"1024\" height=\"614\" srcset=\"https:\/\/accobams.org\/wp-content\/uploads\/2018\/09\/ASI_MM_Medium-1024x614.jpg 1024w, https:\/\/accobams.org\/wp-content\/uploads\/2018\/09\/ASI_MM_Medium-300x180.jpg 300w\" sizes=\"auto, (max-width: 1024px) 100vw, 1024px\" \/><\/p><p><span style=\"color: #3366ff;\"><strong>Esp\u00e8ces de c\u00e9tac\u00e9 de petite taille<\/strong><\/span><\/p><p><img loading=\"lazy\" decoding=\"async\" class=\"colorbox-8482 wp-image-8500 size-large alignnone\" src=\"https:\/\/accobams.org\/wp-content\/uploads\/2018\/09\/ASI_MM_Small-1024x617.jpg\" alt=\"\" width=\"1024\" height=\"617\" srcset=\"https:\/\/accobams.org\/wp-content\/uploads\/2018\/09\/ASI_MM_Small-1024x617.jpg 1024w, https:\/\/accobams.org\/wp-content\/uploads\/2018\/09\/ASI_MM_Small-300x181.jpg 300w\" sizes=\"auto, (max-width: 1024px) 100vw, 1024px\" \/><\/p><p><span style=\"color: #3366ff;\"><strong>Autre esp\u00e8ces de la m\u00e9gafaune<\/strong><\/span><\/p><p><img loading=\"lazy\" decoding=\"async\" class=\"colorbox-8482 wp-image-8513 size-large alignnone\" src=\"https:\/\/accobams.org\/wp-content\/uploads\/2018\/09\/ASI_OtherMegafauna-1-1024x578.jpg\" alt=\"\" width=\"1024\" height=\"578\" srcset=\"https:\/\/accobams.org\/wp-content\/uploads\/2018\/09\/ASI_OtherMegafauna-1-1024x578.jpg 1024w, https:\/\/accobams.org\/wp-content\/uploads\/2018\/09\/ASI_OtherMegafauna-1-300x169.jpg 300w\" sizes=\"auto, (max-width: 1024px) 100vw, 1024px\" \/><\/p><p><img loading=\"lazy\" decoding=\"async\" class=\"alignnone wp-image-8697 size-large\" src=\"https:\/\/accobams.org\/wp-content\/uploads\/2018\/09\/ASI_OtherMegafauna2-1024x518.jpg\" alt=\"\" width=\"1024\" height=\"518\" srcset=\"https:\/\/accobams.org\/wp-content\/uploads\/2018\/09\/ASI_OtherMegafauna2-1024x518.jpg 1024w, https:\/\/accobams.org\/wp-content\/uploads\/2018\/09\/ASI_OtherMegafauna2-300x152.jpg 300w, https:\/\/accobams.org\/wp-content\/uploads\/2018\/09\/ASI_OtherMegafauna2.jpg 1754w\" sizes=\"auto, (max-width: 1024px) 100vw, 1024px\" \/><\/p><p><span style=\"color: #3366ff;\"><strong>Tortues<\/strong><\/span><\/p><p><img loading=\"lazy\" decoding=\"async\" class=\"alignnone wp-image-8695 size-large\" src=\"https:\/\/accobams.org\/wp-content\/uploads\/2018\/09\/ASI_Leatherback_Turtles-1024x467.jpg\" alt=\"\" width=\"1024\" height=\"467\" srcset=\"https:\/\/accobams.org\/wp-content\/uploads\/2018\/09\/ASI_Leatherback_Turtles-1024x467.jpg 1024w, https:\/\/accobams.org\/wp-content\/uploads\/2018\/09\/ASI_Leatherback_Turtles-300x137.jpg 300w, https:\/\/accobams.org\/wp-content\/uploads\/2018\/09\/ASI_Leatherback_Turtles.jpg 1754w\" sizes=\"auto, (max-width: 1024px) 100vw, 1024px\" \/><\/p><p><strong><span style=\"color: #3366ff;\">Oiseaux marins<\/span><br \/><\/strong><\/p><p><img loading=\"lazy\" decoding=\"async\" class=\"colorbox-8482 wp-image-8506 size-large alignnone\" src=\"https:\/\/accobams.org\/wp-content\/uploads\/2018\/09\/ASI_Seabirds-1024x445.jpg\" alt=\"\" width=\"1024\" height=\"445\" srcset=\"https:\/\/accobams.org\/wp-content\/uploads\/2018\/09\/ASI_Seabirds-1024x445.jpg 1024w, https:\/\/accobams.org\/wp-content\/uploads\/2018\/09\/ASI_Seabirds-300x130.jpg 300w\" sizes=\"auto, (max-width: 1024px) 100vw, 1024px\" \/><\/p><p><strong><span style=\"color: #3366ff;\">Raies<br \/><\/span><\/strong><img loading=\"lazy\" decoding=\"async\" class=\"wp-image-10564 size-large alignnone\" src=\"https:\/\/accobams.org\/wp-content\/uploads\/2018\/12\/rays-1024x523.png\" alt=\"\" width=\"1024\" height=\"523\" srcset=\"https:\/\/accobams.org\/wp-content\/uploads\/2018\/12\/rays-1024x523.png 1024w, https:\/\/accobams.org\/wp-content\/uploads\/2018\/12\/rays-300x153.png 300w, https:\/\/accobams.org\/wp-content\/uploads\/2018\/12\/rays.png 1559w\" sizes=\"auto, (max-width: 1024px) 100vw, 1024px\" \/><\/p><p><strong><span style=\"color: #3366ff;\">Requins<br \/><\/span><\/strong><img loading=\"lazy\" decoding=\"async\" class=\"wp-image-10569 size-large alignnone\" src=\"https:\/\/accobams.org\/wp-content\/uploads\/2018\/12\/Sharks-1024x544.png\" alt=\"\" width=\"1024\" height=\"544\" srcset=\"https:\/\/accobams.org\/wp-content\/uploads\/2018\/12\/Sharks-1024x544.png 1024w, https:\/\/accobams.org\/wp-content\/uploads\/2018\/12\/Sharks-300x159.png 300w, https:\/\/accobams.org\/wp-content\/uploads\/2018\/12\/Sharks.png 1583w\" sizes=\"auto, (max-width: 1024px) 100vw, 1024px\" \/><\/p><p><strong><span style=\"color: #3366ff;\">D\u00e9chets marins<\/span><br \/><\/strong><\/p><p><img loading=\"lazy\" decoding=\"async\" class=\"colorbox-8482 wp-image-8508 size-large alignnone\" src=\"https:\/\/accobams.org\/wp-content\/uploads\/2018\/09\/ASI_Trash-1024x437.jpg\" alt=\"\" width=\"1024\" height=\"437\" srcset=\"https:\/\/accobams.org\/wp-content\/uploads\/2018\/09\/ASI_Trash-1024x437.jpg 1024w, https:\/\/accobams.org\/wp-content\/uploads\/2018\/09\/ASI_Trash-300x128.jpg 300w\" sizes=\"auto, (max-width: 1024px) 100vw, 1024px\" \/><\/p><p>&nbsp;<\/p><p style=\"text-align: center;\"><span style=\"font-size: 16pt; color: #3636bf;\"><strong>ASI OBSERVATIONS \u2013 \u00a0R\/V SONG OF THE WHALES<\/strong><\/span><\/p><p>The ASI boat component was implemented in collaboration with Marine Conservation International MCR conducted four months of visual and passive acoustic on behalf of ACCOBAMS during the ASI project using the RV Song of the Whale.\u00a0 MCR also supported other ASI vessels in survey design, logistics and training.\u00a0 The focus of the MCR\/Song of the Whale effort was to survey areas where it was anticipated that permits for aerial survey were unlikely to be given and to use Passive Acoustic Monitoring (PAM) techniques to survey for deep diving species e.g. sperm and beaked whales.<\/p><p style=\"text-align: justify;\"><span id=\"result_box\" class=\"\" lang=\"fr\"><span class=\"\">La composante bateau ASI a \u00e9t\u00e9 mise en \u0153uvre en collaboration avec l&rsquo;Organisation Marine Conservation International. MCR a men\u00e9 quatre mois de campagne\u00a0 visuelle et d&rsquo;acoustique passive pour le compte de l\u2019ACCOBAMS au cours du projet ASI, \u00e0 l\u2019aide du bateau de recherche le Song of the Whale.<\/span><span class=\"\"> MCR a \u00e9galement aid\u00e9 d&rsquo;autres navires de l&rsquo;ASI dans la conception des campagnes d&rsquo;\u00e9valuation, la logistique et la formation.<\/span> <span class=\"\">L\u2019effort de MCR \/ Song of the Whale \u00e9tait ax\u00e9 sur l\u2019\u00e9tude des zones dans lesquelles il \u00e9tait pr\u00e9vu que les autorisations de survol ne seraient pas fournies et sur l\u2019utilisation de techniques de surveillance acoustique passive (PAM) pour la surveillance d\u2019esp\u00e8ces en plong\u00e9e profonde, par exemple le cachalot et les baleine \u00e0 bec de Cuvier.<\/span><\/span><\/p><p><strong><span style=\"color: #3636bf;\">Transects couverts<br \/><img loading=\"lazy\" decoding=\"async\" class=\"wp-image-15939 size-large alignnone\" src=\"https:\/\/accobams.org\/wp-content\/uploads\/2019\/05\/ASI-SOTW_realised-effort-1024x459.jpg\" alt=\"\" width=\"1024\" height=\"459\" srcset=\"https:\/\/accobams.org\/wp-content\/uploads\/2019\/05\/ASI-SOTW_realised-effort-1024x459.jpg 1024w, https:\/\/accobams.org\/wp-content\/uploads\/2019\/05\/ASI-SOTW_realised-effort-300x134.jpg 300w\" sizes=\"auto, (max-width: 1024px) 100vw, 1024px\" \/><br \/><\/span><\/strong><\/p><p><span style=\"color: #3636bf;\"><strong>Grandes esp\u00e8ces de c\u00e9tac\u00e9<br \/><img loading=\"lazy\" decoding=\"async\" class=\"wp-image-15927 size-large alignnone\" src=\"https:\/\/accobams.org\/wp-content\/uploads\/2019\/05\/ASI-SOTW_large-cetacean-1024x463.jpg\" alt=\"\" width=\"1024\" height=\"463\" srcset=\"https:\/\/accobams.org\/wp-content\/uploads\/2019\/05\/ASI-SOTW_large-cetacean-1024x463.jpg 1024w, https:\/\/accobams.org\/wp-content\/uploads\/2019\/05\/ASI-SOTW_large-cetacean-300x136.jpg 300w\" sizes=\"auto, (max-width: 1024px) 100vw, 1024px\" \/><br \/><\/strong><\/span><\/p><p><span style=\"color: #3636bf;\"><strong>Esp\u00e8ces de c\u00e9tac\u00e9 de taille moyenne<br \/><img loading=\"lazy\" decoding=\"async\" class=\"wp-image-15937 size-large alignnone\" src=\"https:\/\/accobams.org\/wp-content\/uploads\/2019\/05\/ASI-SOTW_medium-cetacean-1024x463.jpg\" alt=\"\" width=\"1024\" height=\"463\" srcset=\"https:\/\/accobams.org\/wp-content\/uploads\/2019\/05\/ASI-SOTW_medium-cetacean-1024x463.jpg 1024w, https:\/\/accobams.org\/wp-content\/uploads\/2019\/05\/ASI-SOTW_medium-cetacean-300x136.jpg 300w\" sizes=\"auto, (max-width: 1024px) 100vw, 1024px\" \/><br \/><\/strong><\/span><\/p><p><span style=\"color: #3636bf;\"><strong>Esp\u00e8ces de c\u00e9tac\u00e9 de petite taille<br \/><img loading=\"lazy\" decoding=\"async\" class=\"wp-image-15943 size-large alignnone\" src=\"https:\/\/accobams.org\/wp-content\/uploads\/2019\/05\/ASI-SOTW_small-cetacean-1024x463.jpg\" alt=\"\" width=\"1024\" height=\"463\" srcset=\"https:\/\/accobams.org\/wp-content\/uploads\/2019\/05\/ASI-SOTW_small-cetacean-1024x463.jpg 1024w, https:\/\/accobams.org\/wp-content\/uploads\/2019\/05\/ASI-SOTW_small-cetacean-300x136.jpg 300w\" sizes=\"auto, (max-width: 1024px) 100vw, 1024px\" \/><br \/><\/strong><\/span><\/p><p><span style=\"color: #3636bf;\"><strong>Tortues<br \/><img loading=\"lazy\" decoding=\"async\" class=\"wp-image-15947 size-large alignnone\" src=\"https:\/\/accobams.org\/wp-content\/uploads\/2019\/05\/ASI-SOTW_turtle-species-1-1024x463.jpg\" alt=\"\" width=\"1024\" height=\"463\" srcset=\"https:\/\/accobams.org\/wp-content\/uploads\/2019\/05\/ASI-SOTW_turtle-species-1-1024x463.jpg 1024w, https:\/\/accobams.org\/wp-content\/uploads\/2019\/05\/ASI-SOTW_turtle-species-1-300x136.jpg 300w\" sizes=\"auto, (max-width: 1024px) 100vw, 1024px\" \/><br \/><\/strong><\/span><\/p><p><span style=\"color: #3636bf;\"><strong><span style=\"color: #3636bf;\">Esp\u00e8ces de poisson<br \/><img loading=\"lazy\" decoding=\"async\" class=\"wp-image-15925 size-large alignnone\" src=\"https:\/\/accobams.org\/wp-content\/uploads\/2019\/05\/ASI-SOTW_fish-species-1024x463.jpg\" alt=\"\" width=\"1024\" height=\"463\" srcset=\"https:\/\/accobams.org\/wp-content\/uploads\/2019\/05\/ASI-SOTW_fish-species-1024x463.jpg 1024w, https:\/\/accobams.org\/wp-content\/uploads\/2019\/05\/ASI-SOTW_fish-species-300x136.jpg 300w\" sizes=\"auto, (max-width: 1024px) 100vw, 1024px\" \/><br \/><\/span><\/strong><\/span><\/p><p><span style=\"color: #3636bf;\"><strong>D\u00e9chets marins<\/strong><strong><br \/><img loading=\"lazy\" decoding=\"async\" class=\"wp-image-15941 size-large alignnone\" src=\"https:\/\/accobams.org\/wp-content\/uploads\/2019\/05\/ASI-SOTW_rubbish-1024x463.jpg\" alt=\"\" width=\"1024\" height=\"463\" srcset=\"https:\/\/accobams.org\/wp-content\/uploads\/2019\/05\/ASI-SOTW_rubbish-1024x463.jpg 1024w, https:\/\/accobams.org\/wp-content\/uploads\/2019\/05\/ASI-SOTW_rubbish-300x136.jpg 300w\" sizes=\"auto, (max-width: 1024px) 100vw, 1024px\" \/><br \/><br \/><\/strong><\/span><\/p><p>&nbsp;<\/p><p style=\"text-align: center;\"><span style=\"color: #3636bf; font-size: 16pt;\"><strong><span style=\"color: #3636bf;\">D\u00c9TECTIONS R\u00c9<\/span>ALIS\u00c9ES GR\u00c2CE A LA SURVEILLANCE ACOUSTIQUE PASSIVE<br \/><span style=\"color: #3636bf;\">R\/V SON<\/span>G OF THE WHALES<\/strong><\/span><\/p><p><strong><span id=\"result_box\" class=\"short_text\" lang=\"fr\"><\/span><br \/><\/strong><strong><br \/><span style=\"color: #3636bf;\">Surveillance Acoustique Passive &#8211;<span id=\"result_box\" class=\"short_text\" lang=\"fr\"><span class=\"\"> Cachalots<\/span><\/span><\/span><br \/><img loading=\"lazy\" decoding=\"async\" class=\"wp-image-15935 size-large alignnone\" src=\"https:\/\/accobams.org\/wp-content\/uploads\/2019\/05\/ASI-SOTW_listening-sperm-whales-1024x463.jpg\" alt=\"\" width=\"1024\" height=\"463\" srcset=\"https:\/\/accobams.org\/wp-content\/uploads\/2019\/05\/ASI-SOTW_listening-sperm-whales-1024x463.jpg 1024w, https:\/\/accobams.org\/wp-content\/uploads\/2019\/05\/ASI-SOTW_listening-sperm-whales-300x136.jpg 300w\" sizes=\"auto, (max-width: 1024px) 100vw, 1024px\" \/><br \/><\/strong><\/p><p><strong><span style=\"color: #3636bf;\"><span id=\"result_box\" class=\"short_text\" lang=\"fr\"><span class=\"\">Surveillance Acoustique Passive &#8211; autres esp\u00e8ces d&rsquo;odontoc\u00e8tes<br \/><img loading=\"lazy\" decoding=\"async\" class=\"wp-image-15931 size-large alignnone\" src=\"https:\/\/accobams.org\/wp-content\/uploads\/2019\/05\/ASI-SOTW_listening-odontocetes-1024x463.jpg\" alt=\"\" width=\"1024\" height=\"463\" srcset=\"https:\/\/accobams.org\/wp-content\/uploads\/2019\/05\/ASI-SOTW_listening-odontocetes-1024x463.jpg 1024w, https:\/\/accobams.org\/wp-content\/uploads\/2019\/05\/ASI-SOTW_listening-odontocetes-300x136.jpg 300w\" sizes=\"auto, (max-width: 1024px) 100vw, 1024px\" \/><br \/><\/span><\/span><\/span><\/strong><\/p><p><strong><span style=\"color: #3636bf;\">Surveillance Acoustique Passive &#8211; bruit d&rsquo;origine Anthropique: trafic maritime<br \/><img loading=\"lazy\" decoding=\"async\" class=\"wp-image-15933 size-large alignnone\" src=\"https:\/\/accobams.org\/wp-content\/uploads\/2019\/05\/ASI-SOTW_listening-other-vessels-1024x463.jpg\" alt=\"\" width=\"1024\" height=\"463\" srcset=\"https:\/\/accobams.org\/wp-content\/uploads\/2019\/05\/ASI-SOTW_listening-other-vessels-1024x463.jpg 1024w, https:\/\/accobams.org\/wp-content\/uploads\/2019\/05\/ASI-SOTW_listening-other-vessels-300x136.jpg 300w\" sizes=\"auto, (max-width: 1024px) 100vw, 1024px\" \/><br \/><\/span><\/strong><\/p><p><span style=\"color: #3636bf;\"><strong>Surveillance Acoustique Passive &#8211; bruit d&rsquo;origine Anthropique: sonar et sismique<br \/><img loading=\"lazy\" decoding=\"async\" class=\"wp-image-15929 size-large alignnone\" src=\"https:\/\/accobams.org\/wp-content\/uploads\/2019\/05\/ASI-SOTW_listening-anthropogenic-1024x463.jpg\" alt=\"\" width=\"1024\" height=\"463\" srcset=\"https:\/\/accobams.org\/wp-content\/uploads\/2019\/05\/ASI-SOTW_listening-anthropogenic-1024x463.jpg 1024w, https:\/\/accobams.org\/wp-content\/uploads\/2019\/05\/ASI-SOTW_listening-anthropogenic-300x136.jpg 300w\" sizes=\"auto, (max-width: 1024px) 100vw, 1024px\" \/><br \/><br \/><\/strong><\/span><\/p>","protected":false},"excerpt":{"rendered":"\u00ab\u00a0UNE INITIATIVE AMBITIEUSE\u00ab\u00a0En r\u00e9ponse au besoin crucial de donn\u00e9es sur l&rsquo;\u00e9tat des populations de c\u00e9tac\u00e9s, l&rsquo;ACCOBAMS a coordonn\u00e9 la premi\u00e8re campagne \u00e0 grande \u00e9chelle sur les esp\u00e8ces marines de la mer M\u00e9diterran\u00e9e au cours de l&rsquo;\u00e9t\u00e9 2018. Avec la participation de tous les pays m\u00e9diterran\u00e9ens, cet effort sans pr\u00e9c\u00e9dent fournira de pr\u00e9cieuses informations sur la r\u00e9partition et l&rsquo;abondance des c\u00e9tac\u00e9s, informations que les pays pourront utiliser pour am\u00e9liorer et renforcer les mesures visant \u00e0 r\u00e9duire les impacts des activit\u00e9s humaines sur les c\u00e9tac\u00e9s et \u00e0 mieux prot\u00e9ger ces esp\u00e8ces embl\u00e9matiques et leurs habitats. L&rsquo;ACCOBAMS Survey Initiative (ASI) a \u00e9galement offert une occasion unique de collecter des donn\u00e9es sur d&rsquo;autres esp\u00e8ces marines telles que les tortues de mer, les diables de mer m\u00e9diterran\u00e9ens, les requins, les oiseaux de mer, mais \u00e9galement sur les d\u00e9chets marins et le bruit sous-marin.&nbsp;Participation de 20 Pays de la M\u00e9diterran\u00e9ePlus de 100 observateurs scientifiques8 avions planes [&hellip;]","protected":false},"author":1,"featured_media":0,"parent":8522,"menu_order":0,"comment_status":"closed","ping_status":"closed","template":"","meta":{"footnotes":""},"class_list":["post-8487","page","type-page","status-publish","hentry","no-wpautop"],"aioseo_notices":[],"acf":[],"_links":{"self":[{"href":"https:\/\/accobams.org\/fr\/wp-json\/wp\/v2\/pages\/8487","targetHints":{"allow":["GET"]}}],"collection":[{"href":"https:\/\/accobams.org\/fr\/wp-json\/wp\/v2\/pages"}],"about":[{"href":"https:\/\/accobams.org\/fr\/wp-json\/wp\/v2\/types\/page"}],"author":[{"embeddable":true,"href":"https:\/\/accobams.org\/fr\/wp-json\/wp\/v2\/users\/1"}],"replies":[{"embeddable":true,"href":"https:\/\/accobams.org\/fr\/wp-json\/wp\/v2\/comments?post=8487"}],"version-history":[{"count":0,"href":"https:\/\/accobams.org\/fr\/wp-json\/wp\/v2\/pages\/8487\/revisions"}],"up":[{"embeddable":true,"href":"https:\/\/accobams.org\/fr\/wp-json\/wp\/v2\/pages\/8522"}],"wp:attachment":[{"href":"https:\/\/accobams.org\/fr\/wp-json\/wp\/v2\/media?parent=8487"}],"curies":[{"name":"wp","href":"https:\/\/api.w.org\/{rel}","templated":true}]}}