{"id":678,"date":"2016-07-20T21:16:52","date_gmt":"2016-07-20T20:16:52","guid":{"rendered":"http:\/\/www.accobams.org\/new_accobams\/species\/conservation-plans\/?lang=fr"},"modified":"2026-03-17T11:07:48","modified_gmt":"2026-03-17T10:07:48","slug":"plans-de-conservation","status":"publish","type":"page","link":"https:\/\/accobams.org\/fr\/especes\/plans-de-conservation\/","title":{"rendered":"Plans de Gestion de Conservation"},"content":{"rendered":"<p style=\"text-align: justify;\">En 2016, lors de la 6<sup>\u00e8me<\/sup> R\u00e9union des Parties \u00e0 l&rsquo;ACCOBAMS, les Parties ont d\u00e9cid\u00e9 de modifier le mod\u00e8le des plans de conservation et ont choisi d&rsquo;utiliser le nouveau mod\u00e8le ann\u00e9x\u00e9 \u00e0 la <a href=\"http:\/\/www.accobams.org\/wp-content\/uploads\/2017\/04\/ACCOBAMS_MOP6_Res.6.21_fr.pdf\">R\u00e9solution 6.21<\/a> pour les plans de gestion de conservation des esp\u00e8ces (CMP) dans la zone de l&rsquo;ACCOBAMS.<\/p><p style=\"text-align: justify;\">En 2022, lors de la 8<sup>\u00e8me<\/sup> R\u00e9union des Parties \u00e0 l&rsquo;ACCOBAMS, les Parties a adopt\u00e9 la <a href=\"https:\/\/accobams.org\/wp-content\/uploads\/2023\/01\/MOP8.Doc31_Annexe13_Res8.14.pdf\" target=\"_blank\" rel=\"noopener\">R\u00e9solution 8.14<\/a> qui demande au Comit\u00e9 Scientifique d\u2019envisager la r\u00e9daction d\u2019un CMP pour les esp\u00e8ces\/populations suivantes : les cachalots M\u00e9diterran\u00e9ens, les baleines \u00e0 bec de Cuvier M\u00e9diterran\u00e9ennes et les c\u00e9tac\u00e9s de la mer Noire.<\/p><p>&nbsp;<\/p><table><tbody><tr><td><p><img loading=\"lazy\" decoding=\"async\" class=\"aligncenter  wp-image-3038\" src=\"http:\/\/www.accobams.org\/wp-content\/uploads\/2016\/07\/common-dolphin.jpg\" alt=\"\" width=\"148\" height=\"108\" srcset=\"https:\/\/accobams.org\/wp-content\/uploads\/2016\/07\/common-dolphin.jpg 667w, https:\/\/accobams.org\/wp-content\/uploads\/2016\/07\/common-dolphin-300x218.jpg 300w\" sizes=\"auto, (max-width: 148px) 100vw, 148px\" \/><\/p><\/td><td style=\"text-align: justify;\"><p style=\"text-align: center;\"><strong>2004<br \/>Plan de Conservation pour les dauphins communs \u00e0 bec court en mer M\u00e9diterran\u00e9e<br \/><\/strong><span style=\"font-size: 10pt;\"><em>(r\u00e9dig\u00e9 en anglais)<\/em><\/span><strong><br \/><\/strong><\/p><\/td><td><a href=\"http:\/\/www.accobams.org\/wp-content\/uploads\/2016\/07\/Conservation-Plan-for-Delphinus-delphis.pdf\" target=\"_blank\" rel=\"noopener\"><img loading=\"lazy\" decoding=\"async\" class=\"aligncenter wp-image-30653\" src=\"https:\/\/accobams.org\/wp-content\/uploads\/2022\/09\/pdf-icon.png\" alt=\"\" width=\"30\" height=\"39\" srcset=\"https:\/\/accobams.org\/wp-content\/uploads\/2022\/09\/pdf-icon.png 301w, https:\/\/accobams.org\/wp-content\/uploads\/2022\/09\/pdf-icon-228x300.png 228w\" sizes=\"auto, (max-width: 30px) 100vw, 30px\" \/><\/a><\/td><\/tr><tr><td><img loading=\"lazy\" decoding=\"async\" class=\"aligncenter  wp-image-3046\" src=\"http:\/\/www.accobams.org\/wp-content\/uploads\/2016\/07\/marsouin.jpg\" alt=\"\" width=\"119\" height=\"43\" srcset=\"https:\/\/accobams.org\/wp-content\/uploads\/2016\/07\/marsouin.jpg 587w, https:\/\/accobams.org\/wp-content\/uploads\/2016\/07\/marsouin-300x108.jpg 300w\" sizes=\"auto, (max-width: 119px) 100vw, 119px\" \/><\/td><td style=\"text-align: center;\"><strong>2006<br \/>Plan de Conservation pour les C\u00e9tac\u00e9s de mer Noire<br \/><\/strong><span style=\"font-size: 10pt;\"><em>(r\u00e9dig\u00e9 en anglais)<\/em><\/span><strong><br \/><\/strong><\/td><td><a href=\"http:\/\/www.accobams.org\/wp-content\/uploads\/2016\/07\/Conservation-Plan-for-Black-Sea-cetaceans.pdf\" target=\"_blank\" rel=\"noopener\"><img loading=\"lazy\" decoding=\"async\" class=\"aligncenter wp-image-30653\" src=\"https:\/\/accobams.org\/wp-content\/uploads\/2022\/09\/pdf-icon.png\" alt=\"\" width=\"30\" height=\"39\" srcset=\"https:\/\/accobams.org\/wp-content\/uploads\/2022\/09\/pdf-icon.png 301w, https:\/\/accobams.org\/wp-content\/uploads\/2022\/09\/pdf-icon-228x300.png 228w\" sizes=\"auto, (max-width: 30px) 100vw, 30px\" \/><\/a><\/td><\/tr><\/tbody><\/table>","protected":false},"excerpt":{"rendered":"En 2016, lors de la 6\u00e8me R\u00e9union des Parties \u00e0 l&rsquo;ACCOBAMS, les Parties ont d\u00e9cid\u00e9 de modifier le mod\u00e8le des plans de conservation et ont choisi d&rsquo;utiliser le nouveau mod\u00e8le ann\u00e9x\u00e9 \u00e0 la R\u00e9solution 6.21 pour les plans de gestion de conservation des esp\u00e8ces (CMP) dans la zone de l&rsquo;ACCOBAMS.En 2022, lors de la 8\u00e8me R\u00e9union des Parties \u00e0 l&rsquo;ACCOBAMS, les Parties a adopt\u00e9 la R\u00e9solution 8.14 qui demande au Comit\u00e9 Scientifique d\u2019envisager la r\u00e9daction d\u2019un CMP pour les esp\u00e8ces\/populations suivantes : les cachalots M\u00e9diterran\u00e9ens, les baleines \u00e0 bec de Cuvier M\u00e9diterran\u00e9ennes et les c\u00e9tac\u00e9s de la mer Noire.&nbsp;2004Plan de Conservation pour les dauphins communs \u00e0 bec court en mer M\u00e9diterran\u00e9e(r\u00e9dig\u00e9 en anglais)2006Plan de Conservation pour les C\u00e9tac\u00e9s de mer Noire(r\u00e9dig\u00e9 en anglais)","protected":false},"author":1,"featured_media":0,"parent":442,"menu_order":0,"comment_status":"closed","ping_status":"closed","template":"","meta":{"footnotes":""},"class_list":["post-678","page","type-page","status-publish","hentry","no-wpautop"],"aioseo_notices":[],"acf":[],"_links":{"self":[{"href":"https:\/\/accobams.org\/fr\/wp-json\/wp\/v2\/pages\/678","targetHints":{"allow":["GET"]}}],"collection":[{"href":"https:\/\/accobams.org\/fr\/wp-json\/wp\/v2\/pages"}],"about":[{"href":"https:\/\/accobams.org\/fr\/wp-json\/wp\/v2\/types\/page"}],"author":[{"embeddable":true,"href":"https:\/\/accobams.org\/fr\/wp-json\/wp\/v2\/users\/1"}],"replies":[{"embeddable":true,"href":"https:\/\/accobams.org\/fr\/wp-json\/wp\/v2\/comments?post=678"}],"version-history":[{"count":4,"href":"https:\/\/accobams.org\/fr\/wp-json\/wp\/v2\/pages\/678\/revisions"}],"predecessor-version":[{"id":38980,"href":"https:\/\/accobams.org\/fr\/wp-json\/wp\/v2\/pages\/678\/revisions\/38980"}],"up":[{"embeddable":true,"href":"https:\/\/accobams.org\/fr\/wp-json\/wp\/v2\/pages\/442"}],"wp:attachment":[{"href":"https:\/\/accobams.org\/fr\/wp-json\/wp\/v2\/media?parent=678"}],"curies":[{"name":"wp","href":"https:\/\/api.w.org\/{rel}","templated":true}]}}