{"id":669,"date":"2016-07-20T22:41:21","date_gmt":"2016-07-20T21:41:21","guid":{"rendered":"http:\/\/www.accobams.org\/new_accobams\/species\/threats-2\/?lang=fr"},"modified":"2024-05-14T09:33:12","modified_gmt":"2024-05-14T07:33:12","slug":"les-menaces","status":"publish","type":"page","link":"https:\/\/accobams.org\/fr\/especes\/les-menaces\/","title":{"rendered":"Les Menaces"},"content":{"rendered":"<p style=\"text-align: justify;\">Les c\u00e9tac\u00e9s sont importants pour de nombreuses raisons\u00a0&#8211; \u00e9cologiques, scientifiques, culturelles et m\u00eame purement esth\u00e9tiques \u2013 et c\u2019est pourquoi une attention particuli\u00e8re doit \u00eatre port\u00e9e \u00e0 leur conservation. Plac\u00e9s au <b>sommet de la pyramide alimentaire<\/b>, les c\u00e9tac\u00e9s <b>jouent un r\u00f4le majeur dans l\u2019\u00e9quilibre<\/b> <b>\u00e9cologique de l\u2019\u00e9cosyst\u00e8me marin<\/b>.<\/p><p style=\"text-align: justify;\">Ces esp\u00e8ces sont soumises \u00e0 de nombreuses menaces qui leur occasionnent des dommages et sont parmi les principales causes du d\u00e9clin observ\u00e9 pour certaines populations. La plupart de ces menaces sont le r\u00e9sultat d\u2019interactions avec des activit\u00e9s et pratiques humaines. Ainsi, les c\u00e9tac\u00e9s subissent les impacts du <a href=\"http:\/\/www.accobams.org\/fr\/actions_de_conservations\/bruit_origine_anthropique\/\"><strong>bruit d&rsquo;origine anthropique<\/strong><\/a>, des <a href=\"http:\/\/www.accobams.org\/fr\/actions_de_conservations\/prises_accidentelles_depredation\/\"><strong>interactions n\u00e9gatives avec les p\u00eaches<\/strong><\/a> (prise dans les engins de p\u00eache et d\u00e9pr\u00e9dation), de la <b>pollution<\/b> <strong>chimique et biologique<\/strong> mais \u00e9galement de la <a href=\"http:\/\/www.accobams.org\/fr\/actions_de_conservations\/actions-conservations\/\"><strong>pollution par les d\u00e9bris marins<\/strong><\/a>, de la <a href=\"http:\/\/www.accobams.org\/fr\/actions_de_conservations\/collisions-avec-navires\/\"><b>navigation<\/b><\/a> (risque de collision), et des activit\u00e9s commerciales d&rsquo;observation des c\u00e9tac\u00e9s &#8211; <a href=\"http:\/\/www.accobams.org\/fr\/actions_de_conservations\/observation-cetaces\/\"><strong>whale watching<\/strong><\/a>. Le <a href=\"http:\/\/www.accobams.org\/fr\/actions_de_conservations\/changement-climatique\/\"><strong>changement climatique<\/strong><\/a> repr\u00e9sente une pression suppl\u00e9mentaire dans l\u2019\u00e9quilibre de leur environnement.\u00a0<\/p><p style=\"text-align: justify;\">Certaines menaces sur les c\u00e9tac\u00e9s agissent selon des m\u00e9canismes complexes pour lesquels les connaissances scientifiques ne sont pas toujours disponibles, ne permettant pas de les appr\u00e9hender suffisamment pour minimiser leurs impacts. Les efforts de recherche et de suivi doivent \u00eatre renforc\u00e9s pour \u00e9tablir et mettre en \u0153uvre des mesures ad\u00e9quates de conservation, telles que la mise en place d&rsquo;<a href=\"http:\/\/www.accobams.org\/fr\/actions_de_conservations\/aires-protegees\/\"><strong>aires prot\u00e9g\u00e9es<\/strong><\/a>.<\/p><p style=\"text-align: justify;\">Depuis plusieurs dizaines d\u2019ann\u00e9es, la communaut\u00e9 internationale a pris conscience de l\u2019importance de la biodiversit\u00e9 marine, en particulier en M\u00e9diterran\u00e9e, mais bon nombre de t\u00e2ches restent \u00e0 r\u00e9aliser pour rendre la protection de ces esp\u00e8ces plus efficace, dans un milieu dont la complexit\u00e9 et l\u2019\u00e9tendue doivent encourager la coop\u00e9ration.<\/p>","protected":false},"excerpt":{"rendered":"Les c\u00e9tac\u00e9s sont importants pour de nombreuses raisons\u00a0&#8211; \u00e9cologiques, scientifiques, culturelles et m\u00eame purement esth\u00e9tiques \u2013 et c\u2019est pourquoi une attention particuli\u00e8re doit \u00eatre port\u00e9e \u00e0 leur conservation. Plac\u00e9s au sommet de la pyramide alimentaire, les c\u00e9tac\u00e9s jouent un r\u00f4le majeur dans l\u2019\u00e9quilibre \u00e9cologique de l\u2019\u00e9cosyst\u00e8me marin.Ces esp\u00e8ces sont soumises \u00e0 de nombreuses menaces qui leur occasionnent des dommages et sont parmi les principales causes du d\u00e9clin observ\u00e9 pour certaines populations. La plupart de ces menaces sont le r\u00e9sultat d\u2019interactions avec des activit\u00e9s et pratiques humaines. Ainsi, les c\u00e9tac\u00e9s subissent les impacts du bruit d&rsquo;origine anthropique, des interactions n\u00e9gatives avec les p\u00eaches (prise dans les engins de p\u00eache et d\u00e9pr\u00e9dation), de la pollution chimique et biologique mais \u00e9galement de la pollution par les d\u00e9bris marins, de la navigation (risque de collision), et des activit\u00e9s commerciales d&rsquo;observation des c\u00e9tac\u00e9s &#8211; whale watching. Le changement climatique repr\u00e9sente une pression suppl\u00e9mentaire dans l\u2019\u00e9quilibre [&hellip;]","protected":false},"author":1,"featured_media":0,"parent":442,"menu_order":0,"comment_status":"closed","ping_status":"closed","template":"","meta":{"footnotes":""},"class_list":["post-669","page","type-page","status-publish","hentry","no-wpautop"],"aioseo_notices":[],"acf":[],"_links":{"self":[{"href":"https:\/\/accobams.org\/fr\/wp-json\/wp\/v2\/pages\/669","targetHints":{"allow":["GET"]}}],"collection":[{"href":"https:\/\/accobams.org\/fr\/wp-json\/wp\/v2\/pages"}],"about":[{"href":"https:\/\/accobams.org\/fr\/wp-json\/wp\/v2\/types\/page"}],"author":[{"embeddable":true,"href":"https:\/\/accobams.org\/fr\/wp-json\/wp\/v2\/users\/1"}],"replies":[{"embeddable":true,"href":"https:\/\/accobams.org\/fr\/wp-json\/wp\/v2\/comments?post=669"}],"version-history":[{"count":2,"href":"https:\/\/accobams.org\/fr\/wp-json\/wp\/v2\/pages\/669\/revisions"}],"predecessor-version":[{"id":34445,"href":"https:\/\/accobams.org\/fr\/wp-json\/wp\/v2\/pages\/669\/revisions\/34445"}],"up":[{"embeddable":true,"href":"https:\/\/accobams.org\/fr\/wp-json\/wp\/v2\/pages\/442"}],"wp:attachment":[{"href":"https:\/\/accobams.org\/fr\/wp-json\/wp\/v2\/media?parent=669"}],"curies":[{"name":"wp","href":"https:\/\/api.w.org\/{rel}","templated":true}]}}