{"id":441,"date":"2016-06-15T17:41:44","date_gmt":"2016-06-15T16:41:44","guid":{"rendered":"http:\/\/www.accobams.org\/new_accobams\/news-pubblications\/outreach-materials\/?lang=fr"},"modified":"2024-05-07T09:01:21","modified_gmt":"2024-05-07T07:01:21","slug":"materiel-sensibilisation","status":"publish","type":"page","link":"https:\/\/accobams.org\/fr\/actualites-publications\/materiel-sensibilisation\/","title":{"rendered":"T\u00e9l\u00e9chargements"},"content":{"rendered":"<p style=\"text-align: center;\"><strong><span style=\"text-decoration: underline; font-size: 14pt;\">Poster ACCOBAMS<\/span><\/strong><\/p><p>&nbsp;<\/p><p style=\"text-align: center;\"><img loading=\"lazy\" decoding=\"async\" class=\"aligncenter size-large wp-image-34419\" src=\"https:\/\/accobams.org\/wp-content\/uploads\/2024\/05\/ACCOBAMS-Poster_original-A4-1024x703.png\" alt=\"\" width=\"1024\" height=\"703\" srcset=\"https:\/\/accobams.org\/wp-content\/uploads\/2024\/05\/ACCOBAMS-Poster_original-A4-1024x703.png 1024w, https:\/\/accobams.org\/wp-content\/uploads\/2024\/05\/ACCOBAMS-Poster_original-A4-300x206.png 300w, https:\/\/accobams.org\/wp-content\/uploads\/2024\/05\/ACCOBAMS-Poster_original-A4-1536x1054.png 1536w, https:\/\/accobams.org\/wp-content\/uploads\/2024\/05\/ACCOBAMS-Poster_original-A4-2048x1406.png 2048w\" sizes=\"auto, (max-width: 1024px) 100vw, 1024px\" \/><strong><a href=\"https:\/\/accobams.org\/wp-content\/uploads\/2024\/05\/ACCOBAMS-Poster_original-A4.pdf\" target=\"_blank\" rel=\"noopener\">T\u00e9l\u00e9chargez le PDF ici<\/a><\/strong><\/p><p>&nbsp;<\/p><p style=\"text-align: center;\"><span style=\"text-decoration: underline; font-size: 14pt;\"><strong>ACCOBAMS Survey Initiative<\/strong><\/span><\/p><table><tbody><tr><td><img loading=\"lazy\" decoding=\"async\" class=\"aligncenter wp-image-33936\" src=\"https:\/\/accobams.org\/wp-content\/uploads\/2024\/03\/Day-23_ASI-Leaflet-1024x724.jpg\" alt=\"\" width=\"341\" height=\"241\" srcset=\"https:\/\/accobams.org\/wp-content\/uploads\/2024\/03\/Day-23_ASI-Leaflet-1024x724.jpg 1024w, https:\/\/accobams.org\/wp-content\/uploads\/2024\/03\/Day-23_ASI-Leaflet-300x212.jpg 300w, https:\/\/accobams.org\/wp-content\/uploads\/2024\/03\/Day-23_ASI-Leaflet.jpg 1170w\" sizes=\"auto, (max-width: 341px) 100vw, 341px\" \/><\/td><td><a href=\"https:\/\/accobams.org\/wp-content\/uploads\/2024\/03\/ASI-Brochure-2023_web.pdf\" target=\"_blank\" rel=\"noopener\">T\u00e9l\u00e9chargement en PDF<\/a><br \/>ACCOBAMS Survey Initiative<\/td><\/tr><\/tbody><\/table><p>&nbsp;<\/p><p style=\"text-align: center;\"><strong>S<span style=\"text-decoration: underline; font-size: 14pt;\">trengthening Capacity for Effective Cetacean Conservation \u2013 25 years of ACCOBAMS support<\/span><\/strong><\/p><p style=\"text-align: justify;\">Depuis 25 ans, l&rsquo;ACCOBAMS a continuellement mis en place des initiatives de renforcement des capacit\u00e9s pour s\u2019assurer que les pays autour de la M\u00e9diterran\u00e9e et de la mer Noire disposent des connaissances requises et des comp\u00e9tences appropri\u00e9es pour augmenter la capacit\u00e9 des experts et des organisations \u00e0 mettre en \u0153uvre des activit\u00e9s de conservation, de gestion et\/ou de surveillance. D\u00e9couvrez l\u2019assistance de l\u2019ACCOBAMS \u00e0 travers des ateliers de formation, des \u00e9changes techniques, des projets de recherche, tous adapt\u00e9s pour r\u00e9pondre aux besoins sp\u00e9cifiques des pays.<\/p><table><tbody><tr><td><img loading=\"lazy\" decoding=\"async\" class=\"aligncenter wp-image-32978\" src=\"https:\/\/accobams.org\/wp-content\/uploads\/2023\/07\/Couv-brochure-2023-724x1024.jpg\" alt=\"\" width=\"164\" height=\"232\" srcset=\"https:\/\/accobams.org\/wp-content\/uploads\/2023\/07\/Couv-brochure-2023-724x1024.jpg 724w, https:\/\/accobams.org\/wp-content\/uploads\/2023\/07\/Couv-brochure-2023-212x300.jpg 212w, https:\/\/accobams.org\/wp-content\/uploads\/2023\/07\/Couv-brochure-2023-1086x1536.jpg 1086w, https:\/\/accobams.org\/wp-content\/uploads\/2023\/07\/Couv-brochure-2023-1448x2048.jpg 1448w, https:\/\/accobams.org\/wp-content\/uploads\/2023\/07\/Couv-brochure-2023-scaled.jpg 1810w\" sizes=\"auto, (max-width: 164px) 100vw, 164px\" \/><\/td><td><p><a href=\"https:\/\/accobams.org\/wp-content\/uploads\/2024\/02\/Strengthening-Capacity-for-Effective-Cetacean-Conservation-25-years-of-ACCOBAMS-support-2023.pdf\" target=\"_blank\" rel=\"noopener\">T\u00e9l\u00e9chargement en PDF<\/a><br \/>Strengthening Capacity for Effective Cetacean Conservation \u2013 25 years of ACCOBAMS support<\/p><\/td><\/tr><\/tbody><\/table><p>&nbsp;<\/p><p style=\"text-align: center;\"><span style=\"text-decoration: underline;\"><span style=\"font-size: 14pt;\"><strong>ACCOBAMS livre de coloriage<\/strong><\/span><\/span><\/p><table><tbody><tr><td><p><img loading=\"lazy\" decoding=\"async\" class=\"alignnone wp-image-32602\" src=\"https:\/\/accobams.org\/wp-content\/uploads\/2023\/03\/A-day-out-with-delphie_CoverPage-724x1024.jpg\" alt=\"\" width=\"164\" height=\"232\" srcset=\"https:\/\/accobams.org\/wp-content\/uploads\/2023\/03\/A-day-out-with-delphie_CoverPage-724x1024.jpg 724w, https:\/\/accobams.org\/wp-content\/uploads\/2023\/03\/A-day-out-with-delphie_CoverPage-212x300.jpg 212w, https:\/\/accobams.org\/wp-content\/uploads\/2023\/03\/A-day-out-with-delphie_CoverPage-1085x1536.jpg 1085w, https:\/\/accobams.org\/wp-content\/uploads\/2023\/03\/A-day-out-with-delphie_CoverPage-1447x2048.jpg 1447w, https:\/\/accobams.org\/wp-content\/uploads\/2023\/03\/A-day-out-with-delphie_CoverPage-scaled.jpg 1809w\" sizes=\"auto, (max-width: 164px) 100vw, 164px\" \/><\/p><\/td><td><a href=\"https:\/\/accobams.org\/wp-content\/uploads\/2023\/03\/A-day-out-with-delphie.pdf\" target=\"_blank\" rel=\"noopener\">Download as PDF<\/a><br \/>Text &amp; Illustrations by Rohan Chakravarty<br \/>\u00a9ACCOBAMS (2022)<\/td><\/tr><\/tbody><\/table><p>&nbsp;<\/p><p style=\"text-align: center;\"><span style=\"font-size: 14pt;\"><strong><span style=\"text-decoration: underline;\">ACCOBAMS: Rapports sur l&rsquo;\u00e9tat de Conservation des esp\u00e8ces<\/span><br \/><span style=\"font-size: 10pt;\"><em>(en anglais seulement)<\/em><\/span><\/strong><\/span><\/p><table><tbody><tr><td><a href=\"https:\/\/accobams.org\/wp-content\/uploads\/2020\/03\/2002_Cetaceans-of-the-Mediterranean-and-Black-Seas-State-of-Knowledge-and-Conservation-Strategies.pdf\" target=\"_blank\" rel=\"noopener\"><img loading=\"lazy\" decoding=\"async\" class=\"aligncenter wp-image-30653\" src=\"https:\/\/accobams.org\/wp-content\/uploads\/2022\/09\/pdf-icon.png\" alt=\"\" width=\"25\" height=\"33\" srcset=\"https:\/\/accobams.org\/wp-content\/uploads\/2022\/09\/pdf-icon.png 301w, https:\/\/accobams.org\/wp-content\/uploads\/2022\/09\/pdf-icon-228x300.png 228w\" sizes=\"auto, (max-width: 25px) 100vw, 25px\" \/><\/a><\/td><td><span style=\"color: #333399;\"><strong>2002: Cetaceans of the Mediterranean and Black Seas: State of Knowledge and Conservation Strategies<\/strong><\/span><\/td><\/tr><tr><td><a href=\"https:\/\/accobams.org\/wp-content\/uploads\/2020\/03\/Notarbartolo-di-Sciara-and-Birkun-2010.pdf\" target=\"_blank\" rel=\"noopener\"><img loading=\"lazy\" decoding=\"async\" class=\"aligncenter wp-image-30653\" src=\"https:\/\/accobams.org\/wp-content\/uploads\/2022\/09\/pdf-icon.png\" alt=\"\" width=\"25\" height=\"33\" srcset=\"https:\/\/accobams.org\/wp-content\/uploads\/2022\/09\/pdf-icon.png 301w, https:\/\/accobams.org\/wp-content\/uploads\/2022\/09\/pdf-icon-228x300.png 228w\" sizes=\"auto, (max-width: 25px) 100vw, 25px\" \/><\/a><\/td><td><span style=\"color: #333399;\"><strong>2010: Conserving whales, dolphins and porpoises in the Mediterranean and Black Seas<\/strong><\/span><\/td><\/tr><tr><td><a href=\"https:\/\/accobams.org\/wp-content\/uploads\/2022\/03\/ACCOBAMS_ConservingWDP_web_2022.pdf\" target=\"_blank\" rel=\"noopener\"><img loading=\"lazy\" decoding=\"async\" class=\"aligncenter wp-image-30653\" src=\"https:\/\/accobams.org\/wp-content\/uploads\/2022\/09\/pdf-icon.png\" alt=\"\" width=\"25\" height=\"33\" srcset=\"https:\/\/accobams.org\/wp-content\/uploads\/2022\/09\/pdf-icon.png 301w, https:\/\/accobams.org\/wp-content\/uploads\/2022\/09\/pdf-icon-228x300.png 228w\" sizes=\"auto, (max-width: 25px) 100vw, 25px\" \/><\/a><\/td><td><span style=\"color: #333399;\"><strong>2021: <span id=\"page5R_mcid51\" class=\"markedContent\"><span dir=\"ltr\" role=\"presentation\">Conserving Whales, Dolphins and <\/span><\/span><span id=\"page5R_mcid52\" class=\"markedContent\"><span dir=\"ltr\" role=\"presentation\">Porpoises in the Mediterranean Sea, <\/span><\/span><span id=\"page5R_mcid53\" class=\"markedContent\"><span dir=\"ltr\" role=\"presentation\">Black Sea and adjacent areas: an <\/span><\/span><span id=\"page5R_mcid54\" class=\"markedContent\"><span dir=\"ltr\" role=\"presentation\">ACCOBAMS status report<\/span><\/span><\/strong><\/span><\/td><\/tr><\/tbody><\/table><p>&nbsp;<\/p><p style=\"text-align: center;\"><strong><span style=\"font-size: 14pt;\"><span style=\"text-decoration: underline;\">ACCOBAMS Survey Initiative<br \/><\/span><\/span><\/strong><img loading=\"lazy\" decoding=\"async\" class=\"wp-image-6349 alignnone\" src=\"https:\/\/accobams.org\/wp-content\/uploads\/2018\/06\/Logo-ASI-copie.png\" alt=\"\" width=\"252\" height=\"62\" srcset=\"https:\/\/accobams.org\/wp-content\/uploads\/2018\/06\/Logo-ASI-copie.png 2118w, https:\/\/accobams.org\/wp-content\/uploads\/2018\/06\/Logo-ASI-copie-300x74.png 300w, https:\/\/accobams.org\/wp-content\/uploads\/2018\/06\/Logo-ASI-copie-1024x253.png 1024w\" sizes=\"auto, (max-width: 252px) 100vw, 252px\" \/><\/p><p><a href=\"http:\/\/www.accobams.org\/wp-content\/uploads\/2018\/06\/ASI-brochure.pdf\" target=\"_blank\" rel=\"noopener\"><img loading=\"lazy\" decoding=\"async\" class=\"wp-image-30653 alignnone\" src=\"https:\/\/accobams.org\/wp-content\/uploads\/2022\/09\/pdf-icon.png\" alt=\"\" width=\"25\" height=\"33\" srcset=\"https:\/\/accobams.org\/wp-content\/uploads\/2022\/09\/pdf-icon.png 301w, https:\/\/accobams.org\/wp-content\/uploads\/2022\/09\/pdf-icon-228x300.png 228w\" sizes=\"auto, (max-width: 25px) 100vw, 25px\" \/><\/a><strong>\u00a0 ACCOBAMS Survey Initiative Livret<\/strong><\/p><p>Description compl\u00e8te des objectifs et de la mise en \u0153uvre du projet<\/p><p>&nbsp;<\/p><p><strong><img loading=\"lazy\" decoding=\"async\" class=\"alignleft wp-image-8188\" src=\"https:\/\/accobams.org\/wp-content\/uploads\/2018\/09\/A4_Echouages_Action_Pelagos.jpg\" alt=\"\" width=\"160\" height=\"107\" srcset=\"https:\/\/accobams.org\/wp-content\/uploads\/2018\/09\/A4_Echouages_Action_Pelagos.jpg 3220w, https:\/\/accobams.org\/wp-content\/uploads\/2018\/09\/A4_Echouages_Action_Pelagos-300x201.jpg 300w, https:\/\/accobams.org\/wp-content\/uploads\/2018\/09\/A4_Echouages_Action_Pelagos-1024x687.jpg 1024w\" sizes=\"auto, (max-width: 160px) 100vw, 160px\" \/><\/strong><\/p><p><strong>Mammif\u00e8res Marins \u00c9chou\u00e9s: ATTENTION Danger !<\/strong> <a href=\"http:\/\/www.accobams.org\/wp-content\/uploads\/2018\/09\/A4_Echouages_Action_Pelagos.pdf\" target=\"_blank\" rel=\"noopener\"><img loading=\"lazy\" decoding=\"async\" class=\"wp-image-30653 alignnone\" src=\"https:\/\/accobams.org\/wp-content\/uploads\/2022\/09\/pdf-icon.png\" alt=\"\" width=\"25\" height=\"33\" srcset=\"https:\/\/accobams.org\/wp-content\/uploads\/2022\/09\/pdf-icon.png 301w, https:\/\/accobams.org\/wp-content\/uploads\/2022\/09\/pdf-icon-228x300.png 228w\" sizes=\"auto, (max-width: 25px) 100vw, 25px\" \/><\/a><\/p><p>Ce poster a \u00e9t\u00e9 d\u00e9velopp\u00e9 par le Sanctuaire Pelagos et par le R\u00e9seau National d\u2019\u00c9chouages fran\u00e7ais (RNE) afin de sensibiliser le grand public aux actions et r\u00e9flexes \u00e0 adopter lors d\u2019une rencontre avec un c\u00e9tac\u00e9 \u00e9chou\u00e9.<\/p><p>&nbsp;<\/p><p>&nbsp;<\/p><p><a href=\"http:\/\/www.accobams.org\/fr\/activites-principales\/journee-des-cetaces\/\"><strong>Lien<\/strong><\/a> vers le mat\u00e9riel disponible pour la <strong>Journ\u00e9e des C\u00e9tac\u00e9s de l&rsquo;ACCOBAMS<\/strong><\/p><p>&nbsp;<\/p><p>&nbsp;<\/p><p>&nbsp;<\/p><p>&nbsp;<\/p>","protected":false},"excerpt":{"rendered":"Poster ACCOBAMS&nbsp;T\u00e9l\u00e9chargez le PDF ici&nbsp;ACCOBAMS Survey InitiativeT\u00e9l\u00e9chargement en PDFACCOBAMS Survey Initiative&nbsp;Strengthening Capacity for Effective Cetacean Conservation \u2013 25 years of ACCOBAMS supportDepuis 25 ans, l&rsquo;ACCOBAMS a continuellement mis en place des initiatives de renforcement des capacit\u00e9s pour s\u2019assurer que les pays autour de la M\u00e9diterran\u00e9e et de la mer Noire disposent des connaissances requises et des comp\u00e9tences appropri\u00e9es pour augmenter la capacit\u00e9 des experts et des organisations \u00e0 mettre en \u0153uvre des activit\u00e9s de conservation, de gestion et\/ou de surveillance. D\u00e9couvrez l\u2019assistance de l\u2019ACCOBAMS \u00e0 travers des ateliers de formation, des \u00e9changes techniques, des projets de recherche, tous adapt\u00e9s pour r\u00e9pondre aux besoins sp\u00e9cifiques des pays.T\u00e9l\u00e9chargement en PDFStrengthening Capacity for Effective Cetacean Conservation \u2013 25 years of ACCOBAMS support&nbsp;ACCOBAMS livre de coloriageDownload as PDFText &amp; Illustrations by Rohan Chakravarty\u00a9ACCOBAMS (2022)&nbsp;ACCOBAMS: Rapports sur l&rsquo;\u00e9tat de Conservation des esp\u00e8ces(en anglais seulement)2002: Cetaceans of the Mediterranean and Black Seas: State of Knowledge and [&hellip;]","protected":false},"author":1,"featured_media":0,"parent":437,"menu_order":37,"comment_status":"closed","ping_status":"closed","template":"","meta":{"footnotes":""},"class_list":["post-441","page","type-page","status-publish","hentry","no-wpautop"],"aioseo_notices":[],"acf":[],"_links":{"self":[{"href":"https:\/\/accobams.org\/fr\/wp-json\/wp\/v2\/pages\/441","targetHints":{"allow":["GET"]}}],"collection":[{"href":"https:\/\/accobams.org\/fr\/wp-json\/wp\/v2\/pages"}],"about":[{"href":"https:\/\/accobams.org\/fr\/wp-json\/wp\/v2\/types\/page"}],"author":[{"embeddable":true,"href":"https:\/\/accobams.org\/fr\/wp-json\/wp\/v2\/users\/1"}],"replies":[{"embeddable":true,"href":"https:\/\/accobams.org\/fr\/wp-json\/wp\/v2\/comments?post=441"}],"version-history":[{"count":6,"href":"https:\/\/accobams.org\/fr\/wp-json\/wp\/v2\/pages\/441\/revisions"}],"predecessor-version":[{"id":34423,"href":"https:\/\/accobams.org\/fr\/wp-json\/wp\/v2\/pages\/441\/revisions\/34423"}],"up":[{"embeddable":true,"href":"https:\/\/accobams.org\/fr\/wp-json\/wp\/v2\/pages\/437"}],"wp:attachment":[{"href":"https:\/\/accobams.org\/fr\/wp-json\/wp\/v2\/media?parent=441"}],"curies":[{"name":"wp","href":"https:\/\/api.w.org\/{rel}","templated":true}]}}