{"id":432,"date":"2016-06-15T16:59:51","date_gmt":"2016-06-15T15:59:51","guid":{"rendered":"http:\/\/www.accobams.org\/new_accobams\/meetings_page\/biennial-conferences\/?lang=fr"},"modified":"2026-05-04T14:07:36","modified_gmt":"2026-05-04T12:07:36","slug":"conferences-biennales","status":"publish","type":"page","link":"https:\/\/accobams.org\/fr\/reunions\/conferences-biennales\/","title":{"rendered":"Conf\u00e9rences sur la Conservation des C\u00e9tac\u00e9s dans les Pays du Sud de la M\u00e9diterran\u00e9e"},"content":{"rendered":"<p style=\"text-align: center;\"><img loading=\"lazy\" decoding=\"async\" class=\"aligncenter wp-image-2240\" src=\"https:\/\/accobams.org\/wp-content\/uploads\/2017\/07\/Logo_Conference-Biennale-copie.jpg\" alt=\"\" width=\"305\" height=\"207\" \/><\/p><p style=\"text-align: center;\"><strong>La 7<sup>\u00e8me<\/sup> Conf\u00e9rence sur la Conservation des C\u00e9tac\u00e9s dans les Pays du Sud de la M\u00e9diterran\u00e9e est pr\u00e9vue<br \/><\/strong><strong>pour mars\/avril 2027.<\/strong><\/p><p style=\"text-align: center;\">\u2014\u2014\u2014\u2014\u2014\u2014\u2014\u2014\u2014\u2014\u2014\u2014\u2014<\/p><p style=\"text-align: justify;\"><span style=\"font-family: tahoma, arial, helvetica, sans-serif;\">Six CSMC ont d\u00e9j\u00e0 \u00e9t\u00e9 organis\u00e9es gr\u00e2ce au soutien de la Principaut\u00e9 de Monaco <img loading=\"lazy\" decoding=\"async\" class=\"alignnone wp-image-25242\" src=\"https:\/\/accobams.org\/wp-content\/uploads\/2021\/01\/GOUV_PRINCIER_Logo_QUADRI-1.jpg\" alt=\"\" width=\"130\" height=\"26\" srcset=\"https:\/\/accobams.org\/wp-content\/uploads\/2021\/01\/GOUV_PRINCIER_Logo_QUADRI-1.jpg 1772w, https:\/\/accobams.org\/wp-content\/uploads\/2021\/01\/GOUV_PRINCIER_Logo_QUADRI-1-300x60.jpg 300w, https:\/\/accobams.org\/wp-content\/uploads\/2021\/01\/GOUV_PRINCIER_Logo_QUADRI-1-1024x205.jpg 1024w, https:\/\/accobams.org\/wp-content\/uploads\/2021\/01\/GOUV_PRINCIER_Logo_QUADRI-1-1536x307.jpg 1536w\" sizes=\"auto, (max-width: 130px) 100vw, 130px\" \/> et en coop\u00e9ration avec le Centre d\u2019Activit\u00e9s R\u00e9gionales pour les Aires Sp\u00e9cialement Prot\u00e9g\u00e9es (UNEP\/MAP-SPA\/RAC) <img loading=\"lazy\" decoding=\"async\" class=\"wp-image-25230 alignnone\" src=\"https:\/\/accobams.org\/wp-content\/uploads\/2021\/01\/New-SPARAC-logo.jpg\" alt=\"\" width=\"143\" height=\"22\" srcset=\"https:\/\/accobams.org\/wp-content\/uploads\/2021\/01\/New-SPARAC-logo.jpg 2111w, https:\/\/accobams.org\/wp-content\/uploads\/2021\/01\/New-SPARAC-logo-300x46.jpg 300w, https:\/\/accobams.org\/wp-content\/uploads\/2021\/01\/New-SPARAC-logo-1024x157.jpg 1024w, https:\/\/accobams.org\/wp-content\/uploads\/2021\/01\/New-SPARAC-logo-1536x236.jpg 1536w, https:\/\/accobams.org\/wp-content\/uploads\/2021\/01\/New-SPARAC-logo-2048x314.jpg 2048w\" sizes=\"auto, (max-width: 143px) 100vw, 143px\" \/>.<\/span><\/p><table><tbody><tr><td>\u00a0<\/td><td>\u00a0<\/td><td style=\"text-align: center;\"><span style=\"font-family: tahoma, arial, helvetica, sans-serif;\"><strong>Th\u00e8mes<\/strong><\/span><\/td><td style=\"text-align: center;\"><span style=\"font-family: tahoma, arial, helvetica, sans-serif;\"><strong>Rapport <\/strong><\/span><\/td><\/tr><tr><td><p style=\"text-align: center;\"><span style=\"font-family: tahoma, arial, helvetica, sans-serif;\"><strong>CSMC1<\/strong><\/span><\/p><\/td><td style=\"text-align: center;\"><span style=\"font-size: 8pt; font-family: tahoma, arial, helvetica, sans-serif;\">Tabarka, Tunisie 2009<\/span><\/td><td><ul><li><span style=\"font-family: tahoma, arial, helvetica, sans-serif;\">Statut, distribution et conservation des c\u00e9tac\u00e9s<\/span><\/li><li><span style=\"font-family: tahoma, arial, helvetica, sans-serif;\">Interactions entre les c\u00e9tac\u00e9s et les activit\u00e9s humaines<\/span><\/li><li><span style=\"font-family: tahoma, arial, helvetica, sans-serif;\">Echouages des c\u00e9tac\u00e9s<\/span><\/li><\/ul><\/td><td><span style=\"font-family: tahoma, arial, helvetica, sans-serif;\"><a href=\"https:\/\/accobams.org\/wp-content\/uploads\/2021\/01\/Rapport-CSMC1.pdf\" target=\"_blank\" rel=\"noopener\">Rapport final<\/a><\/span><\/td><\/tr><tr><td><p style=\"text-align: center;\"><span style=\"font-family: tahoma, arial, helvetica, sans-serif;\"><strong>CSMC2<\/strong><\/span><\/p><p style=\"text-align: center;\"><span style=\"font-size: 8pt; font-family: tahoma, arial, helvetica, sans-serif;\">en collaboration avec le Minist\u00e8re de l\u2019Agriculture <br \/>&amp; des P\u00eaches Maritimes du Maroc<\/span><\/p><\/td><td style=\"text-align: center;\"><span style=\"font-size: 8pt; font-family: tahoma, arial, helvetica, sans-serif;\">El Jadida, Maroc<br \/>2011<\/span><\/td><td><ul><li><span style=\"font-family: tahoma, arial, helvetica, sans-serif;\">Interactions entre les c\u00e9tac\u00e9s et les activit\u00e9s humaines<\/span><\/li><li><span style=\"font-family: tahoma, arial, helvetica, sans-serif;\">Surveillance des populations<\/span><\/li><li><span style=\"font-family: tahoma, arial, helvetica, sans-serif;\">Pollution et autres nuisances<\/span><\/li><\/ul><\/td><td><a href=\"https:\/\/accobams.org\/wp-content\/uploads\/2021\/01\/Report-CSMC2-1.pdf\" target=\"_blank\" rel=\"noopener\"><span style=\"font-family: tahoma, arial, helvetica, sans-serif;\">Rapport final<\/span><\/a><\/td><\/tr><tr><td><p style=\"text-align: center;\"><span style=\"font-family: tahoma, arial, helvetica, sans-serif;\"><strong>CSMC3<\/strong><\/span><\/p><p style=\"text-align: center;\"><span style=\"font-size: 8pt; font-family: tahoma, arial, helvetica, sans-serif;\">en collaboration avec le Centre National des Sciences Marines (CNRS) <br \/>&amp; le Centre de Coop\u00e9ration pour la M\u00e9diterran\u00e9e de l&rsquo;UICN<\/span><\/p><\/td><td style=\"text-align: center;\"><span style=\"font-size: 8pt; font-family: tahoma, arial, helvetica, sans-serif;\">Jounieh, Liban<br \/>2014<\/span><\/td><td><ul><li><span style=\"font-family: tahoma, arial, helvetica, sans-serif;\">Interactions entre les c\u00e9tac\u00e9s et les activit\u00e9s humaines<\/span><\/li><li><span style=\"font-family: tahoma, arial, helvetica, sans-serif;\">Surveillance des populations et des \u00e9chouages<\/span><\/li><li><span style=\"font-family: tahoma, arial, helvetica, sans-serif;\">Habitats critiques pour les c\u00e9tac\u00e9s<\/span><\/li><li><span style=\"font-family: tahoma, arial, helvetica, sans-serif;\">Plans de conservation pour les esp\u00e8ces de c\u00e9tac\u00e9s<\/span><\/li><li><span style=\"font-family: tahoma, arial, helvetica, sans-serif;\">R\u00e9seau et \u00e9change d\u2019informations<\/span><\/li><li><span style=\"font-family: tahoma, arial, helvetica, sans-serif;\">Photo-identification des esp\u00e8ces de c\u00e9tac\u00e9s<\/span><\/li><\/ul><\/td><td><a href=\"https:\/\/accobams.org\/wp-content\/uploads\/2021\/01\/Rapport-de-la-Troisieme-Conference-Biennale-pour-la-conservation-des-Cetaces-dans-les-Pays-du-Sud-de-la-Mediterranee.pdf\" target=\"_blank\" rel=\"noopener\"><span style=\"font-family: tahoma, arial, helvetica, sans-serif;\">Rapport final<\/span><\/a><\/td><\/tr><tr><td><p style=\"text-align: center;\"><span style=\"font-family: tahoma, arial, helvetica, sans-serif;\"><strong>CSMC4<br \/><\/strong><span style=\"font-size: 8pt;\">en collaboration avec le Minist\u00e8re alg\u00e9rien de l\u2019Agriculture, du D\u00e9veloppement Rural et de la P\u00eache, du Centre National alg\u00e9rien de Recherche pour le D\u00e9veloppement de la P\u00eache et de l\u2019Aquaculture<\/span><\/span><\/p><\/td><td style=\"text-align: center;\"><span style=\"font-size: 8pt; font-family: tahoma, arial, helvetica, sans-serif;\">Oran, Alg\u00e9rie<br \/>2017<\/span><\/td><td><ul><li><span style=\"font-family: tahoma, arial, helvetica, sans-serif;\">les interactions entre les c\u00e9tac\u00e9s et les activit\u00e9s humaines (p\u00eacheries, bruit d\u2019origine anthropique, observation des c\u00e9tac\u00e9s,\u2026)<\/span><\/li><li><span style=\"font-family: tahoma, arial, helvetica, sans-serif;\">le suivi des populations et des \u00e9chouages<\/span><\/li><li><span style=\"font-family: tahoma, arial, helvetica, sans-serif;\">les habitats critiques pour les c\u00e9tac\u00e9s<\/span><\/li><li><span style=\"font-family: tahoma, arial, helvetica, sans-serif;\">les plans de conservation des esp\u00e8ces<\/span><\/li><li><span style=\"font-family: tahoma, arial, helvetica, sans-serif;\">les \u00e9changes d\u2019information,<\/span><\/li><li><span style=\"font-family: tahoma, arial, helvetica, sans-serif;\">la photo-identification<\/span><\/li><\/ul><\/td><td><a href=\"https:\/\/accobams.org\/wp-content\/uploads\/2019\/12\/CSMC4.Doc06_Rapport-CSMC4.pdf\" target=\"_blank\" rel=\"noopener\"><span style=\"font-family: tahoma, arial, helvetica, sans-serif;\">Rapport final<\/span><\/a><\/td><\/tr><tr><td><p style=\"text-align: center;\"><span style=\"font-family: tahoma, arial, helvetica, sans-serif;\"><strong>CSMC5<br \/><\/strong><\/span><span style=\"font-family: tahoma, arial, helvetica, sans-serif; font-size: 8pt;\">accueillie par le Centre National des Sciences Marines du Liban (CNRS-L)<\/span><\/p><\/td><td style=\"text-align: center;\"><span style=\"font-size: 8pt; font-family: tahoma, arial, helvetica, sans-serif;\">En ligne, 2021<\/span><\/td><td><ul><li><span style=\"font-family: tahoma, arial, helvetica, sans-serif;\">interactions entre les c\u00e9tac\u00e9s et les activit\u00e9s humaines &#8211; p\u00eache et captures accidentelles, bruit sous-marin, whale watching &#8211;<\/span><\/li><li><span style=\"font-family: tahoma, arial, helvetica, sans-serif;\">\u00e9chouages de c\u00e9tac\u00e9s<\/span><\/li><li><span style=\"font-family: tahoma, arial, helvetica, sans-serif;\">surveillance des populations de c\u00e9tac\u00e9s<\/span><\/li><li><span style=\"font-family: tahoma, arial, helvetica, sans-serif;\">aires d\u2019importance pour les c\u00e9tac\u00e9s<\/span><\/li><\/ul><\/td><td><p><a href=\"https:\/\/accobams.org\/wp-content\/uploads\/2021\/07\/CSMC5.Doc06_Rapport-Final.pdf\" target=\"_blank\" rel=\"noopener\"><span style=\"font-family: tahoma, arial, helvetica, sans-serif;\">Rapport final<\/span><\/a><\/p><p><span style=\"font-family: tahoma, arial, helvetica, sans-serif;\"><a href=\"https:\/\/accobams.org\/wp-content\/uploads\/2023\/06\/Proceedings-CSMC5-1.pdf\" target=\"_blank\" rel=\"noopener\">Proceedings<\/a><\/span><\/p><\/td><\/tr><tr><td><p style=\"text-align: center;\"><span style=\"font-family: tahoma, arial, helvetica, sans-serif;\"><strong>CSMC6<br \/><\/strong><\/span><span style=\"font-family: tahoma, arial, helvetica, sans-serif; font-size: 8pt;\">en collaboration avec l&rsquo;INSTM<\/span><\/p><\/td><td style=\"text-align: center;\"><span style=\"font-size: 8pt; font-family: tahoma, arial, helvetica, sans-serif;\">Monastir, Tunisie 2023<\/span><\/td><td><ul><li><span style=\"font-family: tahoma, arial, helvetica, sans-serif;\">interactions entre les c\u00e9tac\u00e9s et activit\u00e9s humaines, y compris la p\u00eache et le bruit anthropique<\/span><\/li><li><span style=\"font-family: tahoma, arial, helvetica, sans-serif;\">\u00e9chouages des c\u00e9tac\u00e9s<\/span><\/li><li><span style=\"font-family: tahoma, arial, helvetica, sans-serif;\">surveillance des populations de c\u00e9tac\u00e9s<\/span><\/li><\/ul><\/td><td><p><span style=\"font-family: tahoma, arial, helvetica, sans-serif;\"><a href=\"https:\/\/accobams.org\/wp-content\/uploads\/2026\/05\/CSMC6.Doc05_Report-of-the-CSMC6-1.pdf\" target=\"_blank\" rel=\"noopener\">Rapport final<\/a> (en anglais)<\/span><\/p><\/td><\/tr><\/tbody><\/table><p>&nbsp;<\/p>","protected":false},"excerpt":{"rendered":"La 7\u00e8me Conf\u00e9rence sur la Conservation des C\u00e9tac\u00e9s dans les Pays du Sud de la M\u00e9diterran\u00e9e est pr\u00e9vuepour mars\/avril 2027.\u2014\u2014\u2014\u2014\u2014\u2014\u2014\u2014\u2014\u2014\u2014\u2014\u2014Six CSMC ont d\u00e9j\u00e0 \u00e9t\u00e9 organis\u00e9es gr\u00e2ce au soutien de la Principaut\u00e9 de Monaco et en coop\u00e9ration avec le Centre d\u2019Activit\u00e9s R\u00e9gionales pour les Aires Sp\u00e9cialement Prot\u00e9g\u00e9es (UNEP\/MAP-SPA\/RAC) .\u00a0\u00a0Th\u00e8mesRapport CSMC1Tabarka, Tunisie 2009Statut, distribution et conservation des c\u00e9tac\u00e9sInteractions entre les c\u00e9tac\u00e9s et les activit\u00e9s humainesEchouages des c\u00e9tac\u00e9sRapport finalCSMC2en collaboration avec le Minist\u00e8re de l\u2019Agriculture &amp; des P\u00eaches Maritimes du MarocEl Jadida, Maroc2011Interactions entre les c\u00e9tac\u00e9s et les activit\u00e9s humainesSurveillance des populationsPollution et autres nuisancesRapport finalCSMC3en collaboration avec le Centre National des Sciences Marines (CNRS) &amp; le Centre de Coop\u00e9ration pour la M\u00e9diterran\u00e9e de l&rsquo;UICNJounieh, Liban2014Interactions entre les c\u00e9tac\u00e9s et les activit\u00e9s humainesSurveillance des populations et des \u00e9chouagesHabitats critiques pour les c\u00e9tac\u00e9sPlans de conservation pour les esp\u00e8ces de c\u00e9tac\u00e9sR\u00e9seau et \u00e9change d\u2019informationsPhoto-identification des esp\u00e8ces de c\u00e9tac\u00e9sRapport finalCSMC4en collaboration avec le Minist\u00e8re alg\u00e9rien de [&hellip;]","protected":false},"author":1,"featured_media":0,"parent":431,"menu_order":8,"comment_status":"closed","ping_status":"closed","template":"","meta":{"footnotes":""},"class_list":["post-432","page","type-page","status-publish","hentry","no-wpautop"],"aioseo_notices":[],"acf":[],"_links":{"self":[{"href":"https:\/\/accobams.org\/fr\/wp-json\/wp\/v2\/pages\/432","targetHints":{"allow":["GET"]}}],"collection":[{"href":"https:\/\/accobams.org\/fr\/wp-json\/wp\/v2\/pages"}],"about":[{"href":"https:\/\/accobams.org\/fr\/wp-json\/wp\/v2\/types\/page"}],"author":[{"embeddable":true,"href":"https:\/\/accobams.org\/fr\/wp-json\/wp\/v2\/users\/1"}],"replies":[{"embeddable":true,"href":"https:\/\/accobams.org\/fr\/wp-json\/wp\/v2\/comments?post=432"}],"version-history":[{"count":4,"href":"https:\/\/accobams.org\/fr\/wp-json\/wp\/v2\/pages\/432\/revisions"}],"predecessor-version":[{"id":39025,"href":"https:\/\/accobams.org\/fr\/wp-json\/wp\/v2\/pages\/432\/revisions\/39025"}],"up":[{"embeddable":true,"href":"https:\/\/accobams.org\/fr\/wp-json\/wp\/v2\/pages\/431"}],"wp:attachment":[{"href":"https:\/\/accobams.org\/fr\/wp-json\/wp\/v2\/media?parent=432"}],"curies":[{"name":"wp","href":"https:\/\/api.w.org\/{rel}","templated":true}]}}