{"id":430,"date":"2016-06-15T17:14:04","date_gmt":"2016-06-15T16:14:04","guid":{"rendered":"http:\/\/www.accobams.org\/new_accobams\/main-activites\/working-groups\/?lang=fr"},"modified":"2026-03-17T11:29:17","modified_gmt":"2026-03-17T10:29:17","slug":"working-groups","status":"publish","type":"page","link":"https:\/\/accobams.org\/fr\/activites-principales\/working-groups\/","title":{"rendered":"\u00ab\u00a0Task Managers\u00a0\u00bb \/ Groupes de Travail"},"content":{"rendered":"<p style=\"text-align: center;\"><strong><span style=\"font-size: 14pt; color: #3366ff;\">\u00ab\u00a0TASK MANAGERS\u00a0\u00bb<\/span><\/strong><\/p><p>Les Task Managers du Comit\u00e9 Scientifique de l&rsquo;ACCOBAMS (Vice Task Managers &amp; Support Group) identifi\u00e9s pour la p\u00e9riode 2026-2028 sont les suivants :<\/p><table><tbody><tr><td>\u00a0<\/td><td><span style=\"text-decoration: underline;\"><span style=\"color: #3366ff;\"><strong>\u00a0MA3a \u2013 NETCCOBAMS<\/strong><\/span><\/span><\/td><td><span style=\"color: #3366ff;\"><strong><span style=\"text-decoration: underline;\">CA1a \u2013 Cetacean population estimates and distribution<\/span><\/strong><\/span><\/td><td><span style=\"text-decoration: underline; color: #3366ff;\"><strong>CA1c \u2013 Monitoring cetacean status<\/strong><\/span><\/td><\/tr><tr><td><strong>Task Manager<\/strong><\/td><td><strong>Greg DONOVAN\u00a0<\/strong><\/td><td><strong>Giancarlo LAURIANO\u00a0<\/strong><\/td><td><strong>Simone PANIGADA<\/strong><\/td><\/tr><tr><td><strong>Groupe de soutien<\/strong><\/td><td>A d\u00e9terminer<br \/><span style=\"font-size: 8pt;\"><em>y compris les responsables des autres groupes de travail pertinents<\/em><\/span><\/td><td><p>Lorenza BABBINI<\/p><p>Lobna BEN NAKHLA<\/p><p>L\u00e9a DAVID<\/p><p>Greg DONOVAN<\/p><p>Tilen GENOV<\/p><p>Joan GIMENEZ VERDUGO<\/p><p>Pavel GOL\u2019DIN<\/p><p>Joan GONZALVO<\/p><p>Simone PANIGADA<\/p><p>Vincent RIDOUX<\/p><\/td><td><p>L\u00e9a DAVID<\/p><p>Greg DONOVAN<\/p><p>Tilen GENOV<\/p><p>Pavel GOL\u2019DIN<\/p><p>Joan GONZALVO<\/p><p>Guido GNONE<\/p><p>Caterina LANFREDI<\/p><p>Aur\u00e9lie MOULINS<\/p><p>&nbsp;<\/p><p>&nbsp;<\/p><\/td><\/tr><\/tbody><\/table><p style=\"text-align: center;\"><span style=\"color: #800080; font-size: 14pt;\"><strong>Groupes de Travail de l&rsquo;ACCOBAMS<\/strong><\/span><\/p><p style=\"text-align: justify;\">En Octobre 2019, cinq groupes de travail sont toujours actifs au sein de l\u2019ACCOBAMS. Les documents ci-joint pr\u00e9sentent les cinq groupes de travail, incluant que leur membres et mandats respectifs.<\/p><table><tbody><tr><td><strong>1<\/strong><\/td><td><strong>le Bruit d&rsquo;origine anthropique<\/strong><\/td><td><strong><a href=\"https:\/\/accobams.org\/wp-content\/uploads\/2019\/12\/GT_Bruit.pdf\" target=\"_blank\" rel=\"noopener\"><img loading=\"lazy\" decoding=\"async\" class=\"aligncenter wp-image-30653\" src=\"https:\/\/accobams.org\/wp-content\/uploads\/2022\/09\/pdf-icon.png\" alt=\"\" width=\"30\" height=\"39\" srcset=\"https:\/\/accobams.org\/wp-content\/uploads\/2022\/09\/pdf-icon.png 301w, https:\/\/accobams.org\/wp-content\/uploads\/2022\/09\/pdf-icon-228x300.png 228w\" sizes=\"auto, (max-width: 30px) 100vw, 30px\" \/><\/a><\/strong><\/td><\/tr><tr><td><span style=\"color: #3366ff;\"><strong>2<\/strong><\/span><\/td><td><span style=\"color: #3366ff;\"><strong>les captures accidentelles<\/strong><\/span><\/td><td><strong><a href=\"https:\/\/accobams.org\/wp-content\/uploads\/2019\/12\/GT_Bycatch.pdf\" target=\"_blank\" rel=\"noopener\"><img loading=\"lazy\" decoding=\"async\" class=\"aligncenter wp-image-30653\" src=\"https:\/\/accobams.org\/wp-content\/uploads\/2022\/09\/pdf-icon.png\" alt=\"\" width=\"30\" height=\"39\" srcset=\"https:\/\/accobams.org\/wp-content\/uploads\/2022\/09\/pdf-icon.png 301w, https:\/\/accobams.org\/wp-content\/uploads\/2022\/09\/pdf-icon-228x300.png 228w\" sizes=\"auto, (max-width: 30px) 100vw, 30px\" \/><\/a><\/strong><\/td><\/tr><tr><td><strong>3<\/strong><\/td><td><strong>la Directive-cadre strat\u00e9gie pour le milieu marin (DCSMM)<\/strong><\/td><td><strong><a href=\"https:\/\/accobams.org\/wp-content\/uploads\/2019\/12\/GT_DCSMM.pdf\" target=\"_blank\" rel=\"noopener\"><img loading=\"lazy\" decoding=\"async\" class=\"aligncenter wp-image-30653\" src=\"https:\/\/accobams.org\/wp-content\/uploads\/2022\/09\/pdf-icon.png\" alt=\"\" width=\"30\" height=\"39\" srcset=\"https:\/\/accobams.org\/wp-content\/uploads\/2022\/09\/pdf-icon.png 301w, https:\/\/accobams.org\/wp-content\/uploads\/2022\/09\/pdf-icon-228x300.png 228w\" sizes=\"auto, (max-width: 30px) 100vw, 30px\" \/><\/a><\/strong><\/td><\/tr><tr><td><span style=\"color: #3366ff;\"><strong>4<\/strong><\/span><\/td><td><span style=\"color: #3366ff;\"><strong>les Observateurs Mammif\u00e8res Marins<\/strong><\/span><\/td><td><strong><a href=\"https:\/\/accobams.org\/wp-content\/uploads\/2019\/12\/GT_MMO.pdf\" target=\"_blank\" rel=\"noopener\"><img loading=\"lazy\" decoding=\"async\" class=\"aligncenter wp-image-30653\" src=\"https:\/\/accobams.org\/wp-content\/uploads\/2022\/09\/pdf-icon.png\" alt=\"\" width=\"30\" height=\"39\" srcset=\"https:\/\/accobams.org\/wp-content\/uploads\/2022\/09\/pdf-icon.png 301w, https:\/\/accobams.org\/wp-content\/uploads\/2022\/09\/pdf-icon-228x300.png 228w\" sizes=\"auto, (max-width: 30px) 100vw, 30px\" \/><\/a><\/strong><\/td><\/tr><tr><td><strong>5<\/strong><\/td><td><strong>le Whale Watching<\/strong><\/td><td><a href=\"https:\/\/accobams.org\/wp-content\/uploads\/2023\/01\/GT_WW-2.pdf\" target=\"_blank\" rel=\"noopener\"><strong><img loading=\"lazy\" decoding=\"async\" class=\"aligncenter wp-image-30653\" src=\"https:\/\/accobams.org\/wp-content\/uploads\/2022\/09\/pdf-icon.png\" alt=\"\" width=\"30\" height=\"39\" srcset=\"https:\/\/accobams.org\/wp-content\/uploads\/2022\/09\/pdf-icon.png 301w, https:\/\/accobams.org\/wp-content\/uploads\/2022\/09\/pdf-icon-228x300.png 228w\" sizes=\"auto, (max-width: 30px) 100vw, 30px\" \/><\/strong><\/a><\/td><\/tr><\/tbody><\/table><p>&nbsp;<\/p><p style=\"text-align: center;\">\u00a0<\/p>","protected":false},"excerpt":{"rendered":"\u00ab\u00a0TASK MANAGERS\u00a0\u00bbLes Task Managers du Comit\u00e9 Scientifique de l&rsquo;ACCOBAMS (Vice Task Managers &amp; Support Group) identifi\u00e9s pour la p\u00e9riode 2026-2028 sont les suivants :\u00a0\u00a0MA3a \u2013 NETCCOBAMSCA1a \u2013 Cetacean population estimates and distributionCA1c \u2013 Monitoring cetacean statusTask ManagerGreg DONOVAN\u00a0Giancarlo LAURIANO\u00a0Simone PANIGADAGroupe de soutienA d\u00e9terminery compris les responsables des autres groupes de travail pertinentsLorenza BABBINILobna BEN NAKHLAL\u00e9a DAVIDGreg DONOVANTilen GENOVJoan GIMENEZ VERDUGOPavel GOL\u2019DINJoan GONZALVOSimone PANIGADAVincent RIDOUXL\u00e9a DAVIDGreg DONOVANTilen GENOVPavel GOL\u2019DINJoan GONZALVOGuido GNONECaterina LANFREDIAur\u00e9lie MOULINS&nbsp;&nbsp;Groupes de Travail de l&rsquo;ACCOBAMSEn Octobre 2019, cinq groupes de travail sont toujours actifs au sein de l\u2019ACCOBAMS. Les documents ci-joint pr\u00e9sentent les cinq groupes de travail, incluant que leur membres et mandats respectifs.1le Bruit d&rsquo;origine anthropique2les captures accidentelles3la Directive-cadre strat\u00e9gie pour le milieu marin (DCSMM)4les Observateurs Mammif\u00e8res Marins5le Whale Watching&nbsp;\u00a0","protected":false},"author":1,"featured_media":0,"parent":418,"menu_order":51,"comment_status":"closed","ping_status":"closed","template":"","meta":{"footnotes":""},"class_list":["post-430","page","type-page","status-publish","hentry","no-wpautop"],"aioseo_notices":[],"acf":[],"_links":{"self":[{"href":"https:\/\/accobams.org\/fr\/wp-json\/wp\/v2\/pages\/430","targetHints":{"allow":["GET"]}}],"collection":[{"href":"https:\/\/accobams.org\/fr\/wp-json\/wp\/v2\/pages"}],"about":[{"href":"https:\/\/accobams.org\/fr\/wp-json\/wp\/v2\/types\/page"}],"author":[{"embeddable":true,"href":"https:\/\/accobams.org\/fr\/wp-json\/wp\/v2\/users\/1"}],"replies":[{"embeddable":true,"href":"https:\/\/accobams.org\/fr\/wp-json\/wp\/v2\/comments?post=430"}],"version-history":[{"count":2,"href":"https:\/\/accobams.org\/fr\/wp-json\/wp\/v2\/pages\/430\/revisions"}],"predecessor-version":[{"id":38986,"href":"https:\/\/accobams.org\/fr\/wp-json\/wp\/v2\/pages\/430\/revisions\/38986"}],"up":[{"embeddable":true,"href":"https:\/\/accobams.org\/fr\/wp-json\/wp\/v2\/pages\/418"}],"wp:attachment":[{"href":"https:\/\/accobams.org\/fr\/wp-json\/wp\/v2\/media?parent=430"}],"curies":[{"name":"wp","href":"https:\/\/api.w.org\/{rel}","templated":true}]}}