{"id":425,"date":"2016-06-15T17:16:03","date_gmt":"2016-06-15T16:16:03","guid":{"rendered":"http:\/\/www.accobams.org\/new_accobams\/main-activites\/projects\/accobams-survey-initiative\/?lang=fr"},"modified":"2024-04-04T16:46:29","modified_gmt":"2024-04-04T14:46:29","slug":"accobams-survey-initiative","status":"publish","type":"page","link":"https:\/\/accobams.org\/fr\/activites-principales\/accobams-survey-initiative-2\/accobams-survey-initiative\/","title":{"rendered":"Le Projet ASI"},"content":{"rendered":"<p style=\"text-align: justify;\">Au cours des \u00e9t\u00e9s 2018 et 2019, le Secr\u00e9tariat de l&rsquo;ACCOBAMS a coordonn\u00e9 la toute premi\u00e8re campagne d&rsquo;\u00e9tude \u00e0 grande \u00e9chelle des c\u00e9tac\u00e9s en M\u00e9diterran\u00e9e et en mer Noire, combinant des m\u00e9thodes de suivi visuel &#8211; \u00e0 partir d&rsquo;avions et de bateaux &#8211; avec des m\u00e9thodes de d\u00e9tection acoustique ciblant sp\u00e9cifiquement les esp\u00e8ces de grande profondeur.<\/p><p style=\"text-align: justify;\">Le projet ACCOBAMS Survey Initiative (ASI) a fourni une occasion unique de collecter des donn\u00e9es sur les c\u00e9tac\u00e9s, mais aussi sur d&rsquo;autres esp\u00e8ces de la m\u00e9gafaune marine telles que les tortues et les \u00e9lasmobranches, ainsi que sur les activit\u00e9s humaines et leurs impacts respectifs, tels que les d\u00e9bris marins flottants et les bruits sous-marins. Tous les pays riverains de la r\u00e9gion de l&rsquo;ACCOBAMS ont particip\u00e9 \u00e0 cet effort exceptionnel avec plus de 40 organisations nationales et internationales.<\/p><p style=\"text-align: justify;\">L&rsquo;ASI a fourni une tr\u00e8s grande source d&rsquo;informations non seulement sur les c\u00e9tac\u00e9s mais aussi sur de nombreuses autres esp\u00e8ces marines et sur les pressions d&rsquo;origine anthropique. Les r\u00e9sultats de l&rsquo;ASI sur la distribution et l&rsquo;abondance des esp\u00e8ces de c\u00e9tac\u00e9s dans l&rsquo;ensemble de la zone de l&rsquo;Accord constituent une base de r\u00e9f\u00e9rence pr\u00e9cieuse pour \u00e9valuer l&rsquo;\u00e9tat de conservation actuel de ces esp\u00e8ces menac\u00e9es &#8211; le <a href=\"https:\/\/accobams.org\/wp-content\/uploads\/2023\/01\/MOP8.Doc31_Annexe13_Res8.12.pdf\" target=\"_blank\" rel=\"noopener\">statut des esp\u00e8ces de la Liste rouge de l&rsquo;UICN<\/a> a \u00e9t\u00e9 mis \u00e0 jour en 2021 &#8211; et pour surveiller la croissance ou le d\u00e9clin futur de la population.<\/p><p style=\"text-align: justify;\">Avec ces premi\u00e8res enqu\u00eates \u00e0 grande \u00e9chelle en 2018\/2019, l&rsquo;ASI a ouvert la voie \u00e0 un suivi r\u00e9gulier et rigoureux des c\u00e9tac\u00e9s et de la faune marine au fil du temps. Apr\u00e8s cette premi\u00e8re exp\u00e9rience r\u00e9ussie, les efforts sont maintenant consacr\u00e9s \u00e0 la modification de l&rsquo;ASI en un programme de surveillance \u00e0 long terme int\u00e9gr\u00e9 \u00e0 l&rsquo;ACCOBAMS, soutenant des enqu\u00eates macro-r\u00e9gionales collaboratives tous les 6 ans. Les organisations sont invit\u00e9es \u00e0 rejoindre, soutenir et b\u00e9n\u00e9ficier de cet effort commun pour le bien des r\u00e9gions de la M\u00e9diterran\u00e9e et de la mer Noire.<\/p><p style=\"text-align: justify;\">\u00a0<\/p><table style=\"height: 645px;\" width=\"879\"><tbody><tr><td><p><img loading=\"lazy\" decoding=\"async\" class=\"aligncenter wp-image-33936\" src=\"https:\/\/accobams.org\/wp-content\/uploads\/2024\/03\/Day-23_ASI-Leaflet-1024x724.jpg\" alt=\"\" width=\"358\" height=\"253\" srcset=\"https:\/\/accobams.org\/wp-content\/uploads\/2024\/03\/Day-23_ASI-Leaflet-1024x724.jpg 1024w, https:\/\/accobams.org\/wp-content\/uploads\/2024\/03\/Day-23_ASI-Leaflet-300x212.jpg 300w, https:\/\/accobams.org\/wp-content\/uploads\/2024\/03\/Day-23_ASI-Leaflet.jpg 1170w\" sizes=\"auto, (max-width: 358px) 100vw, 358px\" \/><\/p><p style=\"text-align: center;\"><span id=\"result_box\" class=\"\" lang=\"fr\"><span class=\"\"><span style=\"font-size: 10pt;\"><strong><a href=\"https:\/\/accobams.org\/wp-content\/uploads\/2024\/03\/ASI-Brochure-2023_web.pdf\" target=\"_blank\" rel=\"noopener\">T\u00e9l\u00e9chargement de la brochure compl\u00e8te<\/a> <br \/><\/strong><\/span><\/span><\/span><\/p><\/td><td><p style=\"text-align: center;\"><img loading=\"lazy\" decoding=\"async\" class=\"aligncenter wp-image-29731\" src=\"https:\/\/accobams.org\/wp-content\/uploads\/2021\/11\/Page-de-couv_ConservingWDP_web-edit-803x1024.jpg\" alt=\"\" width=\"225\" height=\"287\" srcset=\"https:\/\/accobams.org\/wp-content\/uploads\/2021\/11\/Page-de-couv_ConservingWDP_web-edit-803x1024.jpg 803w, https:\/\/accobams.org\/wp-content\/uploads\/2021\/11\/Page-de-couv_ConservingWDP_web-edit-235x300.jpg 235w, https:\/\/accobams.org\/wp-content\/uploads\/2021\/11\/Page-de-couv_ConservingWDP_web-edit.jpg 1134w\" sizes=\"auto, (max-width: 225px) 100vw, 225px\" \/><\/p><p style=\"text-align: center;\"><span style=\"font-size: 10pt;\"><strong><a href=\"https:\/\/accobams.org\/wp-content\/uploads\/2024\/04\/ACCOBAMS_ConservingWDP_web_2022-HD.pdf\" target=\"_blank\" rel=\"noopener\">Conserving Whales, Dolphins and Porpoises in the Mediterranean Sea, Black Sea <\/a><a href=\"https:\/\/accobams.org\/wp-content\/uploads\/2024\/04\/ACCOBAMS_ConservingWDP_web_2022-HD.pdf\" target=\"_blank\" rel=\"noopener\">and adjacent areas: an ACCOBAMS status report 2021<\/a><\/strong><\/span><\/p><\/td><\/tr><tr><td colspan=\"2\"><p style=\"text-align: center;\"><span class=\"\" lang=\"fr\"><span class=\"\"><span style=\"font-size: 10pt;\"><strong><img loading=\"lazy\" decoding=\"async\" class=\"size-thumbnail wp-image-8677 alignnone\" src=\"https:\/\/www.accobams.org\/wp-content\/uploads\/2018\/09\/A_Saied_2-150x150.jpg\" alt=\"\" width=\"150\" height=\"150\" \/><img loading=\"lazy\" decoding=\"async\" class=\"size-thumbnail wp-image-8671 alignnone\" src=\"https:\/\/www.accobams.org\/wp-content\/uploads\/2018\/09\/A_Saied_5-150x150.jpg\" alt=\"\" width=\"150\" height=\"150\" \/><img loading=\"lazy\" decoding=\"async\" class=\"size-thumbnail wp-image-7859 alignnone\" src=\"https:\/\/www.accobams.org\/wp-content\/uploads\/2018\/09\/\u00a9CRyan_1-150x150.jpg\" alt=\"\" width=\"150\" height=\"150\" \/><img loading=\"lazy\" decoding=\"async\" class=\"size-thumbnail wp-image-6420 alignnone\" src=\"https:\/\/www.accobams.org\/wp-content\/uploads\/2018\/06\/20180606_Team_ASI_T9_CRETE_CRenouard_AMP_4984-150x150.jpg\" alt=\"\" width=\"150\" height=\"150\" \/><br \/><span id=\"result_box\" class=\"\" lang=\"fr\">Jetez un coup d&rsquo;\u0153il \u00e0 la<a href=\"http:\/\/www.accobams.org\/video\/\"> galerie vid\u00e9o<\/a> et la <a href=\"http:\/\/www.accobams.org\/image-gallery\/\">galerie de photos<\/a><\/span><\/strong><\/span><\/span><\/span><\/p><p style=\"text-align: center;\">\u00a0<\/p><\/td><\/tr><\/tbody><\/table><p>&nbsp;<\/p><p>D\u00e9couvrez la vid\u00e9o des campagnes de suivi estivales de l\u2019ASI de 2018 &amp; 2019 en M\u00e9diterran\u00e9e et en mer Noire.<\/p><p><iframe loading=\"lazy\" title=\"ACCOBAMS Survey Initiative Summer 2018 &amp; 2019\" width=\"500\" height=\"281\" src=\"https:\/\/www.youtube.com\/embed\/IowYxDI69pc?feature=oembed\" frameborder=\"0\" allow=\"accelerometer; autoplay; clipboard-write; encrypted-media; gyroscope; picture-in-picture; web-share\" referrerpolicy=\"strict-origin-when-cross-origin\" allowfullscreen><\/iframe><\/p>","protected":false},"excerpt":{"rendered":"Au cours des \u00e9t\u00e9s 2018 et 2019, le Secr\u00e9tariat de l&rsquo;ACCOBAMS a coordonn\u00e9 la toute premi\u00e8re campagne d&rsquo;\u00e9tude \u00e0 grande \u00e9chelle des c\u00e9tac\u00e9s en M\u00e9diterran\u00e9e et en mer Noire, combinant des m\u00e9thodes de suivi visuel &#8211; \u00e0 partir d&rsquo;avions et de bateaux &#8211; avec des m\u00e9thodes de d\u00e9tection acoustique ciblant sp\u00e9cifiquement les esp\u00e8ces de grande profondeur.Le projet ACCOBAMS Survey Initiative (ASI) a fourni une occasion unique de collecter des donn\u00e9es sur les c\u00e9tac\u00e9s, mais aussi sur d&rsquo;autres esp\u00e8ces de la m\u00e9gafaune marine telles que les tortues et les \u00e9lasmobranches, ainsi que sur les activit\u00e9s humaines et leurs impacts respectifs, tels que les d\u00e9bris marins flottants et les bruits sous-marins. Tous les pays riverains de la r\u00e9gion de l&rsquo;ACCOBAMS ont particip\u00e9 \u00e0 cet effort exceptionnel avec plus de 40 organisations nationales et internationales.L&rsquo;ASI a fourni une tr\u00e8s grande source d&rsquo;informations non seulement sur les c\u00e9tac\u00e9s mais aussi sur de nombreuses autres [&hellip;]","protected":false},"author":1,"featured_media":0,"parent":8522,"menu_order":5,"comment_status":"closed","ping_status":"closed","template":"","meta":{"footnotes":""},"class_list":["post-425","page","type-page","status-publish","hentry","no-wpautop"],"aioseo_notices":[],"acf":[],"_links":{"self":[{"href":"https:\/\/accobams.org\/fr\/wp-json\/wp\/v2\/pages\/425","targetHints":{"allow":["GET"]}}],"collection":[{"href":"https:\/\/accobams.org\/fr\/wp-json\/wp\/v2\/pages"}],"about":[{"href":"https:\/\/accobams.org\/fr\/wp-json\/wp\/v2\/types\/page"}],"author":[{"embeddable":true,"href":"https:\/\/accobams.org\/fr\/wp-json\/wp\/v2\/users\/1"}],"replies":[{"embeddable":true,"href":"https:\/\/accobams.org\/fr\/wp-json\/wp\/v2\/comments?post=425"}],"version-history":[{"count":15,"href":"https:\/\/accobams.org\/fr\/wp-json\/wp\/v2\/pages\/425\/revisions"}],"predecessor-version":[{"id":34305,"href":"https:\/\/accobams.org\/fr\/wp-json\/wp\/v2\/pages\/425\/revisions\/34305"}],"up":[{"embeddable":true,"href":"https:\/\/accobams.org\/fr\/wp-json\/wp\/v2\/pages\/8522"}],"wp:attachment":[{"href":"https:\/\/accobams.org\/fr\/wp-json\/wp\/v2\/media?parent=425"}],"curies":[{"name":"wp","href":"https:\/\/api.w.org\/{rel}","templated":true}]}}