{"id":422,"date":"2016-06-15T17:19:15","date_gmt":"2016-06-15T16:19:15","guid":{"rendered":"http:\/\/www.accobams.org\/new_accobams\/main-activites\/mmo-certificate-school\/?lang=fr"},"modified":"2026-01-26T11:56:50","modified_gmt":"2026-01-26T10:56:50","slug":"omm-certification-ecole","status":"publish","type":"page","link":"https:\/\/accobams.org\/fr\/activites-principales\/omm-certification-ecole\/","title":{"rendered":"Certification pour les Op\u00e9rateurs MMO\/PAM Hautement Qualifi\u00e9s"},"content":{"rendered":"<p style=\"text-align: justify;\">Compte tenu du nombre croissant de prospections sismiques et du d\u00e9veloppement potentiel de futurs nouveaux projets dans la zone de l&rsquo;ACCOBAMS et compte tenu des impacts n\u00e9gatifs connus sur les c\u00e9tac\u00e9s, le Secr\u00e9tariat Permanent de l&rsquo;ACCOBAMS a \u00e9t\u00e9 approch\u00e9 par les Points Focaux et les Partenaires concernant la question des Observateurs de Mammif\u00e8res Marins (MMO).<\/p><p style=\"text-align: justify;\">Les Membres du Bureau de l&rsquo;ACCOBAMS, lors de leur Neuvi\u00e8me R\u00e9union (Paris, 9-10 d\u00e9cembre 2014) ont confirm\u00e9 au Secr\u00e9tariat Permanent de l&rsquo;ACCOBAMS la n\u00e9cessit\u00e9 :<br \/>1\/ d&rsquo;un protocole de rapport standardis\u00e9,<br \/>2\/ d&rsquo;un inventaire des formations nationales des MMO et de la l\u00e9gislation nationale en la mati\u00e8re,<br \/>3\/ d&rsquo;une certification ACCOBAMS dans les centres de formation MMO existants,<br \/>4\/ d&rsquo;un document-cadre sur cette question, qui a \u00e9t\u00e9 soumis \u00e0 la MOP6 en novembre 2016.<\/p><p style=\"text-align: justify;\">En ce sens, le Comit\u00e9 Scientifique de l&rsquo;ACCOBAMS a recommand\u00e9 aux Parties la cr\u00e9ation d&rsquo;une <span style=\"color: #000080;\"><strong>Certification ACCOBAMS pour les Op\u00e9rateurs MMO\/PAM Hautement Qualifi\u00e9s<\/strong><\/span>.<\/p><p style=\"text-align: justify;\"><span class=\"\" lang=\"fr\"><span title=\"The Resolution 6.18 explains the process, actors and their role with the objective of proposing a certification for the whole ACCOBAMS area (Mediterranean and Black Sea), and a standard training.\r\n\"><img loading=\"lazy\" decoding=\"async\" class=\"wp-image-8052 alignleft\" src=\"https:\/\/accobams.org\/wp-content\/uploads\/2018\/09\/Logo-MMO-PAM-2.png\" alt=\"\" width=\"274\" height=\"139\" srcset=\"https:\/\/accobams.org\/wp-content\/uploads\/2018\/09\/Logo-MMO-PAM-2.png 485w, https:\/\/accobams.org\/wp-content\/uploads\/2018\/09\/Logo-MMO-PAM-2-300x152.png 300w\" sizes=\"auto, (max-width: 274px) 100vw, 274px\" \/><\/span><\/span><\/p><p>&nbsp;<\/p><p style=\"text-align: justify;\"><span class=\"\" lang=\"fr\"><span title=\"The Resolution 6.18 explains the process, actors and their role with the objective of proposing a certification for the whole ACCOBAMS area (Mediterranean and Black Sea), and a standard training.\r\n\">La <span style=\"color: #000080;\"><strong><a style=\"color: #000080;\" href=\"http:\/\/www.accobams.org\/wp-content\/uploads\/2017\/04\/ACCOBAMS_MOP6_Res.6.18_fr.pdf\">R\u00e9solution 6.18<\/a><\/strong><\/span> \u00ab\u00a0<\/span><\/span><em>Mise en \u0153uvre d\u2019un certificat ACCOBAMS pour des Observateurs de Mammif\u00e8res Marins Hautement Qualifi\u00e9s\u00a0\u00bb, adopt\u00e9e par les Parties \u00e0 l&rsquo;ACCOBAMS en novembre 2016, explique <\/em><span id=\"result_box\" class=\"\" lang=\"fr\"><span title=\"The Resolution 6.18 explains the process, actors and their role with the objective of proposing a certification for the whole ACCOBAMS area (Mediterranean and Black Sea), and a standard training.\r\n\">le processus, les acteurs et leur r\u00f4le dans le but de proposer une certification pour l&rsquo;ensemble de la zone ACCOBAMS (M\u00e9diterran\u00e9e et Mer Noire), et une formation standard.<br \/><\/span><\/span><\/p><p>&nbsp;<\/p><table><tbody><tr><td style=\"background-color: #f3dcfa;\"><p style=\"text-align: justify;\"><strong><span style=\"color: #000080;\">L&rsquo;objectif de la certification ACCOBAMS sur cette question est de garantir, dans toute la zone de l&rsquo;Accord, une formation standardis\u00e9e de haute qualit\u00e9 des op\u00e9rateurs MMO\/PAM par la mise en \u0153uvre :<\/span><\/strong><br \/><strong><span style=\"color: #000080;\">(1) une formation de haute qualit\u00e9 des op\u00e9rateurs MMO\/PAM ;<\/span><\/strong><br \/><strong><span style=\"color: #000080;\">(2) la normalisation des contenus de formation, quel que soit le pays ;<\/span><\/strong><br \/><strong><span style=\"color: #000080;\">(3) la normalisation et la qualit\u00e9 des donn\u00e9es recueillies, qui peuvent \u00e9galement \u00eatre mises \u00e0 la disposition des scientifiques.<\/span><\/strong><\/p><\/td><\/tr><tr><td style=\"background-color: #c1e7f5;\"><p style=\"text-align: center;\"><span style=\"text-decoration: underline;\"><a href=\"https:\/\/accobams.org\/wp-content\/uploads\/2024\/09\/leaflet_ACCOBAMS_MMO-PAM_PRINT.pdf\" target=\"_blank\" rel=\"noopener\"><strong><span style=\"color: #000080; text-decoration: underline;\">Livret explicatif Op\u00e9rateurs ACCOBAMS MMO\/PAM<\/span><\/strong><\/a><\/span><\/p><\/td><\/tr><\/tbody><\/table><p>&nbsp;<\/p><p style=\"text-align: justify;\">Un <strong><a href=\"http:\/\/www.accobams.org\/wp-content\/uploads\/2019\/01\/CALL-FOR-EXPERTISE-MMO-Trainers.pdf\" target=\"_blank\" rel=\"noopener noreferrer\">appel \u00e0 expertise<\/a><\/strong> pour devenir une organisation de formateurs \u00ab\u00a0Op\u00e9rateurs ACCOBAMS MMO\/PAM Hautement Qualifi\u00e9s\u00a0\u00bb a \u00e9t\u00e9 lanc\u00e9 par le Secr\u00e9tariat Permanent de l&rsquo;ACCOBAMS et est toujours en cours. \u00c0 cette date, quatre demandes avaient \u00e9t\u00e9 re\u00e7ues. Parce qu&rsquo;elles remplissaient les conditions requises, cinq structures partenaires de l&rsquo;ACCOBAMS ont \u00e9t\u00e9 accr\u00e9dit\u00e9es :<\/p><table><tbody><tr><td><img loading=\"lazy\" decoding=\"async\" class=\"wp-image-12141 aligncenter\" src=\"https:\/\/accobams.org\/wp-content\/uploads\/2019\/01\/bwi_logoen.png\" alt=\"\" width=\"194\" height=\"98\" srcset=\"https:\/\/accobams.org\/wp-content\/uploads\/2019\/01\/bwi_logoen.png 682w, https:\/\/accobams.org\/wp-content\/uploads\/2019\/01\/bwi_logoen-300x152.png 300w\" sizes=\"auto, (max-width: 194px) 100vw, 194px\" \/><\/td><td><strong>Blue World Institute<br \/><\/strong><a href=\"https:\/\/www.blue-world.org\/\">www.blue-world.org<\/a><\/td><td rowspan=\"5\"><p style=\"text-align: center;\"><span style=\"color: #333399; font-size: 14pt; font-family: comic sans ms, sans-serif;\"><strong>Formations \u00e0 venir:<\/strong><\/span><\/p><p style=\"text-align: center;\">&#8212;&#8212;&#8212;&#8211;<\/p><p style=\"text-align: center;\"><span style=\"font-family: comic sans ms, sans-serif; font-size: 14pt;\"><strong><span style=\"color: #333399;\">Pr\u00e9c\u00e9dentes Formations:<\/span><\/strong><\/span><\/p><p style=\"text-align: center;\"><strong>* ODO: <\/strong>24-29 novembre 2025, G\u00eanes (Italie)<\/p><p style=\"text-align: center;\"><strong>* EOI: <\/strong>1-5 d\u00e9cembre 2025, Montpellier (France)<\/p><p style=\"text-align: center;\"><strong>DMAD: <\/strong>4-10 mai 2025, Ponta Delgada (A\u00e7ores)\u00a0<\/p><p style=\"text-align: center;\"><strong>* EOI: <\/strong>12 &amp; 15 novembre 2024, Montpellier (France)<\/p><p style=\"text-align: center;\"><strong>* ODO: <\/strong>18-23 novembre 2024, G\u00eanes (Italie)<\/p><p style=\"text-align: center;\"><strong>* <\/strong><strong>ODO<\/strong> : 16-21 octobre 2023, G\u00eanes (Italie)<\/p><p style=\"text-align: center;\"><strong>* DMAD: <\/strong>7-12 juin 2023, Fethiye (T\u00fcrkiye) <strong><br \/><\/strong><\/p><p style=\"text-align: center;\"><strong>* ODO: <\/strong>16-21 mai 2023, G\u00eanes (Italy)<\/p><p style=\"text-align: center;\"><strong>*DMAD : <\/strong>7-12 janvier 2023<\/p><p style=\"text-align: center;\"><strong>*DMAD : <\/strong>25-30 novembre 2019, Bar (Mont\u00e9n\u00e9gro)<\/p><p style=\"text-align: center;\"><strong>* ODO<\/strong> : 23-28 septembre 2019, Ile de Ischia (Italie)<\/p><p style=\"text-align: center;\"><strong>* DMAD<\/strong> : 22-26 juillet 2019, Marmaris (T\u00fcrkiye)<\/p><p style=\"text-align: center;\"><strong>* Menkab, il respiro del mare<\/strong> : 22-28 juillet 2019, Savone (Italie)<\/p><p style=\"text-align: center;\"><strong>* ACCOBAMS<\/strong> : 12-16 septembre 2018, Constanta (Roumanie)<\/p>\u00a0\u00a0\u00a0<\/td><\/tr><tr><td><img loading=\"lazy\" decoding=\"async\" class=\"aligncenter wp-image-23087\" src=\"https:\/\/accobams.org\/wp-content\/uploads\/2019\/11\/logo_ecoocean_2019_tout_bleu-05.jpg\" alt=\"\" width=\"194\" height=\"131\" srcset=\"https:\/\/accobams.org\/wp-content\/uploads\/2019\/11\/logo_ecoocean_2019_tout_bleu-05.jpg 654w, https:\/\/accobams.org\/wp-content\/uploads\/2019\/11\/logo_ecoocean_2019_tout_bleu-05-300x202.jpg 300w\" sizes=\"auto, (max-width: 194px) 100vw, 194px\" \/><\/td><td><p><strong>EcoOc\u00e9an Institut<br \/><\/strong><a href=\"http:\/\/www.ecoocean-institut.org\/\">www.ecoocean-institut.org<\/a><strong><br \/><\/strong><\/p><\/td><\/tr><tr><td><img loading=\"lazy\" decoding=\"async\" class=\"wp-image-12143 aligncenter\" src=\"https:\/\/accobams.org\/wp-content\/uploads\/2019\/01\/ODO-logo.png\" alt=\"\" width=\"164\" height=\"147\" srcset=\"https:\/\/accobams.org\/wp-content\/uploads\/2019\/01\/ODO-logo.png 946w, https:\/\/accobams.org\/wp-content\/uploads\/2019\/01\/ODO-logo-300x268.png 300w\" sizes=\"auto, (max-width: 164px) 100vw, 164px\" \/><\/td><td><strong>Oceanomare Delphis<\/strong> <strong>Onlus<br \/>(ODO)<br \/><\/strong><a href=\"http:\/\/www.oceanomaredelphis.org\/index.php?lang=en\">www.oceanomaredelphis.org<\/a><\/td><\/tr><tr><td><img loading=\"lazy\" decoding=\"async\" class=\"wp-image-12145 aligncenter\" src=\"https:\/\/accobams.org\/wp-content\/uploads\/2019\/01\/DMAD-logo.png\" alt=\"\" width=\"153\" height=\"153\" srcset=\"https:\/\/accobams.org\/wp-content\/uploads\/2019\/01\/DMAD-logo.png 225w, https:\/\/accobams.org\/wp-content\/uploads\/2019\/01\/DMAD-logo-150x150.png 150w\" sizes=\"auto, (max-width: 153px) 100vw, 153px\" \/><\/td><td><strong>Marine Mammals Research Association<br \/>(DMAD)<br \/><\/strong><a href=\"https:\/\/www.dmad.org.tr\">www.dmad.org.tr<\/a><\/td><\/tr><tr><td><img loading=\"lazy\" decoding=\"async\" class=\"wp-image-17022 aligncenter\" src=\"https:\/\/accobams.org\/wp-content\/uploads\/2019\/06\/Logo-Menkab.jpg\" alt=\"\" width=\"153\" height=\"151\" srcset=\"https:\/\/accobams.org\/wp-content\/uploads\/2019\/06\/Logo-Menkab.jpg 384w, https:\/\/accobams.org\/wp-content\/uploads\/2019\/06\/Logo-Menkab-300x295.jpg 300w\" sizes=\"auto, (max-width: 153px) 100vw, 153px\" \/><\/td><td><strong>Menkab, il respiro del mare<br \/><a href=\"http:\/\/www.menkab.it\">www.menkab.it<\/a><\/strong><\/td><\/tr><\/tbody><\/table><p>&nbsp;<\/p><p style=\"text-align: center;\"><span style=\"font-family: comic sans ms, sans-serif; font-size: 14pt; color: #333399;\"><strong>Op\u00e9rateurs ACCOBAMS MMO\/PAM Hautement Qualifi\u00e9s &amp; NETCCOBAMS<\/strong><\/span><\/p><p>En octobre 2018, l&rsquo;espace de travail <strong><a href=\"http:\/\/www.netccobams.com\/\">NETCCOBAMS<\/a><\/strong> est entr\u00e9 en vigueur avec :<\/p><ul><li>l&rsquo;op\u00e9rateur MMO\/PAM nouvellement accr\u00e9dit\u00e9 \u00e9tant membre de l&rsquo;espace de travail,<\/li><li>une liste des formateurs accr\u00e9dit\u00e9s<\/li><li>une liste des op\u00e9rateurs MMO\/PAM certifi\u00e9s avec leur adresse email,<\/li><li>les cours<\/li><li>les formulaires et le guide<\/li><li>\u00e9v\u00e9nements et formations \u00e0 venir<\/li><\/ul><p><img loading=\"lazy\" decoding=\"async\" class=\"wp-image-12153 aligncenter\" src=\"https:\/\/accobams.org\/wp-content\/uploads\/2019\/01\/MMO3-1024x262.jpg\" alt=\"\" width=\"872\" height=\"223\" srcset=\"https:\/\/accobams.org\/wp-content\/uploads\/2019\/01\/MMO3-1024x262.jpg 1024w, https:\/\/accobams.org\/wp-content\/uploads\/2019\/01\/MMO3-300x77.jpg 300w\" sizes=\"auto, (max-width: 872px) 100vw, 872px\" \/><\/p><p><img loading=\"lazy\" decoding=\"async\" class=\"wp-image-12149 alignleft\" src=\"https:\/\/accobams.org\/wp-content\/uploads\/2019\/01\/MMO1-1024x698.jpg\" alt=\"\" width=\"419\" height=\"285\" srcset=\"https:\/\/accobams.org\/wp-content\/uploads\/2019\/01\/MMO1-1024x698.jpg 1024w, https:\/\/accobams.org\/wp-content\/uploads\/2019\/01\/MMO1-300x204.jpg 300w\" sizes=\"auto, (max-width: 419px) 100vw, 419px\" \/><\/p><p><img loading=\"lazy\" decoding=\"async\" class=\"wp-image-12151 alignleft\" src=\"https:\/\/accobams.org\/wp-content\/uploads\/2019\/01\/MMO2-1024x768.jpg\" alt=\"\" width=\"378\" height=\"284\" srcset=\"https:\/\/accobams.org\/wp-content\/uploads\/2019\/01\/MMO2-1024x768.jpg 1024w, https:\/\/accobams.org\/wp-content\/uploads\/2019\/01\/MMO2-300x225.jpg 300w, https:\/\/accobams.org\/wp-content\/uploads\/2019\/01\/MMO2.jpg 2016w\" sizes=\"auto, (max-width: 378px) 100vw, 378px\" \/><\/p><p>&nbsp;<\/p><p>&nbsp;<\/p><p>&nbsp;<\/p><p>&nbsp;<\/p><p>&nbsp;<\/p><p>&nbsp;<\/p><p>&nbsp;<\/p><p>&nbsp;<\/p><p>&nbsp;<\/p><p>&nbsp;<\/p>","protected":false},"excerpt":{"rendered":"Compte tenu du nombre croissant de prospections sismiques et du d\u00e9veloppement potentiel de futurs nouveaux projets dans la zone de l&rsquo;ACCOBAMS et compte tenu des impacts n\u00e9gatifs connus sur les c\u00e9tac\u00e9s, le Secr\u00e9tariat Permanent de l&rsquo;ACCOBAMS a \u00e9t\u00e9 approch\u00e9 par les Points Focaux et les Partenaires concernant la question des Observateurs de Mammif\u00e8res Marins (MMO).Les Membres du Bureau de l&rsquo;ACCOBAMS, lors de leur Neuvi\u00e8me R\u00e9union (Paris, 9-10 d\u00e9cembre 2014) ont confirm\u00e9 au Secr\u00e9tariat Permanent de l&rsquo;ACCOBAMS la n\u00e9cessit\u00e9 :1\/ d&rsquo;un protocole de rapport standardis\u00e9,2\/ d&rsquo;un inventaire des formations nationales des MMO et de la l\u00e9gislation nationale en la mati\u00e8re,3\/ d&rsquo;une certification ACCOBAMS dans les centres de formation MMO existants,4\/ d&rsquo;un document-cadre sur cette question, qui a \u00e9t\u00e9 soumis \u00e0 la MOP6 en novembre 2016.En ce sens, le Comit\u00e9 Scientifique de l&rsquo;ACCOBAMS a recommand\u00e9 aux Parties la cr\u00e9ation d&rsquo;une Certification ACCOBAMS pour les Op\u00e9rateurs MMO\/PAM Hautement Qualifi\u00e9s.&nbsp;La R\u00e9solution 6.18 \u00ab\u00a0Mise en [&hellip;]","protected":false},"author":1,"featured_media":0,"parent":418,"menu_order":29,"comment_status":"closed","ping_status":"closed","template":"","meta":{"footnotes":""},"class_list":["post-422","page","type-page","status-publish","hentry","no-wpautop"],"aioseo_notices":[],"acf":[],"_links":{"self":[{"href":"https:\/\/accobams.org\/fr\/wp-json\/wp\/v2\/pages\/422","targetHints":{"allow":["GET"]}}],"collection":[{"href":"https:\/\/accobams.org\/fr\/wp-json\/wp\/v2\/pages"}],"about":[{"href":"https:\/\/accobams.org\/fr\/wp-json\/wp\/v2\/types\/page"}],"author":[{"embeddable":true,"href":"https:\/\/accobams.org\/fr\/wp-json\/wp\/v2\/users\/1"}],"replies":[{"embeddable":true,"href":"https:\/\/accobams.org\/fr\/wp-json\/wp\/v2\/comments?post=422"}],"version-history":[{"count":8,"href":"https:\/\/accobams.org\/fr\/wp-json\/wp\/v2\/pages\/422\/revisions"}],"predecessor-version":[{"id":38660,"href":"https:\/\/accobams.org\/fr\/wp-json\/wp\/v2\/pages\/422\/revisions\/38660"}],"up":[{"embeddable":true,"href":"https:\/\/accobams.org\/fr\/wp-json\/wp\/v2\/pages\/418"}],"wp:attachment":[{"href":"https:\/\/accobams.org\/fr\/wp-json\/wp\/v2\/media?parent=422"}],"curies":[{"name":"wp","href":"https:\/\/api.w.org\/{rel}","templated":true}]}}