{"id":421,"date":"2016-06-15T17:18:47","date_gmt":"2016-06-15T16:18:47","guid":{"rendered":"http:\/\/www.accobams.org\/new_accobams\/main-activites\/high-quality-whale-watching-certificate\/?lang=fr"},"modified":"2025-10-21T15:10:16","modified_gmt":"2025-10-21T13:10:16","slug":"label-high-quality-whale-watching","status":"publish","type":"page","link":"https:\/\/accobams.org\/fr\/activites-principales\/label-high-quality-whale-watching\/","title":{"rendered":"Certificat \u00ab\u00a0High Quality Whale Watching\u00ae\u00a0\u00bb"},"content":{"rendered":"<p style=\"text-align: justify;\">Depuis 2004, plusieurs \u00e9tudes ont d\u00e9montr\u00e9 que les activit\u00e9s commerciales d\u2019observation de c\u00e9tac\u00e9s (commun\u00e9ment appel\u00e9es \u00ab\u00a0<i>whale-watching\u00a0<\/i>\u00bb) se d\u00e9veloppent en M\u00e9diterran\u00e9e, particuli\u00e8rement dans le bassin nord occidental.<\/p><p style=\"text-align: justify;\">Conscients de ces enjeux, ACCOBAMS, le Sanctuaire Pelagos, plusieurs Organisations Non-Gouvernementales (ONG) et des op\u00e9rateurs de <i>whale-watching <\/i>ont collabor\u00e9 afin de cr\u00e9er un outil de gestion concert\u00e9 et volontaire pour assurer la durabilit\u00e9 de ces activit\u00e9s : le\u00a0 <b>Certificat \u201cHigh Quality Whale-Watching<span style=\"font-size: 8pt;\"><sup>\u00ae<\/sup><\/span>\u201d<\/b>.<\/p><table><tbody><tr><td><img loading=\"lazy\" decoding=\"async\" class=\"aligncenter  wp-image-1298\" src=\"https:\/\/accobams.org\/wp-content\/uploads\/2016\/06\/HQWW.png\" alt=\"HQWW\" width=\"208\" height=\"260\" srcset=\"https:\/\/accobams.org\/wp-content\/uploads\/2016\/06\/HQWW.png 427w, https:\/\/accobams.org\/wp-content\/uploads\/2016\/06\/HQWW-241x300.png 241w\" sizes=\"auto, (max-width: 208px) 100vw, 208px\" \/><\/td><td><p style=\"text-align: justify;\"><strong>Le Certificat \u201cHigh Quality Whale-Watching<span style=\"font-size: 8pt;\"><sup>\u00ae<\/sup><\/span>\u201d est une marque d\u00e9pos\u00e9e de l\u2019ACCOBAMS, elle poss\u00e8de son logo et les r\u00e8gles r\u00e9gissant son utilisation, qui incluent un Code de Bonne Conduite. Elle a \u00e9t\u00e9 d\u00e9velopp\u00e9e en collaboration avec l&rsquo;Accord Pelagos.<br \/><\/strong><\/p><p>&nbsp;<\/p><\/td><\/tr><\/tbody><\/table><p>Le\u00a0\u00a0<b><strong>Certificat<\/strong> \u201cHigh Quality Whale-Watching<span style=\"font-size: 8pt;\"><sup>\u00ae<\/sup><\/span>\u201d <\/b>incite \u00e0 l\u2019application de bonnes pratiques et de savoir-faire responsables par les op\u00e9rateurs d\u2019observation de c\u00e9tac\u00e9s inscrits dans une d\u00e9marche de qualit\u00e9 et de responsabilit\u00e9 environnementale.<\/p><p><img loading=\"lazy\" decoding=\"async\" class=\"aligncenter wp-image-3057\" src=\"https:\/\/accobams.org\/wp-content\/uploads\/2016\/06\/CdBCHQWW.jpg\" alt=\"\" width=\"700\" height=\"477\" srcset=\"https:\/\/accobams.org\/wp-content\/uploads\/2016\/06\/CdBCHQWW.jpg 1602w, https:\/\/accobams.org\/wp-content\/uploads\/2016\/06\/CdBCHQWW-300x204.jpg 300w, https:\/\/accobams.org\/wp-content\/uploads\/2016\/06\/CdBCHQWW-1024x698.jpg 1024w\" sizes=\"auto, (max-width: 700px) 100vw, 700px\" \/><\/p><p style=\"text-align: justify;\">Tout op\u00e9rateur de <i>whale-watching <\/i>peut demander \u00e0 obtenir le Certificat \u201cHigh Quality Whale-Watching\u00ae\u00a0\u00bb aupr\u00e8s de l\u2019entit\u00e9 nationale charg\u00e9e de le d\u00e9livrer.\u00a0<\/p><p style=\"text-align: justify;\">L\u2019op\u00e9rateur devra suivre une formation de 3 jours destin\u00e9e \u00e0:<\/p><ul style=\"text-align: justify;\"><li>apporter une valeur ajout\u00e9e aux sorties ;<\/li><li>promouvoir, aupr\u00e8s du public, une prestation de qualit\u00e9 et une d\u00e9marche \u00e9cologiquement raisonn\u00e9e\u00a0;<\/li><li>limiter les impacts de l\u2019activit\u00e9 sur les c\u00e9tac\u00e9s et de contribuer \u00e0 leur pr\u00e9servation\u00a0; et<\/li><li>assurer ainsi un avenir durable au <i>whale-watching<\/i>.<\/li><\/ul><p style=\"text-align: justify;\">A l\u2019heure actuelle, trois Pays Parties \u00e0 l\u2019ACCOBAMS ont mis en \u0153uvre le Certificat \u201cHigh Quality Whale-Watching<sup>\u00ae<\/sup>\u00ab\u00a0:<\/p><ul><li>La France en juillet 2014 par l&rsquo;interm\u00e9diaire de l&rsquo;ONG fran\u00e7aise \u00ab\u00a0<a href=\"https:\/\/www.facebook.com\/miraceticetaces\/\" target=\"_blank\" rel=\"noopener\">MIRACETI<\/a>\u00ab\u00a0.<\/li><li>La Principaut\u00e9 de Monaco en f\u00e9vrier 2015 par l&rsquo;interm\u00e9diaire de l&rsquo;<a href=\"http:\/\/www.ampn-nature-monaco.com\/\" target=\"_blank\" rel=\"noopener\">Association Mon\u00e9gasque pour la Protection de la Nature<\/a>.<\/li><li>Le Certificat \u00ab\u00a0High Quality Whale Watching<sup>\u00ae<\/sup>\u00a0\u00bb est \u00e9galement mis en \u0153uvre en Italie depuis 2019 \u00e0 travers la <a href=\"https:\/\/www.cimafoundation.org\/foundations\/research-development\/HighQualityWhaleWatching.html\" target=\"_blank\" rel=\"noopener\">Fondation de Recherche CIMA<\/a> et dans le cadre du projet EcoSTRIM (<a href=\"http:\/\/interreg-maritime.eu\/fr\/web\/ecostrim\/projet\" target=\"_blank\" rel=\"noopener\">lien<\/a>), gr\u00e2ce aux fonds du programme INTERREG Italie-France Maritime 2014-2020 de l&rsquo;UE.<\/li><\/ul><p style=\"text-align: justify;\">\u00a0<\/p><table><tbody><tr><td style=\"text-align: center;\"><b><span style=\"color: #14afa6;\">Formation pour l\u2019obtention du Certificat \u201cHigh Quality Whale-Watching<span style=\"font-size: 8pt;\"><sup>\u00ae<\/sup><\/span>\u201d<\/span> <\/b><\/td><\/tr><tr><td><p style=\"text-align: center;\">Identification, physiologie et \u00e9tude des populations de c\u00e9tac\u00e9s en M\u00e9diterran\u00e9e<\/p><p style=\"text-align: center;\">Aspects l\u00e9gislatifs de la conservation des esp\u00e8ces, pr\u00e9sentations de l\u2019ACCOBAMS et du Sanctuaire Pelagos<\/p><p style=\"text-align: center;\">Code de bonne conduite<\/p><p style=\"text-align: center;\">Protocole scientifique \u00e0 appliquer par les op\u00e9rateurs lors d\u2019observations<\/p><p style=\"text-align: center;\">Pr\u00e9sentation et identification des autres esp\u00e8ces marines<\/p><p style=\"text-align: center;\">Bruit sous-marin et pollution: probl\u00e9matiques et comment limiter les impacts<\/p><\/td><\/tr><\/tbody><\/table><p style=\"text-align: right;\">Lien: <strong><a href=\"http:\/\/www.whale-watching-label.com\/_fr\" target=\"_blank\" rel=\"noopener\">site internet d\u00e9di\u00e9 au HQWW<span style=\"font-size: 8pt;\"><sup>\u00ae<\/sup><span style=\"font-size: 12pt;\"> en France<\/span> <\/span><\/a><\/strong><\/p><p style=\"text-align: right;\">Lien: <a href=\"https:\/\/www.cimafoundation.org\/en\/high-quality-whale-watching\/\" target=\"_blank\" rel=\"noopener\"><strong>site internet d\u00e9di\u00e9 au HQWW<sup>\u00ae<\/sup> en Italie<\/strong><\/a><\/p><p>&nbsp;<\/p><p><iframe loading=\"lazy\" title=\"10th Anniversary of the High Quality Whale Watching\u00ae Certificate\" width=\"500\" height=\"281\" src=\"https:\/\/www.youtube.com\/embed\/KiioXSod62k?feature=oembed\" frameborder=\"0\" allow=\"accelerometer; autoplay; clipboard-write; encrypted-media; gyroscope; picture-in-picture; web-share\" referrerpolicy=\"strict-origin-when-cross-origin\" allowfullscreen><\/iframe><\/p>","protected":false},"excerpt":{"rendered":"Depuis 2004, plusieurs \u00e9tudes ont d\u00e9montr\u00e9 que les activit\u00e9s commerciales d\u2019observation de c\u00e9tac\u00e9s (commun\u00e9ment appel\u00e9es \u00ab\u00a0whale-watching\u00a0\u00bb) se d\u00e9veloppent en M\u00e9diterran\u00e9e, particuli\u00e8rement dans le bassin nord occidental.Conscients de ces enjeux, ACCOBAMS, le Sanctuaire Pelagos, plusieurs Organisations Non-Gouvernementales (ONG) et des op\u00e9rateurs de whale-watching ont collabor\u00e9 afin de cr\u00e9er un outil de gestion concert\u00e9 et volontaire pour assurer la durabilit\u00e9 de ces activit\u00e9s : le\u00a0 Certificat \u201cHigh Quality Whale-Watching\u00ae\u201d.Le Certificat \u201cHigh Quality Whale-Watching\u00ae\u201d est une marque d\u00e9pos\u00e9e de l\u2019ACCOBAMS, elle poss\u00e8de son logo et les r\u00e8gles r\u00e9gissant son utilisation, qui incluent un Code de Bonne Conduite. Elle a \u00e9t\u00e9 d\u00e9velopp\u00e9e en collaboration avec l&rsquo;Accord Pelagos.&nbsp;Le\u00a0\u00a0Certificat \u201cHigh Quality Whale-Watching\u00ae\u201d incite \u00e0 l\u2019application de bonnes pratiques et de savoir-faire responsables par les op\u00e9rateurs d\u2019observation de c\u00e9tac\u00e9s inscrits dans une d\u00e9marche de qualit\u00e9 et de responsabilit\u00e9 environnementale.Tout op\u00e9rateur de whale-watching peut demander \u00e0 obtenir le Certificat \u201cHigh Quality Whale-Watching\u00ae\u00a0\u00bb aupr\u00e8s de l\u2019entit\u00e9 nationale charg\u00e9e de [&hellip;]","protected":false},"author":1,"featured_media":0,"parent":418,"menu_order":22,"comment_status":"closed","ping_status":"closed","template":"","meta":{"footnotes":""},"class_list":["post-421","page","type-page","status-publish","hentry","no-wpautop"],"aioseo_notices":[],"acf":[],"_links":{"self":[{"href":"https:\/\/accobams.org\/fr\/wp-json\/wp\/v2\/pages\/421","targetHints":{"allow":["GET"]}}],"collection":[{"href":"https:\/\/accobams.org\/fr\/wp-json\/wp\/v2\/pages"}],"about":[{"href":"https:\/\/accobams.org\/fr\/wp-json\/wp\/v2\/types\/page"}],"author":[{"embeddable":true,"href":"https:\/\/accobams.org\/fr\/wp-json\/wp\/v2\/users\/1"}],"replies":[{"embeddable":true,"href":"https:\/\/accobams.org\/fr\/wp-json\/wp\/v2\/comments?post=421"}],"version-history":[{"count":5,"href":"https:\/\/accobams.org\/fr\/wp-json\/wp\/v2\/pages\/421\/revisions"}],"predecessor-version":[{"id":37300,"href":"https:\/\/accobams.org\/fr\/wp-json\/wp\/v2\/pages\/421\/revisions\/37300"}],"up":[{"embeddable":true,"href":"https:\/\/accobams.org\/fr\/wp-json\/wp\/v2\/pages\/418"}],"wp:attachment":[{"href":"https:\/\/accobams.org\/fr\/wp-json\/wp\/v2\/media?parent=421"}],"curies":[{"name":"wp","href":"https:\/\/api.w.org\/{rel}","templated":true}]}}