{"id":420,"date":"2016-06-15T17:17:40","date_gmt":"2016-06-15T16:17:40","guid":{"rendered":"http:\/\/www.accobams.org\/new_accobams\/main-activites\/cetacean-conservation-module\/?lang=fr"},"modified":"2026-03-17T10:11:44","modified_gmt":"2026-03-17T09:11:44","slug":"module-conservation-cetaces","status":"publish","type":"page","link":"https:\/\/accobams.org\/fr\/activites-principales\/module-conservation-cetaces\/","title":{"rendered":"Module de Conservation des C\u00e9tac\u00e9s"},"content":{"rendered":"<p style=\"text-align: justify;\">Sensibiliser les futurs acteurs et d\u00e9cideurs aux probl\u00e9matiques li\u00e9es au milieu marin, constitue le principal objectif du projet, organis\u00e9 gr\u00e2ce au soutien du Minist\u00e8re Italien de l\u2019Environnement et au Gouvernement de la Principaut\u00e9 de Monaco.<\/p><p style=\"text-align: justify;\">\u00a0<\/p><table><tbody><tr><td colspan=\"2\"><p style=\"text-align: center;\"><b>Objectifs du Module<br \/><\/b><\/p><\/td><\/tr><tr><td style=\"background-color: #ffe1cc;\"><p style=\"text-align: center;\">Appliquer des m\u00e9thodes et techniques d&rsquo;\u00e9chantillonnage et <br \/>de cartographie pour estimer l&rsquo;abondance des populations de c\u00e9tac\u00e9s.<\/p><\/td><td style=\"background-color: #88f7dc;\"><p style=\"text-align: center;\">Acqu\u00e9rir des connaissances sur la distribution, le comportement <br \/>des c\u00e9tac\u00e9s de M\u00e9diterran\u00e9e.<\/p><\/td><\/tr><tr><td style=\"background-color: #acdee6;\"><p style=\"text-align: center;\">Acqu\u00e9rir des connaissances sur les menaces auxquelles les c\u00e9tac\u00e9s sont expos\u00e9s <br \/>et les mesures de conservation existantes.<\/p><\/td><td style=\"background-color: #e1d7f5;\"><p style=\"text-align: center;\">Acqu\u00e9rir des connaissances sur le cadre juridique et l\u00e9gislatif <br \/>de la conservation des c\u00e9tac\u00e9s en M\u00e9diterran\u00e9e.<\/p><\/td><\/tr><\/tbody><\/table><p>&nbsp;<\/p><p><b>8 Experts de l\u2019ACCOBAMS ont <\/b><b>enseign\u00e9<\/b><b> le contenu du mod<\/b><b>ule, en anglais et en fran\u00e7ais, \u00e0 plus de 300 \u00e9tudiants en Master r\u00e9partis dans six Pays Parties \u00e0 l\u2019ACCOBAMS. <\/b><\/p><p><span style=\"color: #808080;\">Alg\u00e9rie: Universit\u00e9 d\u2019Oran<\/span><br \/><span style=\"color: #3366ff;\">France: Universit\u00e9 Pascal Paoli en Corse<\/span><br \/><span style=\"color: #808080;\">Liban:\u00a0 Universit\u00e9 Saint-Joseph &amp; Universit\u00e9 de Saint-Esprit de Kaslik \u00e0 Beyrouth<\/span><br \/><span style=\"color: #3366ff;\">Malte: Universit\u00e9 de Malte \u201cCentre for the Liberal Arts and Sciences\u201d<\/span><br \/><span style=\"color: #808080;\">Maroc: Universit\u00e9 Choua\u00efb Doukkali d\u2019El Jadida &amp; Coll\u00e8ge des Sciences et Techniques de Tanger<\/span><br \/><span style=\"color: #3366ff;\">Tunisie: Universit\u00e9 El Manar &amp; Institut National Agronomique \u00e0 Tunis<\/span><\/p><p>&nbsp;<\/p><table><tbody><tr><td style=\"text-align: center;\" colspan=\"4\"><strong>Programme<\/strong><\/td><\/tr><tr><td colspan=\"4\"><p><b>1.Pr<\/b><b>\u00e9<\/b><b>sentation du module d\u2019enseignement (2h)<\/b><\/p><\/td><\/tr><tr><td><p><b>2. Les esp\u00e8ces de c\u00e9tac\u00e9 <\/b><b>(10h)<\/b><\/p><p>Identification des esp\u00e8ces pertinentes pour la zone ACCOBAMS<br \/>El\u00e9ments d\u2019anatomie et de physiologie des c\u00e9tac\u00e9s<br \/>Squelettochronologie<br \/>Pathologie des c\u00e9tac\u00e9s<\/p><\/td><td><p><b>3. Menaces sur les c\u00e9tac\u00e9s et mesures de conservation <\/b><b>(6h)<\/b><\/p><p>Interactions avec les activit\u00e9s de p\u00eache<br \/>Pollutions<br \/>Impact du trafic maritime<br \/>Impact du bruit<br \/>Autres menaces<\/p><\/td><td><p><b>4. Techniques d\u2019\u00e9tude<\/b><b> (8h)<\/b><\/p><p>Observation\/Etude des populations<br \/>Comportement<br \/>Photo-identification<br \/>Acoustique passive<\/p><\/td><td><p><b>5. Cadre juridique et l\u00e9gislatif relatif \u00e0 la conservation des c\u00e9tac\u00e9s <\/b><b>(4h)<\/b><\/p><p>L\u00e9gislation au niveau international<br \/>L\u00e9gislation au niveau r\u00e9gional<br \/>L\u00e9gislation au niveau national<\/p><\/td><\/tr><\/tbody><\/table><p>&nbsp;<\/p><p>Les cours du Module sur la Conservation des C\u00e9tac\u00e9s de l&rsquo;ACCOBAMS sont disponibles via une demande par mail: <a href=\"mailto:secretariat@accobams.net\">secretariat@accobams.net<\/a><\/p>","protected":false},"excerpt":{"rendered":"Sensibiliser les futurs acteurs et d\u00e9cideurs aux probl\u00e9matiques li\u00e9es au milieu marin, constitue le principal objectif du projet, organis\u00e9 gr\u00e2ce au soutien du Minist\u00e8re Italien de l\u2019Environnement et au Gouvernement de la Principaut\u00e9 de Monaco.\u00a0Objectifs du ModuleAppliquer des m\u00e9thodes et techniques d&rsquo;\u00e9chantillonnage et de cartographie pour estimer l&rsquo;abondance des populations de c\u00e9tac\u00e9s.Acqu\u00e9rir des connaissances sur la distribution, le comportement des c\u00e9tac\u00e9s de M\u00e9diterran\u00e9e.Acqu\u00e9rir des connaissances sur les menaces auxquelles les c\u00e9tac\u00e9s sont expos\u00e9s et les mesures de conservation existantes.Acqu\u00e9rir des connaissances sur le cadre juridique et l\u00e9gislatif de la conservation des c\u00e9tac\u00e9s en M\u00e9diterran\u00e9e.&nbsp;8 Experts de l\u2019ACCOBAMS ont enseign\u00e9 le contenu du module, en anglais et en fran\u00e7ais, \u00e0 plus de 300 \u00e9tudiants en Master r\u00e9partis dans six Pays Parties \u00e0 l\u2019ACCOBAMS. Alg\u00e9rie: Universit\u00e9 d\u2019OranFrance: Universit\u00e9 Pascal Paoli en CorseLiban:\u00a0 Universit\u00e9 Saint-Joseph &amp; Universit\u00e9 de Saint-Esprit de Kaslik \u00e0 BeyrouthMalte: Universit\u00e9 de Malte \u201cCentre for the Liberal Arts and Sciences\u201dMaroc: [&hellip;]","protected":false},"author":1,"featured_media":0,"parent":418,"menu_order":11,"comment_status":"closed","ping_status":"closed","template":"","meta":{"footnotes":""},"class_list":["post-420","page","type-page","status-publish","hentry","no-wpautop"],"aioseo_notices":[],"acf":[],"_links":{"self":[{"href":"https:\/\/accobams.org\/fr\/wp-json\/wp\/v2\/pages\/420","targetHints":{"allow":["GET"]}}],"collection":[{"href":"https:\/\/accobams.org\/fr\/wp-json\/wp\/v2\/pages"}],"about":[{"href":"https:\/\/accobams.org\/fr\/wp-json\/wp\/v2\/types\/page"}],"author":[{"embeddable":true,"href":"https:\/\/accobams.org\/fr\/wp-json\/wp\/v2\/users\/1"}],"replies":[{"embeddable":true,"href":"https:\/\/accobams.org\/fr\/wp-json\/wp\/v2\/comments?post=420"}],"version-history":[{"count":1,"href":"https:\/\/accobams.org\/fr\/wp-json\/wp\/v2\/pages\/420\/revisions"}],"predecessor-version":[{"id":38846,"href":"https:\/\/accobams.org\/fr\/wp-json\/wp\/v2\/pages\/420\/revisions\/38846"}],"up":[{"embeddable":true,"href":"https:\/\/accobams.org\/fr\/wp-json\/wp\/v2\/pages\/418"}],"wp:attachment":[{"href":"https:\/\/accobams.org\/fr\/wp-json\/wp\/v2\/media?parent=420"}],"curies":[{"name":"wp","href":"https:\/\/api.w.org\/{rel}","templated":true}]}}