{"id":413,"date":"2016-06-15T17:11:43","date_gmt":"2016-06-15T16:11:43","guid":{"rendered":"http:\/\/www.accobams.org\/new_accobams\/documents-resolutions\/guidelines\/?lang=fr"},"modified":"2025-02-06T19:18:12","modified_gmt":"2025-02-06T18:18:12","slug":"lignes-directrices","status":"publish","type":"page","link":"https:\/\/accobams.org\/fr\/documents-resolutions\/lignes-directrices\/","title":{"rendered":"Lignes Directrices &#038; Meilleures Pratiques"},"content":{"rendered":"<table><tbody><tr style=\"background-color: #cccc;\"><td style=\"text-align: center;\" colspan=\"2\"><strong>Lignes Directrices<\/strong><\/td><\/tr><tr><td><a href=\"https:\/\/doi.org\/10.70978\/RYFP6731\" target=\"_blank\" rel=\"nofollow noopener\"><span style=\"color: #000000;\"><strong>Lignes Directrices pour traiter l\u2019impact du bruit d\u2019origine anthropique sur les c\u00e9tac\u00e9s dans la zone de l\u2019ACCOBAMS<\/strong><\/span><\/a><\/td><\/tr><tr><td><a href=\"https:\/\/doi.org\/10.70978\/ITMB5197\" target=\"_blank\" rel=\"nofollow noopener\"><span style=\"color: #3366ff;\"><strong>Lignes Directrices pour des mesures techniques en vue de r\u00e9duire les conflits p\u00eache-c\u00e9tac\u00e9s<\/strong><\/span><\/a><\/td><\/tr><tr><td><a href=\"https:\/\/doi.org\/10.70978\/VOFO6898\" target=\"_blank\" rel=\"nofollow noopener\"><span style=\"color: #666699;\"><strong>Lignes Directrices pour la surveillance de l\u2019aire de distribution des c\u00e9tac\u00e9s, l\u2019abondance et les caract\u00e9ristiques d\u00e9mographiques des populations<\/strong><\/span><\/a><\/td><\/tr><tr><td><a href=\"https:\/\/doi.org\/10.70978\/PAMI8270\" target=\"_blank\" rel=\"nofollow noopener\"><span style=\"color: #000000;\"><strong>Lignes Directrices concernant les meilleures pratiques et proc\u00e9dures pour g\u00e9rer les \u00e9pisodes de mortalit\u00e9 des c\u00e9tac\u00e9s dus a la pollution chimique, acoustique et biologique<\/strong><\/span><\/a><\/td><\/tr><tr><td><a href=\"https:\/\/doi.org\/10.70978\/XTLU6965\" target=\"_blank\" rel=\"nofollow noopener\"><span style=\"color: #3366ff;\"><strong>Lignes Directrices pour une coordination en cas d\u2019\u00e9chouages de c\u00e9tac\u00e9s lors d&rsquo;\u00e9pid\u00e9mies caus\u00e9es par des agents infectieux et des blooms phytoplanctoniques nocifs<\/strong><\/span><\/a><\/td><\/tr><tr><td><a href=\"https:\/\/doi.org\/10.70978\/QPRK5644\" target=\"_blank\" rel=\"nofollow noopener\"><span style=\"color: #666699;\"><strong>Lignes Directrices pour la gestion des activit\u00e9s d\u2019observation des c\u00e9tac\u00e9s dans la zone de l&rsquo;ACCOBAMS<\/strong><\/span><\/a><\/td><\/tr><tr><td><a href=\"https:\/\/accobams.org\/wp-content\/uploads\/2018\/09\/LD_implementer_label_PelagosACCOBAMS.pdf\" target=\"_blank\" rel=\"noopener\"><span style=\"color: #000000;\"><strong>Lignes Directrices pour la mise en place d\u2019un label Pelagos-ACCOBAMS pour les activit\u00e9s commerciales de whale watching<\/strong><\/span><\/a><\/td><\/tr><tr><td><a href=\"https:\/\/doi.org\/10.70978\/XOVA8772\" target=\"_blank\" rel=\"nofollow noopener\"><span style=\"color: #3366ff;\"><strong>Lignes Directrices pour l\u2019observation des c\u00e9tac\u00e9s a des fins commerciales dans la zone de l\u2019ACCOBAMS<\/strong><\/span><\/a><\/td><\/tr><tr><td><a href=\"https:\/\/doi.org\/10.70978\/BNXQ2731\" target=\"_blank\" rel=\"nofollow noopener\"><span style=\"color: #666699;\"><strong>Lignes Directrices pour les crit\u00e8res de s\u00e9lection pour les Aires Marines Prot\u00e9g\u00e9es<\/strong><\/span><\/a><\/td><\/tr><tr><td><a href=\"https:\/\/accobams.org\/wp-content\/uploads\/2018\/09\/LD_creation_gestion_AMP.pdf\" target=\"_blank\" rel=\"noopener\"><span style=\"color: #000000;\"><strong>Lignes Directrices pour l\u2019\u00e9tablissement et la gestion des Aires marines prot\u00e9g\u00e9es pour les c\u00e9tac\u00e9s<\/strong><\/span><\/a><\/td><\/tr><tr><td><a href=\"https:\/\/doi.org\/10.70978\/UXJC7694\" target=\"_blank\" rel=\"nofollow noopener\"><span style=\"color: #3366ff;\"><strong>Lignes Directrices pour la remise en libert\u00e9 des c\u00e9tac\u00e9s dans leur environnement naturel<\/strong><\/span><\/a><\/td><\/tr><tr><td><a href=\"https:\/\/accobams.org\/wp-content\/uploads\/2018\/09\/LD_developpement_Reseaux_Nationaux_Echouages.pdf\" target=\"_blank\" rel=\"noopener\"><span style=\"color: #666699;\"><strong>Lignes Directrices pour le d\u00e9veloppement de r\u00e9seaux nationaux de surveillance des \u00e9chouages de c\u00e9tac\u00e9s<\/strong><\/span><\/a><\/td><\/tr><tr><td><a href=\"https:\/\/doi.org\/10.70978\/FJMZ1147\" target=\"_blank\" rel=\"nofollow noopener\"><span style=\"color: #000000;\"><strong>Lignes Directrices pour la cr\u00e9ation d\u2019un syst\u00e8me de banques de tissus au sein de la zone ACCOBAMS et code d\u2019\u00e9thique<\/strong><\/span><\/a><\/td><\/tr><tr><td><a href=\"https:\/\/doi.org\/10.70978\/QPSD8455\" target=\"_blank\" rel=\"nofollow noopener\"><span style=\"color: #3366ff;\"><strong>Lignes Directrices sur l\u2019octroi de d\u00e9rogations \u00e0 l\u2019article ii, paragraphe 1), aux fins de recherches <em>in situ <\/em>non-l\u00e9tales dans la zone de l\u2019Accord<\/strong><\/span><\/a><\/td><\/tr><tr style=\"background-color: #cccc;\"><td style=\"text-align: center;\" colspan=\"2\"><span style=\"color: #000000;\"><strong>Meilleures Pratiques<\/strong><\/span><\/td><\/tr><tr><td><a href=\"https:\/\/doi.org\/10.70978\/ADCQ6044\" target=\"_blank\" rel=\"nofollow noopener\"><span style=\"color: #3366ff;\"><strong><span style=\"color: #666699;\">ACCOBAMS Best Practices on Population Genetics<\/span><br \/><\/strong><\/span><\/a><\/td><\/tr><tr><td><a href=\"https:\/\/doi.org\/10.70978\/NGBM7271\" target=\"_blank\" rel=\"nofollow noopener\"><span style=\"color: #000000;\"><strong>Meilleures Pratiques pour l&rsquo;\u00e9tude post-mortem des c\u00e9tac\u00e9s, l&rsquo;\u00e9chantillonnage des tissus et pour le d\u00e9veloppement de cadres de diagnostic pour les menaces sp\u00e9cifiques \u00e0 \u00e9tudier lors de d&rsquo;\u00e9chouage de c\u00e9tac\u00e9s<\/strong><\/span><\/a><\/td><\/tr><tr><td><a href=\"https:\/\/doi.org\/10.70978\/B0002223\" target=\"_blank\" rel=\"nofollow noopener\"><span style=\"color: #3366ff;\"><strong>Best Practices to assess the impact of chemical pollution on cetaceans \/ to measure the chemical contamination on cetaceans <span style=\"font-size: 10pt;\"><em>(anglais uniquement)<\/em><\/span><br \/><\/strong><\/span><\/a><\/td><\/tr><\/tbody><\/table>","protected":false},"excerpt":{"rendered":"Lignes DirectricesLignes Directrices pour traiter l\u2019impact du bruit d\u2019origine anthropique sur les c\u00e9tac\u00e9s dans la zone de l\u2019ACCOBAMSLignes Directrices pour des mesures techniques en vue de r\u00e9duire les conflits p\u00eache-c\u00e9tac\u00e9sLignes Directrices pour la surveillance de l\u2019aire de distribution des c\u00e9tac\u00e9s, l\u2019abondance et les caract\u00e9ristiques d\u00e9mographiques des populationsLignes Directrices concernant les meilleures pratiques et proc\u00e9dures pour g\u00e9rer les \u00e9pisodes de mortalit\u00e9 des c\u00e9tac\u00e9s dus a la pollution chimique, acoustique et biologiqueLignes Directrices pour une coordination en cas d\u2019\u00e9chouages de c\u00e9tac\u00e9s lors d&rsquo;\u00e9pid\u00e9mies caus\u00e9es par des agents infectieux et des blooms phytoplanctoniques nocifsLignes Directrices pour la gestion des activit\u00e9s d\u2019observation des c\u00e9tac\u00e9s dans la zone de l&rsquo;ACCOBAMSLignes Directrices pour la mise en place d\u2019un label Pelagos-ACCOBAMS pour les activit\u00e9s commerciales de whale watchingLignes Directrices pour l\u2019observation des c\u00e9tac\u00e9s a des fins commerciales dans la zone de l\u2019ACCOBAMSLignes Directrices pour les crit\u00e8res de s\u00e9lection pour les Aires Marines Prot\u00e9g\u00e9esLignes Directrices pour l\u2019\u00e9tablissement et [&hellip;]","protected":false},"author":1,"featured_media":0,"parent":409,"menu_order":21,"comment_status":"closed","ping_status":"closed","template":"","meta":{"footnotes":""},"class_list":["post-413","page","type-page","status-publish","hentry","no-wpautop"],"aioseo_notices":[],"acf":[],"_links":{"self":[{"href":"https:\/\/accobams.org\/fr\/wp-json\/wp\/v2\/pages\/413","targetHints":{"allow":["GET"]}}],"collection":[{"href":"https:\/\/accobams.org\/fr\/wp-json\/wp\/v2\/pages"}],"about":[{"href":"https:\/\/accobams.org\/fr\/wp-json\/wp\/v2\/types\/page"}],"author":[{"embeddable":true,"href":"https:\/\/accobams.org\/fr\/wp-json\/wp\/v2\/users\/1"}],"replies":[{"embeddable":true,"href":"https:\/\/accobams.org\/fr\/wp-json\/wp\/v2\/comments?post=413"}],"version-history":[{"count":18,"href":"https:\/\/accobams.org\/fr\/wp-json\/wp\/v2\/pages\/413\/revisions"}],"predecessor-version":[{"id":36178,"href":"https:\/\/accobams.org\/fr\/wp-json\/wp\/v2\/pages\/413\/revisions\/36178"}],"up":[{"embeddable":true,"href":"https:\/\/accobams.org\/fr\/wp-json\/wp\/v2\/pages\/409"}],"wp:attachment":[{"href":"https:\/\/accobams.org\/fr\/wp-json\/wp\/v2\/media?parent=413"}],"curies":[{"name":"wp","href":"https:\/\/api.w.org\/{rel}","templated":true}]}}