{"id":408,"date":"2016-06-15T17:33:38","date_gmt":"2016-06-15T16:33:38","guid":{"rendered":"http:\/\/www.accobams.org\/new_accobams\/conservations-action\/strandings\/?lang=fr"},"modified":"2023-03-07T10:23:01","modified_gmt":"2023-03-07T09:23:01","slug":"echouages","status":"publish","type":"page","link":"https:\/\/accobams.org\/fr\/actions_de_conservations\/echouages\/","title":{"rendered":"Echouages"},"content":{"rendered":"<p style=\"text-align: justify;\">Litt\u00e9ralement, <strong>un c\u00e9tac\u00e9 \u00e9chou\u00e9 est un c\u00e9tac\u00e9 dont le corps se trouve enti\u00e8rement sur la terre<\/strong>. Le terme est utilis\u00e9 pour inclure les animaux \u00e0 la fois morts et vivants, ces derniers trouv\u00e9s dans un \u00e9tat d&rsquo;impuissance apr\u00e8s s\u2019\u00eatre \u00e9chou\u00e9s \u00e0 terre malades, bless\u00e9s, faibles, ou tout simplement perdus. Le terme est parfois \u00e9largi pour inclure les animaux, morts ou vivants, retrouv\u00e9s respectivement flottant ou nageant dans les eaux peu profondes montrant des signes \u00e9vidents de dysfonctionnement physiologique. L\u2019intervention humaine ne se fait de la m\u00eame fa\u00e7on selon qu\u2019il s\u2019agisse d\u2019\u00e9chouages de c\u00e9tac\u00e9s vivants ou morts. En effet, l&rsquo;intervention humaine dans un \u00e9chouage vivant peut emp\u00eacher la mort, ou l\u2019engendrer rapidement afin d\u2019\u00e9viter la souffrance de l\u2019animal. De plus, sur la base du nombre d&rsquo;animaux impliqu\u00e9s, il est possible de faire la distinction entre des \u00e9chouages simples et de masse.<\/p><p style=\"text-align: justify;\">Afin de quantifier et d&rsquo;expliquer les causes des diff\u00e9rentes \u00e9chouages (causes naturelles, maladies, activit\u00e9s humaines), il est n\u00e9cessaire d&rsquo;effectuer un examen post-mortem syst\u00e9matique des c\u00e9tac\u00e9s \u00e9chou\u00e9s sur la c\u00f4te. Ces proc\u00e9dures doivent \u00eatre mises en \u0153uvre par le biais d&rsquo;une approche semblable afin d\u2019\u00eatre en mesure de comparer et d\u2019\u00e9changer des donn\u00e9es recueillies au cours des diff\u00e9rentes n\u00e9cropsies.<br \/>Ces donn\u00e9es permettent d\u2019obtenir une meilleure vision des populations de c\u00e9tac\u00e9s dans la zone ACCOBAMS, une meilleure connaissance de leur \u00e9cologie (donn\u00e9es biologiques, g\u00e9n\u00e9tiques,\u2026) et une meilleure \u00e9valuation des menaces qui p\u00e8sent sur ces esp\u00e8ces.<\/p><p style=\"text-align: justify;\"><strong><u>Echouages Transfrontaliers<\/u><\/strong><\/p><p style=\"text-align: justify;\">Les \u00e9chouages de mammif\u00e8res marins peuvent parfois impliquer les gouvernements nationaux du monde entier avec des d\u00e9fis sp\u00e9cifiques, en particulier lorsqu\u2019ils deviennent un \u00e9v\u00e9nement transfrontalier. Ils peuvent toucher plusieurs juridictions, impliquer diff\u00e9rents secteurs politiques et exiger une r\u00e9ponse rapide, qui doit \u00eatre fournie dans des conditions de pressions m\u00e9diatiques et sociales. En raison de cette attention particuli\u00e8re et \u00e9motionnelle, les \u00e9chouages de c\u00e9tac\u00e9s deviennent souvent une situation de crise, en particulier lors d\u2019\u00e9chouages vivants ou de masse et de causes li\u00e9es \u00e0 des causes \u00e9pid\u00e9miques ou anthropiques.<\/p><p style=\"text-align: justify;\">Ainsi, l\u2019organisation d\u2019une r\u00e9ponse efficace \u00e0 la crise est fondamentale. Pour faire face \u00e0 l\u2019effort extraordinaire que les \u00e9chouages de mammif\u00e8res marins peuvent exiger dans des zones sp\u00e9cifiques, le mod\u00e8le organisationnel devra mobiliser diff\u00e9rents services nationaux et institutions. Un soutien rapide, la participation et la coop\u00e9ration des diff\u00e9rentes parties prenantes ainsi qu\u2019au sein m\u00eame d\u2019une organisation scientifique sont n\u00e9cessaires pour assurer une r\u00e9ponse efficace et une coordination ad\u00e9quate des personnes qui n\u2019ont jamais travaill\u00e9 ensemble auparavant. Il peut \u00eatre vraiment difficile d\u2019atteindre un bon niveau de coordination dans ces conditions possibles d\u2019incertitude, d\u2019urgence et de stress et peut-\u00eatre sans une cha\u00eene de commandement ou une hi\u00e9rarchie claires.<\/p><p><strong><span style=\"text-decoration: underline;\">Base de Donn\u00e9es M\u00e9diterran\u00e9enne d\u2019\u00e9chouages de C\u00e9tac\u00e9s<\/span> (MEDACES)<\/strong><\/p><p style=\"text-align: justify;\">Les raisons d&rsquo;une banque de donn\u00e9es li\u00e9e aux \u00e9chouages de c\u00e9tac\u00e9s reposent sur le texte de l&rsquo;Accord et, plus pr\u00e9cis\u00e9ment, sur le Plan de conservation qui demande de:<\/p><ul style=\"text-align: justify;\"><li>d\u00e9velopper \u201cdes programmes de recherche syst\u00e9matiques portant sur des animaux morts, \u00e9chou\u00e9s, bless\u00e9s ou malades afin de d\u00e9terminer les principales interactions avec les activit\u00e9s humaines et d&rsquo;identifier les menaces r\u00e9elles ou potentielles\u201d;<\/li><li>\u201cd\u00e9velopper les syst\u00e8mes de collecte de donn\u00e9es sur les observations, les prises accidentelles, les \u00e9chouages, les \u00e9pizooties et autres ph\u00e9nom\u00e8nes relatifs aux C\u00e9tac\u00e9s \u201c ;<\/li><li>\u201c\u00e9tablir, en tant que de besoin, une base de donn\u00e9es sous-r\u00e9gionale ou r\u00e9gionale pour g\u00e9rer les informations collect\u00e9es\u201d.<\/li><\/ul><p>&nbsp;<\/p><p style=\"text-align: justify;\"><a href=\"http:\/\/medaces.uv.es\/home_fra.htm\" target=\"_blank\" rel=\"noopener noreferrer\"><img loading=\"lazy\" decoding=\"async\" class=\"alignleft\" title=\"Base de Donn\u00e9es M\u00e9diterran\u00e9enne d\u2019\u00e9chouages de C\u00e9tac\u00e9s\" src=\"http:\/\/www.rac-spa.org\/sites\/default\/files\/pictures\/logo_medaces.jpg\" alt=\"Mediterranean Database of Cetacean Strandings\" width=\"174\" height=\"75\" align=\"middle\" \/><\/a> En novembre 2001, la 12\u00e8me R\u00e9union des Parties Contractantes \u00e0 la Convention de Barcelone a accept\u00e9 l\u2019offre de l\u2019Espagne proposant l\u2019\u00e9tablissement \u00e0 Valencia de la Base de Donn\u00e9es des Echouages de C\u00e9tac\u00e9s de la M\u00e9diterran\u00e9e (MEDACES) dans le cadre\u00a0 du protocole \u00ab\u00a0ASP\/Biodiversit\u00e9\u00a0\u00bb. Le Centre R\u00e9gional d\u2019Activit\u00e9 pour les Zones Sp\u00e9cialement Prot\u00e9g\u00e9es (<a href=\"http:\/\/www.rac-spa.org\/fr\">CAR\/ASP<\/a>) est d\u00e9positaire de la base de donn\u00e9es, dont la gestion est assur\u00e9e par l\u2019Institut Cavanilles de Biodiversit\u00e9 et Biologie Evolutive de l\u2019Universit\u00e9 de Valencia (<a href=\"http:\/\/www.uv.es\/cavanilles\/index.htm\">ICBIBE<\/a>), avec le soutien \u00e9conomique de Minist\u00e8re de l&rsquo;Environnement, du Milieu Rural et Marin Espagnol (<a href=\"http:\/\/www.mma.es\">MMA<\/a>).<\/p><p style=\"text-align: justify;\">La Base de Donn\u00e9es des Echouages de C\u00e9tac\u00e9s de la M\u00e9diterran\u00e9e s\u2019est \u00e9tendue pour couvrir les r\u00e9gions adjacentes \u00e0 la M\u00e9diterran\u00e9e, (la Mer Noire et les Eaux Atlantiques adjacentes), comme le d\u00e9finit l\u2019Accord sur la Conservation des C\u00e9tac\u00e9s de la Mer Noire, de la M\u00e9diterran\u00e9e et de la zone Atlantique adjacente (ACCOBAMS).<\/p><p style=\"text-align: justify;\">Dans ce contexte, depuis 2010, ACCOBAMS soutient financi\u00e8rement et de fa\u00e7on r\u00e9guli\u00e8re la p\u00e9rennit\u00e9 de MEDACES. De plus, \u00e0 chaque R\u00e9union des Parties \u00e0 l&rsquo;ACCOBAMS, ce sujet est \u00e0 l&rsquo;ordre du jour, en particulier pour encourager les scientifiques \u00e0 charger leurs donn\u00e9es et \u00e0 utiliser MEDACES.<\/p><p style=\"text-align: justify;\">Lors de la Sixi\u00e8me R\u00e9union des Parties \u00e0 l&rsquo;ACCOBAMS (22-25 novembre 2016, Monaco), une revue du fonctionnement de MEDACES, r\u00e9alis\u00e9e par un expert choisi conjointement par le Secr\u00e9tariat Permanent de l&rsquo;ACCOBAMS et le CAR \/ ASP, a \u00e9t\u00e9 pr\u00e9sent\u00e9e. Parmi les recommandations de ce document, il a \u00e9t\u00e9 sugg\u00e9r\u00e9 d&rsquo;assurer la continuit\u00e9 de MEDACES pour le triennat 2017-2019.<\/p><p style=\"text-align: justify;\">\u00a0<\/p><p><strong><span style=\"text-decoration: underline;\">R\u00e9solutions &amp; Rapports pertinents<\/span><br \/><\/strong><\/p><p><span style=\"font-size: 12pt;\"><a href=\"http:\/\/www.accobams.org\/fr\/documents-resolutions\/resolutions\/\">ACCOBAMS-MOP1\/2002\/Res1.10<\/a> &#8211; Coop\u00e9ration entre les r\u00e9seaux nationaux d\u2019\u00e9chouages de c\u00e9tac\u00e9s &amp; cr\u00e9ation d\u2019une base de donn\u00e9es<\/span><\/p><p><span style=\"font-size: 12pt;\"><a href=\"http:\/\/www.accobams.org\/fr\/documents-resolutions\/resolutions\/\">ACCOBAMS-MOP2\/2004\/Res2.10<\/a> &#8211; Facilitation des \u00e9changes d\u2019\u00e9chantillons de tissus<\/span><\/p><p><span style=\"font-size: 12pt;\"><a href=\"http:\/\/www.accobams.org\/fr\/documents-resolutions\/resolutions\/\">ACCOBAMS-MOP3\/2007\/Res3.25<\/a> &#8211; Echouages de c\u00e9tac\u00e9s vivants<\/span><\/p><p><span style=\"font-size: 12pt;\"><a href=\"http:\/\/www.accobams.org\/fr\/documents-resolutions\/resolutions\/\">ACCOBAMS-MOP4\/2010\/Res4.16<\/a> &#8211; Lignes Directrices pour r\u00e9ponse coordonn\u00e9e en cas d\u2019\u00e9chouages de c\u00e9tac\u00e9s<\/span><\/p><p><span style=\"font-size: 12pt;\"><a href=\"http:\/\/www.accobams.org\/fr\/documents-resolutions\/resolutions\/\">ACCOBAMS-MOP6\/2016\/Res6.22<\/a> &#8211; Echouages de c\u00e9tac\u00e9s vivants<\/span><\/p><p><a href=\"https:\/\/accobams.org\/wp-content\/uploads\/2020\/01\/MOP7.Res_.7.14_Surveillance-et-gestion-des-echouages.pdf\" target=\"_blank\" rel=\"noopener\">ACCOBAMS-MOP7\/2019\/Res7.14<\/a> &#8211; Meilleures pratiques en mati\u00e8re de surveillance et de gestion d\u2019\u00e9chouages de c\u00e9tac\u00e9s\u00a0<\/p><p><a href=\"https:\/\/accobams.org\/wp-content\/uploads\/2023\/01\/MOP8.Doc31_Annexe13_Res8.15.pdf\" target=\"_blank\" rel=\"noopener\">ACCOBAMS-MOP8\/2022\/Res8.15<\/a> &#8211; R\u00e9seaux d\u2019\u00e9chouage de c\u00e9tac\u00e9s<\/p><p><span style=\"font-size: 12pt;\"><a href=\"http:\/\/www.accobams.org\/wp-content\/uploads\/2016\/06\/WLS.Doc25-Report-of-the-ACCOBAMS-Pelagos-workshop-on-cetacean-live-stranding-FINAL.pdf\">Report on the ACCOBAMS\/Pelagos Workshop on Cetacean Live Stranding<\/a> (<em>Monaco, 29-30 Octobre 2014) (disponible en anglais uniquement)<br \/><\/em><\/span><\/p><p><span style=\"font-size: 12pt;\"><a href=\"http:\/\/www.accobams.org\/wp-content\/uploads\/2016\/06\/MOP6.Inf27_Review-_functionning_MEDACES.pdf\">ACCOBAMS-MOP6\/2016\/Inf27<\/a>: Review of the functioning of MEDACES<\/span><\/p><p>&nbsp;<\/p><p style=\"text-align: justify;\"><strong>Lien avec la CBI<\/strong>: <a href=\"https:\/\/iwc.int\/strandings\">C\u00e9tac\u00e9s \u00e9chou\u00e9s (baleines, dauphins, marsouins)<\/a><\/p><p style=\"text-align: justify;\"><img loading=\"lazy\" decoding=\"async\" class=\"wp-image-8188 alignleft\" src=\"https:\/\/accobams.org\/wp-content\/uploads\/2018\/09\/A4_Echouages_Action_Pelagos.jpg\" alt=\"\" width=\"162\" height=\"109\" srcset=\"https:\/\/accobams.org\/wp-content\/uploads\/2018\/09\/A4_Echouages_Action_Pelagos.jpg 3220w, https:\/\/accobams.org\/wp-content\/uploads\/2018\/09\/A4_Echouages_Action_Pelagos-300x201.jpg 300w, https:\/\/accobams.org\/wp-content\/uploads\/2018\/09\/A4_Echouages_Action_Pelagos-1024x687.jpg 1024w\" sizes=\"auto, (max-width: 162px) 100vw, 162px\" \/> <strong>Mammif\u00e8res Marins \u00c9chou\u00e9s: ATTENTION Danger !<\/strong> <a href=\"http:\/\/www.accobams.org\/wp-content\/uploads\/2018\/09\/A4_Echouages_Action_Pelagos.pdf\"><img loading=\"lazy\" decoding=\"async\" class=\"wp-image-786 alignnone\" src=\"https:\/\/accobams.org\/wp-content\/uploads\/2016\/06\/PDF.png\" alt=\"\" width=\"25\" height=\"25\" \/><\/a><\/p><p style=\"text-align: justify;\">Ce poster a \u00e9t\u00e9 d\u00e9velopp\u00e9 par le Sanctuaire Pelagos et par le R\u00e9seau National d\u2019\u00c9chouages fran\u00e7ais (RNE) afin de sensibiliser le grand public aux actions et r\u00e9flexes \u00e0 adopter lors d&rsquo;une rencontre avec un c\u00e9tac\u00e9 \u00e9chou\u00e9.<\/p><p>&nbsp;<\/p><p>&nbsp;<\/p><p><a href=\"https:\/\/accobams.org\/accobams-5-days-marine-mammal-necropsy-training-course\/\" target=\"_blank\" rel=\"noopener\"><strong>2021 ACCOBAMS 5-days marine mammal necropsy training Course<\/strong><\/a> (<em>anglais uniquement<\/em>)<\/p>","protected":false},"excerpt":{"rendered":"Litt\u00e9ralement, un c\u00e9tac\u00e9 \u00e9chou\u00e9 est un c\u00e9tac\u00e9 dont le corps se trouve enti\u00e8rement sur la terre. Le terme est utilis\u00e9 pour inclure les animaux \u00e0 la fois morts et vivants, ces derniers trouv\u00e9s dans un \u00e9tat d&rsquo;impuissance apr\u00e8s s\u2019\u00eatre \u00e9chou\u00e9s \u00e0 terre malades, bless\u00e9s, faibles, ou tout simplement perdus. Le terme est parfois \u00e9largi pour inclure les animaux, morts ou vivants, retrouv\u00e9s respectivement flottant ou nageant dans les eaux peu profondes montrant des signes \u00e9vidents de dysfonctionnement physiologique. L\u2019intervention humaine ne se fait de la m\u00eame fa\u00e7on selon qu\u2019il s\u2019agisse d\u2019\u00e9chouages de c\u00e9tac\u00e9s vivants ou morts. En effet, l&rsquo;intervention humaine dans un \u00e9chouage vivant peut emp\u00eacher la mort, ou l\u2019engendrer rapidement afin d\u2019\u00e9viter la souffrance de l\u2019animal. De plus, sur la base du nombre d&rsquo;animaux impliqu\u00e9s, il est possible de faire la distinction entre des \u00e9chouages simples et de masse.Afin de quantifier et d&rsquo;expliquer les causes des diff\u00e9rentes \u00e9chouages (causes [&hellip;]","protected":false},"author":1,"featured_media":0,"parent":395,"menu_order":47,"comment_status":"closed","ping_status":"closed","template":"","meta":{"footnotes":""},"class_list":["post-408","page","type-page","status-publish","hentry","no-wpautop"],"aioseo_notices":[],"acf":[],"_links":{"self":[{"href":"https:\/\/accobams.org\/fr\/wp-json\/wp\/v2\/pages\/408","targetHints":{"allow":["GET"]}}],"collection":[{"href":"https:\/\/accobams.org\/fr\/wp-json\/wp\/v2\/pages"}],"about":[{"href":"https:\/\/accobams.org\/fr\/wp-json\/wp\/v2\/types\/page"}],"author":[{"embeddable":true,"href":"https:\/\/accobams.org\/fr\/wp-json\/wp\/v2\/users\/1"}],"replies":[{"embeddable":true,"href":"https:\/\/accobams.org\/fr\/wp-json\/wp\/v2\/comments?post=408"}],"version-history":[{"count":0,"href":"https:\/\/accobams.org\/fr\/wp-json\/wp\/v2\/pages\/408\/revisions"}],"up":[{"embeddable":true,"href":"https:\/\/accobams.org\/fr\/wp-json\/wp\/v2\/pages\/395"}],"wp:attachment":[{"href":"https:\/\/accobams.org\/fr\/wp-json\/wp\/v2\/media?parent=408"}],"curies":[{"name":"wp","href":"https:\/\/api.w.org\/{rel}","templated":true}]}}