{"id":406,"date":"2016-06-15T17:32:48","date_gmt":"2016-06-15T16:32:48","guid":{"rendered":"http:\/\/www.accobams.org\/new_accobams\/conservations-action\/protected-areas\/?lang=fr"},"modified":"2024-09-25T10:58:27","modified_gmt":"2024-09-25T08:58:27","slug":"aires-protegees","status":"publish","type":"page","link":"https:\/\/accobams.org\/fr\/actions_de_conservations\/aires-protegees\/","title":{"rendered":"Aires Prot\u00e9g\u00e9es"},"content":{"rendered":"<p style=\"text-align: justify;\"><span id=\"result_box\" class=\"\" lang=\"fr\">ACCOBAMS travaille sur les zones d&rsquo;importance sp\u00e9ciale pour les c\u00e9tac\u00e9s dans la zone ACCOBAMS afin de proposer des mesures appropri\u00e9es de gestion des menaces ou de gestion spatiale. <span class=\"\">L&rsquo;identification repose sur le chevauchement des zones d&rsquo;int\u00e9r\u00eat pour les mammif\u00e8res marins (IMMA) et la cartographie des menaces anthropiques.<\/span><\/span><\/p><p style=\"text-align: center;\">&#8212;&#8212;&#8212;&#8212;-<\/p><p><span style=\"text-decoration: underline;\"><strong>R\u00e9solutions de l&rsquo;ACCOBAMS<\/strong><\/span>:<\/p><p><a href=\"https:\/\/accobams.org\/wp-content\/uploads\/2016\/06\/ACCOBAMS_MOP3_Res.3.22_fr.pdf\" target=\"_blank\" rel=\"noopener\">R\u00e9solution 3.22<\/a> (2007): Aires marines prot\u00e9g\u00e9es pour les c\u00e9tac\u00e9s<\/p><p><a href=\"https:\/\/accobams.org\/wp-content\/uploads\/2016\/06\/ACCOBAMS_MOP4_Res.4.15_fr.pdf\" target=\"_blank\" rel=\"noopener\">R\u00e9solution 4.15<\/a> (2010): Aires Marines Prot\u00e9g\u00e9es importantes pour la conservation des c\u00e9tac\u00e9s<\/p><p><a href=\"https:\/\/accobams.org\/wp-content\/uploads\/2017\/04\/ACCOBAMS_MOP6_Res.6.24_fr.pdf\" target=\"_blank\" rel=\"noopener\">R\u00e9solution 6.24<\/a> (2016): Nouvelles aires de conservation pour les habitats de c\u00e9tac\u00e9s<\/p><p style=\"text-align: center;\">&#8212;&#8212;&#8212;&#8212;-<\/p><p style=\"text-align: left;\"><span style=\"text-decoration: underline;\"><strong>Rapports des Workshops:<\/strong><\/span><\/p><p><strong>2017<\/strong><br \/><a href=\"https:\/\/www.accobams.org\/wp-content\/uploads\/2016\/06\/Report_workshop_Threats_31_ECS.pdf\" target=\"_blank\" rel=\"noopener\">\u201cInputs to the ACCOBAMS ongoing effort to map human threats on cetaceans in the Mediterranean and Black Seas\u201d<\/a><br \/><span style=\"font-size: 10pt;\">Rapport publi\u00e9 \u00e0 l&rsquo;issue de la 31<sup>\u00e8me<\/sup> conf\u00e9rence de l&rsquo;ECS (30 avril 2017, Middelfart, Danemark)<\/span><\/p><p><strong>2022<\/strong><br \/><a href=\"https:\/\/accobams.org\/wp-content\/uploads\/2022\/11\/MOP8.Inf53_Report-of-the-workshop-CCH.pdf\" target=\"_blank\" rel=\"noopener\">\u201cCetacean Critical Habitats (CCH) Process\u201d<\/a><br \/><span style=\"font-size: 10pt;\">Cet atelier a \u00e9t\u00e9 organis\u00e9 afin de permettre l&rsquo;\u00e9laboration d&rsquo;une approche finale, d&rsquo;un processus technique actualis\u00e9 et de crit\u00e8res permettant de proposer des zones en tant que CCH aux Parties<\/span><\/p>","protected":false},"excerpt":{"rendered":"ACCOBAMS travaille sur les zones d&rsquo;importance sp\u00e9ciale pour les c\u00e9tac\u00e9s dans la zone ACCOBAMS afin de proposer des mesures appropri\u00e9es de gestion des menaces ou de gestion spatiale. L&rsquo;identification repose sur le chevauchement des zones d&rsquo;int\u00e9r\u00eat pour les mammif\u00e8res marins (IMMA) et la cartographie des menaces anthropiques.&#8212;&#8212;&#8212;&#8212;-R\u00e9solutions de l&rsquo;ACCOBAMS:R\u00e9solution 3.22 (2007): Aires marines prot\u00e9g\u00e9es pour les c\u00e9tac\u00e9sR\u00e9solution 4.15 (2010): Aires Marines Prot\u00e9g\u00e9es importantes pour la conservation des c\u00e9tac\u00e9sR\u00e9solution 6.24 (2016): Nouvelles aires de conservation pour les habitats de c\u00e9tac\u00e9s&#8212;&#8212;&#8212;&#8212;-Rapports des Workshops:2017\u201cInputs to the ACCOBAMS ongoing effort to map human threats on cetaceans in the Mediterranean and Black Seas\u201dRapport publi\u00e9 \u00e0 l&rsquo;issue de la 31\u00e8me conf\u00e9rence de l&rsquo;ECS (30 avril 2017, Middelfart, Danemark)2022\u201cCetacean Critical Habitats (CCH) Process\u201dCet atelier a \u00e9t\u00e9 organis\u00e9 afin de permettre l&rsquo;\u00e9laboration d&rsquo;une approche finale, d&rsquo;un processus technique actualis\u00e9 et de crit\u00e8res permettant de proposer des zones en tant que CCH aux Parties","protected":false},"author":1,"featured_media":0,"parent":395,"menu_order":41,"comment_status":"closed","ping_status":"closed","template":"","meta":{"footnotes":""},"class_list":["post-406","page","type-page","status-publish","hentry","no-wpautop"],"aioseo_notices":[],"acf":[],"_links":{"self":[{"href":"https:\/\/accobams.org\/fr\/wp-json\/wp\/v2\/pages\/406","targetHints":{"allow":["GET"]}}],"collection":[{"href":"https:\/\/accobams.org\/fr\/wp-json\/wp\/v2\/pages"}],"about":[{"href":"https:\/\/accobams.org\/fr\/wp-json\/wp\/v2\/types\/page"}],"author":[{"embeddable":true,"href":"https:\/\/accobams.org\/fr\/wp-json\/wp\/v2\/users\/1"}],"replies":[{"embeddable":true,"href":"https:\/\/accobams.org\/fr\/wp-json\/wp\/v2\/comments?post=406"}],"version-history":[{"count":4,"href":"https:\/\/accobams.org\/fr\/wp-json\/wp\/v2\/pages\/406\/revisions"}],"predecessor-version":[{"id":34811,"href":"https:\/\/accobams.org\/fr\/wp-json\/wp\/v2\/pages\/406\/revisions\/34811"}],"up":[{"embeddable":true,"href":"https:\/\/accobams.org\/fr\/wp-json\/wp\/v2\/pages\/395"}],"wp:attachment":[{"href":"https:\/\/accobams.org\/fr\/wp-json\/wp\/v2\/media?parent=406"}],"curies":[{"name":"wp","href":"https:\/\/api.w.org\/{rel}","templated":true}]}}