{"id":405,"date":"2016-06-15T17:32:28","date_gmt":"2016-06-15T16:32:28","guid":{"rendered":"http:\/\/www.accobams.org\/new_accobams\/conservations-action\/marine-debris\/?lang=fr"},"modified":"2024-04-18T15:29:57","modified_gmt":"2024-04-18T13:29:57","slug":"actions-conservations","status":"publish","type":"page","link":"https:\/\/accobams.org\/fr\/actions_de_conservations\/actions-conservations\/","title":{"rendered":"D\u00e9chets marins"},"content":{"rendered":"<p style=\"text-align: justify;\">Les d\u00e9chets marins correspondent \u00e0 l\u2019ensemble des mat\u00e9riaux ou objets qui sont volontairement ou involontairement rejet\u00e9s de fa\u00e7on inappropri\u00e9e. Ils se retrouvent sur les plages, \u00e0 la surface de la mer, dans la colonne d\u2019eau, ou encore sur les fonds marins.\u00a0 Ils sont constitu\u00e9s de mati\u00e8res diverses (plastiques, m\u00e9taux, verre, papier, textile, bois, etc.) et de tailles diff\u00e9rentes\u00a0: du macro d\u00e9chet (visible \u00e0 l\u2019\u0153il nu) au micro d\u00e9chet (&lt;5mm), pouvant se transformer en nano particules (&lt;1\u00b5m). Selon les experts, 80% des d\u00e9chets pr\u00e9sents en M\u00e9diterran\u00e9e sont d\u2019origine terrestre (d\u00e9chets jet\u00e9s depuis la terre et transport\u00e9s jusqu\u2019\u00e0 la mer par les vents et les cours d\u2019eau). 80% d\u2019entre eux sont des plastiques.<\/p><p style=\"text-align: justify;\">La pollution par les d\u00e9chets marins, qu\u2019elle soit d\u2019origine terrestre ou marine (d\u00e9chets rejet\u00e9s depuis des navires par exemple) est une pr\u00e9occupation environnementale mondiale et constitue une menace importante pour la biodiversit\u00e9 dans son ensemble, tant pour les habitats que pour les esp\u00e8ces marines, comme les c\u00e9tac\u00e9s qui peuvent \u00eatre bless\u00e9s ou tu\u00e9s en les ing\u00e9rant ou en s\u2019y emm\u00ealant. Face \u00e0 ce danger, la coop\u00e9ration internationale est donc fondamentale dans le but d\u2019am\u00e9liorer la situation.<\/p><p style=\"text-align: justify;\"><span id=\"result_box\" class=\"\" lang=\"fr\"><span class=\"\">Il est reconnu que les c\u00e9tac\u00e9s sont affect\u00e9s par les d\u00e9chets marins soit via l&rsquo;ingestion ou l&rsquo;enchev\u00eatrement dans les filets fant\u00f4mes;<\/span> <span class=\"\">le ph\u00e9nom\u00e8ne est bien connu dans la zone de l&rsquo;ACCOBAMS, et des informations de fond existent \u00e0 partir du suivi des \u00e9chouages en M\u00e9diterran\u00e9e et en mer Noire.<\/span><br \/><br \/><span class=\"\">En ce qui concerne la question des d\u00e9chets marins, le Plan de Conservation de l&rsquo;ACCOBAMS (Annexe 2 de l&rsquo;Accord) pr\u00e9voit que les Parties \u00ab\u00a0<em>\u00e9tablissent ou amendent une r\u00e9glementation en vue d&#8217;emp\u00eacher l&rsquo;abandon ou la d\u00e9rive en mer des engins de p\u00eache, et de rendre obligatoire le l\u00e2cher imm\u00e9diat des C\u00e9tac\u00e9s pris accidentellement dans des engins de p\u00eache dans des conditions qui garantissent leur survie\u00a0\u00bb <\/em>(para.1,b)<em>. <\/em>De plus les Parties se doivent de<em> \u00ab\u00a0r\u00e9glementer les d\u00e9versements en mer de substances polluantes susceptibles d&rsquo;avoir des effets n\u00e9fastes sur les c\u00e9tac\u00e9s et d&rsquo;adopter, dans le cadre d&rsquo;autres instruments juridiques appropri\u00e9s, des normes plus strictes \u00e0 l&rsquo;\u00e9gard de ces substances<\/em>\u00a0\u00bb (para.1,d).<br \/><\/span><\/span><\/p><p style=\"text-align: justify;\">L&rsquo;\u00e9valuation et la gestion des menaces, telles que les d\u00e9chets marins, constituent un \u00e9l\u00e9ment cl\u00e9 des objectifs de l&rsquo;ACCOBAMS et sont pertinentes quant aux d\u00e9cisions ant\u00e9rieures relatives, entre autres, au Plan de Conservation de l&rsquo;ACCOBAMS, \u00e0 la Strat\u00e9gie 2014-2025 de l&rsquo;ACCOBAMS, au Programme de travail 2017-2019 et \u00e0 la R\u00e9solution 6.22 sur les \u00e9chouages de c\u00e9tac\u00e9s vivants.<\/p><p style=\"text-align: justify;\"><span id=\"result_box\" class=\"\" lang=\"fr\">Au cours de ces derni\u00e8res ann\u00e9es, ACCOBAMS a initi\u00e9 une collaboration avec RAMOGE et l&rsquo;Observatoire Oc\u00e9anographique Fran\u00e7ais, des \u00e9changes ont \u00e9galement eu lieu entre le Secr\u00e9tariat de l&rsquo;ACCOBAMS et le MEDPOL (PNUE \/ PAM) sur les modalit\u00e9s de collaboration pour d\u00e9velopper un programme r\u00e9gional d&rsquo;\u00e9valuation des impacts des filets fant\u00f4mes sur les c\u00e9tac\u00e9s, dans le cadre du Plan R\u00e9gional de Gestion des D\u00e9chets Marins en M\u00e9diterran\u00e9e.<br \/>En mars 2015, ACCOBAMS a collabor\u00e9 avec la Fondation Prince Albert II lors d&rsquo;un atelier international organis\u00e9 \u00e0 Monaco portant sur les plastiques en M\u00e9diterran\u00e9e. \u00ab\u00a0<em>Au-del\u00e0 des observations, quelles solutions<\/em> \u00ab\u00a0. Une <a href=\"http:\/\/www.accobams.org\/wp-content\/uploads\/2016\/06\/Declaration_de_Monaco_fra.pdf\">D\u00e9claration de Monaco <\/a>a \u00e9t\u00e9 publi\u00e9e. (lien vers <a href=\"http:\/\/beyondplasticmed.org\/bemed\/\">BEMED<\/a>)<br \/><\/span><br \/><span id=\"result_box\" class=\"\" lang=\"fr\"><span title=\"Proposed activities for the 2017-2019 triennium\r\n\r\n\u00a0\"><span style=\"text-decoration: underline;\"><strong>Activit\u00e9s propos\u00e9es pour le triennat 2023-2025<\/strong><\/span><\/span><\/span><span id=\"result_box\" class=\"\" lang=\"fr\"><\/span><\/p><p style=\"text-align: justify;\"><span id=\"page56R_mcid31\" class=\"markedContent\"><span dir=\"ltr\" role=\"presentation\">1 &#8211; Soutenir les actions pilotes<\/span> <span dir=\"ltr\" role=\"presentation\">visant \u00e0 mettre en \u0153uvre les <\/span><span dir=\"ltr\" role=\"presentation\">lignes directrices sur les meilleures pratiques pour les <\/span><span dir=\"ltr\" role=\"presentation\">analyses post<\/span><span dir=\"ltr\" role=\"presentation\">&#8211;<\/span><span dir=\"ltr\" role=\"presentation\">mortem des c\u00e9tac\u00e9s, y compris l&rsquo;\u00e9valuation <\/span><span dir=\"ltr\" role=\"presentation\">des d\u00e9chets marins ing\u00e9r\u00e9s et l&rsquo;enchev\u00eatrement dans les <\/span><span dir=\"ltr\" role=\"presentation\">filets fant\u00f4mes.<\/span><\/span><span id=\"page56R_mcid32\" class=\"markedContent\"><\/span><span id=\"page56R_mcid33\" class=\"markedContent\"><\/span><\/p><p style=\"text-align: justify;\"><span id=\"page56R_mcid33\" class=\"markedContent\"><span dir=\"ltr\" role=\"presentation\">2 &#8211; Promouvoir, soutenir et assurer la liai<\/span><span dir=\"ltr\" role=\"presentation\">son avec des projets <\/span><span dir=\"ltr\" role=\"presentation\">et des activit\u00e9s de recherche afin de mettre au point des <\/span><span dir=\"ltr\" role=\"presentation\">m\u00e9thodes normalis\u00e9es pour d\u00e9tecter la pr\u00e9sence et les <\/span><span dir=\"ltr\" role=\"presentation\">effets des d\u00e9chets marins, y compris les micro<\/span><span dir=\"ltr\" role=\"presentation\">&#8211;<\/span><span dir=\"ltr\" role=\"presentation\">plastiques, <\/span><span dir=\"ltr\" role=\"presentation\">chez les esp\u00e8ces de c\u00e9tac\u00e9s.<\/span><\/span><span id=\"page56R_mcid34\" class=\"markedContent\"><\/span><span id=\"page56R_mcid35\" class=\"markedContent\"><\/span><\/p><p style=\"text-align: justify;\"><span id=\"page56R_mcid35\" class=\"markedContent\"><span dir=\"ltr\" role=\"presentation\">3 &#8211; Identifier les hotspots de l&rsquo;accum<\/span><span dir=\"ltr\" role=\"presentation\">ulation des d\u00e9chets <\/span><span dir=\"ltr\" role=\"presentation\">marins et identifier les menaces qui p\u00e8sent sur les esp\u00e8ces <\/span><span dir=\"ltr\" role=\"presentation\">de c\u00e9tac\u00e9s vivant dans ces zones.<\/span><\/span><span id=\"page56R_mcid36\" class=\"markedContent\"><\/span><span id=\"page56R_mcid37\" class=\"markedContent\"><\/span><\/p><p style=\"text-align: justify;\"><span id=\"page56R_mcid37\" class=\"markedContent\"><span dir=\"ltr\" role=\"presentation\">4 &#8211; D\u00e9velopper une proposition pour utiliser les esp\u00e8ces de <\/span><span dir=\"ltr\" role=\"presentation\">c\u00e9tac\u00e9s comme indicateurs des d\u00e9chets marins dans la <\/span><span dir=\"ltr\" role=\"presentation\">zone de l&rsquo;ACCOBAMS.<\/span><\/span><span id=\"page56R_mcid38\" class=\"markedContent\"><\/span><span id=\"page56R_mcid39\" class=\"markedContent\"><\/span><\/p><p style=\"text-align: justify;\"><span id=\"page56R_mcid39\" class=\"markedContent\"><span dir=\"ltr\" role=\"presentation\">5 &#8211; Collaborer<\/span> <span dir=\"ltr\" role=\"presentation\">avec les organisations concern\u00e9es (ASCOBANS, <\/span><span dir=\"ltr\" role=\"presentation\">CBI, MEDPOL, OMI, FAO) y compris \u00e0 travers des activit\u00e9s <\/span><span dir=\"ltr\" role=\"presentation\">conjointes<\/span><\/span><span id=\"page56R_mcid40\" class=\"markedContent\"><\/span><\/p><p style=\"text-align: justify;\"><span id=\"page56R_mcid40\" class=\"markedContent\"><span dir=\"ltr\" role=\"presentation\">6 &#8211; Promouvoir des campagnes sur l&rsquo;interdiction des plastiques <\/span><span dir=\"ltr\" role=\"presentation\">\u00e0 usage unique<\/span><\/span><\/p><p style=\"text-align: justify;\"><span id=\"result_box\" class=\"\" lang=\"fr\"><span title=\"Strengthening collaboration between global and regional intergovernmental organizations interested in the issue of ghost fishing or marine debris in general will be pursued as a cross-cutting objective of the project to ensure better synergy and to optimize efforts.\">Le renforcement de la collaboration entre les organisations intergouvernementales mondiales et r\u00e9gionales int\u00e9ress\u00e9es par la question de la p\u00eache fant\u00f4me ou des d\u00e9bris marins en g\u00e9n\u00e9ral sera poursuivi afin d&rsquo;assurer une meilleure synergie et d&rsquo;optimiser les efforts.<\/span><\/span><\/p><p>&nbsp;<\/p><p><span style=\"text-decoration: underline;\"><span style=\"color: #666699;\"><strong>Documents d&rsquo;importance:<br \/><\/strong><\/span><\/span><a href=\"https:\/\/accobams.org\/wp-content\/uploads\/2023\/01\/MOP8.Doc31_Annexe13_Res8.20.pdf\" target=\"_blank\" rel=\"noopener\">R\u00e9solution 8.20<\/a> &#8211; D\u00e9chets marins et Pollution Chimique<\/p><p><a href=\"https:\/\/accobams.org\/wp-content\/uploads\/2024\/04\/ML-WS-Recommendations-Final.pdf\" target=\"_blank\" rel=\"noopener\">Atelier sur le monitoring des d\u00e9chets marins ing\u00e9r\u00e9s et les preuves d\u2019enchev\u00eatrement dans la zone de l\u2019ACCOBAMS &#8211; Recommandations<\/a> (6-7 avril 2024, Catane, Italie)<\/p><p>&nbsp;<\/p><p style=\"text-align: justify;\"><strong><em>Le film, pr\u00e9sent\u00e9 ci-dessous, a \u00e9t\u00e9 r\u00e9alis\u00e9 conjointement par les Secr\u00e9tariats des Accords ACCOBAMS, RAMOGE, et Pelagos avec pour objectif\u00a0 de sensibiliser le grand public \u00e0 l\u2019impact des d\u00e9chets sur le milieu marin et de promouvoir des actions simples mais efficaces pour diminuer cette pollution. Il est urgent de r\u00e9duire les d\u00e9chets marins et de se mobiliser tous en ce sens.<\/em><\/strong><\/p><p><iframe loading=\"lazy\" title=\"RAMOGE, ACCOBAMS et Pelagos\" width=\"500\" height=\"281\" src=\"https:\/\/www.youtube.com\/embed\/Zt93b3Q4-2U?feature=oembed\" frameborder=\"0\" allow=\"accelerometer; autoplay; clipboard-write; encrypted-media; gyroscope; picture-in-picture; web-share\" referrerpolicy=\"strict-origin-when-cross-origin\" allowfullscreen><\/iframe><\/p><p style=\"text-align: justify;\">\u00a0<\/p>","protected":false},"excerpt":{"rendered":"Les d\u00e9chets marins correspondent \u00e0 l\u2019ensemble des mat\u00e9riaux ou objets qui sont volontairement ou involontairement rejet\u00e9s de fa\u00e7on inappropri\u00e9e. Ils se retrouvent sur les plages, \u00e0 la surface de la mer, dans la colonne d\u2019eau, ou encore sur les fonds marins.\u00a0 Ils sont constitu\u00e9s de mati\u00e8res diverses (plastiques, m\u00e9taux, verre, papier, textile, bois, etc.) et de tailles diff\u00e9rentes\u00a0: du macro d\u00e9chet (visible \u00e0 l\u2019\u0153il nu) au micro d\u00e9chet (&lt;5mm), pouvant se transformer en nano particules (&lt;1\u00b5m). Selon les experts, 80% des d\u00e9chets pr\u00e9sents en M\u00e9diterran\u00e9e sont d\u2019origine terrestre (d\u00e9chets jet\u00e9s depuis la terre et transport\u00e9s jusqu\u2019\u00e0 la mer par les vents et les cours d\u2019eau). 80% d\u2019entre eux sont des plastiques.La pollution par les d\u00e9chets marins, qu\u2019elle soit d\u2019origine terrestre ou marine (d\u00e9chets rejet\u00e9s depuis des navires par exemple) est une pr\u00e9occupation environnementale mondiale et constitue une menace importante pour la biodiversit\u00e9 dans son ensemble, tant pour les habitats que [&hellip;]","protected":false},"author":1,"featured_media":0,"parent":395,"menu_order":27,"comment_status":"closed","ping_status":"closed","template":"","meta":{"footnotes":""},"class_list":["post-405","page","type-page","status-publish","hentry","no-wpautop"],"aioseo_notices":[],"acf":[],"_links":{"self":[{"href":"https:\/\/accobams.org\/fr\/wp-json\/wp\/v2\/pages\/405","targetHints":{"allow":["GET"]}}],"collection":[{"href":"https:\/\/accobams.org\/fr\/wp-json\/wp\/v2\/pages"}],"about":[{"href":"https:\/\/accobams.org\/fr\/wp-json\/wp\/v2\/types\/page"}],"author":[{"embeddable":true,"href":"https:\/\/accobams.org\/fr\/wp-json\/wp\/v2\/users\/1"}],"replies":[{"embeddable":true,"href":"https:\/\/accobams.org\/fr\/wp-json\/wp\/v2\/comments?post=405"}],"version-history":[{"count":2,"href":"https:\/\/accobams.org\/fr\/wp-json\/wp\/v2\/pages\/405\/revisions"}],"predecessor-version":[{"id":34381,"href":"https:\/\/accobams.org\/fr\/wp-json\/wp\/v2\/pages\/405\/revisions\/34381"}],"up":[{"embeddable":true,"href":"https:\/\/accobams.org\/fr\/wp-json\/wp\/v2\/pages\/395"}],"wp:attachment":[{"href":"https:\/\/accobams.org\/fr\/wp-json\/wp\/v2\/media?parent=405"}],"curies":[{"name":"wp","href":"https:\/\/api.w.org\/{rel}","templated":true}]}}