{"id":403,"date":"2016-06-15T17:31:38","date_gmt":"2016-06-15T16:31:38","guid":{"rendered":"http:\/\/www.accobams.org\/new_accobams\/conservations-action\/cetacean-watching\/?lang=fr"},"modified":"2023-03-07T09:56:46","modified_gmt":"2023-03-07T08:56:46","slug":"observation-cetaces","status":"publish","type":"page","link":"https:\/\/accobams.org\/fr\/actions_de_conservations\/observation-cetaces\/","title":{"rendered":"Observation des c\u00e9tac\u00e9s"},"content":{"rendered":"<p style=\"text-align: justify;\">L\u2019activit\u00e9 de <em>whale-watching<\/em> se d\u00e9veloppe en M\u00e9diterran\u00e9e. Bien g\u00e9r\u00e9e, et contenue dans une dynamique extensive, elle est un fabuleux vecteur d\u2019\u00e9ducation \u00e0 l\u2019environnement, elle contribue \u00e0 l\u2019\u00e9conomie locale et peut participer \u00e0 la recherche sur les c\u00e9tac\u00e9s et \u00e0 leur conservation. Mais \u00e0 d\u00e9faut de cadre, elle peut s\u2019intensifier, augmenter la pression sur le milieu et les d\u00e9rangements des animaux, jusqu\u2019\u00e0 engendrer de tr\u00e8s graves r\u00e9percussions sur les populations concern\u00e9es.<\/p><p style=\"text-align: justify;\">Depuis 2004, plusieurs \u00e9tudes ont d\u00e9montr\u00e9 que cette activit\u00e9 se d\u00e9veloppe en M\u00e9diterran\u00e9e, particuli\u00e8rement dans le bassin nord occidental. Conscients de ces enjeux, un grand nombre d\u2019op\u00e9rateurs de <em>whale-watching <\/em>du Sanctuaire Pelagos se sont f\u00e9d\u00e9r\u00e9s, \u00e0 l\u2019initiative du Sanctuaire Pelagos et de l\u2019Accord sur la Conservation des C\u00e9tac\u00e9s de la mer Noire, de la M\u00e9diterran\u00e9e et de la zone Atlantique adjacente (ACCOBAMS), et avec l\u2019appui de plusieurs Organisations Non-Gouvernementales (ONG). De cette collaboration est n\u00e9e l\u2019id\u00e9e de cr\u00e9er un outil de gestion concert\u00e9 et volontaire pour assurer la durabilit\u00e9 de cette activit\u00e9\u00a0: un label destin\u00e9 aux op\u00e9rateurs de <em>whale-watching<\/em> inscrits dans une d\u00e9marche de qualit\u00e9 et de responsabilit\u00e9 environnementale.<\/p><p style=\"text-align: justify;\">De plus, il faut rappeler\u00a0:<\/p><ul style=\"text-align: justify;\"><li>Que la <a href=\"http:\/\/www.accobams.org\/wp-content\/uploads\/2016\/06\/ACCOBAMS_MOP4_Res.4.7_fr.pdf\">R\u00e9solution ACCOBAMS 4.7<\/a> \u00e9tablit les Lignes Directrices pour l\u2019observation des c\u00e9tac\u00e9s \u00e0 des fins commerciales dans la zone de l\u2019ACCOBAMS\u00a0;<\/li><li>Qu&rsquo;en vertu de l&rsquo;Article II, paragraphe 1, de l\u2019ACCOBAMS, les Parties interdisent et prennent toutes les mesures n\u00e9cessaires pour \u00e9liminer tout pr\u00e9l\u00e8vement d\u00e9lib\u00e9r\u00e9 de c\u00e9tac\u00e9s, y compris leur harc\u00e8lement ou toute tentative de s&rsquo;engager dans une telle activit\u00e9\u00a0;<\/li><li>Que d\u2019apr\u00e8s le Chapitre 1.c) de l&rsquo;Annexe 2 \u00e0 l\u2019ACCOBAMS, les Parties demandent que soient men\u00e9es des \u00e9tudes d&rsquo;impact destin\u00e9es \u00e0 servir de base \u00e0 l&rsquo;autorisation ou \u00e0 l&rsquo;interdiction de la poursuite ou du d\u00e9veloppement futur des activit\u00e9s susceptibles d&rsquo;affecter les c\u00e9tac\u00e9s ou leurs habitats dans la zone de l&rsquo;Accord, comprenant le tourisme et l\u2019observation des c\u00e9tac\u00e9s, ainsi qu\u2019\u00e0 la d\u00e9termination des conditions dans lesquelles ces activit\u00e9s peuvent \u00eatre pratiqu\u00e9es\u00a0;<\/li><li>Que la R\u00e9solution de l\u2019Accord Pelagos 4.5 relative \u00e0 l\u2019\u00e9tablissement d\u2019un label pour les activit\u00e9s d\u2019observation des mammif\u00e8res marins \u00e0 des fins commerciales dans le Sanctuaire Pelagos a \u00e9t\u00e9 adopt\u00e9e par les pays Parties\u00a0;<\/li><li>Que l\u2019article 8 de l\u2019Accord Pelagos sur la protection des mammif\u00e8res marins en M\u00e9diterran\u00e9e dispose que \u00ab\u00a0Dans le Sanctuaire, les Parties r\u00e9glementent l\u2019observation des mammif\u00e8res marins \u00e0 des fins touristiques\u00a0\u00bb\u00a0;<\/li><li>Que le Sanctuaire Pelagos pr\u00e9sente un potentiel unique pour les activit\u00e9s d\u2019observation touristique des mammif\u00e8res marins et que cette observation constitue un outil remarquable de sensibilisation et d\u2019\u00e9ducation\u00a0;<\/li><li>Que les activit\u00e9s d&rsquo;observation des c\u00e9tac\u00e9s \u00e0 des fins commerciales, lorsqu\u2019elles sont correctement conduites, devraient \u00eatre encourag\u00e9es car elles contribuent \u00e0 l&rsquo;\u00e9ducation et \u00e0 la sensibilisation du public sur les c\u00e9tac\u00e9s et leurs habitats et pr\u00e9sentent d\u2019autres b\u00e9n\u00e9fices potentiels, y compris des b\u00e9n\u00e9fices \u00e9conomiques\u00a0;<\/li><li>Que cette activit\u00e9, si elle est mal pratiqu\u00e9e, peut \u00eatre source de perturbations pr\u00e9judiciables aux mammif\u00e8res marins\u00a0; et enfin<\/li><li>Que le paragraphe 130 du document \u00ab\u00a0L\u2019avenir que nous voulons\u00a0\u00bb, adopt\u00e9 en 2012 par la Conf\u00e9rence de Rio sur le d\u00e9veloppement durable (Rio +20) souligne la n\u00e9cessit\u00e9 d\u2019appuyer les activit\u00e9s li\u00e9es au d\u00e9veloppement durable du tourisme et le renforcement des capacit\u00e9s \u00e0 cet \u00e9gard, qui favorisent la connaissance de l\u2019environnement, conservent et pr\u00e9servent l\u2019environnement, respectent la vie sauvage, la flore, la diversit\u00e9 biologique, les \u00e9cosyst\u00e8mes et la diversit\u00e9 culturelle, et am\u00e9liorent les conditions de vie et les sources de revenu des populations locales en prot\u00e9geant leur \u00e9conomie, ainsi que l\u2019environnement et le milieu naturel dans son ensemble.<\/li><\/ul><p style=\"text-align: justify;\">Dans ce contexte, et pour r\u00e9pondre \u00e0 la demande des Pays Parties \u00e0 l\u2019Accord, l\u2019ACCOBAMS et le Sanctuaire Pelagos ont souhait\u00e9 promouvoir une d\u00e9marche de valorisation des bonnes pratiques d&rsquo;observation des c\u00e9tac\u00e9s \u00e0 des fins commerciales. Volontaire, individuelle et collaborative, la marque collective \u00ab<a href=\"http:\/\/www.accobams.org\/fr\/activites-principales\/label-high-quality-whale-watching\/\">High Quality Whale-Watching<sup>\u00ae<\/sup><\/a>\u00bb incite \u00e0 l\u2019application de bonnes pratiques et de savoir-faire responsables par les op\u00e9rateurs d\u2019observation de c\u00e9tac\u00e9s en mer et leurs \u00e9quipages et participe \u00e0 l\u2019optimisation des initiatives existantes.<\/p><p style=\"text-align: justify;\">\u00a0<\/p><p style=\"text-align: justify;\"><span style=\"text-decoration: underline;\"><strong>Documents d&rsquo;int\u00e9r\u00eat<\/strong><\/span><\/p><p style=\"text-align: justify;\"><a href=\"http:\/\/www.accobams.org\/wp-content\/uploads\/2016\/06\/ACCOBAMS_MOP3_Res.3.23_fr.pdf\">ACCOBAMS-MOP3\/2007\/R\u00e9solution 3.23<\/a> &#8211; Observation commerciale des c\u00e9tac\u00e9s : vers un label<\/p><p style=\"text-align: justify;\"><a href=\"http:\/\/www.accobams.org\/wp-content\/uploads\/2016\/06\/ACCOBAMS_MOP4_Res.4.7_fr.pdf\">ACCOBAMS-MOP4\/2010\/R\u00e9solution 4.7<\/a> &#8211; Activit\u00e9s pour l\u2019observation des c\u00e9tac\u00e9s \u00e0 des fins commerciales dans la zone de l\u2019ACCOBAMS<\/p><p style=\"text-align: justify;\"><a href=\"http:\/\/www.accobams.org\/wp-content\/uploads\/2017\/04\/ACCOBAMS_MOP6_Res.6.20_fr.pdf\">ACCOBAMS-MOP6\/2016\/R\u00e9solution 6.20<\/a> &#8211; Activit\u00e9s commerciales d\u2019observation de c\u00e9tac\u00e9s dans la zone de l\u2019ACCOBAMS<\/p><p><a href=\"https:\/\/accobams.org\/wp-content\/uploads\/2023\/01\/MOP8.Doc31_Annexe13_Res8.19.pdf\" target=\"_blank\" rel=\"noopener\">ACCOBAMS-MOP8\/2022\/R\u00e9solution 8.19<\/a> &#8211; Activit\u00e9s commerciales d\u2019observation de c\u00e9tac\u00e9s dans la zone de l\u2019ACCOBAMS<\/p><p style=\"text-align: justify;\"><a href=\"http:\/\/www.cms.int\/sites\/default\/files\/publication\/cms_pub_pop-series_wildlife_watching-tourism_e.pdf\">Wildlife Watching and Tourism<\/a> &#8211; A study on the benefits and risks of a fast growing tourism activity and its impacts on species (CMS)<\/p>","protected":false},"excerpt":{"rendered":"L\u2019activit\u00e9 de whale-watching se d\u00e9veloppe en M\u00e9diterran\u00e9e. Bien g\u00e9r\u00e9e, et contenue dans une dynamique extensive, elle est un fabuleux vecteur d\u2019\u00e9ducation \u00e0 l\u2019environnement, elle contribue \u00e0 l\u2019\u00e9conomie locale et peut participer \u00e0 la recherche sur les c\u00e9tac\u00e9s et \u00e0 leur conservation. Mais \u00e0 d\u00e9faut de cadre, elle peut s\u2019intensifier, augmenter la pression sur le milieu et les d\u00e9rangements des animaux, jusqu\u2019\u00e0 engendrer de tr\u00e8s graves r\u00e9percussions sur les populations concern\u00e9es.Depuis 2004, plusieurs \u00e9tudes ont d\u00e9montr\u00e9 que cette activit\u00e9 se d\u00e9veloppe en M\u00e9diterran\u00e9e, particuli\u00e8rement dans le bassin nord occidental. Conscients de ces enjeux, un grand nombre d\u2019op\u00e9rateurs de whale-watching du Sanctuaire Pelagos se sont f\u00e9d\u00e9r\u00e9s, \u00e0 l\u2019initiative du Sanctuaire Pelagos et de l\u2019Accord sur la Conservation des C\u00e9tac\u00e9s de la mer Noire, de la M\u00e9diterran\u00e9e et de la zone Atlantique adjacente (ACCOBAMS), et avec l\u2019appui de plusieurs Organisations Non-Gouvernementales (ONG). De cette collaboration est n\u00e9e l\u2019id\u00e9e de cr\u00e9er un outil de [&hellip;]","protected":false},"author":1,"featured_media":0,"parent":395,"menu_order":13,"comment_status":"closed","ping_status":"closed","template":"","meta":{"footnotes":""},"class_list":["post-403","page","type-page","status-publish","hentry","no-wpautop"],"aioseo_notices":[],"acf":[],"_links":{"self":[{"href":"https:\/\/accobams.org\/fr\/wp-json\/wp\/v2\/pages\/403","targetHints":{"allow":["GET"]}}],"collection":[{"href":"https:\/\/accobams.org\/fr\/wp-json\/wp\/v2\/pages"}],"about":[{"href":"https:\/\/accobams.org\/fr\/wp-json\/wp\/v2\/types\/page"}],"author":[{"embeddable":true,"href":"https:\/\/accobams.org\/fr\/wp-json\/wp\/v2\/users\/1"}],"replies":[{"embeddable":true,"href":"https:\/\/accobams.org\/fr\/wp-json\/wp\/v2\/comments?post=403"}],"version-history":[{"count":0,"href":"https:\/\/accobams.org\/fr\/wp-json\/wp\/v2\/pages\/403\/revisions"}],"up":[{"embeddable":true,"href":"https:\/\/accobams.org\/fr\/wp-json\/wp\/v2\/pages\/395"}],"wp:attachment":[{"href":"https:\/\/accobams.org\/fr\/wp-json\/wp\/v2\/media?parent=403"}],"curies":[{"name":"wp","href":"https:\/\/api.w.org\/{rel}","templated":true}]}}