{"id":398,"date":"2016-06-15T17:29:18","date_gmt":"2016-06-15T16:29:18","guid":{"rendered":"http:\/\/www.accobams.org\/new_accobams\/conservations-action\/bycatch-depredation\/?lang=fr"},"modified":"2026-03-17T10:09:10","modified_gmt":"2026-03-17T09:09:10","slug":"prises_accidentelles_depredation","status":"publish","type":"page","link":"https:\/\/accobams.org\/fr\/actions_de_conservations\/prises_accidentelles_depredation\/","title":{"rendered":"Prises accidentelles &#038; D\u00e9pr\u00e9dation"},"content":{"rendered":"<p style=\"text-align: justify;\"><strong>Contexte<\/strong><br \/><br \/>Le probl\u00e8me li\u00e9 aux interactions entre les activit\u00e9s de p\u00eache et les c\u00e9tac\u00e9s est tr\u00e8s complexe et bien connu de l&rsquo;ACCOBAMS. Ces interactions ont des implications \u00e9cologiques et socio-\u00e9conomiques n\u00e9gatives, et sont \u00e0 l&rsquo;origine de situations de conflits graves entre les p\u00eacheurs et les dauphins.<br \/><br \/>La p\u00eache peut avoir un impact sur les c\u00e9tac\u00e9s de mani\u00e8re non intentionnelle ou indirecte en r\u00e9duisant la disponibilit\u00e9 de leurs proies, ou directement en les blessant car les c\u00e9tac\u00e9s peuvent \u00eatre occasionnellement pi\u00e9g\u00e9s dans les engins de p\u00eache (<strong>prises accidentelles<\/strong>), ce qui entra\u00eene souvent leur mort. Les c\u00e9tac\u00e9s, en particulier les odontoc\u00e8tes, peuvent de leur c\u00f4t\u00e9 avoir un impact sur les p\u00eacheries en retirant les app\u00e2ts ou les poissons captur\u00e9s des hame\u00e7ons, des filets ou des pi\u00e8ges, r\u00e9duisant ainsi les captures commerciales et endommageant parfois les engins de p\u00eache (<strong>d\u00e9pr\u00e9dation<\/strong>).<br \/><br \/>En g\u00e9n\u00e9ral, les interactions entre les c\u00e9tac\u00e9s et les p\u00eacheries en M\u00e9diterran\u00e9e et en mer Noire concernent principalement les p\u00eacheries c\u00f4ti\u00e8res et des esp\u00e8ces telles que le grand dauphin commun (<em>Tursiops truncatus<\/em>), que l&rsquo;on trouve g\u00e9n\u00e9ralement sur le plateau continental, le dauphin commun (<em>Delphinus delphis<\/em>) et le marsouin commun (<em>Phocoena phocoena relicta<\/em>). La plupart des p\u00eacheries interagissent avec les c\u00e9tac\u00e9s par le biais de filets remorqu\u00e9s (par exemple, le chalut p\u00e9lagique et de fond, la senne coulissante, etc.) et de filets statiques (par exemple, le filet maillant de fond, le tr\u00e9mail et la palangre, etc.) Les filets statiques, principal engin de p\u00eache utilis\u00e9 par les p\u00eacheries artisanales de la M\u00e9diterran\u00e9e et de la mer Noire, sont susceptibles d&rsquo;interagir avec les c\u00e9tac\u00e9s. En particulier, les grands dauphins communs interagissent de plus en plus avec les filets fixes dans toute la r\u00e9gion o\u00f9, en plus d&rsquo;\u00eatre captur\u00e9s, ils d\u00e9prennent les prises, endommagent les engins et peuvent causer de graves pertes \u00e9conomiques.<br \/><br \/><\/p><p style=\"text-align: justify;\"><strong>Dispositions de l&rsquo;ACCOBAMS relatives aux interactions avec les activit\u00e9s de p\u00eache<\/strong><br \/><br \/>Dans le texte de l&rsquo;Accord, l&rsquo;ACCOBAMS pr\u00e9voit que les Parties appliquent, dans les limites de leur souverainet\u00e9 et\/ou de leur juridiction et conform\u00e9ment \u00e0 leurs obligations internationales, des mesures appropri\u00e9es pour l&rsquo;\u00e9valuation et la gestion des interactions entre l&rsquo;homme et les c\u00e9tac\u00e9s, en soulignant que les mesures concernant les activit\u00e9s de p\u00eache doivent \u00eatre appliqu\u00e9es dans toutes les eaux relevant de leur souverainet\u00e9 et\/ou de leur juridiction, et en dehors de ces eaux pour tout navire battant leur pavillon ou enregistr\u00e9 sur leur territoire (Article II, paragraphe 3). Des dispositions suppl\u00e9mentaires relatives \u00e0 l&rsquo;\u00e9valuation et \u00e0 l&rsquo;att\u00e9nuation des interactions avec les activit\u00e9s de p\u00eache sont d\u00e9finies dans le Plan de Conservation (Annexe 2 de l&rsquo;Accord).<br \/><br \/>Les Parties de l&rsquo;ACCOBAMS ont adopt\u00e9 plusieurs R\u00e9solutions pour att\u00e9nuer les interactions entre les activit\u00e9s de p\u00eache et les c\u00e9tac\u00e9s :<br \/><br \/><span style=\"font-size: 12pt;\"><a href=\"http:\/\/www.accobams.org\/wp-content\/uploads\/2016\/06\/ACCOBAMS_MOP2_Res.2.12_fr.pdf\">R\u00e9solution 2.12<\/a> sur les Lignes Directrices pour l\u2019utilisation des dispositifs acoustiques r\u00e9pulsifs<\/span><\/p><p style=\"text-align: justify;\"><span style=\"font-size: 12pt;\"><a href=\"http:\/\/www.accobams.org\/wp-content\/uploads\/2016\/06\/ACCOBAMS_MOP2_Res.2.13_fr.pdf\">R\u00e9solution 2.13<\/a> sur les filets maillants p\u00e9lagiques<\/span><\/p><p style=\"text-align: justify;\"><span style=\"font-size: 12pt;\"><a href=\"http:\/\/www.accobams.org\/wp-content\/uploads\/2016\/06\/ACCOBAMS_MOP2_Res.2.21_fr.pdf\">R\u00e9solution 2.21<\/a> sur l\u2019\u00e9valuation et l\u2019att\u00e9nuation des impacts n\u00e9gatifs des interactions entre les c\u00e9tac\u00e9s et les activit\u00e9s de p\u00eache dans la zone de l\u2019ACCOBAMS<\/span><\/p><p><span style=\"font-size: 12pt;\"><a href=\"http:\/\/www.accobams.org\/wp-content\/uploads\/2016\/06\/ACCOBAMS_MOP2_Res.2.25_fr.pdf\">R\u00e9solution 2.25<\/a> sur la Rar\u00e9faction des proies<\/span><\/p><p style=\"text-align: justify;\"><span style=\"font-size: 12pt;\"><a href=\"http:\/\/www.accobams.org\/wp-content\/uploads\/2016\/06\/ACCOBAMS_MOP3_Res.A-3.1_fr.pdf\">R\u00e9solution A\/3.1<\/a> amendant l\u2019Annexe 2 de l\u2019ACCOBAMS quant \u00e0 l\u2019emploi des filets d\u00e9rivants\u00a0<\/span><\/p><p style=\"text-align: justify;\"><span style=\"font-size: 12pt;\"><a href=\"http:\/\/www.accobams.org\/wp-content\/uploads\/2016\/06\/ACCOBAMS_MOP4_Res.4.9_fr.pdf\">R\u00e9solution 4.9<\/a> sur les interactions entre les activit\u00e9s de p\u00eache et les c\u00e9tac\u00e9s<\/span><\/p><p style=\"text-align: justify;\"><span style=\"font-size: 12pt;\"><a href=\"https:\/\/accobams.org\/wp-content\/uploads\/2023\/01\/MOP8.Doc31_Annexe13_Res8.16.pdf\" target=\"_blank\" rel=\"noopener\">R\u00e9solution 8.16<\/a> sur les interactions entre les activit\u00e9s de p\u00eache et les c\u00e9tac\u00e9s<\/span><\/p><p>&nbsp;<\/p><p style=\"text-align: justify;\"><strong>Groupe de travail conjoint ACCOBAMS\/ASCOBANS sur les prises accidentelles<\/strong><br \/><br \/>En 2016, les Parties de l&rsquo;ACCOBAMS ont d\u00e9cid\u00e9 de cr\u00e9er un groupe de travail conjoint avec ASCOBANS sur les prises accidentelles afin d&rsquo;examiner les informations disponibles et d&rsquo;accro\u00eetre l&rsquo;\u00e9change d&rsquo;exp\u00e9riences entre les deux r\u00e9gions. Plus d&rsquo;informations sur le groupe de travail conjoint sur les prises accidentelles peuvent \u00eatre trouv\u00e9es sur la page des <a href=\"https:\/\/accobams.org\/fr\/activites-principales\/working-groups\/\" target=\"_blank\" rel=\"noopener\">Groupes de Travail<\/a>.<br \/><br \/><br \/><br \/><strong>Projets<\/strong><br \/><br \/>Afin de mieux comprendre la nature de ces interactions et de trouver des mesures d&rsquo;att\u00e9nuation possibles qui peuvent r\u00e9duire les prises accidentelles et les d\u00e9pr\u00e9dations, l&rsquo;ACCOBAMS est actif dans plusieurs projets men\u00e9s dans la zone de son Accord :<br \/><br \/>* Le <a href=\"https:\/\/accobams.org\/fr\/activites-principales\/le-projet-mava-2015-2018\/\" target=\"_blank\" rel=\"noopener\">projet ACCOBAMS\/GFCM<\/a> sur l&rsquo;att\u00e9nuation des interactions entre les esp\u00e8ces menac\u00e9es et les activit\u00e9s de p\u00eache (termin\u00e9).<br \/><br \/>* Le <a href=\"https:\/\/accobams.org\/fr\/projet-medbycatch\/\" target=\"_blank\" rel=\"noopener\">projet MedBycatch<\/a> (termin\u00e9)<br \/><br \/>* Le<a href=\"https:\/\/accobams.org\/fr\/projet-depredation\/\" target=\"_blank\" rel=\"noopener\"> projet sur la d\u00e9pr\u00e9dation<\/a> (termin\u00e9)<\/p>","protected":false},"excerpt":{"rendered":"ContexteLe probl\u00e8me li\u00e9 aux interactions entre les activit\u00e9s de p\u00eache et les c\u00e9tac\u00e9s est tr\u00e8s complexe et bien connu de l&rsquo;ACCOBAMS. Ces interactions ont des implications \u00e9cologiques et socio-\u00e9conomiques n\u00e9gatives, et sont \u00e0 l&rsquo;origine de situations de conflits graves entre les p\u00eacheurs et les dauphins.La p\u00eache peut avoir un impact sur les c\u00e9tac\u00e9s de mani\u00e8re non intentionnelle ou indirecte en r\u00e9duisant la disponibilit\u00e9 de leurs proies, ou directement en les blessant car les c\u00e9tac\u00e9s peuvent \u00eatre occasionnellement pi\u00e9g\u00e9s dans les engins de p\u00eache (prises accidentelles), ce qui entra\u00eene souvent leur mort. Les c\u00e9tac\u00e9s, en particulier les odontoc\u00e8tes, peuvent de leur c\u00f4t\u00e9 avoir un impact sur les p\u00eacheries en retirant les app\u00e2ts ou les poissons captur\u00e9s des hame\u00e7ons, des filets ou des pi\u00e8ges, r\u00e9duisant ainsi les captures commerciales et endommageant parfois les engins de p\u00eache (d\u00e9pr\u00e9dation).En g\u00e9n\u00e9ral, les interactions entre les c\u00e9tac\u00e9s et les p\u00eacheries en M\u00e9diterran\u00e9e et en mer Noire [&hellip;]","protected":false},"author":1,"featured_media":0,"parent":395,"menu_order":9,"comment_status":"closed","ping_status":"closed","template":"","meta":{"footnotes":""},"class_list":["post-398","page","type-page","status-publish","hentry","no-wpautop"],"aioseo_notices":[],"acf":[],"_links":{"self":[{"href":"https:\/\/accobams.org\/fr\/wp-json\/wp\/v2\/pages\/398","targetHints":{"allow":["GET"]}}],"collection":[{"href":"https:\/\/accobams.org\/fr\/wp-json\/wp\/v2\/pages"}],"about":[{"href":"https:\/\/accobams.org\/fr\/wp-json\/wp\/v2\/types\/page"}],"author":[{"embeddable":true,"href":"https:\/\/accobams.org\/fr\/wp-json\/wp\/v2\/users\/1"}],"replies":[{"embeddable":true,"href":"https:\/\/accobams.org\/fr\/wp-json\/wp\/v2\/comments?post=398"}],"version-history":[{"count":1,"href":"https:\/\/accobams.org\/fr\/wp-json\/wp\/v2\/pages\/398\/revisions"}],"predecessor-version":[{"id":38845,"href":"https:\/\/accobams.org\/fr\/wp-json\/wp\/v2\/pages\/398\/revisions\/38845"}],"up":[{"embeddable":true,"href":"https:\/\/accobams.org\/fr\/wp-json\/wp\/v2\/pages\/395"}],"wp:attachment":[{"href":"https:\/\/accobams.org\/fr\/wp-json\/wp\/v2\/media?parent=398"}],"curies":[{"name":"wp","href":"https:\/\/api.w.org\/{rel}","templated":true}]}}