{"id":397,"date":"2016-06-15T17:28:43","date_gmt":"2016-06-15T16:28:43","guid":{"rendered":"http:\/\/www.accobams.org\/new_accobams\/conservations-action\/anthropogenic-noise\/?lang=fr"},"modified":"2025-07-24T16:44:39","modified_gmt":"2025-07-24T14:44:39","slug":"bruit_origine_anthropique","status":"publish","type":"page","link":"https:\/\/accobams.org\/fr\/actions_de_conservations\/bruit_origine_anthropique\/","title":{"rendered":"Bruit d&rsquo;origine anthropique"},"content":{"rendered":"<p style=\"text-align: justify;\"><span id=\"result_box\" class=\"\" lang=\"fr\"><span class=\"\">Le bruit sous-marin est largement reconnu comme une menace pour la faune marine et la conservation des esp\u00e8ces menac\u00e9es telles que plusieurs esp\u00e8ces de c\u00e9tac\u00e9s.<\/span> <span class=\"\">Les principales sources de bruit impulsif sous-marin identifi\u00e9es comme causant des impacts sur les c\u00e9tac\u00e9s sont les suivantes:<\/span><\/span><\/p><ul style=\"text-align: justify;\"><li>\u00c9tudes sismiques<\/li><li>Forages<\/li><li>Utilisation d&rsquo;explosifs<\/li><li>Sonars actifs de basse et moyenne fr\u00e9quence<\/li><\/ul><p style=\"text-align: justify;\"><span id=\"tran0\"><span id=\"result_box\" class=\"\" lang=\"fr\"><span class=\"\">La r\u00e9action au bruit d\u00e9pend de facteurs tels que l&rsquo;esp\u00e8ce, l&rsquo;individu, l&rsquo;\u00e2ge, le sexe et son \u00e9tat.<\/span> <span class=\"\">Les r\u00e9ponses observ\u00e9es chez les c\u00e9tac\u00e9s par rapport au bruit incluent des troubles du comportement, un \u00e9vitement ou l&rsquo;abandon de certains habitats, des blessures et des dommages \u00e0 l&rsquo;ou\u00efe et \u00e0 d&rsquo;autres tissus.<\/span><br \/><span class=\"\">De telles r\u00e9ponses pourraient entra\u00eener des impacts tels que une diminution de l&rsquo;alimentation, des demandes \u00e9nerg\u00e9tiques plus \u00e9lev\u00e9es, une diminution de la reproduction.<\/span> <span class=\"\">De tels impacts peuvent donc affecter les populations.<\/span><\/span><\/span><span id=\"tran4\"><br \/><\/span><\/p><p>&nbsp;<\/p><p style=\"text-align: justify;\"><span style=\"font-size: 14pt;\"><span style=\"font-family: comic sans ms, sans-serif;\"><strong><span style=\"color: #3366ff;\">Groupe de travail conjoint sur le bruit CMS\/ACCOBAMS\/ASCOBANS (JNWG) <\/span><\/strong><\/span><\/span><span style=\"font-size: 14pt;\"><span style=\"font-family: comic sans ms, sans-serif;\"><strong><span style=\"color: #3366ff;\"><em><span style=\"font-size: 10pt;\">(en anglais uniquement)<\/span><\/em><\/span><\/strong><\/span><\/span><span style=\"text-decoration: underline; font-size: 14pt;\"><span style=\"font-family: comic sans ms, sans-serif;\"><strong><span style=\"color: #3366ff; text-decoration: underline;\"><br \/><\/span><\/strong><\/span><\/span><\/p><p>The Joint Noise Working Group (JNWG) will support the Parties, scientific and advisory bodies and Secretariats of CMS, ACCOBAMS and ASCOBANS in the implementation of the mandates of relevant Resolutions of all three organizations, such as <a href=\"https:\/\/www.cms.int\/en\/document\/adverse-impacts-anthropogenic-noise-cetaceans-and-other-migratory-species-0\" target=\"_blank\" rel=\"noopener\">CMS Resolution 12.14<\/a> and <a href=\"https:\/\/www.cms.int\/en\/page\/decisions-1358-1360-adverse-impacts-anthropogenic-noise-cetaceans-and-other-migratory-species\" target=\"_blank\" rel=\"noopener\">Decisions 13.58-13.60<\/a>, <a href=\"https:\/\/www.accobams.org\/wp-content\/uploads\/2016\/06\/ACCOBAMS_MOP2_Res.2.16.pdf\" target=\"_blank\" rel=\"noopener\">ACCOBAMS Res 2.16<\/a>, <a href=\"https:\/\/www.accobams.org\/wp-content\/uploads\/2016\/06\/ACCOBAMS_MOP3_Res.3.10.pdf\" target=\"_blank\" rel=\"noopener\">ACCOBAMS Res.3.10<\/a>, <a href=\"https:\/\/www.accobams.org\/wp-content\/uploads\/2016\/06\/ACCOBAMS_MOP5_Res.5.15.pdf\" target=\"_blank\" rel=\"noopener\">ACCOBAMS Res.5.15<\/a>, <a href=\"https:\/\/www.accobams.org\/wp-content\/uploads\/2016\/06\/ACCOBAMS_MOP6_Res6.17.pdf\" target=\"_blank\" rel=\"noopener\">ACCOBAMS Res.6.17<\/a>, <a href=\"https:\/\/accobams.org\/wp-content\/uploads\/2019\/12\/Res.7.13_Anthropogenic-Noise.pdf\" target=\"_blank\" rel=\"noopener\">ACCOBAMS Res 7.13<\/a>, <a href=\"https:\/\/www.ascobans.org\/en\/document\/adverse-effects-underwater-noise-marine-mammals-during-offshore-construction-activities\" target=\"_blank\" rel=\"noopener\">ASCOBANS Res.6.2<\/a>, <a href=\"https:\/\/www.ascobans.org\/en\/document\/work-plan-ascobans-advisory-committee-and-secretariat-2021-2024-0\" target=\"_blank\" rel=\"noopener\">ASCOBANS Res.9.1<\/a>, <a href=\"https:\/\/www.ascobans.org\/en\/document\/cms-family-guidelines-environmental-impact-assessment-marine-noise-generating-activities-0\" target=\"_blank\" rel=\"noopener\">ASCOBANS Res.8.11(Rev.MOP9)<\/a>, and any relevant Resolutions still to be passed.<\/p><p style=\"text-align: right;\"><a href=\"https:\/\/accobams.org\/joint-noise-working-group-cms-accobams-ascobans-jnwg\/\" target=\"_blank\" rel=\"noopener\"><strong>More here<\/strong><\/a><\/p><p><span style=\"font-size: 14pt; color: #333399; font-family: comic sans ms, sans-serif;\"><strong><span style=\"color: #3366ff;\">I<\/span><span style=\"color: #3366ff;\">nitiatives men\u00e9es par l&rsquo;ACCOBAMS<\/span><\/strong><\/span><\/p><p style=\"text-align: justify;\"><span id=\"result_box\" class=\"\" lang=\"fr\"><strong>Initiatives ax\u00e9es sur les politiques:<\/strong><br \/><\/span><\/p><p style=\"text-align: justify;\"><span id=\"result_box\" class=\"\" lang=\"fr\"><strong>R\u00e9solutions <a href=\"https:\/\/www.accobams.org\/wp-content\/uploads\/2016\/06\/ACCOBAMS_MOP2_Res.2.16_fr.pdf\" target=\"_blank\" rel=\"noopener noreferrer\">2.16<\/a> (2004); <a href=\"https:\/\/www.accobams.org\/wp-content\/uploads\/2016\/06\/ACCOBAMS_MOP3_Res.3.10_fr.pdf\" target=\"_blank\" rel=\"noopener noreferrer\">3.10<\/a> (2007); <a href=\"https:\/\/www.accobams.org\/wp-content\/uploads\/2016\/06\/ACCOBAMS_MOP4_Res.4.17_fr.pdf\" target=\"_blank\" rel=\"noopener noreferrer\">4.17<\/a> (2010); <a href=\"https:\/\/www.accobams.org\/wp-content\/uploads\/2016\/06\/ACCOBAMS_MOP5.Res_.5.15_fr.pdf\" target=\"_blank\" rel=\"noopener noreferrer\">5.15<\/a> (2013); <a href=\"https:\/\/www.accobams.org\/wp-content\/uploads\/2017\/04\/ACCOBAMS_MOP6_Res.6.17_fr.pdf\" target=\"_blank\" rel=\"noopener noreferrer\">6.17<\/a> et <a href=\"https:\/\/www.accobams.org\/wp-content\/uploads\/2017\/04\/ACCOBAMS_MOP6_Res.6.18_fr.pdf\" target=\"_blank\" rel=\"noopener noreferrer\">6.18<\/a> (2016); <a href=\"https:\/\/accobams.org\/wp-content\/uploads\/2020\/01\/MOP7.Res_.7.13_Bruit-dorigine-anthropique.pdf\" target=\"_blank\" rel=\"noopener\">7.13<\/a> (2019); <a href=\"https:\/\/accobams.org\/wp-content\/uploads\/2023\/01\/MOP8.Doc31_Annexe13_Res8.17.pdf\" target=\"_blank\" rel=\"noopener\">8.17<\/a> (2022)<\/strong>. <span class=\"\">De telles r\u00e9solutions soutiennent la mise en \u0153uvre de mesures visant \u00e0 \u00e9quilibrer les activit\u00e9s de l&rsquo;homme en mer et la conservation des c\u00e9tac\u00e9s.<\/span><\/span><\/p><p style=\"text-align: justify;\"><span id=\"result_box\" class=\"\" lang=\"fr\"><strong>Strat\u00e9gie m\u00e9diterran\u00e9enne sur la surveillance du bruit sous-marin<\/strong>. Ce travail vise, en collaboration avec la Convention de Barcelone, \u00e0 \u00e9tablir la base m\u00e9thodologique pour la mise en \u0153uvre future d&rsquo;un programme de surveillance \u00e0 l&rsquo;\u00e9chelle du bassin sur le bruit sous-marin.<br \/><br \/><strong>Implication de tous les acteurs-cl\u00e9:<\/strong><br \/><span class=\"\">Le <a href=\"https:\/\/accobams.org\/wp-content\/uploads\/2019\/04\/MOP7.Doc31_Guide-methodologique-bruit.pdf\" target=\"_blank\" rel=\"noopener\"><strong>Guide m\u00e9thodologique: Orientations pour la mise en place de mesures d\u2019att\u00e9nuation de l\u2019impact du bruit sous-marin<\/strong><\/a> a \u00e9t\u00e9 \u00e9labor\u00e9 en 2013 puis revu en 2016 et 2019. Il a ensuite \u00e9t\u00e9 actualis\u00e9 en 2022 [<a href=\"https:\/\/accobams.org\/wp-content\/uploads\/2022\/11\/MOP8.Inf44_Methodological-guide-noise-V3.1.pdf\">en anglais uniquement<\/a>]. Ce guide a \u00e9t\u00e9 con\u00e7u pour aider les industries \u00e0 mettre en \u0153uvre les mesures d&rsquo;att\u00e9nuation du bruit et est le r\u00e9sultat d&rsquo;une coop\u00e9ration entre les repr\u00e9sentants de l&rsquo;industrie, les scientifiques et les ONG.<\/span><\/span><\/p><p style=\"text-align: justify;\">L&rsquo;<a href=\"https:\/\/accobams.org\/wp-content\/uploads\/2025\/07\/accobams-ascobans_toulon-ws-2024_report.pdf\" target=\"_blank\" rel=\"noopener\"><strong>atelier conjoint ACCOBAMS-ASCOBANS avec les forces navales sur le bruit sous-marin et les c\u00e9tac\u00e9s<\/strong><\/a> s&rsquo;est tenu les 26 et 27 novembre 2024 \u00e0 Toulon, en France. Les objectifs de l&rsquo;atelier \u00e9taient d&rsquo;\u00e9changer des informations sur les meilleures pratiques et activit\u00e9s, de promouvoir la collaboration et de discuter des mesures \u00e0 prendre pour am\u00e9liorer l&rsquo;\u00e9change d&rsquo;informations. Cet atelier conjoint a r\u00e9uni les marines nationales des zones de l&rsquo;ACCOBAMS et l&rsquo;ASCOBANS, l&rsquo;OTAN et un nombre limit\u00e9 d&rsquo;experts du groupe de travail conjoint sur le bruit (JNWG) de la CMS, de l&rsquo;ACCOBAMS et de l&rsquo;ASCOBANS, du Comit\u00e9 Scientifique de l&rsquo;ACCOBAMS, du Comit\u00e9 Consultatif de l&rsquo;ASCOBANS et des groupes Jastarnia et Mer du Nord de l&rsquo;ASCOBANS.<\/p><p>&nbsp;<\/p><p style=\"text-align: justify;\"><span style=\"text-decoration: underline; font-size: 14pt; color: #3366ff; font-family: comic sans ms, sans-serif;\"><strong>Projets de Recherche<\/strong><\/span><\/p><p style=\"text-align: justify;\"><span id=\"result_box\" class=\"\" lang=\"fr\"><span class=\"\">La \u00abSynth\u00e8se des sources sonores dans la zone de l&rsquo;ACCOBAMS\u00bb est un projet lanc\u00e9 en 2015 dans le but de produire le premier aper\u00e7u \u00e0 l&rsquo;\u00e9chelle m\u00e9diterran\u00e9enne de l&rsquo;ampleur des activit\u00e9s humaines g\u00e9n\u00e9ratrices de bruit.<\/span><br \/><br \/><span class=\"\">Les r\u00e9sultats de ce projet appuieront la prise de d\u00e9cision pour les mesures de conservation des c\u00e9tac\u00e9s.<\/span> <span class=\"\">En outre, comme le bruit est une forme de pollution, les r\u00e9sultats de ce projet sont tr\u00e8s pertinents pour les objectifs de la Convention de Barcelone et notamment dans le cadre de l&rsquo;initiative EcaP (Approche Ecosyst\u00e9mique).<\/span><\/span><\/p><p style=\"text-align: justify;\"><img loading=\"lazy\" decoding=\"async\" class=\"aligncenter size-large wp-image-2951\" src=\"https:\/\/accobams.org\/wp-content\/uploads\/2016\/06\/Bruit_Hotspots-1024x751.jpg\" alt=\"\" width=\"1024\" height=\"751\" srcset=\"https:\/\/accobams.org\/wp-content\/uploads\/2016\/06\/Bruit_Hotspots-1024x751.jpg 1024w, https:\/\/accobams.org\/wp-content\/uploads\/2016\/06\/Bruit_Hotspots-300x220.jpg 300w, https:\/\/accobams.org\/wp-content\/uploads\/2016\/06\/Bruit_Hotspots.jpg 1450w\" sizes=\"auto, (max-width: 1024px) 100vw, 1024px\" \/><\/p><p style=\"text-align: justify;\">\u00a0<\/p><p style=\"text-align: justify;\"><span style=\"text-decoration: underline; color: #3366ff; font-size: 14pt; font-family: comic sans ms, sans-serif;\"><strong>Am\u00e9lioration des mesures d&rsquo;att\u00e9nuation<\/strong><\/span><\/p><p style=\"text-align: justify;\"><span id=\"result_box\" class=\"\" lang=\"fr\"><span class=\"\">Un <strong>label ACCOBAMS pour les observateurs de mammif\u00e8res marins<\/strong> (MMO) est en cours de d\u00e9veloppement.<\/span> <span class=\"\">Cette \u00e9tiquette vise, en collaboration avec le JNCC, \u00e0 certifier des formations de haute qualit\u00e9 pour les MMO.<\/span><\/span><\/p><p style=\"text-align: right;\"><a href=\"http:\/\/www.accobams.org\/fr\/activites-principales\/omm-certification-ecole\/\">Lien MMO<\/a><\/p><p><iframe loading=\"lazy\" title=\"Anthropogenic Noise Teaser\" width=\"500\" height=\"281\" src=\"https:\/\/www.youtube.com\/embed\/tUueY9Rurxg?feature=oembed\" frameborder=\"0\" allow=\"accelerometer; autoplay; clipboard-write; encrypted-media; gyroscope; picture-in-picture; web-share\" referrerpolicy=\"strict-origin-when-cross-origin\" allowfullscreen><\/iframe><\/p>","protected":false},"excerpt":{"rendered":"Le bruit sous-marin est largement reconnu comme une menace pour la faune marine et la conservation des esp\u00e8ces menac\u00e9es telles que plusieurs esp\u00e8ces de c\u00e9tac\u00e9s. Les principales sources de bruit impulsif sous-marin identifi\u00e9es comme causant des impacts sur les c\u00e9tac\u00e9s sont les suivantes:\u00c9tudes sismiquesForagesUtilisation d&rsquo;explosifsSonars actifs de basse et moyenne fr\u00e9quenceLa r\u00e9action au bruit d\u00e9pend de facteurs tels que l&rsquo;esp\u00e8ce, l&rsquo;individu, l&rsquo;\u00e2ge, le sexe et son \u00e9tat. Les r\u00e9ponses observ\u00e9es chez les c\u00e9tac\u00e9s par rapport au bruit incluent des troubles du comportement, un \u00e9vitement ou l&rsquo;abandon de certains habitats, des blessures et des dommages \u00e0 l&rsquo;ou\u00efe et \u00e0 d&rsquo;autres tissus.De telles r\u00e9ponses pourraient entra\u00eener des impacts tels que une diminution de l&rsquo;alimentation, des demandes \u00e9nerg\u00e9tiques plus \u00e9lev\u00e9es, une diminution de la reproduction. De tels impacts peuvent donc affecter les populations.&nbsp;Groupe de travail conjoint sur le bruit CMS\/ACCOBAMS\/ASCOBANS (JNWG) (en anglais uniquement)The Joint Noise Working Group (JNWG) will support the Parties, [&hellip;]","protected":false},"author":1,"featured_media":0,"parent":395,"menu_order":7,"comment_status":"closed","ping_status":"closed","template":"","meta":{"footnotes":""},"class_list":["post-397","page","type-page","status-publish","hentry","no-wpautop"],"aioseo_notices":[],"acf":[],"_links":{"self":[{"href":"https:\/\/accobams.org\/fr\/wp-json\/wp\/v2\/pages\/397","targetHints":{"allow":["GET"]}}],"collection":[{"href":"https:\/\/accobams.org\/fr\/wp-json\/wp\/v2\/pages"}],"about":[{"href":"https:\/\/accobams.org\/fr\/wp-json\/wp\/v2\/types\/page"}],"author":[{"embeddable":true,"href":"https:\/\/accobams.org\/fr\/wp-json\/wp\/v2\/users\/1"}],"replies":[{"embeddable":true,"href":"https:\/\/accobams.org\/fr\/wp-json\/wp\/v2\/comments?post=397"}],"version-history":[{"count":5,"href":"https:\/\/accobams.org\/fr\/wp-json\/wp\/v2\/pages\/397\/revisions"}],"predecessor-version":[{"id":36666,"href":"https:\/\/accobams.org\/fr\/wp-json\/wp\/v2\/pages\/397\/revisions\/36666"}],"up":[{"embeddable":true,"href":"https:\/\/accobams.org\/fr\/wp-json\/wp\/v2\/pages\/395"}],"wp:attachment":[{"href":"https:\/\/accobams.org\/fr\/wp-json\/wp\/v2\/media?parent=397"}],"curies":[{"name":"wp","href":"https:\/\/api.w.org\/{rel}","templated":true}]}}