{"id":394,"date":"2016-06-15T16:43:31","date_gmt":"2016-06-15T15:43:31","guid":{"rendered":"http:\/\/www.accobams.org\/new_accobams\/about\/the-cms-family\/?lang=fr"},"modified":"2019-12-02T11:29:46","modified_gmt":"2019-12-02T10:29:46","slug":"la_famille_cms","status":"publish","type":"page","link":"https:\/\/accobams.org\/fr\/a_propos\/la_famille_cms\/","title":{"rendered":"La famille CMS"},"content":{"rendered":"<section id=\"block-system-main\" class=\"block block-system clearfix\"><div id=\"node-183\" class=\"node node-family-websites clearfix\"><div class=\"content well white article-body\"><div class=\"field field-name-body field-type-text-with-summary field-label-hidden\"><div class=\"field-items\"><div class=\"field-item even\"><p style=\"text-align: justify;\">La <strong>famille de la CMS<\/strong> fait r\u00e9f\u00e9rence \u00e0 la Convention et \u00e0 l\u2019ensemble des accords et m\u00e9morandums d&rsquo;entente qui ont \u00e9t\u00e9 conclus en sa vertu.<\/p><p style=\"text-align: justify;\">La CMS, en tant que convention-cadre, pr\u00e9voit des instruments internationaux juridiquement contraignants et d&rsquo;autres accords entre les Etats de l&rsquo;aire de r\u00e9partition d\u2019une esp\u00e8ce migratrice ou, le plus souvent, des groupes d&rsquo;esp\u00e8ces. Ces accords peuvent \u00eatre adapt\u00e9s aux besoins de certaines r\u00e9gions dans le but de renforcer l&rsquo;efficacit\u00e9 des efforts de la Convention.<\/p><p>\u00c0 ce jour, 19 MdE internationaux et 7 accords ont \u00e9t\u00e9 conclus sous l&rsquo;\u00e9gide de la CMS, pour les chauves-souris, les oiseaux, les \u00e9l\u00e9phants, les dauphins et les baleines, les tortues marines et les phoques, et bien d&rsquo;autres encore.<\/p><p style=\"text-align: right;\">\u00a0<\/p><p style=\"text-align: right;\"><a href=\"http:\/\/www.migratoryspecies.org\/fr\/content\/%C3%A0-propos-de-la-famille-de-la-cms-0\" target=\"_blank\" rel=\"noopener noreferrer\"><strong>Plus d&rsquo;infos<\/strong><\/a><\/p><\/div><\/div><\/div><\/div><\/div><\/section><p>&nbsp;<\/p>","protected":false},"excerpt":{"rendered":"La famille de la CMS fait r\u00e9f\u00e9rence \u00e0 la Convention et \u00e0 l\u2019ensemble des accords et m\u00e9morandums d&rsquo;entente qui ont \u00e9t\u00e9 conclus en sa vertu.La CMS, en tant que convention-cadre, pr\u00e9voit des instruments internationaux juridiquement contraignants et d&rsquo;autres accords entre les Etats de l&rsquo;aire de r\u00e9partition d\u2019une esp\u00e8ce migratrice ou, le plus souvent, des groupes d&rsquo;esp\u00e8ces. Ces accords peuvent \u00eatre adapt\u00e9s aux besoins de certaines r\u00e9gions dans le but de renforcer l&rsquo;efficacit\u00e9 des efforts de la Convention.\u00c0 ce jour, 19 MdE internationaux et 7 accords ont \u00e9t\u00e9 conclus sous l&rsquo;\u00e9gide de la CMS, pour les chauves-souris, les oiseaux, les \u00e9l\u00e9phants, les dauphins et les baleines, les tortues marines et les phoques, et bien d&rsquo;autres encore.\u00a0Plus d&rsquo;infos&nbsp;","protected":false},"author":1,"featured_media":0,"parent":387,"menu_order":49,"comment_status":"closed","ping_status":"closed","template":"","meta":{"footnotes":""},"class_list":["post-394","page","type-page","status-publish","hentry","no-wpautop"],"aioseo_notices":[],"acf":[],"_links":{"self":[{"href":"https:\/\/accobams.org\/fr\/wp-json\/wp\/v2\/pages\/394","targetHints":{"allow":["GET"]}}],"collection":[{"href":"https:\/\/accobams.org\/fr\/wp-json\/wp\/v2\/pages"}],"about":[{"href":"https:\/\/accobams.org\/fr\/wp-json\/wp\/v2\/types\/page"}],"author":[{"embeddable":true,"href":"https:\/\/accobams.org\/fr\/wp-json\/wp\/v2\/users\/1"}],"replies":[{"embeddable":true,"href":"https:\/\/accobams.org\/fr\/wp-json\/wp\/v2\/comments?post=394"}],"version-history":[{"count":0,"href":"https:\/\/accobams.org\/fr\/wp-json\/wp\/v2\/pages\/394\/revisions"}],"up":[{"embeddable":true,"href":"https:\/\/accobams.org\/fr\/wp-json\/wp\/v2\/pages\/387"}],"wp:attachment":[{"href":"https:\/\/accobams.org\/fr\/wp-json\/wp\/v2\/media?parent=394"}],"curies":[{"name":"wp","href":"https:\/\/api.w.org\/{rel}","templated":true}]}}