{"id":390,"date":"2016-06-15T16:39:17","date_gmt":"2016-06-15T15:39:17","guid":{"rendered":"http:\/\/www.accobams.org\/new_accobams\/about\/introduction\/?lang=fr"},"modified":"2024-09-25T09:32:21","modified_gmt":"2024-09-25T07:32:21","slug":"introduction","status":"publish","type":"page","link":"https:\/\/accobams.org\/fr\/a_propos\/introduction\/","title":{"rendered":"Introduction"},"content":{"rendered":"<p style=\"text-align: justify;\">L\u2019Accord sur la Conservation des C\u00e9tac\u00e9s de la Mer Noire, de la M\u00e9diterran\u00e9e et de la zone Atlantique adjacente (ACCOBAMS) est un <strong>outil juridique de conservation de la biodiversit\u00e9<\/strong> bas\u00e9 sur la coop\u00e9ration. Son objectif est de <strong>r\u00e9duire les menaces<\/strong> qui p\u00e8sent sur les c\u00e9tac\u00e9s notamment en <strong>am\u00e9liorant l\u2019\u00e9tat des connaissances<\/strong> sur ces animaux.<\/p><p style=\"text-align: justify;\">Cet <strong>Accord intergouvernemental<\/strong> concr\u00e9tise la volont\u00e9 des pays Parties de pr\u00e9server toutes les esp\u00e8ces de c\u00e9tac\u00e9s et leurs habitats dans l\u2019aire g\u00e9ographique de l\u2019Accord, en imposant des mesures plus restrictives que celles d\u00e9finies dans les textes pr\u00e9c\u00e9demment adopt\u00e9s.<\/p><p style=\"text-align: justify;\"><strong>ACCOBAMS<\/strong> est le fruit de consultations men\u00e9es entre les Secr\u00e9tariats de quatre Conventions\u00a0:<\/p><ul><li><span style=\"font-size: 12pt;\">la <strong>Convention de Barcelone<\/strong> pour la protection du milieu marin et du littoral de la M\u00e9diterran\u00e9e et son Protocole relatif aux aires sp\u00e9cialement prot\u00e9g\u00e9es et \u00e0 la diversit\u00e9 biologique en M\u00e9diterran\u00e9e,<\/span><\/li><li><span style=\"font-size: 12pt;\">la <strong>Convention de Bonn<\/strong> sur la conservation des esp\u00e8ces migratrices appartenant \u00e0 la faune sauvage,<\/span><\/li><li><span style=\"font-size: 12pt;\">la <strong>Convention de Berne<\/strong> relative \u00e0 la conservation de la vie sauvage et du milieu naturel de l\u2019Europe,<\/span><\/li><li><span style=\"font-size: 12pt;\">la <strong>Convention de Bucarest<\/strong> sur la protection de la Mer Noire contre la pollution.<\/span><\/li><\/ul><p style=\"text-align: justify;\">Tenant compte du caract\u00e8re migratoire de ces esp\u00e8ces, l&rsquo;Accord a finalement \u00e9t\u00e9 conclu sous les auspices de la Convention de Bonn (PNUE\/CMS).<\/p><p style=\"text-align: center;\">L\u2019ACCOBAMS a \u00e9t\u00e9 sign\u00e9 le <strong>24 novembre 1996<\/strong> et est entr\u00e9 en vigueur le <strong>1<sup>er<\/sup> juin 2001<\/strong>.<\/p><p style=\"text-align: center;\"><img loading=\"lazy\" decoding=\"async\" class=\"aligncenter wp-image-22788\" src=\"https:\/\/accobams.org\/wp-content\/uploads\/2019\/10\/Nouvelle-Carte-ACCOBAMS_FR-sans-Extension.jpg\" alt=\"\" width=\"960\" height=\"482\" srcset=\"https:\/\/accobams.org\/wp-content\/uploads\/2019\/10\/Nouvelle-Carte-ACCOBAMS_FR-sans-Extension.jpg 953w, https:\/\/accobams.org\/wp-content\/uploads\/2019\/10\/Nouvelle-Carte-ACCOBAMS_FR-sans-Extension-300x150.jpg 300w\" sizes=\"auto, (max-width: 960px) 100vw, 960px\" \/><\/p><p style=\"text-align: justify;\">La zone de l\u2019Accord est constitu\u00e9e de toutes les eaux maritimes de la mer Noire, de la M\u00e9diterran\u00e9e et de la zone Atlantique adjacente situ\u00e9e \u00e0 l\u2019ouest du D\u00e9troit de Gibraltar. Elle inclut le Sanctuaire Pelagos pour les mammif\u00e8res marins en M\u00e9diterran\u00e9e nord-occidentale \u00e9tabli par la France, l\u2019Italie et Monaco.<\/p><p style=\"text-align: justify;\">L\u2019ACCOBAMS est le premier Accord qui lie les Pays de ces sous-r\u00e9gions pour un travail commun portant sur la conservation des c\u00e9tac\u00e9s. L\u2019un des aspects novateurs de l\u2019Accord est d\u2019inclure dans son application les pays non riverains dont les navires exercent dans la zone des activit\u00e9s susceptibles de porter atteinte \u00e0 la conservation des c\u00e9tac\u00e9s.<\/p><p style=\"text-align: justify;\">En 2010, les Parties \u00e0 l\u2019ACCOBAMS ont adopt\u00e9 une R\u00e9solution pour \u00e9tendre en Atlantique l\u2019aire g\u00e9ographique de l\u2019Accord aux Zones Economiques Exclusives de l\u2019Espagne et du Portugal.<\/p><p style=\"text-align: justify;\">En 2022, l&rsquo;Accord compte 24 Parties : Albanie, Alg\u00e9rie, Bulgarie, Chypre, Croatie, Egypte, Espagne, France, G\u00e9orgie, Gr\u00e8ce, Italie, Liban, Libye, Malte, Maroc, Monaco, Mont\u00e9n\u00e9gro, Portugal, Roumanie, Slov\u00e9nie, Syrie, Tunisie, T\u00fcrkiye et Ukraine.<\/p><p>&nbsp;<\/p><p style=\"text-align: left;\">\u00a0<\/p><p>&nbsp;<\/p>","protected":false},"excerpt":{"rendered":"L\u2019Accord sur la Conservation des C\u00e9tac\u00e9s de la Mer Noire, de la M\u00e9diterran\u00e9e et de la zone Atlantique adjacente (ACCOBAMS) est un outil juridique de conservation de la biodiversit\u00e9 bas\u00e9 sur la coop\u00e9ration. Son objectif est de r\u00e9duire les menaces qui p\u00e8sent sur les c\u00e9tac\u00e9s notamment en am\u00e9liorant l\u2019\u00e9tat des connaissances sur ces animaux.Cet Accord intergouvernemental concr\u00e9tise la volont\u00e9 des pays Parties de pr\u00e9server toutes les esp\u00e8ces de c\u00e9tac\u00e9s et leurs habitats dans l\u2019aire g\u00e9ographique de l\u2019Accord, en imposant des mesures plus restrictives que celles d\u00e9finies dans les textes pr\u00e9c\u00e9demment adopt\u00e9s.ACCOBAMS est le fruit de consultations men\u00e9es entre les Secr\u00e9tariats de quatre Conventions\u00a0:la Convention de Barcelone pour la protection du milieu marin et du littoral de la M\u00e9diterran\u00e9e et son Protocole relatif aux aires sp\u00e9cialement prot\u00e9g\u00e9es et \u00e0 la diversit\u00e9 biologique en M\u00e9diterran\u00e9e,la Convention de Bonn sur la conservation des esp\u00e8ces migratrices appartenant \u00e0 la faune sauvage,la Convention de Berne [&hellip;]","protected":false},"author":1,"featured_media":0,"parent":387,"menu_order":25,"comment_status":"closed","ping_status":"closed","template":"","meta":{"footnotes":""},"class_list":["post-390","page","type-page","status-publish","hentry","no-wpautop"],"aioseo_notices":[],"acf":[],"_links":{"self":[{"href":"https:\/\/accobams.org\/fr\/wp-json\/wp\/v2\/pages\/390","targetHints":{"allow":["GET"]}}],"collection":[{"href":"https:\/\/accobams.org\/fr\/wp-json\/wp\/v2\/pages"}],"about":[{"href":"https:\/\/accobams.org\/fr\/wp-json\/wp\/v2\/types\/page"}],"author":[{"embeddable":true,"href":"https:\/\/accobams.org\/fr\/wp-json\/wp\/v2\/users\/1"}],"replies":[{"embeddable":true,"href":"https:\/\/accobams.org\/fr\/wp-json\/wp\/v2\/comments?post=390"}],"version-history":[{"count":1,"href":"https:\/\/accobams.org\/fr\/wp-json\/wp\/v2\/pages\/390\/revisions"}],"predecessor-version":[{"id":34798,"href":"https:\/\/accobams.org\/fr\/wp-json\/wp\/v2\/pages\/390\/revisions\/34798"}],"up":[{"embeddable":true,"href":"https:\/\/accobams.org\/fr\/wp-json\/wp\/v2\/pages\/387"}],"wp:attachment":[{"href":"https:\/\/accobams.org\/fr\/wp-json\/wp\/v2\/media?parent=390"}],"curies":[{"name":"wp","href":"https:\/\/api.w.org\/{rel}","templated":true}]}}