{"id":388,"date":"2016-06-15T16:42:55","date_gmt":"2016-06-15T15:42:55","guid":{"rendered":"http:\/\/www.accobams.org\/new_accobams\/about\/collaborations\/?lang=fr"},"modified":"2026-03-17T12:20:23","modified_gmt":"2026-03-17T11:20:23","slug":"collaborations","status":"publish","type":"page","link":"https:\/\/accobams.org\/fr\/a_propos\/collaborations\/","title":{"rendered":"Collaborations"},"content":{"rendered":"<p style=\"text-align: justify;\">Au fil des ans, les instances de l&rsquo;Accord ACCOBAMS ont mis en place de nombreuses collaborations avec d&rsquo;autres Accords, Organisations et <strong><a href=\"https:\/\/accobams.org\/fr\/accobams-partners\/\" target=\"_blank\" rel=\"noopener\">Partenaires \u00e0 l&rsquo;ACCOBAMS<\/a><\/strong>.<\/p><table><tbody><tr><td><a href=\"http:\/\/www.sanctuaire-pelagos.org\/fr\/accord-pelagos\" target=\"_blank\" rel=\"noopener noreferrer\"><img loading=\"lazy\" decoding=\"async\" class=\"aligncenter  wp-image-1239\" src=\"https:\/\/www.accobams.org\/wp-content\/uploads\/2016\/06\/PELAGOS-logo-724x1024.jpg\" alt=\"\" width=\"65\" height=\"92\" \/><\/a><\/td><td><a href=\"https:\/\/pelagos-sanctuary.org\/\" target=\"_blank\" rel=\"noopener\">Accord Pelagos<\/a><\/td><\/tr><tr><td><a href=\"http:\/\/www.ramoge.org\/fr\/default.aspx\" target=\"_blank\" rel=\"noopener noreferrer\"><img loading=\"lazy\" decoding=\"async\" class=\"aligncenter  wp-image-1243\" src=\"https:\/\/www.accobams.org\/wp-content\/uploads\/2016\/06\/RAMOGE-LOGO-QUAD-copie-927x1024.jpg\" alt=\"\" width=\"79\" height=\"87\" srcset=\"https:\/\/accobams.org\/wp-content\/uploads\/2016\/06\/RAMOGE-LOGO-QUAD-copie-927x1024.jpg 927w, https:\/\/accobams.org\/wp-content\/uploads\/2016\/06\/RAMOGE-LOGO-QUAD-copie-272x300.jpg 272w, https:\/\/accobams.org\/wp-content\/uploads\/2016\/06\/RAMOGE-LOGO-QUAD-copie.jpg 1168w\" sizes=\"auto, (max-width: 79px) 100vw, 79px\" \/><\/a><\/td><td><a href=\"http:\/\/www.ramoge.org\/\" target=\"_blank\" rel=\"noopener\">Accord RAMOGE<\/a><\/td><\/tr><tr><td><a href=\"https:\/\/www.ascobans.org\/\" target=\"_blank\" rel=\"noopener noreferrer\"><img loading=\"lazy\" decoding=\"async\" class=\"aligncenter wp-image-1219\" src=\"https:\/\/www.accobams.org\/wp-content\/uploads\/2016\/06\/AscobansLogo2.jpg\" alt=\"\" width=\"67\" height=\"51\" \/><\/a><\/td><td><a href=\"https:\/\/www.ascobans.org\/\" target=\"_blank\" rel=\"noopener\">ASCOBANS: Accord sur la conservation des petits c\u00e9tac\u00e9s de la mer Baltique, du nord-est de l\u2019Atlantique et des mers d\u2019Irlande et du Nord<\/a><\/td><\/tr><tr><td><img loading=\"lazy\" decoding=\"async\" class=\"aligncenter  wp-image-34689\" src=\"https:\/\/accobams.org\/wp-content\/uploads\/2024\/08\/BSC-logo.jpg\" alt=\"\" width=\"65\" height=\"65\" srcset=\"https:\/\/accobams.org\/wp-content\/uploads\/2024\/08\/BSC-logo.jpg 225w, https:\/\/accobams.org\/wp-content\/uploads\/2024\/08\/BSC-logo-150x150.jpg 150w\" sizes=\"auto, (max-width: 65px) 100vw, 65px\" \/><\/td><td><a href=\"http:\/\/www.blacksea-commission.org\/\" target=\"_blank\" rel=\"noopener\">BSC: Commission pour la Protection de la mer Noire contre la Pollution<\/a><\/td><\/tr><tr><td><a href=\"https:\/\/www.cbd.int\/\" target=\"_blank\" rel=\"noopener noreferrer\"><img loading=\"lazy\" decoding=\"async\" class=\"aligncenter wp-image-1221\" src=\"https:\/\/www.accobams.org\/wp-content\/uploads\/2016\/06\/logo_cbd_4594_1.jpg\" alt=\"\" width=\"47\" height=\"78\" \/><\/a><\/td><td><a href=\"https:\/\/www.cbd.int\/\" target=\"_blank\" rel=\"noopener\">CBD: Convention sur la Diversit\u00e9 Biologique<\/a><\/td><\/tr><tr><td><a href=\"https:\/\/iwc.int\/home\" target=\"_blank\" rel=\"noopener noreferrer\"><img loading=\"lazy\" decoding=\"async\" class=\"aligncenter  wp-image-1231\" src=\"https:\/\/www.accobams.org\/wp-content\/uploads\/2016\/06\/IWC.jpg\" alt=\"\" width=\"144\" height=\"65\" \/><\/a><\/td><td><a href=\"https:\/\/iwc.int\/home\" target=\"_blank\" rel=\"noopener\">CBI: Commission Baleini\u00e8re Internationale<\/a><\/td><\/tr><tr><td><a href=\"http:\/\/www.fao.org\/gfcm\" target=\"_blank\" rel=\"noopener noreferrer\"><img loading=\"lazy\" decoding=\"async\" class=\"aligncenter size-full wp-image-1225\" src=\"https:\/\/www.accobams.org\/wp-content\/uploads\/2016\/06\/gfcm_logo.jpg\" alt=\"\" width=\"90\" height=\"54\" \/><\/a><\/td><td><a href=\"http:\/\/www.fao.org\/gfcm\" target=\"_blank\" rel=\"noopener\">CGPM: Commission G\u00e9n\u00e9rale des P\u00eaches pour la M\u00e9diterran\u00e9e<\/a><\/td><\/tr><tr><td><a href=\"https:\/\/www.cms.int\/\" target=\"_blank\" rel=\"noopener noreferrer\"><img loading=\"lazy\" decoding=\"async\" class=\"aligncenter wp-image-1223\" src=\"https:\/\/www.accobams.org\/wp-content\/uploads\/2016\/06\/cms_logo_blue_300dpi.jpg\" alt=\"\" width=\"49\" height=\"67\" srcset=\"https:\/\/accobams.org\/wp-content\/uploads\/2016\/06\/cms_logo_blue_300dpi.jpg 459w, https:\/\/accobams.org\/wp-content\/uploads\/2016\/06\/cms_logo_blue_300dpi-222x300.jpg 222w\" sizes=\"auto, (max-width: 49px) 100vw, 49px\" \/><\/a><\/td><td><a href=\"https:\/\/www.cms.int\/\" target=\"_blank\" rel=\"noopener\">CMS: Convention sur les Esp\u00e8ces Migratrices<\/a><\/td><\/tr><tr><td><a href=\"http:\/\/www.cnrs.edu.lb\/english\/home\"><img loading=\"lazy\" decoding=\"async\" class=\"aligncenter  wp-image-1251\" src=\"https:\/\/www.accobams.org\/wp-content\/uploads\/2016\/06\/cnrs.png\" alt=\"\" width=\"159\" height=\"57\" srcset=\"https:\/\/accobams.org\/wp-content\/uploads\/2016\/06\/cnrs.png 466w, https:\/\/accobams.org\/wp-content\/uploads\/2016\/06\/cnrs-300x108.png 300w\" sizes=\"auto, (max-width: 159px) 100vw, 159px\" \/><\/a><\/td><td><a href=\"http:\/\/www.cnrs.edu.lb\/english\/home\" target=\"_blank\" rel=\"noopener\">Conseil National pour la Recherche Scientifique<\/a><\/td><\/tr><tr><td><img loading=\"lazy\" decoding=\"async\" class=\"aligncenter  wp-image-34676\" src=\"https:\/\/accobams.org\/wp-content\/uploads\/2024\/08\/CukurovaUniversity-logo.png\" alt=\"\" width=\"142\" height=\"38\" srcset=\"https:\/\/accobams.org\/wp-content\/uploads\/2024\/08\/CukurovaUniversity-logo.png 435w, https:\/\/accobams.org\/wp-content\/uploads\/2024\/08\/CukurovaUniversity-logo-300x80.png 300w\" sizes=\"auto, (max-width: 142px) 100vw, 142px\" \/><\/td><td><a href=\"https:\/\/www.cu.edu.tr\/eng\/\" target=\"_blank\" rel=\"noopener\">Cukurova University<\/a><\/td><\/tr><tr><td><a href=\"http:\/\/www.fpa2.org\/\" target=\"_blank\" rel=\"noopener noreferrer\"><img loading=\"lazy\" decoding=\"async\" class=\"aligncenter wp-image-3198\" src=\"https:\/\/www.accobams.org\/wp-content\/uploads\/2016\/06\/FPA2.png\" alt=\"\" width=\"137\" height=\"36\" srcset=\"https:\/\/accobams.org\/wp-content\/uploads\/2016\/06\/FPA2.png 440w, https:\/\/accobams.org\/wp-content\/uploads\/2016\/06\/FPA2-300x78.png 300w\" sizes=\"auto, (max-width: 137px) 100vw, 137px\" \/><\/a><\/td><td><a href=\"http:\/\/www.fpa2.org\/\" target=\"_blank\" rel=\"noopener\">Fondation Prince Albert II de Monaco<\/a><\/td><\/tr><tr><td><a href=\"http:\/\/www.inrh.ma\/\" target=\"_blank\" rel=\"noopener noreferrer\"><img loading=\"lazy\" decoding=\"async\" class=\"aligncenter wp-image-14694\" src=\"https:\/\/www.accobams.org\/wp-content\/uploads\/2019\/04\/logo-INRH-1024x809.jpg\" alt=\"\" width=\"90\" height=\"71\" srcset=\"https:\/\/accobams.org\/wp-content\/uploads\/2019\/04\/logo-INRH-1024x809.jpg 1024w, https:\/\/accobams.org\/wp-content\/uploads\/2019\/04\/logo-INRH-300x237.jpg 300w, https:\/\/accobams.org\/wp-content\/uploads\/2019\/04\/logo-INRH.jpg 1034w\" sizes=\"auto, (max-width: 90px) 100vw, 90px\" \/><\/a><\/td><td><a href=\"http:\/\/www.inrh.ma\/\" target=\"_blank\" rel=\"noopener\">INRH: Institut National de Recherche Halieutique<\/a><\/td><\/tr><tr><td><a href=\"http:\/\/www.instm.agrinet.tn\/index.php\/fr\/\" target=\"_blank\" rel=\"noopener noreferrer\"><img loading=\"lazy\" decoding=\"async\" class=\"aligncenter  wp-image-14692\" src=\"https:\/\/www.accobams.org\/wp-content\/uploads\/2019\/04\/INSTM.jpg\" alt=\"\" width=\"76\" height=\"93\" \/><\/a><\/td><td><a href=\"http:\/\/www.instm.agrinet.tn\/index.php\/fr\/\" target=\"_blank\" rel=\"noopener\">INSTM: Institut National des Sciences et Technologies de la Mer<\/a><\/td><\/tr><tr><td><img loading=\"lazy\" decoding=\"async\" class=\"aligncenter  wp-image-34674\" src=\"https:\/\/accobams.org\/wp-content\/uploads\/2024\/08\/LIFE-LOGO_WEB.png\" alt=\"\" width=\"80\" height=\"62\" \/><\/td><td><a href=\"https:\/\/lifeplatform.eu\/\" target=\"_blank\" rel=\"noopener\">Life Platform<\/a><\/td><\/tr><tr><td><img loading=\"lazy\" decoding=\"async\" class=\"aligncenter  wp-image-1235\" src=\"https:\/\/www.accobams.org\/wp-content\/uploads\/2016\/06\/new_medpan_logo_3_2.jpg\" alt=\"\" width=\"79\" height=\"51\" srcset=\"https:\/\/accobams.org\/wp-content\/uploads\/2016\/06\/new_medpan_logo_3_2.jpg 344w, https:\/\/accobams.org\/wp-content\/uploads\/2016\/06\/new_medpan_logo_3_2-300x193.jpg 300w\" sizes=\"auto, (max-width: 79px) 100vw, 79px\" \/><\/td><td><a href=\"http:\/\/www.medpan.org\/\" target=\"_blank\" rel=\"noopener\">MedPAN<\/a><\/td><\/tr><tr><td><img loading=\"lazy\" decoding=\"async\" class=\"aligncenter  wp-image-34668\" src=\"https:\/\/accobams.org\/wp-content\/uploads\/2024\/08\/UNEPMAP-logo-1.png\" alt=\"\" width=\"176\" height=\"49\" srcset=\"https:\/\/accobams.org\/wp-content\/uploads\/2024\/08\/UNEPMAP-logo-1.png 359w, https:\/\/accobams.org\/wp-content\/uploads\/2024\/08\/UNEPMAP-logo-1-300x84.png 300w\" sizes=\"auto, (max-width: 176px) 100vw, 176px\" \/><\/td><td><a href=\"https:\/\/www.unep.org\/unepmap\/\" target=\"_blank\" rel=\"noopener\">PNUE\/PAM: Programme des Nations Unies pour l\u2019Environnement \u2013 Plan d\u2019Action pour la M\u00e9diterran\u00e9e (y compris le programme MED POL)<\/a><\/td><\/tr><tr><td><a href=\"http:\/\/www.rac-spa.org\/fr\" target=\"_blank\" rel=\"noopener noreferrer\"><img loading=\"lazy\" decoding=\"async\" class=\"aligncenter  wp-image-14792\" src=\"https:\/\/www.accobams.org\/wp-content\/uploads\/2019\/04\/logos-SPARAC-2019-1024x182.png\" alt=\"\" width=\"186\" height=\"33\" srcset=\"https:\/\/accobams.org\/wp-content\/uploads\/2019\/04\/logos-SPARAC-2019-1024x182.png 1024w, https:\/\/accobams.org\/wp-content\/uploads\/2019\/04\/logos-SPARAC-2019-300x53.png 300w\" sizes=\"auto, (max-width: 186px) 100vw, 186px\" \/><\/a><\/td><td><a href=\"https:\/\/www.rac-spa.org\/\" target=\"_blank\" rel=\"noopener\">PNUE\/PAM &#8211; SPA\/RAC: Centre d\u2019Activit\u00e9s R\u00e9gionales pour les Aires Sp\u00e9cialement Prot\u00e9g\u00e9es<\/a><\/td><\/tr><tr><td><a href=\"http:\/\/www.rempec.org\/\" target=\"_blank\" rel=\"noopener noreferrer\"><img loading=\"lazy\" decoding=\"async\" class=\"aligncenter  wp-image-1245\" src=\"https:\/\/www.accobams.org\/wp-content\/uploads\/2016\/06\/REMPEC.jpg\" alt=\"\" width=\"82\" height=\"75\" \/><\/a><\/td><td><a href=\"http:\/\/www.rempec.org\/\" target=\"_blank\" rel=\"noopener\">REMPEC: Centre r\u00e9gional M\u00e9diterran\u00e9en pour l\u2019intervention d\u2019urgence contre la pollution marine accidentelle<\/a><\/td><\/tr><tr><td><img loading=\"lazy\" decoding=\"async\" class=\"aligncenter  wp-image-34672\" src=\"https:\/\/accobams.org\/wp-content\/uploads\/2024\/08\/sinay_logo.png\" alt=\"\" width=\"70\" height=\"63\" srcset=\"https:\/\/accobams.org\/wp-content\/uploads\/2024\/08\/sinay_logo.png 500w, https:\/\/accobams.org\/wp-content\/uploads\/2024\/08\/sinay_logo-300x270.png 300w\" sizes=\"auto, (max-width: 70px) 100vw, 70px\" \/><\/td><td><a href=\"https:\/\/www.sinay.fr\/\" target=\"_blank\" rel=\"noopener\">SINAY<\/a><\/td><\/tr><\/tbody><\/table>","protected":false},"excerpt":{"rendered":"Au fil des ans, les instances de l&rsquo;Accord ACCOBAMS ont mis en place de nombreuses collaborations avec d&rsquo;autres Accords, Organisations et Partenaires \u00e0 l&rsquo;ACCOBAMS.Accord PelagosAccord RAMOGEASCOBANS: Accord sur la conservation des petits c\u00e9tac\u00e9s de la mer Baltique, du nord-est de l\u2019Atlantique et des mers d\u2019Irlande et du NordBSC: Commission pour la Protection de la mer Noire contre la PollutionCBD: Convention sur la Diversit\u00e9 BiologiqueCBI: Commission Baleini\u00e8re InternationaleCGPM: Commission G\u00e9n\u00e9rale des P\u00eaches pour la M\u00e9diterran\u00e9eCMS: Convention sur les Esp\u00e8ces MigratricesConseil National pour la Recherche ScientifiqueCukurova UniversityFondation Prince Albert II de MonacoINRH: Institut National de Recherche HalieutiqueINSTM: Institut National des Sciences et Technologies de la MerLife PlatformMedPANPNUE\/PAM: Programme des Nations Unies pour l\u2019Environnement \u2013 Plan d\u2019Action pour la M\u00e9diterran\u00e9e (y compris le programme MED POL)PNUE\/PAM &#8211; SPA\/RAC: Centre d\u2019Activit\u00e9s R\u00e9gionales pour les Aires Sp\u00e9cialement Prot\u00e9g\u00e9esREMPEC: Centre r\u00e9gional M\u00e9diterran\u00e9en pour l\u2019intervention d\u2019urgence contre la pollution marine accidentelleSINAY","protected":false},"author":1,"featured_media":0,"parent":387,"menu_order":15,"comment_status":"closed","ping_status":"closed","template":"","meta":{"footnotes":""},"class_list":["post-388","page","type-page","status-publish","hentry","no-wpautop"],"aioseo_notices":[],"acf":[],"_links":{"self":[{"href":"https:\/\/accobams.org\/fr\/wp-json\/wp\/v2\/pages\/388","targetHints":{"allow":["GET"]}}],"collection":[{"href":"https:\/\/accobams.org\/fr\/wp-json\/wp\/v2\/pages"}],"about":[{"href":"https:\/\/accobams.org\/fr\/wp-json\/wp\/v2\/types\/page"}],"author":[{"embeddable":true,"href":"https:\/\/accobams.org\/fr\/wp-json\/wp\/v2\/users\/1"}],"replies":[{"embeddable":true,"href":"https:\/\/accobams.org\/fr\/wp-json\/wp\/v2\/comments?post=388"}],"version-history":[{"count":3,"href":"https:\/\/accobams.org\/fr\/wp-json\/wp\/v2\/pages\/388\/revisions"}],"predecessor-version":[{"id":38993,"href":"https:\/\/accobams.org\/fr\/wp-json\/wp\/v2\/pages\/388\/revisions\/38993"}],"up":[{"embeddable":true,"href":"https:\/\/accobams.org\/fr\/wp-json\/wp\/v2\/pages\/387"}],"wp:attachment":[{"href":"https:\/\/accobams.org\/fr\/wp-json\/wp\/v2\/media?parent=388"}],"curies":[{"name":"wp","href":"https:\/\/api.w.org\/{rel}","templated":true}]}}