{"id":36476,"date":"2025-05-20T12:03:16","date_gmt":"2025-05-20T10:03:16","guid":{"rendered":"https:\/\/accobams.org\/?page_id=36476"},"modified":"2025-10-16T14:27:24","modified_gmt":"2025-10-16T12:27:24","slug":"accobams-survey-initiative-ii","status":"publish","type":"page","link":"https:\/\/accobams.org\/fr\/accobams-survey-initiative-ii\/","title":{"rendered":"ACCOBAMS SURVEY INITIATIVE II (ASI-II)"},"content":{"rendered":"<p><iframe loading=\"lazy\" title=\"ASI-II Communication Campaign\" width=\"500\" height=\"281\" src=\"https:\/\/www.youtube.com\/embed\/FDUZhzM6c5I?feature=oembed\" frameborder=\"0\" allow=\"accelerometer; autoplay; clipboard-write; encrypted-media; gyroscope; picture-in-picture; web-share\" referrerpolicy=\"strict-origin-when-cross-origin\" allowfullscreen><\/iframe><\/p><p style=\"text-align: center;\"><strong>Une nouvelle \u00e9tape vers la coordination de la conservation des c\u00e9tac\u00e9s<\/strong><\/p><p style=\"text-align: justify;\">S&rsquo;appuyant sur le succ\u00e8s du premier ACCOBAMS Survey Initiative (ASI-I), l&rsquo;ASI-II marque une nouvelle phase dans la surveillance scientifique coordonn\u00e9e des c\u00e9tac\u00e9s et de la m\u00e9gafaune marine dans la r\u00e9gion de l&rsquo;ACCOBAMS.<\/p><p style=\"text-align: justify;\">Men\u00e9e entre 2018 et 2023, l&rsquo;ASI-I a \u00e9t\u00e9 la premi\u00e8re \u00e9tude synoptique \u00e0 grande \u00e9chelle sur les c\u00e9tac\u00e9s en M\u00e9diterran\u00e9e et en mer Noire. Unissant des observations a\u00e9riennes et maritimes \u00e0 une surveillance acoustique passive, elle a produit un ensemble de donn\u00e9es sans pr\u00e9c\u00e9dent sur la r\u00e9partition et l&rsquo;abondance des esp\u00e8ces, tout en documentant les principales pressions humaines telles que les d\u00e9chets marins et le trafic maritime.<\/p><p style=\"text-align: justify;\">Les donn\u00e9es collect\u00e9es ont jou\u00e9 un r\u00f4le essentiel dans les efforts de conservation marine. Elles ont contribu\u00e9 \u00e0 la mise \u00e0 jour de la Liste rouge de l&rsquo;UICN pour plusieurs esp\u00e8ces de c\u00e9tac\u00e9s, ont aid\u00e9 \u00e0 l&rsquo;identification de zones d&rsquo;importance pour les mammif\u00e8res marins (IMMA) et ont servi \u00e0 la d\u00e9signation de la zone maritime particuli\u00e8rement sensible (PSSA) dans le nord-ouest de la M\u00e9diterran\u00e9e par l&rsquo;Organisation Maritime Internationale. Les conclusions de l&rsquo;ASI-I ont \u00e9galement aid\u00e9 \u00e0 la mise en \u0153uvre de\u00a0politiques cadres internationales et r\u00e9gionales, notamment la <span data-huuid=\"11479076035800605337\">Directive Cadre Strat\u00e9gie pour le Milieu Marin <\/span>de l&rsquo;UE (DCSMM) et l&rsquo;approche \u00e9cosyst\u00e9mique dans le cadre du PNUE\/PAM.<\/p><p style=\"text-align: justify;\">Aujourd&rsquo;hui, l&rsquo;ASI-II vise \u00e0 actualiser et \u00e0 \u00e9largir cette base scientifique afin de suivre les tendances des populations, d&rsquo;\u00e9valuer le bon \u00e9tat \u00e9cologique (BEE) et de soutenir les strat\u00e9gies d&rsquo;am\u00e9nagement et de conservation du milieu marin. Pr\u00e9vue pour l&rsquo;\u00e9t\u00e9 2026, la prochaine \u00e9tude m\u00e9diterran\u00e9enne constituera un \u00e9l\u00e9ment central du programme de surveillance \u00e0 long terme (LTMP) de l&rsquo;ACCOBAMS, adopt\u00e9 par les Parties en 2022.<\/p><div id=\"attachment_36588\" style=\"width: 910px\" class=\"wp-caption aligncenter\"><img loading=\"lazy\" decoding=\"async\" aria-describedby=\"caption-attachment-36588\" class=\"wp-image-36588\" src=\"https:\/\/accobams.org\/wp-content\/uploads\/2025\/07\/Montage-ASI-I.jpg\" alt=\"\" width=\"900\" height=\"379\" srcset=\"https:\/\/accobams.org\/wp-content\/uploads\/2025\/07\/Montage-ASI-I.jpg 1219w, https:\/\/accobams.org\/wp-content\/uploads\/2025\/07\/Montage-ASI-I-300x126.jpg 300w, https:\/\/accobams.org\/wp-content\/uploads\/2025\/07\/Montage-ASI-I-1024x431.jpg 1024w\" sizes=\"auto, (max-width: 900px) 100vw, 900px\" \/><p id=\"caption-attachment-36588\" class=\"wp-caption-text\"><span style=\"font-size: 8pt;\"><strong><em>Photos: MCR for ACCOBAMS<\/em><\/strong><\/span><\/p><\/div><p>&nbsp;<\/p><p style=\"text-align: center;\"><strong>Lancement de l&rsquo;ASI-II \u00e0 l&rsquo;UNOC3 : un engagement renouvel\u00e9<\/strong><\/p><p><img loading=\"lazy\" decoding=\"async\" class=\"alignleft wp-image-36593\" src=\"https:\/\/accobams.org\/wp-content\/uploads\/2025\/07\/\u00a9-ACCOBAMS-265-scaled.jpg\" alt=\"\" width=\"439\" height=\"292\" srcset=\"https:\/\/accobams.org\/wp-content\/uploads\/2025\/07\/\u00a9-ACCOBAMS-265-scaled.jpg 2560w, https:\/\/accobams.org\/wp-content\/uploads\/2025\/07\/\u00a9-ACCOBAMS-265-300x199.jpg 300w, https:\/\/accobams.org\/wp-content\/uploads\/2025\/07\/\u00a9-ACCOBAMS-265-1024x680.jpg 1024w, https:\/\/accobams.org\/wp-content\/uploads\/2025\/07\/\u00a9-ACCOBAMS-265-1536x1020.jpg 1536w, https:\/\/accobams.org\/wp-content\/uploads\/2025\/07\/\u00a9-ACCOBAMS-265-2048x1360.jpg 2048w\" sizes=\"auto, (max-width: 439px) 100vw, 439px\" \/><\/p><p style=\"text-align: justify;\">La deuxi\u00e8me \u00e9dition de l&rsquo;ACCOBAMS Survey Initiative \u00e9t\u00e9 officiellement lanc\u00e9e en juin 2025 lors d&rsquo;un \u00e9v\u00e9nement parall\u00e8le \u00e0 la troisi\u00e8me Conf\u00e9rence des Nations unies sur les oc\u00e9ans (UNOC3). Organis\u00e9e au Th\u00e9\u00e2tre de la Cit\u00e9 \u00e0 Nice, cette manifestation a r\u00e9uni des repr\u00e9sentants gouvernementaux, des organisations internationales, des experts en conservation marine et des partenaires r\u00e9gionaux de toute la M\u00e9diterran\u00e9e et de la mer Noire. Leurs vives expressions de soutien ont r\u00e9affirm\u00e9 leur engagement collectif en faveur de l&rsquo;ASI-II et soulign\u00e9 leur ambition commune de faire progresser la conservation \u00e0 long terme, collaborative et fond\u00e9e sur la science dans toute la r\u00e9gion.<\/p><p style=\"text-align: justify;\"><a href=\"https:\/\/accobams2024-my.sharepoint.com\/:f:\/g\/personal\/cmontiglio_accobams_net\/EiyT9j4zAx5HmbljDjUnHIsBQQa2Z0BA8Z9t_KZXeL3dhA?e=ctc5iR\" target=\"_blank\" rel=\"noopener\"><strong>Lien vers les photos de l&rsquo;ASI-II<\/strong><\/a><\/p><p>&nbsp;<\/p><p>&nbsp;<\/p><p style=\"text-align: center;\"><strong>Objectifs et Port\u00e9e de l&rsquo;ASI-II<\/strong><\/p><p style=\"text-align: justify;\">En r\u00e9ponse aux objectifs mondiaux en mati\u00e8re de conservation, notamment les r\u00e9sultats de l&rsquo;UNOC3, l&rsquo;objectif 30\u00d730 de la Convention sur la Diversit\u00e9 Biologique (CDB) et l&rsquo;objectif de l&rsquo;UE visant \u00e0 prot\u00e9ger 10 % des zones marines, l&rsquo;ASI-II est con\u00e7u pour s&rsquo;inscrire dans plusieurs cadres r\u00e9gionaux et internationaux, tels que les conventions de Barcelone et de Bucarest et les directives europ\u00e9ennes.<\/p><p style=\"text-align: justify;\">L\u2019ASI-II vise \u00e0 avoir un impact durable sur la conservation marine en M\u00e9diterran\u00e9e en :<\/p><p style=\"text-align: justify;\">\u2666\u00a0 \u00a0G\u00e9n\u00e9rant des donn\u00e9es scientifiques actualis\u00e9es et multi-esp\u00e8ces gr\u00e2ce \u00e0 des \u00e9tudes a\u00e9riennes et maritimes \u00e0 l&rsquo;\u00e9chelle du bassin, en mettant l&rsquo;accent sur la r\u00e9partition, l&rsquo;abondance, les menaces et les habitats des c\u00e9tac\u00e9s et autres m\u00e9gafaunes marines (par exemple, les tortues marines, les oiseaux marins, les grands poissons p\u00e9lagiques) et leurs menaces (par exemple, les d\u00e9chets marins flottants).<\/p><p style=\"text-align: justify;\">\u2666\u00a0 \u00a0 Renfor\u00e7ant la comp\u00e9tence r\u00e9gionale en formant des scientifiques nationaux et locaux, en particulier ceux des pays du sud et de l&rsquo;est de la M\u00e9diterran\u00e9e, lors des missions d&rsquo;\u00e9tude.<\/p><p style=\"text-align: justify;\">\u2666\u00a0 \u00a0 Informant les d\u00e9cideurs politiques et les acteurs de la conservation en traduisant les r\u00e9sultats scientifiques en outils de gestion spatiale, tels que des IMMA actualis\u00e9es, une meilleure gestion des AMP, la gestion de la p\u00eache et de la r\u00e9duction des prises accidentelles, et en contribuant aux mesures de l&rsquo;OMI.<\/p><p style=\"text-align: justify;\">\u2666\u00a0 \u00a0 Sensibiliser et encourager l&rsquo;engagement par des actions de sensibilisation et des activit\u00e9s \u00e9ducatives cibl\u00e9es, en utilisant les c\u00e9tac\u00e9s comme esp\u00e8ces phares pour mettre en lumi\u00e8re des d\u00e9fis tels que la p\u00eache non durable, le bruit sous-marin et le trafic maritime.<\/p><p style=\"text-align: justify;\">\u2666\u00a0 \u00a0 Renforcer les engagements nationaux en mati\u00e8re de surveillance et de conservation de la biodiversit\u00e9 marine, en aidant les pays \u00e0 respecter leurs obligations.<\/p><p style=\"text-align: justify;\">\u2666\u00a0 \u00a0 Promouvoir une conservation plus inclusive et adaptative en permettant la conception et la mise en \u0153uvre de zones de protection marine (ZPM) et d&rsquo;autres mesures de conservation efficaces efficaces.<\/p><p style=\"text-align: justify;\">\u2666\u00a0 \u00a0 Renforcer la gouvernance r\u00e9gionale en favorisant la coop\u00e9ration multipartite dans le cadre de l&rsquo;ACCOBAMS et en s&rsquo;alignant sur d&rsquo;autres organismes r\u00e9gionaux tels que le PNUE\/PAM et la CGPM.<\/p><p>&nbsp;<\/p><p style=\"text-align: center;\"><strong>Coordination et Prochaines \u00e9tapes<\/strong><\/p><p style=\"text-align: justify;\">L&rsquo;ASI-II est coordonn\u00e9 par le Secr\u00e9tariat de l&rsquo;ACCOBAMS, avec les conseils du Comit\u00e9 de Pilotage de l&rsquo;ASI, du Groupe de Contact LTMP et du Comit\u00e9 Scientifique de l&rsquo;ACCOBAMS. Les pr\u00e9paratifs sont en cours pour l&rsquo;\u00e9tude synoptique \u00e0 grande \u00e9chelle pr\u00e9vue en M\u00e9diterran\u00e9e pour l&rsquo;\u00e9t\u00e9 2026. Des \u00e9quipes nationales et des experts scientifiques de toute la r\u00e9gion de l&rsquo;ACCOBAMS sont mobilis\u00e9s afin de garantir une collecte de donn\u00e9es inclusive et de haute qualit\u00e9.<\/p><p style=\"text-align: justify;\">En outre, une \u00e9tude de faisabilit\u00e9 sera r\u00e9alis\u00e9e afin d&rsquo;\u00e9valuer la possibilit\u00e9 de mener une \u00e9tude similaire en mer Noire en 2027, \u00e9largissant ainsi la port\u00e9e g\u00e9ographique et l&rsquo;impact de cette initiative.<\/p><p>&nbsp;<\/p><p><img loading=\"lazy\" decoding=\"async\" class=\"wp-image-36607 aligncenter\" src=\"https:\/\/accobams.org\/wp-content\/uploads\/2025\/07\/MCR-2018-08-26-09-39-53_C3_CR_7.jpg\" alt=\"\" width=\"900\" height=\"306\" srcset=\"https:\/\/accobams.org\/wp-content\/uploads\/2025\/07\/MCR-2018-08-26-09-39-53_C3_CR_7.jpg 2493w, https:\/\/accobams.org\/wp-content\/uploads\/2025\/07\/MCR-2018-08-26-09-39-53_C3_CR_7-300x102.jpg 300w, https:\/\/accobams.org\/wp-content\/uploads\/2025\/07\/MCR-2018-08-26-09-39-53_C3_CR_7-1024x349.jpg 1024w, https:\/\/accobams.org\/wp-content\/uploads\/2025\/07\/MCR-2018-08-26-09-39-53_C3_CR_7-1536x523.jpg 1536w, https:\/\/accobams.org\/wp-content\/uploads\/2025\/07\/MCR-2018-08-26-09-39-53_C3_CR_7-2048x697.jpg 2048w\" sizes=\"auto, (max-width: 900px) 100vw, 900px\" \/><span style=\"font-size: 8pt;\"><strong><em>Photo: MCR for ACCOBAMS<\/em><\/strong><\/span><\/p><p>&nbsp;<\/p>","protected":false},"excerpt":{"rendered":"Une nouvelle \u00e9tape vers la coordination de la conservation des c\u00e9tac\u00e9sS&rsquo;appuyant sur le succ\u00e8s du premier ACCOBAMS Survey Initiative (ASI-I), l&rsquo;ASI-II marque une nouvelle phase dans la surveillance scientifique coordonn\u00e9e des c\u00e9tac\u00e9s et de la m\u00e9gafaune marine dans la r\u00e9gion de l&rsquo;ACCOBAMS.Men\u00e9e entre 2018 et 2023, l&rsquo;ASI-I a \u00e9t\u00e9 la premi\u00e8re \u00e9tude synoptique \u00e0 grande \u00e9chelle sur les c\u00e9tac\u00e9s en M\u00e9diterran\u00e9e et en mer Noire. Unissant des observations a\u00e9riennes et maritimes \u00e0 une surveillance acoustique passive, elle a produit un ensemble de donn\u00e9es sans pr\u00e9c\u00e9dent sur la r\u00e9partition et l&rsquo;abondance des esp\u00e8ces, tout en documentant les principales pressions humaines telles que les d\u00e9chets marins et le trafic maritime.Les donn\u00e9es collect\u00e9es ont jou\u00e9 un r\u00f4le essentiel dans les efforts de conservation marine. Elles ont contribu\u00e9 \u00e0 la mise \u00e0 jour de la Liste rouge de l&rsquo;UICN pour plusieurs esp\u00e8ces de c\u00e9tac\u00e9s, ont aid\u00e9 \u00e0 l&rsquo;identification de zones d&rsquo;importance pour les mammif\u00e8res [&hellip;]","protected":false},"author":1,"featured_media":0,"parent":0,"menu_order":0,"comment_status":"closed","ping_status":"closed","template":"","meta":{"footnotes":""},"class_list":["post-36476","page","type-page","status-publish","hentry","no-wpautop"],"aioseo_notices":[],"acf":[],"_links":{"self":[{"href":"https:\/\/accobams.org\/fr\/wp-json\/wp\/v2\/pages\/36476","targetHints":{"allow":["GET"]}}],"collection":[{"href":"https:\/\/accobams.org\/fr\/wp-json\/wp\/v2\/pages"}],"about":[{"href":"https:\/\/accobams.org\/fr\/wp-json\/wp\/v2\/types\/page"}],"author":[{"embeddable":true,"href":"https:\/\/accobams.org\/fr\/wp-json\/wp\/v2\/users\/1"}],"replies":[{"embeddable":true,"href":"https:\/\/accobams.org\/fr\/wp-json\/wp\/v2\/comments?post=36476"}],"version-history":[{"count":12,"href":"https:\/\/accobams.org\/fr\/wp-json\/wp\/v2\/pages\/36476\/revisions"}],"predecessor-version":[{"id":37109,"href":"https:\/\/accobams.org\/fr\/wp-json\/wp\/v2\/pages\/36476\/revisions\/37109"}],"wp:attachment":[{"href":"https:\/\/accobams.org\/fr\/wp-json\/wp\/v2\/media?parent=36476"}],"curies":[{"name":"wp","href":"https:\/\/api.w.org\/{rel}","templated":true}]}}