{"id":36169,"date":"2025-02-06T19:06:12","date_gmt":"2025-02-06T18:06:12","guid":{"rendered":"https:\/\/accobams.org\/documents-resolutions\/lignes-directrices\/best-practices-for-cetacean-postmortem-investigation\/"},"modified":"2025-02-06T19:11:08","modified_gmt":"2025-02-06T18:11:08","slug":"meilleures-pratiques-pour-letude-post-mortem-des-cetaces","status":"publish","type":"page","link":"https:\/\/accobams.org\/fr\/documents-resolutions\/lignes-directrices\/meilleures-pratiques-pour-letude-post-mortem-des-cetaces\/","title":{"rendered":"Meilleures Pratiques pour l\u2019\u00e9tude post-mortem des c\u00e9tac\u00e9s, l\u2019\u00e9chantillonnage des tissus et pour le d\u00e9veloppement de cadres de diagnostic pour les menaces sp\u00e9cifiques \u00e0 \u00e9tudier lors de d\u2019\u00e9chouage de c\u00e9tac\u00e9s"},"content":{"rendered":"<p style=\"text-align: justify;\">Meilleures pratiques [Fran\u00e7ais]<\/p>\n<p>Par : ACCOBAMS<\/p>\n<p><a href=\"https:\/\/doi.org\/10.70978\/NGBM7271\" rel=\"nofollow \">https:\/\/doi.org\/<span data-sheets-root=\"1\">10.70978\/NGBM7271<\/span><\/a><\/p>\n<p>&nbsp;<\/p>\n<p><strong>Liens<\/strong><\/p>\n<ul>\n<li>Document : <a href=\"https:\/\/accobams.org\/wp-content\/uploads\/2023\/07\/Meilleures-Pratiques-pour-la-Surveillance-et-la-gestion-des-echouages.pdf\" target=\"_blank\" rel=\"nofollow noopener\"><strong>T\u00e9l\u00e9charger document <\/strong>(pdf) <\/a><\/li>\n<li>T\u00e9l\u00e9charger citation comme : RIS (pas encore disponible)<\/li>\n<\/ul>\n<p>&nbsp;<\/p>\n<p><strong>R\u00e9sum\u00e9 : <\/strong>Pas de r\u00e9sum\u00e9<\/p>\n<p>&nbsp;<\/p>\n<p><strong>Informations additionnelles de publication<br \/>\n<\/strong><\/p>\n<table width=\"817\">\n<tbody>\n<tr>\n<td width=\"158\"><strong>Type de publication<br \/>\n<\/strong><\/td>\n<td width=\"403\">Rapport<\/td>\n<\/tr>\n<tr>\n<td width=\"158\"><strong>Sous-type de publication<br \/>\n<\/strong><\/td>\n<td width=\"403\">Meilleures pratiques<\/td>\n<\/tr>\n<tr>\n<td width=\"158\"><strong>Titre<\/strong><\/td>\n<td width=\"403\">Meilleures Pratiques pour l&rsquo;\u00e9tude post-mortem des c\u00e9tac\u00e9s, l&rsquo;\u00e9chantillonnage des tissus et pour le d\u00e9veloppement de cadres de diagnostic pour les menaces sp\u00e9cifiques \u00e0 \u00e9tudier lors de d&rsquo;\u00e9chouage de c\u00e9tac\u00e9s<\/td>\n<\/tr>\n<tr>\n<td width=\"158\"><strong>DOI<\/strong><\/td>\n<td width=\"403\">10.70978\/NGBM7271<\/td>\n<\/tr>\n<tr>\n<td width=\"158\"><strong>Pr\u00e9par\u00e9es par<br \/>\n<\/strong><\/td>\n<td width=\"403\">Sandro Mazzariol &amp; Cinzia Centelleghe<\/td>\n<\/tr>\n<tr>\n<td width=\"158\"><strong>Ann\u00e9e de publication<\/strong><\/td>\n<td width=\"403\">2019<\/td>\n<\/tr>\n<tr>\n<td width=\"158\"><strong>Adopt\u00e9es par<\/strong><\/td>\n<td width=\"403\"><a href=\"https:\/\/accobams.org\/wp-content\/uploads\/2020\/01\/MOP7.Res_.7.14_Surveillance-et-gestion-des-echouages.pdf\" target=\"_blank\" rel=\"nofollow noopener\">R\u00e9solution 7.14 (MOP7)<\/a><\/td>\n<\/tr>\n<tr>\n<td width=\"158\"><strong>Version en vigueur<br \/>\n<\/strong><\/td>\n<td width=\"403\">Version 1<\/td>\n<\/tr>\n<tr>\n<td width=\"158\"><strong>Versions pr\u00e9c\u00e9dentes<\/strong><\/td>\n<td width=\"403\">N\u00e9ant<\/td>\n<\/tr>\n<tr>\n<td width=\"158\"><strong>Langue<\/strong><\/td>\n<td width=\"403\">FRAN\u00c7AIS<\/td>\n<\/tr>\n<tr>\n<td width=\"158\"><strong>Traductions<\/strong><\/td>\n<td width=\"403\">FRAN\u00c7AIS, <a href=\"https:\/\/doi.org\/10.70978\/MRZZ3284\" rel=\"nofollow \">ANGLAIS<\/a><\/td>\n<\/tr>\n<tr>\n<td width=\"158\"><strong>\u00c9diteur<\/strong><\/td>\n<td width=\"403\">ACCOBAMS<\/td>\n<\/tr>\n<tr>\n<td width=\"158\"><strong>Description<\/strong><\/td>\n<td width=\"403\">99 p.<\/td>\n<\/tr>\n<\/tbody>\n<\/table>\n","protected":false},"excerpt":{"rendered":"<p>Meilleures pratiques [Fran\u00e7ais] Par : ACCOBAMS https:\/\/doi.org\/10.70978\/NGBM7271 &nbsp; Liens Document : T\u00e9l\u00e9charger document (pdf) T\u00e9l\u00e9charger citation comme : RIS (pas encore disponible) &nbsp; R\u00e9sum\u00e9 : Pas de r\u00e9sum\u00e9 &nbsp; Informations additionnelles de publication Type de publication Rapport Sous-type de publication Meilleures pratiques Titre Meilleures Pratiques pour l&rsquo;\u00e9tude post-mortem des c\u00e9tac\u00e9s, l&rsquo;\u00e9chantillonnage des tissus et pour le d\u00e9veloppement de cadres de diagnostic pour les menaces sp\u00e9cifiques \u00e0 \u00e9tudier lors de d&rsquo;\u00e9chouage de c\u00e9tac\u00e9s DOI 10.70978\/NGBM7271 Pr\u00e9par\u00e9es par Sandro Mazzariol &amp; Cinzia Centelleghe Ann\u00e9e de publication 2019 Adopt\u00e9es par R\u00e9solution 7.14 (MOP7) Version en vigueur Version 1 Versions pr\u00e9c\u00e9dentes N\u00e9ant Langue FRAN\u00c7AIS Traductions FRAN\u00c7AIS, ANGLAIS \u00c9diteur ACCOBAMS Description 99 p.<\/p>\n","protected":false},"author":1,"featured_media":0,"parent":413,"menu_order":0,"comment_status":"closed","ping_status":"closed","template":"","meta":{"footnotes":""},"class_list":["post-36169","page","type-page","status-publish","hentry","wpautop"],"aioseo_notices":[],"acf":[],"_links":{"self":[{"href":"https:\/\/accobams.org\/fr\/wp-json\/wp\/v2\/pages\/36169","targetHints":{"allow":["GET"]}}],"collection":[{"href":"https:\/\/accobams.org\/fr\/wp-json\/wp\/v2\/pages"}],"about":[{"href":"https:\/\/accobams.org\/fr\/wp-json\/wp\/v2\/types\/page"}],"author":[{"embeddable":true,"href":"https:\/\/accobams.org\/fr\/wp-json\/wp\/v2\/users\/1"}],"replies":[{"embeddable":true,"href":"https:\/\/accobams.org\/fr\/wp-json\/wp\/v2\/comments?post=36169"}],"version-history":[{"count":5,"href":"https:\/\/accobams.org\/fr\/wp-json\/wp\/v2\/pages\/36169\/revisions"}],"predecessor-version":[{"id":36176,"href":"https:\/\/accobams.org\/fr\/wp-json\/wp\/v2\/pages\/36169\/revisions\/36176"}],"up":[{"embeddable":true,"href":"https:\/\/accobams.org\/fr\/wp-json\/wp\/v2\/pages\/413"}],"wp:attachment":[{"href":"https:\/\/accobams.org\/fr\/wp-json\/wp\/v2\/media?parent=36169"}],"curies":[{"name":"wp","href":"https:\/\/api.w.org\/{rel}","templated":true}]}}