{"id":35887,"date":"2025-01-22T18:51:24","date_gmt":"2025-01-22T17:51:24","guid":{"rendered":"https:\/\/accobams.org\/documents-resolutions\/lignes-directrices\/guidelines-for-cetacean-mortality-events\/"},"modified":"2025-02-03T19:14:02","modified_gmt":"2025-02-03T18:14:02","slug":"lignes-directrices-episodes_mortalite_pollution_chimique_acoustique_biologique","status":"publish","type":"page","link":"https:\/\/accobams.org\/fr\/documents-resolutions\/lignes-directrices\/lignes-directrices-episodes_mortalite_pollution_chimique_acoustique_biologique\/","title":{"rendered":"Lignes Directrices concernant les meilleures pratiques et proc\u00e9dures pour g\u00e9rer les \u00e9pisodes de mortalit\u00e9 des c\u00e9tac\u00e9s dus \u00e0 la pollution chimique, acoustique et biologique"},"content":{"rendered":"<p style=\"text-align: justify;\"><img loading=\"lazy\" decoding=\"async\" class=\"aligncenter size-medium wp-image-35890\" src=\"https:\/\/accobams.org\/wp-content\/uploads\/2025\/01\/LD_cetacean_mortality_events_icone-212x300.png\" alt=\"\" width=\"212\" height=\"300\" srcset=\"https:\/\/accobams.org\/wp-content\/uploads\/2025\/01\/LD_cetacean_mortality_events_icone-212x300.png 212w, https:\/\/accobams.org\/wp-content\/uploads\/2025\/01\/LD_cetacean_mortality_events_icone.png 651w\" sizes=\"auto, (max-width: 212px) 100vw, 212px\" \/><\/p>\n<p style=\"text-align: justify;\">Lignes directrices [Fran\u00e7ais]<\/p>\n<p>Par : ACCOBAMS<\/p>\n<p><a href=\"https:\/\/doi.org\/10.70978\/PAMI8270\" rel=\"nofollow \">https:\/\/doi.org\/<span data-sheets-root=\"1\">10.70978\/PAMI8270<\/span><\/a><\/p>\n<p>&nbsp;<\/p>\n<p><strong>Liens<\/strong><\/p>\n<ul>\n<li>Document : <a href=\"https:\/\/accobams.org\/wp-content\/uploads\/2018\/09\/LD_episodes_mortalite_-pollution_chimique_acoustique_biologique.pdf\" target=\"_blank\" rel=\"nofollow noopener\"><strong>T\u00e9l\u00e9charger document <\/strong>(pdf) <\/a><\/li>\n<li>T\u00e9l\u00e9charger citation comme : RIS (pas encore disponible))<\/li>\n<\/ul>\n<p>&nbsp;<\/p>\n<p><strong>R\u00e9sum\u00e9 : <\/strong>Pas de r\u00e9sum\u00e9<\/p>\n<p>&nbsp;<\/p>\n<p><strong>Informations additionnelles de publication<br \/>\n<\/strong><\/p>\n<table width=\"817\">\n<tbody>\n<tr>\n<td width=\"158\"><strong>Type de publication<br \/>\n<\/strong><\/td>\n<td width=\"403\">Rapport<\/td>\n<\/tr>\n<tr>\n<td width=\"158\"><strong>Sous-type de publication<br \/>\n<\/strong><\/td>\n<td width=\"403\">Lignes directrices<\/td>\n<\/tr>\n<tr>\n<td width=\"158\"><strong>Titre<\/strong><\/td>\n<td width=\"403\">Lignes Directrices concernant les meilleures pratiques et proc\u00e9dures pour g\u00e9rer les \u00e9pisodes de mortalit\u00e9 des c\u00e9tac\u00e9s dus \u00e0 la pollution chimique, acoustique et biologique<\/td>\n<\/tr>\n<tr>\n<td width=\"158\"><strong>DOI<\/strong><\/td>\n<td width=\"403\">10.70978\/PAMI8270<\/td>\n<\/tr>\n<tr>\n<td width=\"158\"><strong>Pr\u00e9par\u00e9es par<br \/>\n<\/strong><\/td>\n<td width=\"403\">Dr. Marie-Fran\u00e7oise Van Bressem, Cetacean Conservation Medicine Group, Colombia<\/td>\n<\/tr>\n<tr>\n<td width=\"158\"><strong>Statut<\/strong><\/td>\n<td width=\"403\">En vigueur<\/td>\n<\/tr>\n<tr>\n<td width=\"158\"><strong>Ann\u00e9e de publication<\/strong><\/td>\n<td width=\"403\">2010<\/td>\n<\/tr>\n<tr>\n<td width=\"158\"><strong>Adopt\u00e9es par<\/strong><\/td>\n<td width=\"403\"><a href=\"https:\/\/www.accobams.org\/wp-content\/uploads\/2016\/06\/ACCOBAMS_MOP4_Res.4.16_fr-1.pdf\" target=\"_blank\" rel=\"nofollow noopener\">R\u00e9solution 4.16 (MOP4)<\/a><\/td>\n<\/tr>\n<tr>\n<td width=\"158\"><strong>Version en vigueur<\/strong><\/td>\n<td width=\"403\">Version 1<\/td>\n<\/tr>\n<tr>\n<td width=\"158\"><strong>Versions pr\u00e9c\u00e9dentes<\/strong><\/td>\n<td width=\"403\">N\u00e9ant<\/td>\n<\/tr>\n<tr>\n<td width=\"158\"><strong>Langue<\/strong><\/td>\n<td width=\"403\">FRAN\u00c7AIS<\/td>\n<\/tr>\n<tr>\n<td width=\"158\"><strong>Traductions<\/strong><\/td>\n<td width=\"403\">FRAN\u00c7AIS, <a href=\"https:\/\/doi.org\/10.70978\/WMGG8321\" rel=\"nofollow \">ANGLAIS<\/a><\/td>\n<\/tr>\n<tr>\n<td width=\"158\"><strong>\u00c9diteur<\/strong><\/td>\n<td width=\"403\">ACCOBAMS<\/td>\n<\/tr>\n<tr>\n<td width=\"158\"><strong>Description<\/strong><\/td>\n<td width=\"403\">23 p.<\/td>\n<\/tr>\n<\/tbody>\n<\/table>\n","protected":false},"excerpt":{"rendered":"<p>Lignes directrices [Fran\u00e7ais] Par : ACCOBAMS https:\/\/doi.org\/10.70978\/PAMI8270 &nbsp; Liens Document : T\u00e9l\u00e9charger document (pdf) T\u00e9l\u00e9charger citation comme : RIS (pas encore disponible)) &nbsp; R\u00e9sum\u00e9 : Pas de r\u00e9sum\u00e9 &nbsp; Informations additionnelles de publication Type de publication Rapport Sous-type de publication Lignes directrices Titre Lignes Directrices concernant les meilleures pratiques et proc\u00e9dures pour g\u00e9rer les \u00e9pisodes de mortalit\u00e9 des c\u00e9tac\u00e9s dus \u00e0 la pollution chimique, acoustique et biologique DOI 10.70978\/PAMI8270 Pr\u00e9par\u00e9es par Dr. Marie-Fran\u00e7oise Van Bressem, Cetacean Conservation Medicine Group, Colombia Statut En vigueur Ann\u00e9e de publication 2010 Adopt\u00e9es par R\u00e9solution 4.16 (MOP4) Version en vigueur Version 1 Versions pr\u00e9c\u00e9dentes N\u00e9ant Langue FRAN\u00c7AIS Traductions FRAN\u00c7AIS, ANGLAIS \u00c9diteur ACCOBAMS Description 23 p.<\/p>\n","protected":false},"author":1,"featured_media":0,"parent":413,"menu_order":0,"comment_status":"closed","ping_status":"closed","template":"","meta":{"footnotes":""},"class_list":["post-35887","page","type-page","status-publish","hentry","wpautop"],"aioseo_notices":[],"acf":[],"_links":{"self":[{"href":"https:\/\/accobams.org\/fr\/wp-json\/wp\/v2\/pages\/35887","targetHints":{"allow":["GET"]}}],"collection":[{"href":"https:\/\/accobams.org\/fr\/wp-json\/wp\/v2\/pages"}],"about":[{"href":"https:\/\/accobams.org\/fr\/wp-json\/wp\/v2\/types\/page"}],"author":[{"embeddable":true,"href":"https:\/\/accobams.org\/fr\/wp-json\/wp\/v2\/users\/1"}],"replies":[{"embeddable":true,"href":"https:\/\/accobams.org\/fr\/wp-json\/wp\/v2\/comments?post=35887"}],"version-history":[{"count":11,"href":"https:\/\/accobams.org\/fr\/wp-json\/wp\/v2\/pages\/35887\/revisions"}],"predecessor-version":[{"id":36088,"href":"https:\/\/accobams.org\/fr\/wp-json\/wp\/v2\/pages\/35887\/revisions\/36088"}],"up":[{"embeddable":true,"href":"https:\/\/accobams.org\/fr\/wp-json\/wp\/v2\/pages\/413"}],"wp:attachment":[{"href":"https:\/\/accobams.org\/fr\/wp-json\/wp\/v2\/media?parent=35887"}],"curies":[{"name":"wp","href":"https:\/\/api.w.org\/{rel}","templated":true}]}}