{"id":35847,"date":"2025-01-22T17:04:36","date_gmt":"2025-01-22T16:04:36","guid":{"rendered":"https:\/\/accobams.org\/documents-resolutions\/lignes-directrices\/guidelines-to-address-the-impact-of-anthropogenic-noise-on-cetaceans-in-the-accobams-area\/"},"modified":"2025-02-12T17:23:55","modified_gmt":"2025-02-12T16:23:55","slug":"lignes-directrices-pour-traiter-limpact-du-bruit-dorigine-anthropique","status":"publish","type":"page","link":"https:\/\/accobams.org\/fr\/documents-resolutions\/lignes-directrices\/lignes-directrices-pour-traiter-limpact-du-bruit-dorigine-anthropique\/","title":{"rendered":"Lignes Directrices pour traiter l&rsquo;impact du bruit d&rsquo;origine anthropique sur les c\u00e9tac\u00e9s dans la zone de l&rsquo;ACCOBAMS"},"content":{"rendered":"<p style=\"text-align: justify;\"><strong><img loading=\"lazy\" decoding=\"async\" class=\"aligncenter size-medium wp-image-35850\" src=\"https:\/\/accobams.org\/wp-content\/uploads\/2025\/01\/LD_impact_bruit_icone-213x300.png\" alt=\"\" width=\"213\" height=\"300\" srcset=\"https:\/\/accobams.org\/wp-content\/uploads\/2025\/01\/LD_impact_bruit_icone-213x300.png 213w, https:\/\/accobams.org\/wp-content\/uploads\/2025\/01\/LD_impact_bruit_icone.png 650w\" sizes=\"auto, (max-width: 213px) 100vw, 213px\" \/><\/strong><\/p>\n<p style=\"text-align: justify;\">Lignes directrices [Fran\u00e7ais]<\/p>\n<p>Par : ACCOBAMS<\/p>\n<p><a href=\"https:\/\/doi.org\/10.70978\/RYFP6731\" rel=\"nofollow \">https:\/\/doi.org\/<span data-sheets-root=\"1\">10.70978\/RYFP6731<\/span><\/a><\/p>\n<p>&nbsp;<\/p>\n<p><strong>Liens<\/strong><\/p>\n<ul>\n<li>Document : <a href=\"https:\/\/accobams.org\/wp-content\/uploads\/2020\/05\/LD_impact_bruit_origine_anthropique.pdf\" target=\"_blank\" rel=\"nofollow noopener\"><strong>T\u00e9l\u00e9charger document <\/strong>(pdf) <\/a><\/li>\n<li>T\u00e9l\u00e9charger citation comme : RIS (pas encore disponible)<\/li>\n<\/ul>\n<p>&nbsp;<\/p>\n<p><strong>R\u00e9sum\u00e9 : <\/strong>Pas de r\u00e9sum\u00e9<\/p>\n<p>&nbsp;<\/p>\n<p><strong>Informations additionnelles de publication<br \/>\n<\/strong><\/p>\n<table width=\"817\">\n<tbody>\n<tr>\n<td width=\"158\"><strong>Type de publication<br \/>\n<\/strong><\/td>\n<td width=\"403\">Rapport<\/td>\n<\/tr>\n<tr>\n<td width=\"158\"><strong>Sous-type de publication<br \/>\n<\/strong><\/td>\n<td width=\"403\">Lignes directrices<\/td>\n<\/tr>\n<tr>\n<td width=\"158\"><strong>Titre<\/strong><\/td>\n<td width=\"403\">Lignes Directrices pour traiter l&rsquo;impact du bruit d&rsquo;origine anthropique sur les c\u00e9tac\u00e9s dans la zone de l&rsquo;ACCOBAMS<\/td>\n<\/tr>\n<tr>\n<td width=\"158\"><strong>DOI<\/strong><\/td>\n<td width=\"403\"><span data-sheets-root=\"1\">10.70978\/RYFP6731<\/span><\/td>\n<\/tr>\n<tr>\n<td width=\"158\"><strong>Auteur<span class=\"ILfuVd\" lang=\"fr\"><span class=\"hgKElc\">\u00b7<\/span><\/span>e(s)<\/strong><\/td>\n<td width=\"403\"><\/td>\n<\/tr>\n<tr>\n<td width=\"158\"><strong>Ann\u00e9e de publication<\/strong><\/td>\n<td width=\"403\">2019<\/td>\n<\/tr>\n<tr>\n<td width=\"158\"><strong>Adopt\u00e9es par<\/strong><\/td>\n<td width=\"403\"><a href=\"https:\/\/accobams.org\/wp-content\/uploads\/2020\/01\/MOP7.Res_.7.13_Bruit-dorigine-anthropique.pdf\" target=\"_blank\" rel=\"nofollow noopener\">R\u00e9solution 7.13 (MOP7)<\/a><\/td>\n<\/tr>\n<tr>\n<td width=\"158\"><strong>Version en vigueur<br \/>\n<\/strong><\/td>\n<td width=\"403\">Version 2<\/td>\n<\/tr>\n<tr>\n<td width=\"158\"><strong>Versions pr\u00e9c\u00e9dentes<\/strong><\/td>\n<td width=\"403\">2010<\/td>\n<\/tr>\n<tr>\n<td width=\"158\"><strong>Langue<\/strong><\/td>\n<td width=\"403\">FRAN\u00c7AIS<\/td>\n<\/tr>\n<tr>\n<td width=\"158\"><strong>Traductions<\/strong><\/td>\n<td width=\"403\">FRAN\u00c7AIS, <a href=\"https:\/\/doi.org\/10.70978\/NPRS8964\" rel=\"nofollow \">ANGLAIS<\/a><\/td>\n<\/tr>\n<tr>\n<td width=\"158\"><strong>\u00c9diteur<\/strong><\/td>\n<td width=\"403\">ACCOBAMS<\/td>\n<\/tr>\n<tr>\n<td width=\"158\"><strong>Description<\/strong><\/td>\n<td width=\"403\">16 p.<\/td>\n<\/tr>\n<\/tbody>\n<\/table>\n","protected":false},"excerpt":{"rendered":"<p>Lignes directrices [Fran\u00e7ais] Par : ACCOBAMS https:\/\/doi.org\/10.70978\/RYFP6731 &nbsp; Liens Document : T\u00e9l\u00e9charger document (pdf) T\u00e9l\u00e9charger citation comme : RIS (pas encore disponible) &nbsp; R\u00e9sum\u00e9 : Pas de r\u00e9sum\u00e9 &nbsp; Informations additionnelles de publication Type de publication Rapport Sous-type de publication Lignes directrices Titre Lignes Directrices pour traiter l&rsquo;impact du bruit d&rsquo;origine anthropique sur les c\u00e9tac\u00e9s dans la zone de l&rsquo;ACCOBAMS DOI 10.70978\/RYFP6731 Auteur\u00b7e(s) Ann\u00e9e de publication 2019 Adopt\u00e9es par R\u00e9solution 7.13 (MOP7) Version en vigueur Version 2 Versions pr\u00e9c\u00e9dentes 2010 Langue FRAN\u00c7AIS Traductions FRAN\u00c7AIS, ANGLAIS \u00c9diteur ACCOBAMS Description 16 p.<\/p>\n","protected":false},"author":1,"featured_media":0,"parent":413,"menu_order":0,"comment_status":"closed","ping_status":"closed","template":"","meta":{"footnotes":""},"class_list":["post-35847","page","type-page","status-publish","hentry","wpautop"],"aioseo_notices":[],"acf":[],"_links":{"self":[{"href":"https:\/\/accobams.org\/fr\/wp-json\/wp\/v2\/pages\/35847","targetHints":{"allow":["GET"]}}],"collection":[{"href":"https:\/\/accobams.org\/fr\/wp-json\/wp\/v2\/pages"}],"about":[{"href":"https:\/\/accobams.org\/fr\/wp-json\/wp\/v2\/types\/page"}],"author":[{"embeddable":true,"href":"https:\/\/accobams.org\/fr\/wp-json\/wp\/v2\/users\/1"}],"replies":[{"embeddable":true,"href":"https:\/\/accobams.org\/fr\/wp-json\/wp\/v2\/comments?post=35847"}],"version-history":[{"count":19,"href":"https:\/\/accobams.org\/fr\/wp-json\/wp\/v2\/pages\/35847\/revisions"}],"predecessor-version":[{"id":36200,"href":"https:\/\/accobams.org\/fr\/wp-json\/wp\/v2\/pages\/35847\/revisions\/36200"}],"up":[{"embeddable":true,"href":"https:\/\/accobams.org\/fr\/wp-json\/wp\/v2\/pages\/413"}],"wp:attachment":[{"href":"https:\/\/accobams.org\/fr\/wp-json\/wp\/v2\/media?parent=35847"}],"curies":[{"name":"wp","href":"https:\/\/api.w.org\/{rel}","templated":true}]}}