{"id":35761,"date":"2025-01-21T18:44:01","date_gmt":"2025-01-21T17:44:01","guid":{"rendered":"https:\/\/accobams.org\/?page_id=35761"},"modified":"2025-02-03T18:50:30","modified_gmt":"2025-02-03T17:50:30","slug":"reglements-interieurs","status":"publish","type":"page","link":"https:\/\/accobams.org\/fr\/documents-resolutions\/reglements-interieurs\/","title":{"rendered":"R\u00e8glements int\u00e9rieurs"},"content":{"rendered":"<table style=\"height: 343px;\" width=\"464\">\n<tbody>\n<tr style=\"background-color: #cccc;\">\n<td style=\"text-align: center;\" colspan=\"2\"><strong>R\u00e8glements int\u00e9rieurs<br \/>\n<\/strong><\/td>\n<\/tr>\n<tr>\n<td><a href=\"https:\/\/doi.org\/10.70978\/JFFM5312\" rel=\"nofollow \"><span style=\"color: #000000;\"><strong>R\u00e8glement int\u00e9rieur du Bureau<\/strong><\/span><\/a><\/td>\n<td><\/td>\n<\/tr>\n<tr>\n<td><a href=\"https:\/\/doi.org\/10.70978\/LPFK8433\" rel=\"nofollow \"><span style=\"color: #3366ff;\"><strong>R\u00e8glement int\u00e9rieur du Comit\u00e9 Scientifique<\/strong><\/span><\/a><\/td>\n<td><\/td>\n<\/tr>\n<tr>\n<td><a href=\"https:\/\/doi.org\/10.70978\/RRYS3562\" rel=\"nofollow \"><span style=\"color: #666699;\"><strong>R\u00e8glement int\u00e9rieur de la R\u00e9union des Parties<\/strong><\/span><\/a><\/td>\n<td><\/td>\n<\/tr>\n<\/tbody>\n<\/table>\n","protected":false},"excerpt":{"rendered":"<p>R\u00e8glements int\u00e9rieurs R\u00e8glement int\u00e9rieur du Bureau R\u00e8glement int\u00e9rieur du Comit\u00e9 Scientifique R\u00e8glement int\u00e9rieur de la R\u00e9union des Parties<\/p>\n","protected":false},"author":1,"featured_media":0,"parent":409,"menu_order":0,"comment_status":"closed","ping_status":"closed","template":"","meta":{"footnotes":""},"class_list":["post-35761","page","type-page","status-publish","hentry","wpautop"],"aioseo_notices":[],"acf":[],"_links":{"self":[{"href":"https:\/\/accobams.org\/fr\/wp-json\/wp\/v2\/pages\/35761","targetHints":{"allow":["GET"]}}],"collection":[{"href":"https:\/\/accobams.org\/fr\/wp-json\/wp\/v2\/pages"}],"about":[{"href":"https:\/\/accobams.org\/fr\/wp-json\/wp\/v2\/types\/page"}],"author":[{"embeddable":true,"href":"https:\/\/accobams.org\/fr\/wp-json\/wp\/v2\/users\/1"}],"replies":[{"embeddable":true,"href":"https:\/\/accobams.org\/fr\/wp-json\/wp\/v2\/comments?post=35761"}],"version-history":[{"count":11,"href":"https:\/\/accobams.org\/fr\/wp-json\/wp\/v2\/pages\/35761\/revisions"}],"predecessor-version":[{"id":36072,"href":"https:\/\/accobams.org\/fr\/wp-json\/wp\/v2\/pages\/35761\/revisions\/36072"}],"up":[{"embeddable":true,"href":"https:\/\/accobams.org\/fr\/wp-json\/wp\/v2\/pages\/409"}],"wp:attachment":[{"href":"https:\/\/accobams.org\/fr\/wp-json\/wp\/v2\/media?parent=35761"}],"curies":[{"name":"wp","href":"https:\/\/api.w.org\/{rel}","templated":true}]}}