{"id":34978,"date":"2024-11-08T16:05:17","date_gmt":"2024-11-08T15:05:17","guid":{"rendered":"https:\/\/accobams.org\/actualites-publications\/asi-publications-in-frontiers-in-marine-science\/"},"modified":"2024-11-08T16:25:00","modified_gmt":"2024-11-08T15:25:00","slug":"asi-publications-in-frontiers-in-marine-science","status":"publish","type":"page","link":"https:\/\/accobams.org\/fr\/actualites-publications\/asi-publications-in-frontiers-in-marine-science\/","title":{"rendered":"ASI Publications dans Frontiers in Marine Science"},"content":{"rendered":"<table><tbody><tr><td>\u00a0<\/td><td><strong>Title<\/strong><\/td><td><strong>Authors<\/strong><\/td><td style=\"text-align: center;\"><strong>Link<\/strong><\/td><\/tr><tr><td><a href=\"https:\/\/doi.org\/10.3389\/fmars.2024.1164026\" target=\"_blank\" rel=\"noopener\"><img loading=\"lazy\" decoding=\"async\" class=\"aligncenter wp-image-34949 size-large\" src=\"https:\/\/accobams.org\/wp-content\/uploads\/2024\/11\/1st-page-of-the-12-articles_Page_01-724x1024.jpg\" alt=\"\" width=\"724\" height=\"1024\" srcset=\"https:\/\/accobams.org\/wp-content\/uploads\/2024\/11\/1st-page-of-the-12-articles_Page_01-724x1024.jpg 724w, https:\/\/accobams.org\/wp-content\/uploads\/2024\/11\/1st-page-of-the-12-articles_Page_01-212x300.jpg 212w, https:\/\/accobams.org\/wp-content\/uploads\/2024\/11\/1st-page-of-the-12-articles_Page_01-1087x1536.jpg 1087w, https:\/\/accobams.org\/wp-content\/uploads\/2024\/11\/1st-page-of-the-12-articles_Page_01-1449x2048.jpg 1449w, https:\/\/accobams.org\/wp-content\/uploads\/2024\/11\/1st-page-of-the-12-articles_Page_01.jpg 1654w\" sizes=\"auto, (max-width: 724px) 100vw, 724px\" \/><\/a><\/td><td>Acoustic estimates of sperm whale abundance in the Mediterranean Sea as part of the ACCOBAMS Survey Initiative<\/td><td><span style=\"font-size: 10pt;\">Oliver Boisseau, Jonathan Reid, Conor Ryan, Anna Moscrop, Richard McLanaghan, Simone Panigada<\/span><\/td><td><a href=\"https:\/\/doi.org\/10.3389\/fmars.2024.1164026\" target=\"_blank\" rel=\"noopener\">doi: 10.3389\/fmars.2024.1164026<\/a><\/td><\/tr><tr><td><a href=\"https:\/\/doi.org\/10.3389\/fmars.2023.1119983\" target=\"_blank\" rel=\"noopener\"><img loading=\"lazy\" decoding=\"async\" class=\"aligncenter wp-image-34951 size-large\" src=\"https:\/\/accobams.org\/wp-content\/uploads\/2024\/11\/1st-page-of-the-12-articles_Page_02-724x1024.jpg\" alt=\"\" width=\"724\" height=\"1024\" srcset=\"https:\/\/accobams.org\/wp-content\/uploads\/2024\/11\/1st-page-of-the-12-articles_Page_02-724x1024.jpg 724w, https:\/\/accobams.org\/wp-content\/uploads\/2024\/11\/1st-page-of-the-12-articles_Page_02-212x300.jpg 212w, https:\/\/accobams.org\/wp-content\/uploads\/2024\/11\/1st-page-of-the-12-articles_Page_02-1087x1536.jpg 1087w, https:\/\/accobams.org\/wp-content\/uploads\/2024\/11\/1st-page-of-the-12-articles_Page_02-1449x2048.jpg 1449w, https:\/\/accobams.org\/wp-content\/uploads\/2024\/11\/1st-page-of-the-12-articles_Page_02.jpg 1654w\" sizes=\"auto, (max-width: 724px) 100vw, 724px\" \/><\/a><\/td><td>Assessment of the bycatch level for the Black Sea harbour porpoise in the light of new data on population abundance<\/td><td><span style=\"font-size: 10pt;\">Dimitar Popov, Galina Meshkova, Karina Vishnyakova, Julia Ivanchikova, Marian Paiu, Costin Timofte, Ayaka Amaha \u00d6zt\u00fcrk, Arda M. Tonay, Ayhan Dede, Marina Panayotova10, Ertug D\u00fczg\u00fcnes and Pavel Gol\u2019din<\/span><\/td><td><a href=\"https:\/\/doi.org\/10.3389\/fmars.2023.1119983\" target=\"_blank\" rel=\"noopener\">doi: 10.3389\/fmars.2023.1119983<\/a><\/td><\/tr><tr><td><a href=\"https:\/\/doi.org\/10.3389\/fmars.2022.930412\" target=\"_blank\" rel=\"noopener\"><img loading=\"lazy\" decoding=\"async\" class=\"aligncenter size-large wp-image-34953\" src=\"https:\/\/accobams.org\/wp-content\/uploads\/2024\/11\/1st-page-of-the-12-articles_Page_03-724x1024.jpg\" alt=\"\" width=\"724\" height=\"1024\" srcset=\"https:\/\/accobams.org\/wp-content\/uploads\/2024\/11\/1st-page-of-the-12-articles_Page_03-724x1024.jpg 724w, https:\/\/accobams.org\/wp-content\/uploads\/2024\/11\/1st-page-of-the-12-articles_Page_03-212x300.jpg 212w, https:\/\/accobams.org\/wp-content\/uploads\/2024\/11\/1st-page-of-the-12-articles_Page_03-1087x1536.jpg 1087w, https:\/\/accobams.org\/wp-content\/uploads\/2024\/11\/1st-page-of-the-12-articles_Page_03-1449x2048.jpg 1449w, https:\/\/accobams.org\/wp-content\/uploads\/2024\/11\/1st-page-of-the-12-articles_Page_03.jpg 1654w\" sizes=\"auto, (max-width: 724px) 100vw, 724px\" \/><\/a><\/td><td>Basin-wide estimates of loggerhead turtle abundance in the Mediterranean Sea derived from line transect surveys<\/td><td><span style=\"font-size: 10pt;\">Andrew DiMatteo, Ana Ca\u00f1adas, Jason Roberts, Laura Sparks, Simone Panigada, Olivier Boisseau, Anna Moscrop, Caterina Maria Fortuna, Giancarlo Lauriano, Drasko Holcer, H\u00e9l\u00e8ne Peltier, Vincent Ridoux, Juan Antonia Raga, Jesus Tomas, Annette C. Broderick, Brendan J. Godley, Julia Haywood, David March10, Robin Snape, Ricardo Sagarminaga<\/span><\/td><td><a href=\"https:\/\/doi.org\/10.3389\/fmars.2022.930412\" target=\"_blank\" rel=\"noopener\">doi: 10.3389\/fmars.2022.930412<\/a><\/td><\/tr><tr><td><a href=\"https:\/\/doi.org\/10.3389\/fmars.2024.1248950\" target=\"_blank\" rel=\"noopener\"><img loading=\"lazy\" decoding=\"async\" class=\"aligncenter size-large wp-image-34955\" src=\"https:\/\/accobams.org\/wp-content\/uploads\/2024\/11\/1st-page-of-the-12-articles_Page_04-724x1024.jpg\" alt=\"\" width=\"724\" height=\"1024\" srcset=\"https:\/\/accobams.org\/wp-content\/uploads\/2024\/11\/1st-page-of-the-12-articles_Page_04-724x1024.jpg 724w, https:\/\/accobams.org\/wp-content\/uploads\/2024\/11\/1st-page-of-the-12-articles_Page_04-212x300.jpg 212w, https:\/\/accobams.org\/wp-content\/uploads\/2024\/11\/1st-page-of-the-12-articles_Page_04-1087x1536.jpg 1087w, https:\/\/accobams.org\/wp-content\/uploads\/2024\/11\/1st-page-of-the-12-articles_Page_04-1449x2048.jpg 1449w, https:\/\/accobams.org\/wp-content\/uploads\/2024\/11\/1st-page-of-the-12-articles_Page_04.jpg 1654w\" sizes=\"auto, (max-width: 724px) 100vw, 724px\" \/><\/a><\/td><td>Density and abundance estimates of cetaceans in the Black Sea through aerial surveys (ASI\/CeNoBS)<\/td><td><span style=\"font-size: 10pt;\">Romulus-Marian Paiu, Ana Ca\u00f1adas, Ayhan Dede, Galina Meshkova, Dumitru Murariu, Ayaka Amaha Ozturk, Dimitar Popov, Arda M. Tonay, Costin Timofte, Natia Kopaliani, Pavel Gol\u2019din and Simone Panigada<\/span><\/td><td><a href=\"https:\/\/doi.org\/10.3389\/fmars.2024.1248950\" target=\"_blank\" rel=\"noopener\">doi: 10.3389\/fmars.2024.1248950<\/a><\/td><\/tr><tr><td><a href=\"https:\/\/doi.org\/10.3389\/fmars.2023.1270917\" target=\"_blank\" rel=\"noopener\"><img loading=\"lazy\" decoding=\"async\" class=\"aligncenter size-large wp-image-34957\" src=\"https:\/\/accobams.org\/wp-content\/uploads\/2024\/11\/1st-page-of-the-12-articles_Page_05-724x1024.jpg\" alt=\"\" width=\"724\" height=\"1024\" srcset=\"https:\/\/accobams.org\/wp-content\/uploads\/2024\/11\/1st-page-of-the-12-articles_Page_05-724x1024.jpg 724w, https:\/\/accobams.org\/wp-content\/uploads\/2024\/11\/1st-page-of-the-12-articles_Page_05-212x300.jpg 212w, https:\/\/accobams.org\/wp-content\/uploads\/2024\/11\/1st-page-of-the-12-articles_Page_05-1087x1536.jpg 1087w, https:\/\/accobams.org\/wp-content\/uploads\/2024\/11\/1st-page-of-the-12-articles_Page_05-1449x2048.jpg 1449w, https:\/\/accobams.org\/wp-content\/uploads\/2024\/11\/1st-page-of-the-12-articles_Page_05.jpg 1654w\" sizes=\"auto, (max-width: 724px) 100vw, 724px\" \/><\/a><\/td><td>Distribution patterns of marine megafauna density in the Mediterranean Sea assessed through the ACCOBAMS Survey Initiative (ASI)<\/td><td><span style=\"font-size: 10pt;\">Ana Ca\u00f1adas, Nino Pierantonio, Helder Araujo, L\u00e9a David, Nathalie Di Meglio, Ghislain Dor\u00e9mus, Joan Gonzalvo, Drasko Holcer, Sophie Laran, Giancarlo Lauriano, Morgane Perri, Vincent Ridoux, Jose Antonio Vazquez and Simone Panigada<\/span><\/td><td><a href=\"https:\/\/doi.org\/10.3389\/fmars.2023.1270917\" target=\"_blank\" rel=\"noopener\">doi: 10.3389\/fmars.2023.1270917<\/a><\/td><\/tr><tr><td><a href=\"https:\/\/doi.org\/10.3389\/fmars.2024.1352059\" target=\"_blank\" rel=\"noopener\"><img loading=\"lazy\" decoding=\"async\" class=\"aligncenter size-large wp-image-34959\" src=\"https:\/\/accobams.org\/wp-content\/uploads\/2024\/11\/1st-page-of-the-12-articles_Page_06-724x1024.jpg\" alt=\"\" width=\"724\" height=\"1024\" srcset=\"https:\/\/accobams.org\/wp-content\/uploads\/2024\/11\/1st-page-of-the-12-articles_Page_06-724x1024.jpg 724w, https:\/\/accobams.org\/wp-content\/uploads\/2024\/11\/1st-page-of-the-12-articles_Page_06-212x300.jpg 212w, https:\/\/accobams.org\/wp-content\/uploads\/2024\/11\/1st-page-of-the-12-articles_Page_06-1087x1536.jpg 1087w, https:\/\/accobams.org\/wp-content\/uploads\/2024\/11\/1st-page-of-the-12-articles_Page_06-1449x2048.jpg 1449w, https:\/\/accobams.org\/wp-content\/uploads\/2024\/11\/1st-page-of-the-12-articles_Page_06.jpg 1654w\" sizes=\"auto, (max-width: 724px) 100vw, 724px\" \/><\/a><\/td><td>Evaluation of the exposure of the Mediterranean biodiversity to marine litter: the ASI &#8211; plastic busters MPAs projects connection<\/td><td><span style=\"font-size: 10pt;\">Massimo Perna, Carlo Brandini, Michele Bendoni, Chiara Lapucci, Fran\u00e7ois Galgani, Simone Panigada, Ana Ca\u00f1adas, Cristina Panti and Maria Cristina Fossi<\/span><\/td><td><a href=\"https:\/\/doi.org\/10.3389\/fmars.2024.1352059\" target=\"_blank\" rel=\"noopener\">doi: 10.3389\/fmars.2024.1352059<\/a><\/td><\/tr><tr><td><a href=\"https:\/\/doi.org\/10.3389\/fmars.2023.1244474\" target=\"_blank\" rel=\"noopener\"><img loading=\"lazy\" decoding=\"async\" class=\"aligncenter size-large wp-image-34961\" src=\"https:\/\/accobams.org\/wp-content\/uploads\/2024\/11\/1st-page-of-the-12-articles_Page_07-724x1024.jpg\" alt=\"\" width=\"724\" height=\"1024\" srcset=\"https:\/\/accobams.org\/wp-content\/uploads\/2024\/11\/1st-page-of-the-12-articles_Page_07-724x1024.jpg 724w, https:\/\/accobams.org\/wp-content\/uploads\/2024\/11\/1st-page-of-the-12-articles_Page_07-212x300.jpg 212w, https:\/\/accobams.org\/wp-content\/uploads\/2024\/11\/1st-page-of-the-12-articles_Page_07-1087x1536.jpg 1087w, https:\/\/accobams.org\/wp-content\/uploads\/2024\/11\/1st-page-of-the-12-articles_Page_07-1449x2048.jpg 1449w, https:\/\/accobams.org\/wp-content\/uploads\/2024\/11\/1st-page-of-the-12-articles_Page_07.jpg 1654w\" sizes=\"auto, (max-width: 724px) 100vw, 724px\" \/><\/a><\/td><td>Matching visual and acoustic events to estimate detection probability for small cetaceans in the ACCOBAMS Survey Initiative<\/td><td><span style=\"font-size: 10pt;\">Camille Ollier, Ilona Sinn, Oliver Boisseau, Vincent Ridoux and Auriane Virgili<\/span><\/td><td><a href=\"https:\/\/doi.org\/10.3389\/fmars.2023.1244474\" target=\"_blank\" rel=\"noopener\">doi: 10.3389\/fmars.2023.1244474<\/a><\/td><\/tr><tr><td><a href=\"https:\/\/doi.org\/10.3389\/fmars.2023.1270335\" target=\"_blank\" rel=\"noopener\"><img loading=\"lazy\" decoding=\"async\" class=\"aligncenter size-large wp-image-34963\" src=\"https:\/\/accobams.org\/wp-content\/uploads\/2024\/11\/1st-page-of-the-12-articles_Page_08-724x1024.jpg\" alt=\"\" width=\"724\" height=\"1024\" srcset=\"https:\/\/accobams.org\/wp-content\/uploads\/2024\/11\/1st-page-of-the-12-articles_Page_08-724x1024.jpg 724w, https:\/\/accobams.org\/wp-content\/uploads\/2024\/11\/1st-page-of-the-12-articles_Page_08-212x300.jpg 212w, https:\/\/accobams.org\/wp-content\/uploads\/2024\/11\/1st-page-of-the-12-articles_Page_08-1087x1536.jpg 1087w, https:\/\/accobams.org\/wp-content\/uploads\/2024\/11\/1st-page-of-the-12-articles_Page_08-1449x2048.jpg 1449w, https:\/\/accobams.org\/wp-content\/uploads\/2024\/11\/1st-page-of-the-12-articles_Page_08.jpg 1654w\" sizes=\"auto, (max-width: 724px) 100vw, 724px\" \/><\/a><\/td><td>PelaSIG, a QGIS plugin for marine megafauna census: application to the aerial ACCOBAMS Survey Initiative dataset<\/td><td><span style=\"font-size: 10pt;\">Manon Nivi\u00e8re, Ariane Blanchard, Oussama Jraifi, Olivier Van Canneyt, Ghislain Dor\u00e9mus, J\u00e9r\u00f4me Spitz, Bruno Mansoux, Simone Panigada and Sophie Laran<\/span><\/td><td><a href=\"https:\/\/doi.org\/10.3389\/fmars.2023.1270335\" target=\"_blank\" rel=\"noopener\">doi: 10.3389\/fmars.2023.1270335<\/a><\/td><\/tr><tr><td><a href=\"https:\/\/doi.org\/10.3389\/fmars.2023.1200340\" target=\"_blank\" rel=\"noopener\"><img loading=\"lazy\" decoding=\"async\" class=\"aligncenter size-large wp-image-34965\" src=\"https:\/\/accobams.org\/wp-content\/uploads\/2024\/11\/1st-page-of-the-12-articles_Page_09-724x1024.jpg\" alt=\"\" width=\"724\" height=\"1024\" srcset=\"https:\/\/accobams.org\/wp-content\/uploads\/2024\/11\/1st-page-of-the-12-articles_Page_09-724x1024.jpg 724w, https:\/\/accobams.org\/wp-content\/uploads\/2024\/11\/1st-page-of-the-12-articles_Page_09-212x300.jpg 212w, https:\/\/accobams.org\/wp-content\/uploads\/2024\/11\/1st-page-of-the-12-articles_Page_09-1087x1536.jpg 1087w, https:\/\/accobams.org\/wp-content\/uploads\/2024\/11\/1st-page-of-the-12-articles_Page_09-1449x2048.jpg 1449w, https:\/\/accobams.org\/wp-content\/uploads\/2024\/11\/1st-page-of-the-12-articles_Page_09.jpg 1654w\" sizes=\"auto, (max-width: 724px) 100vw, 724px\" \/><\/a><\/td><td>Shipping noise assessment in the Black Sea: insights from largescale ASI CeNoBS survey data<\/td><td>Veronica Frass\u00e0, Aristides M. Prospathopoulos, Alessio Maglio, Noelia Ortega, Romulus-Marian Paiu and Arianna Azzellino<\/td><td><a href=\"https:\/\/doi.org\/10.3389\/fmars.2023.1200340\" target=\"_blank\" rel=\"noopener\">doi: 10.3389\/fmars.2023.1200340<\/a><\/td><\/tr><tr><td><a href=\"https:\/\/doi.org\/10.3389\/fmars.2023.1229682\" target=\"_blank\" rel=\"noopener\"><img loading=\"lazy\" decoding=\"async\" class=\"aligncenter size-large wp-image-34967\" src=\"https:\/\/accobams.org\/wp-content\/uploads\/2024\/11\/1st-page-of-the-12-articles_Page_10-724x1024.jpg\" alt=\"\" width=\"724\" height=\"1024\" srcset=\"https:\/\/accobams.org\/wp-content\/uploads\/2024\/11\/1st-page-of-the-12-articles_Page_10-724x1024.jpg 724w, https:\/\/accobams.org\/wp-content\/uploads\/2024\/11\/1st-page-of-the-12-articles_Page_10-212x300.jpg 212w, https:\/\/accobams.org\/wp-content\/uploads\/2024\/11\/1st-page-of-the-12-articles_Page_10-1087x1536.jpg 1087w, https:\/\/accobams.org\/wp-content\/uploads\/2024\/11\/1st-page-of-the-12-articles_Page_10-1449x2048.jpg 1449w, https:\/\/accobams.org\/wp-content\/uploads\/2024\/11\/1st-page-of-the-12-articles_Page_10.jpg 1654w\" sizes=\"auto, (max-width: 724px) 100vw, 724px\" \/><\/a><\/td><td>Summer distribution of the Mediterranean sperm whale: insights from the acoustic ACCOBAMS survey initiative<\/td><td><span style=\"font-size: 10pt;\">Clara Lerebourg, Oliver Boisseau, Vincent Ridoux and Auriane Virgili<\/span><\/td><td><a href=\"https:\/\/doi.org\/10.3389\/fmars.2023.1229682\" target=\"_blank\" rel=\"noopener\">doi: 10.3389\/fmars.2023.1229682<\/a><\/td><\/tr><tr><td><a href=\"https:\/\/doi.org\/10.3389\/fmars.2024.1378524\" target=\"_blank\" rel=\"noopener\"><img loading=\"lazy\" decoding=\"async\" class=\"aligncenter size-large wp-image-34969\" src=\"https:\/\/accobams.org\/wp-content\/uploads\/2024\/11\/1st-page-of-the-12-articles_Page_11-724x1024.jpg\" alt=\"\" width=\"724\" height=\"1024\" srcset=\"https:\/\/accobams.org\/wp-content\/uploads\/2024\/11\/1st-page-of-the-12-articles_Page_11-724x1024.jpg 724w, https:\/\/accobams.org\/wp-content\/uploads\/2024\/11\/1st-page-of-the-12-articles_Page_11-212x300.jpg 212w, https:\/\/accobams.org\/wp-content\/uploads\/2024\/11\/1st-page-of-the-12-articles_Page_11-1087x1536.jpg 1087w, https:\/\/accobams.org\/wp-content\/uploads\/2024\/11\/1st-page-of-the-12-articles_Page_11-1449x2048.jpg 1449w, https:\/\/accobams.org\/wp-content\/uploads\/2024\/11\/1st-page-of-the-12-articles_Page_11.jpg 1654w\" sizes=\"auto, (max-width: 724px) 100vw, 724px\" \/><\/a><\/td><td>Temporal patterns in dolphin foraging activity in the Mediterranean Sea: insights from vocalisations recorded during the ACCOBAMS Survey Initiative<\/td><td><span style=\"font-size: 10pt;\">Morgane Sol, Camille Ollier, Oliver Boisseau, Vincent Ridoux and Auriane Virgili<\/span><\/td><td><a href=\"https:\/\/doi.org\/10.3389\/fmars.2024.1378524\" target=\"_blank\" rel=\"noopener\">doi: 10.3389\/fmars.2024.1378524<\/a><\/td><\/tr><tr><td><a href=\"https:\/\/doi.org\/10.3389\/fmars.2023.1270513\" target=\"_blank\" rel=\"noopener\"><img loading=\"lazy\" decoding=\"async\" class=\"aligncenter size-large wp-image-34971\" src=\"https:\/\/accobams.org\/wp-content\/uploads\/2024\/11\/1st-page-of-the-12-articles_Page_12-724x1024.jpg\" alt=\"\" width=\"724\" height=\"1024\" srcset=\"https:\/\/accobams.org\/wp-content\/uploads\/2024\/11\/1st-page-of-the-12-articles_Page_12-724x1024.jpg 724w, https:\/\/accobams.org\/wp-content\/uploads\/2024\/11\/1st-page-of-the-12-articles_Page_12-212x300.jpg 212w, https:\/\/accobams.org\/wp-content\/uploads\/2024\/11\/1st-page-of-the-12-articles_Page_12-1086x1536.jpg 1086w, https:\/\/accobams.org\/wp-content\/uploads\/2024\/11\/1st-page-of-the-12-articles_Page_12-1448x2048.jpg 1448w, https:\/\/accobams.org\/wp-content\/uploads\/2024\/11\/1st-page-of-the-12-articles_Page_12.jpg 1654w\" sizes=\"auto, (max-width: 724px) 100vw, 724px\" \/><\/a><\/td><td>The ACCOBAMS survey initiative: the first synoptic assessment of cetacean abundance in the Mediterranean Sea through aerial surveys<\/td><td><span style=\"font-size: 10pt;\">Simone Panigada, Nino Pierantonio, H\u00e9lder Araujo, L\u00e9a David, Nathalie Di-M\u00e9glio, Ghislain Dor\u00e9mus, Joan Gonzalvo, Drasko Holcer, Sophie Laran, Giancarlo Lauriano, Romulus-Marian Paiu, Morgane Perri, Dimitar Popov, Vincent Ridoux, Jose Antonio Vazquez and Ana Ca\u00f1adas<\/span><\/td><td><a href=\"https:\/\/doi.org\/10.3389\/fmars.2023.1270513\" target=\"_blank\" rel=\"noopener\">doi: 10.3389\/fmars.2023.1270513<\/a><\/td><\/tr><\/tbody><\/table>","protected":false},"excerpt":{"rendered":"\u00a0TitleAuthorsLinkAcoustic estimates of sperm whale abundance in the Mediterranean Sea as part of the ACCOBAMS Survey InitiativeOliver Boisseau, Jonathan Reid, Conor Ryan, Anna Moscrop, Richard McLanaghan, Simone Panigadadoi: 10.3389\/fmars.2024.1164026Assessment of the bycatch level for the Black Sea harbour porpoise in the light of new data on population abundanceDimitar Popov, Galina Meshkova, Karina Vishnyakova, Julia Ivanchikova, Marian Paiu, Costin Timofte, Ayaka Amaha \u00d6zt\u00fcrk, Arda M. Tonay, Ayhan Dede, Marina Panayotova10, Ertug D\u00fczg\u00fcnes and Pavel Gol\u2019dindoi: 10.3389\/fmars.2023.1119983Basin-wide estimates of loggerhead turtle abundance in the Mediterranean Sea derived from line transect surveysAndrew DiMatteo, Ana Ca\u00f1adas, Jason Roberts, Laura Sparks, Simone Panigada, Olivier Boisseau, Anna Moscrop, Caterina Maria Fortuna, Giancarlo Lauriano, Drasko Holcer, H\u00e9l\u00e8ne Peltier, Vincent Ridoux, Juan Antonia Raga, Jesus Tomas, Annette C. Broderick, Brendan J. Godley, Julia Haywood, David March10, Robin Snape, Ricardo Sagarminagadoi: 10.3389\/fmars.2022.930412Density and abundance estimates of cetaceans in the Black Sea through aerial surveys (ASI\/CeNoBS)Romulus-Marian Paiu, Ana Ca\u00f1adas, Ayhan [&hellip;]","protected":false},"author":1,"featured_media":0,"parent":437,"menu_order":0,"comment_status":"closed","ping_status":"closed","template":"","meta":{"footnotes":""},"class_list":["post-34978","page","type-page","status-publish","hentry","no-wpautop"],"aioseo_notices":[],"acf":[],"_links":{"self":[{"href":"https:\/\/accobams.org\/fr\/wp-json\/wp\/v2\/pages\/34978","targetHints":{"allow":["GET"]}}],"collection":[{"href":"https:\/\/accobams.org\/fr\/wp-json\/wp\/v2\/pages"}],"about":[{"href":"https:\/\/accobams.org\/fr\/wp-json\/wp\/v2\/types\/page"}],"author":[{"embeddable":true,"href":"https:\/\/accobams.org\/fr\/wp-json\/wp\/v2\/users\/1"}],"replies":[{"embeddable":true,"href":"https:\/\/accobams.org\/fr\/wp-json\/wp\/v2\/comments?post=34978"}],"version-history":[{"count":1,"href":"https:\/\/accobams.org\/fr\/wp-json\/wp\/v2\/pages\/34978\/revisions"}],"predecessor-version":[{"id":34979,"href":"https:\/\/accobams.org\/fr\/wp-json\/wp\/v2\/pages\/34978\/revisions\/34979"}],"up":[{"embeddable":true,"href":"https:\/\/accobams.org\/fr\/wp-json\/wp\/v2\/pages\/437"}],"wp:attachment":[{"href":"https:\/\/accobams.org\/fr\/wp-json\/wp\/v2\/media?parent=34978"}],"curies":[{"name":"wp","href":"https:\/\/api.w.org\/{rel}","templated":true}]}}