{"id":34274,"date":"2024-03-29T09:19:27","date_gmt":"2024-03-29T08:19:27","guid":{"rendered":"https:\/\/accobams.org\/accobams-sub-regional-coordination-units\/"},"modified":"2024-04-03T11:53:53","modified_gmt":"2024-04-03T09:53:53","slug":"accobams-sub-regional-coordination-units","status":"publish","type":"page","link":"https:\/\/accobams.org\/fr\/accobams-sub-regional-coordination-units\/","title":{"rendered":"Unit\u00e9s de Coordination Sous-R\u00e9gionales de l&rsquo;ACCOBAMS"},"content":{"rendered":"<p style=\"text-align: justify;\">Les fonctions des Unit\u00e9s de coordination sous\u2010r\u00e9gionales sont les suivantes:<\/p><p style=\"text-align: justify;\">a) faciliter la mise en \u0153uvre dans les sous\u2010r\u00e9gions respectives des activit\u00e9s pr\u00e9vues \u00e0 l\u2019Annexe 2 au pr\u00e9sent Accord, conform\u00e9ment aux instructions de la R\u00e9union des Parties;<br \/>b) rassembler et \u00e9valuer les informations qui permettront de mieux atteindre les objectifs et la mise en \u0153uvre de l\u2019Accord, et de pourvoir \u00e0 une diffusion appropri\u00e9e de ces informations; et<br \/>c) fournir un soutien administratif aux r\u00e9unions du Comit\u00e9 scientifique et pr\u00e9parer un rapport destin\u00e9 \u00e0 la R\u00e9union des Parties par l\u2019interm\u00e9diaire du secr\u00e9tariat de l\u2019Accord.<\/p><p style=\"text-align: justify;\">\u00a0<\/p><p style=\"text-align: justify;\">Chaque Unit\u00e9 de coordination, en consultation avec le Comit\u00e9 Scientifique et le Secr\u00e9tariat, facilite la pr\u00e9paration d\u2019un ensemble d\u2019\u00e9tudes ou de publications internationales qui devront \u00eatre r\u00e9guli\u00e8rement mises \u00e0 jour, comprenant:<\/p><p style=\"text-align: justify;\">a) des rapports sur l\u2019\u00e9tat et l\u2019\u00e9volution des populations, ainsi que sur les lacunes dans les connaissances scientifiques;<br \/>b) un r\u00e9pertoire sous\u2010r\u00e9gional des zones importantes pour les C\u00e9tac\u00e9s; et<br \/>c) un r\u00e9pertoire sous\u2010r\u00e9gional des autorit\u00e9s nationales, des centres de recherche et de sauvetage, des scientifiques et des organisations non\u2010gouvernementales s\u2019occupant de c\u00e9tac\u00e9s.<\/p><p style=\"text-align: justify;\">\u00a0<\/p><p style=\"text-align: justify;\"><span id=\"result_box\" class=\"\" lang=\"fr\"><span class=\"\">\u00c0 cette fin, lors de la Premi\u00e8re R\u00e9union des Parties, le <a href=\"https:\/\/www.rac-spa.org\/\" target=\"_blank\" rel=\"noopener\">Centre d\u2019Activit\u00e9s R\u00e9gionales du PAM du PNUE pour les Aires Sp\u00e9cialement Prot\u00e9g\u00e9es<\/a> (SPA\/RAC) et la <a href=\"http:\/\/www.blacksea-commission.org\/\" target=\"_blank\" rel=\"noopener\">Commission de la mer Noire<\/a> ont \u00e9t\u00e9 d\u00e9sign\u00e9s respectivement pour la M\u00e9diterran\u00e9e et la zone atlantique adjacente et pour la mer Noire.<\/span><\/span><\/p><table><tbody><tr><td><img loading=\"lazy\" decoding=\"async\" class=\"aligncenter  wp-image-25229\" src=\"https:\/\/accobams.org\/wp-content\/uploads\/2021\/01\/New-SPARAC-logo-1024x157.jpg\" alt=\"\" width=\"307\" height=\"47\" srcset=\"https:\/\/accobams.org\/wp-content\/uploads\/2021\/01\/New-SPARAC-logo-1024x157.jpg 1024w, https:\/\/accobams.org\/wp-content\/uploads\/2021\/01\/New-SPARAC-logo-300x46.jpg 300w, https:\/\/accobams.org\/wp-content\/uploads\/2021\/01\/New-SPARAC-logo-1536x236.jpg 1536w, https:\/\/accobams.org\/wp-content\/uploads\/2021\/01\/New-SPARAC-logo-2048x314.jpg 2048w\" sizes=\"auto, (max-width: 307px) 100vw, 307px\" \/><\/td><td><img loading=\"lazy\" decoding=\"async\" class=\"aligncenter  wp-image-34063\" src=\"https:\/\/accobams.org\/wp-content\/uploads\/2024\/03\/BSC_logo.png\" alt=\"\" width=\"131\" height=\"118\" srcset=\"https:\/\/accobams.org\/wp-content\/uploads\/2024\/03\/BSC_logo.png 395w, https:\/\/accobams.org\/wp-content\/uploads\/2024\/03\/BSC_logo-300x270.png 300w\" sizes=\"auto, (max-width: 131px) 100vw, 131px\" \/><\/td><\/tr><tr><td style=\"text-align: center;\"><a href=\"https:\/\/www.rac-spa.org\/\" target=\"_blank\" rel=\"noopener\">PNUE-PAM SPA\/RAC<\/a><\/td><td><a href=\"http:\/\/www.blacksea-commission.org\/\" target=\"_blank\" rel=\"noopener\">Commission de la mer Noire<\/a><\/td><\/tr><\/tbody><\/table>","protected":false},"excerpt":{"rendered":"Les fonctions des Unit\u00e9s de coordination sous\u2010r\u00e9gionales sont les suivantes:a) faciliter la mise en \u0153uvre dans les sous\u2010r\u00e9gions respectives des activit\u00e9s pr\u00e9vues \u00e0 l\u2019Annexe 2 au pr\u00e9sent Accord, conform\u00e9ment aux instructions de la R\u00e9union des Parties;b) rassembler et \u00e9valuer les informations qui permettront de mieux atteindre les objectifs et la mise en \u0153uvre de l\u2019Accord, et de pourvoir \u00e0 une diffusion appropri\u00e9e de ces informations; etc) fournir un soutien administratif aux r\u00e9unions du Comit\u00e9 scientifique et pr\u00e9parer un rapport destin\u00e9 \u00e0 la R\u00e9union des Parties par l\u2019interm\u00e9diaire du secr\u00e9tariat de l\u2019Accord.\u00a0Chaque Unit\u00e9 de coordination, en consultation avec le Comit\u00e9 Scientifique et le Secr\u00e9tariat, facilite la pr\u00e9paration d\u2019un ensemble d\u2019\u00e9tudes ou de publications internationales qui devront \u00eatre r\u00e9guli\u00e8rement mises \u00e0 jour, comprenant:a) des rapports sur l\u2019\u00e9tat et l\u2019\u00e9volution des populations, ainsi que sur les lacunes dans les connaissances scientifiques;b) un r\u00e9pertoire sous\u2010r\u00e9gional des zones importantes pour les C\u00e9tac\u00e9s; etc) un r\u00e9pertoire [&hellip;]","protected":false},"author":1,"featured_media":0,"parent":0,"menu_order":0,"comment_status":"closed","ping_status":"closed","template":"","meta":{"footnotes":""},"class_list":["post-34274","page","type-page","status-publish","hentry","no-wpautop"],"aioseo_notices":[],"acf":[],"_links":{"self":[{"href":"https:\/\/accobams.org\/fr\/wp-json\/wp\/v2\/pages\/34274","targetHints":{"allow":["GET"]}}],"collection":[{"href":"https:\/\/accobams.org\/fr\/wp-json\/wp\/v2\/pages"}],"about":[{"href":"https:\/\/accobams.org\/fr\/wp-json\/wp\/v2\/types\/page"}],"author":[{"embeddable":true,"href":"https:\/\/accobams.org\/fr\/wp-json\/wp\/v2\/users\/1"}],"replies":[{"embeddable":true,"href":"https:\/\/accobams.org\/fr\/wp-json\/wp\/v2\/comments?post=34274"}],"version-history":[{"count":2,"href":"https:\/\/accobams.org\/fr\/wp-json\/wp\/v2\/pages\/34274\/revisions"}],"predecessor-version":[{"id":34275,"href":"https:\/\/accobams.org\/fr\/wp-json\/wp\/v2\/pages\/34274\/revisions\/34275"}],"wp:attachment":[{"href":"https:\/\/accobams.org\/fr\/wp-json\/wp\/v2\/media?parent=34274"}],"curies":[{"name":"wp","href":"https:\/\/api.w.org\/{rel}","templated":true}]}}