{"id":34268,"date":"2024-03-28T14:22:27","date_gmt":"2024-03-28T13:22:27","guid":{"rendered":"https:\/\/accobams.org\/the-meeting-of-the-parties\/"},"modified":"2026-03-19T16:40:01","modified_gmt":"2026-03-19T15:40:01","slug":"the-meeting-of-the-parties","status":"publish","type":"page","link":"https:\/\/accobams.org\/fr\/the-meeting-of-the-parties\/","title":{"rendered":"La R\u00e9union des Parties"},"content":{"rendered":"<p style=\"text-align: justify;\"><span id=\"result_box\" class=\"\" lang=\"fr\">La R\u00e9union des Parties (MOP) est l\u2019organe d\u00e9cisionnel de l\u2019ACCOBAMS. <br \/><\/span><span id=\"result_box\" class=\"\" lang=\"fr\"><span class=\"\">La MOP se r\u00e9unit tous les trois ans (\u00e0 moins qu\u2019il n\u2019en ai d\u00e9cid\u00e9 autrement) afin d\u2019examiner les progr\u00e8s r\u00e9alis\u00e9s et les difficult\u00e9s rencontr\u00e9es dans la mise en \u0153uvre de l\u2019Accord et de fixer les priorit\u00e9s pour le prochain triennat.<\/span><\/span><\/p><p style=\"text-align: justify;\"><span id=\"result_box\" class=\"\" lang=\"fr\"> <span class=\"\">Les \u00c9tats de l\u2019aire de r\u00e9partition non-parties et les organisations \u00e9conomiques r\u00e9gionales limitrophes de la zone de l\u2019Accord, ainsi qu\u2019un certain nombre d\u2019autres organisations et partenaires concern\u00e9s ont le droit d\u2019envoyer des observateurs \u00e0 la MOP; d<\/span><span class=\"\">\u2018autres organismes qualifi\u00e9s dans la conservation et la gestion des esp\u00e8ces de c\u00e9tac\u00e9s peuvent pr\u00e9senter une demande de statut d\u2019observateur.<\/span><\/span><\/p><p>&nbsp;<\/p><p><a href=\"https:\/\/accobams.org\/wp-content\/uploads\/2026\/03\/Web-edit_2026-03_ACCOBAMS-National-Focal-Points.pdf\" target=\"_blank\" rel=\"noopener\">Liste des Points Focaux Nationaux de l&rsquo;ACCOBAMS<\/a><\/p><p><a href=\"https:\/\/accobams.org\/fr\/documents-resolutions\/rapports-officiels\/\" target=\"_blank\" rel=\"noopener\">Lien vers les Rapports des MOP de l&rsquo;ACCOBAMS <\/a>\u00a0\u00a0<\/p>","protected":false},"excerpt":{"rendered":"La R\u00e9union des Parties (MOP) est l\u2019organe d\u00e9cisionnel de l\u2019ACCOBAMS. La MOP se r\u00e9unit tous les trois ans (\u00e0 moins qu\u2019il n\u2019en ai d\u00e9cid\u00e9 autrement) afin d\u2019examiner les progr\u00e8s r\u00e9alis\u00e9s et les difficult\u00e9s rencontr\u00e9es dans la mise en \u0153uvre de l\u2019Accord et de fixer les priorit\u00e9s pour le prochain triennat. Les \u00c9tats de l\u2019aire de r\u00e9partition non-parties et les organisations \u00e9conomiques r\u00e9gionales limitrophes de la zone de l\u2019Accord, ainsi qu\u2019un certain nombre d\u2019autres organisations et partenaires concern\u00e9s ont le droit d\u2019envoyer des observateurs \u00e0 la MOP; d\u2018autres organismes qualifi\u00e9s dans la conservation et la gestion des esp\u00e8ces de c\u00e9tac\u00e9s peuvent pr\u00e9senter une demande de statut d\u2019observateur.&nbsp;Liste des Points Focaux Nationaux de l&rsquo;ACCOBAMSLien vers les Rapports des MOP de l&rsquo;ACCOBAMS \u00a0\u00a0","protected":false},"author":1,"featured_media":0,"parent":0,"menu_order":0,"comment_status":"closed","ping_status":"closed","template":"","meta":{"footnotes":""},"class_list":["post-34268","page","type-page","status-publish","hentry","no-wpautop"],"aioseo_notices":[],"acf":[],"_links":{"self":[{"href":"https:\/\/accobams.org\/fr\/wp-json\/wp\/v2\/pages\/34268","targetHints":{"allow":["GET"]}}],"collection":[{"href":"https:\/\/accobams.org\/fr\/wp-json\/wp\/v2\/pages"}],"about":[{"href":"https:\/\/accobams.org\/fr\/wp-json\/wp\/v2\/types\/page"}],"author":[{"embeddable":true,"href":"https:\/\/accobams.org\/fr\/wp-json\/wp\/v2\/users\/1"}],"replies":[{"embeddable":true,"href":"https:\/\/accobams.org\/fr\/wp-json\/wp\/v2\/comments?post=34268"}],"version-history":[{"count":4,"href":"https:\/\/accobams.org\/fr\/wp-json\/wp\/v2\/pages\/34268\/revisions"}],"predecessor-version":[{"id":39007,"href":"https:\/\/accobams.org\/fr\/wp-json\/wp\/v2\/pages\/34268\/revisions\/39007"}],"wp:attachment":[{"href":"https:\/\/accobams.org\/fr\/wp-json\/wp\/v2\/media?parent=34268"}],"curies":[{"name":"wp","href":"https:\/\/api.w.org\/{rel}","templated":true}]}}