{"id":34248,"date":"2024-04-03T11:02:24","date_gmt":"2024-04-03T09:02:24","guid":{"rendered":"https:\/\/accobams.org\/?page_id=34248"},"modified":"2026-02-04T12:15:17","modified_gmt":"2026-02-04T11:15:17","slug":"secretariat-de-laccobams","status":"publish","type":"page","link":"https:\/\/accobams.org\/fr\/secretariat-de-laccobams\/","title":{"rendered":"Secr\u00e9tariat de l&rsquo;ACCOBAMS"},"content":{"rendered":"<p style=\"text-align: justify;\">Depuis f\u00e9vrier 2002, le Gouvernement de S.A.S. le Prince de Monaco accueille le Secr\u00e9tariat. En 2016, \u00e0 l\u2019occasion du 20\u00e8me anniversaire de l\u2019ACCOBAMS, un Accord de Si\u00e8ge amend\u00e9 entre le Gouvernement de S.A.S. le Prince de Monaco et le Secr\u00e9tariat de l\u2019ACCOBAMS a \u00e9t\u00e9 sign\u00e9 par le Pr\u00e9sident du Bureau de l\u2019ACCOBAMS et le Secr\u00e9taire Ex\u00e9cutif au nom des Parties \u00e0 l\u2019ACCOBAMS.<\/p><p style=\"text-align: justify;\">Les fonctions du Secr\u00e9tariat sont les suivantes:<\/p><p style=\"padding-left: 40px; text-align: justify;\">a) organiser et assurer le secr\u00e9tariat des sessions de la R\u00e9union des Parties;<br \/>b) assurer la liaison et faciliter la coop\u00e9ration entre les \u00c9tats de l\u2019aire de r\u00e9partition, qu\u2019ils soient ou non Parties \u00e0 l\u2019Accord, et les organes internationaux et nationaux dont les activit\u00e9s sont directement ou indirectement en rapport avec la conservation des C\u00e9tac\u00e9s dans la zone de l\u2019Accord;<br \/>c) assister les Parties dans l\u2019application de l\u2019Accord, en assurant une coh\u00e9rence entre les sous\u2010r\u00e9gions et avec les dispositions pr\u00e9vues par d\u2019autres instruments internationaux en vigueur;<br \/>d) ex\u00e9cuter les d\u00e9cisions qui lui sont d\u00e9volues par la R\u00e9union des Parties;<br \/>e) attirer l\u2019attention de la R\u00e9union des Parties sur toute question relative au pr\u00e9sent Accord;<br \/>f) pr\u00e9senter \u00e0 chaque session ordinaire de la R\u00e9union des Parties un rapport sur ses travaux ainsi que sur ceux des Unit\u00e9s de coordination du Bureau et du Comit\u00e9 scientifique et sur l\u2019application de l\u2019Accord en se fondant sur des informations fournies par les Parties et d\u2019autres sources; <br \/>g) g\u00e9rer le budget du pr\u00e9sent Accord;<br \/>h) fournir des renseignements au grand public sur le pr\u00e9sent Accord et sur ses objectifs; et<br \/>i) remplir toute autre fonction qui lui est confi\u00e9e aux termes du pr\u00e9sent Accord ou par la R\u00e9union des Parties.<\/p><p style=\"text-align: justify;\">De plus, le Secr\u00e9tariat, en consultation avec le Comit\u00e9 scientifique et les Unit\u00e9s de coordination, pr\u00e9pare des lignes directrices portant entre autres sur:<\/p><p style=\"padding-left: 40px; text-align: justify;\">a) la r\u00e9duction ou l\u2019\u00e9limination, dans la mesure du possible et aux fins du pr\u00e9sent Accord, des interactions nuisibles homme\u2010C\u00e9tac\u00e9s;<br \/>b) des m\u00e9thodes de protection des habitats et de gestion des ressources naturelles pouvant concerner les C\u00e9tac\u00e9s;<br \/>c) des mesures d\u2019urgence; et<br \/>d) des m\u00e9thodes de sauvetage.<\/p><p>&nbsp;<\/p><table><tbody><tr><td style=\"text-align: center;\" colspan=\"2\"><strong>Equipe du Secr\u00e9tariat<\/strong><\/td><\/tr><tr><td><img loading=\"lazy\" decoding=\"async\" class=\"aligncenter  wp-image-34742\" src=\"https:\/\/accobams.org\/wp-content\/uploads\/2024\/09\/Maylis-e1712213879892-228x300-1.jpg\" alt=\"\" width=\"140\" height=\"118\" \/><\/td><td><strong>Ma\u00fflis SALIVAS<\/strong><br \/><em>Secr\u00e9taire Ex\u00e9cutif<\/em><\/td><\/tr><tr><td><img loading=\"lazy\" decoding=\"async\" class=\"aligncenter  wp-image-34746\" src=\"https:\/\/accobams.org\/wp-content\/uploads\/2024\/09\/C.Montiglio-300x252-1.jpg\" alt=\"\" width=\"140\" height=\"118\" \/><\/td><td><strong>Camille MONTIGLIO<\/strong><br \/><em>Assistante du Secr\u00e9taire Ex\u00e9cutif<\/em><\/td><\/tr><tr><td><img loading=\"lazy\" decoding=\"async\" class=\"aligncenter  wp-image-34740\" src=\"https:\/\/accobams.org\/wp-content\/uploads\/2024\/09\/Frida-1.jpg\" alt=\"\" width=\"140\" height=\"118\" \/><\/td><td><strong>Frida NIGRI<\/strong><br \/><em>Comptable &amp; Assistante Programme<\/em><\/td><\/tr><tr><td><a href=\"https:\/\/accobams.org\/wp-content\/uploads\/2026\/02\/Salome-CALLEY.jpg\"><img loading=\"lazy\" decoding=\"async\" class=\"alignleft wp-image-38733\" src=\"https:\/\/accobams.org\/wp-content\/uploads\/2026\/02\/Salome-CALLEY.jpg\" alt=\"\" width=\"140\" height=\"167\" srcset=\"https:\/\/accobams.org\/wp-content\/uploads\/2026\/02\/Salome-CALLEY.jpg 864w, https:\/\/accobams.org\/wp-content\/uploads\/2026\/02\/Salome-CALLEY-251x300.jpg 251w, https:\/\/accobams.org\/wp-content\/uploads\/2026\/02\/Salome-CALLEY-857x1024.jpg 857w\" sizes=\"auto, (max-width: 140px) 100vw, 140px\" \/><\/a><\/td><td><strong>Salom\u00e9 CALLEY<br \/><\/strong><em>ACCOBAMS Programme and Projects Officer<br \/>ACCOBAMS Survey Initiative II<\/em><\/td><\/tr><tr><td><a href=\"https:\/\/accobams.org\/wp-content\/uploads\/2026\/02\/Renaud-CORNIQUET.jpg\"><img loading=\"lazy\" decoding=\"async\" class=\"alignleft wp-image-38731\" src=\"https:\/\/accobams.org\/wp-content\/uploads\/2026\/02\/Renaud-CORNIQUET.jpg\" alt=\"\" width=\"140\" height=\"191\" srcset=\"https:\/\/accobams.org\/wp-content\/uploads\/2026\/02\/Renaud-CORNIQUET.jpg 1384w, https:\/\/accobams.org\/wp-content\/uploads\/2026\/02\/Renaud-CORNIQUET-220x300.jpg 220w, https:\/\/accobams.org\/wp-content\/uploads\/2026\/02\/Renaud-CORNIQUET-750x1024.jpg 750w, https:\/\/accobams.org\/wp-content\/uploads\/2026\/02\/Renaud-CORNIQUET-1125x1536.jpg 1125w\" sizes=\"auto, (max-width: 140px) 100vw, 140px\" \/><\/a><\/td><td><strong>Renaud CORNIQUET<br \/><\/strong><em>ACCOBAMS Programme and Projects Officer<br \/>ACCOBAMS Communication Strategy<\/em><strong><br \/><\/strong><\/td><\/tr><\/tbody><\/table><p>&nbsp;<\/p>","protected":false},"excerpt":{"rendered":"Depuis f\u00e9vrier 2002, le Gouvernement de S.A.S. le Prince de Monaco accueille le Secr\u00e9tariat. En 2016, \u00e0 l\u2019occasion du 20\u00e8me anniversaire de l\u2019ACCOBAMS, un Accord de Si\u00e8ge amend\u00e9 entre le Gouvernement de S.A.S. le Prince de Monaco et le Secr\u00e9tariat de l\u2019ACCOBAMS a \u00e9t\u00e9 sign\u00e9 par le Pr\u00e9sident du Bureau de l\u2019ACCOBAMS et le Secr\u00e9taire Ex\u00e9cutif au nom des Parties \u00e0 l\u2019ACCOBAMS.Les fonctions du Secr\u00e9tariat sont les suivantes:a) organiser et assurer le secr\u00e9tariat des sessions de la R\u00e9union des Parties;b) assurer la liaison et faciliter la coop\u00e9ration entre les \u00c9tats de l\u2019aire de r\u00e9partition, qu\u2019ils soient ou non Parties \u00e0 l\u2019Accord, et les organes internationaux et nationaux dont les activit\u00e9s sont directement ou indirectement en rapport avec la conservation des C\u00e9tac\u00e9s dans la zone de l\u2019Accord;c) assister les Parties dans l\u2019application de l\u2019Accord, en assurant une coh\u00e9rence entre les sous\u2010r\u00e9gions et avec les dispositions pr\u00e9vues par d\u2019autres instruments internationaux en [&hellip;]","protected":false},"author":1,"featured_media":0,"parent":0,"menu_order":0,"comment_status":"closed","ping_status":"closed","template":"","meta":{"footnotes":""},"class_list":["post-34248","page","type-page","status-publish","hentry","no-wpautop"],"aioseo_notices":[],"acf":[],"_links":{"self":[{"href":"https:\/\/accobams.org\/fr\/wp-json\/wp\/v2\/pages\/34248","targetHints":{"allow":["GET"]}}],"collection":[{"href":"https:\/\/accobams.org\/fr\/wp-json\/wp\/v2\/pages"}],"about":[{"href":"https:\/\/accobams.org\/fr\/wp-json\/wp\/v2\/types\/page"}],"author":[{"embeddable":true,"href":"https:\/\/accobams.org\/fr\/wp-json\/wp\/v2\/users\/1"}],"replies":[{"embeddable":true,"href":"https:\/\/accobams.org\/fr\/wp-json\/wp\/v2\/comments?post=34248"}],"version-history":[{"count":32,"href":"https:\/\/accobams.org\/fr\/wp-json\/wp\/v2\/pages\/34248\/revisions"}],"predecessor-version":[{"id":38735,"href":"https:\/\/accobams.org\/fr\/wp-json\/wp\/v2\/pages\/34248\/revisions\/38735"}],"wp:attachment":[{"href":"https:\/\/accobams.org\/fr\/wp-json\/wp\/v2\/media?parent=34248"}],"curies":[{"name":"wp","href":"https:\/\/api.w.org\/{rel}","templated":true}]}}