{"id":34230,"date":"2024-03-28T15:38:23","date_gmt":"2024-03-28T14:38:23","guid":{"rendered":"https:\/\/accobams.org\/accobams-scientific-committee\/"},"modified":"2026-02-04T11:55:18","modified_gmt":"2026-02-04T10:55:18","slug":"accobams-scientific-committee","status":"publish","type":"page","link":"https:\/\/accobams.org\/fr\/accobams-scientific-committee\/","title":{"rendered":"Comit\u00e9 Scientifique de l&rsquo;ACCOBAMS"},"content":{"rendered":"<p style=\"text-align: justify;\"><span id=\"result_box\" class=\"\" lang=\"fr\"><span class=\"\">Le Comit\u00e9 Scientifique donne ses avis ainsi que les informations scientifiques pertinentes \u00e0 la R\u00e9union des Parties ou aux Parties par l\u2019interm\u00e9diaire du Secr\u00e9tariat.<\/span><\/span><\/p><p style=\"text-align: justify;\"><span id=\"result_box\" class=\"\" lang=\"fr\"><span class=\"\">Le Comit\u00e9 Scientifique doit:<\/span><\/span><\/p><p style=\"text-align: justify; padding-left: 40px;\"><span id=\"result_box\" class=\"\" lang=\"fr\"><span class=\"\">a) fournir des conseils \u00e0 la R\u00e9union des Parties relatifs aux questions scientifiques et techniques ayant rapport \u00e0 l\u2019application de l\u2019Accord et, selon les besoins, individuellement aux Parties entre les sessions, par l\u2019interm\u00e9diaire de l\u2019Unit\u00e9 de coordination de la sous\u2010r\u00e9gion concern\u00e9e;<br \/>b) donner son avis sur les lignes directrices tel que pr\u00e9vu \u00e0 l\u2019Article IV, paragraphe 3, examiner les \u00e9valuations pr\u00e9par\u00e9es dans le cadre de l\u2019Annexe 2 au pr\u00e9sent Accord et formuler des recommandations \u00e0 la R\u00e9union des Parties quant \u00e0 leur d\u00e9veloppement, leur contenu et leur mise en \u0153uvre;<br \/>c) examiner des \u00e9valuations scientifiques de l\u2019\u00e9tat de conservation des populations de C\u00e9tac\u00e9s;<br \/>d) donner un avis sur le d\u00e9veloppement et la coordination des programmes internationaux de recherche et de surveillance continue, et faire des recommandations \u00e0 la R\u00e9union des Parties au sujet des recherches suppl\u00e9mentaires \u00e0 effectuer;<br \/>e) faciliter les \u00e9changes de l\u2019information scientifique et des techniques de conservation;<br \/>f) pr\u00e9parer pour chaque session de la R\u00e9union des Parties un rapport sur ses activit\u00e9s, rapport qui sera soumis au Secr\u00e9tariat de l\u2019Accord au plus tard cent vingt jours avant la session de la R\u00e9union des Parties et diffus\u00e9 par le Secr\u00e9tariat de l\u2019Accord \u00e0 toutes les Parties;<br \/>g) \u00e9mettre, dans le meilleur d\u00e9lai, un avis sur les d\u00e9rogations dont il a \u00e9t\u00e9 saisi, conform\u00e9ment \u00e0 l\u2019Article II, paragraphe 2; et<br \/>h) accomplir, le cas \u00e9ch\u00e9ant, toute t\u00e2che qui lui sera confi\u00e9e par la R\u00e9union des Parties.<br \/><\/span><\/span><\/p><p style=\"text-align: justify;\">Le Comit\u00e9 Scientifique se r\u00e9unit au moins deux fois entre deux R\u00e9unions des Parties.<\/p><p>&nbsp;<\/p><p>ACCOBAMS-MOP9\/2025\/R\u00e9solution 9.4 &#8211; Comit\u00e9 Scientifique<\/p><p><a href=\"https:\/\/accobams.org\/wp-content\/uploads\/2026\/02\/2026-2028_Composition-of-the-ACCOBAMS-Scientific-Committee-web-.pdf\" target=\"_blank\" rel=\"noopener\"><strong>Composition du Comit\u00e9 Scientifique de l&rsquo;ACCOBAMS pour 2026-2028<\/strong><\/a><\/p><p><a href=\"https:\/\/accobams.org\/fr\/documents-resolutions\/rapports-officiels\/\" target=\"_blank\" rel=\"noopener\"><strong>Lien vers les Rapports du Comit\u00e9 Scientifique de l&rsquo;ACCOBAMS<\/strong><\/a><\/p><p>&nbsp;<\/p><p style=\"text-align: justify;\">\u00a0<\/p><p>&nbsp;<\/p>","protected":false},"excerpt":{"rendered":"Le Comit\u00e9 Scientifique donne ses avis ainsi que les informations scientifiques pertinentes \u00e0 la R\u00e9union des Parties ou aux Parties par l\u2019interm\u00e9diaire du Secr\u00e9tariat.Le Comit\u00e9 Scientifique doit:a) fournir des conseils \u00e0 la R\u00e9union des Parties relatifs aux questions scientifiques et techniques ayant rapport \u00e0 l\u2019application de l\u2019Accord et, selon les besoins, individuellement aux Parties entre les sessions, par l\u2019interm\u00e9diaire de l\u2019Unit\u00e9 de coordination de la sous\u2010r\u00e9gion concern\u00e9e;b) donner son avis sur les lignes directrices tel que pr\u00e9vu \u00e0 l\u2019Article IV, paragraphe 3, examiner les \u00e9valuations pr\u00e9par\u00e9es dans le cadre de l\u2019Annexe 2 au pr\u00e9sent Accord et formuler des recommandations \u00e0 la R\u00e9union des Parties quant \u00e0 leur d\u00e9veloppement, leur contenu et leur mise en \u0153uvre;c) examiner des \u00e9valuations scientifiques de l\u2019\u00e9tat de conservation des populations de C\u00e9tac\u00e9s;d) donner un avis sur le d\u00e9veloppement et la coordination des programmes internationaux de recherche et de surveillance continue, et faire des recommandations \u00e0 [&hellip;]","protected":false},"author":1,"featured_media":0,"parent":0,"menu_order":0,"comment_status":"closed","ping_status":"closed","template":"","meta":{"footnotes":""},"class_list":["post-34230","page","type-page","status-publish","hentry","no-wpautop"],"aioseo_notices":[],"acf":[],"_links":{"self":[{"href":"https:\/\/accobams.org\/fr\/wp-json\/wp\/v2\/pages\/34230","targetHints":{"allow":["GET"]}}],"collection":[{"href":"https:\/\/accobams.org\/fr\/wp-json\/wp\/v2\/pages"}],"about":[{"href":"https:\/\/accobams.org\/fr\/wp-json\/wp\/v2\/types\/page"}],"author":[{"embeddable":true,"href":"https:\/\/accobams.org\/fr\/wp-json\/wp\/v2\/users\/1"}],"replies":[{"embeddable":true,"href":"https:\/\/accobams.org\/fr\/wp-json\/wp\/v2\/comments?post=34230"}],"version-history":[{"count":3,"href":"https:\/\/accobams.org\/fr\/wp-json\/wp\/v2\/pages\/34230\/revisions"}],"predecessor-version":[{"id":38729,"href":"https:\/\/accobams.org\/fr\/wp-json\/wp\/v2\/pages\/34230\/revisions\/38729"}],"wp:attachment":[{"href":"https:\/\/accobams.org\/fr\/wp-json\/wp\/v2\/media?parent=34230"}],"curies":[{"name":"wp","href":"https:\/\/api.w.org\/{rel}","templated":true}]}}