{"id":34220,"date":"2024-03-28T14:58:18","date_gmt":"2024-03-28T13:58:18","guid":{"rendered":"https:\/\/accobams.org\/the-accobams-bureau\/"},"modified":"2025-12-01T13:49:22","modified_gmt":"2025-12-01T12:49:22","slug":"the-accobams-bureau","status":"publish","type":"page","link":"https:\/\/accobams.org\/fr\/the-accobams-bureau\/","title":{"rendered":"Bureau de l&rsquo;ACCOBAMS"},"content":{"rendered":"<p style=\"text-align: justify;\"><span id=\"result_box\" class=\"\" lang=\"fr\"><span class=\"\">La R\u00e9union des Parties (MOP) \u00e9lit un Bureau compos\u00e9 d\u2019un Pr\u00e9sident et de quatre Vice-Pr\u00e9sidents de la MOP.<\/span><\/span><\/p><p style=\"text-align: justify;\">Le Bureau:<\/p><p style=\"padding-left: 40px; text-align: justify;\">a) fournit une orientation politique g\u00e9n\u00e9rale et une direction op\u00e9rationnelle et financi\u00e8re au Secr\u00e9tariat de l\u2019Accord et aux Unit\u00e9s de Coordination Sous-R\u00e9gionales concernant la mise en \u0153uvre et la promotion de l\u2019Accord;<br \/>b) s\u2019acquitte, entre les sessions de la R\u00e9union des Parties, de toutes les activit\u00e9s temporaires qui lui sont assign\u00e9es par la R\u00e9union des Parties ou qui peuvent \u00eatre dans son int\u00e9r\u00eat ;<br \/>c) repr\u00e9sente les Parties aupr\u00e8s du Gouvernement du Pays h\u00f4te du Secr\u00e9tariat de l\u2019Accord, de la R\u00e9union des Parties, du D\u00e9positaire et des Parties des autres Organisations internationales sur les questions relatives \u00e0 l\u2019Accord et \u00e0 son Secr\u00e9tariat.<\/p><p style=\"text-align: justify;\">Le Bureau se r\u00e9unit au moins deux fois entre deux R\u00e9unions des Parties. Une de ces R\u00e9unions devra avoir lieu six mois avant chaque R\u00e9union des Parties et fera office de R\u00e9union pr\u00e9paratoire \u00e0 la R\u00e9union des Parties.<\/p><p style=\"text-align: justify;\">Le Pr\u00e9sident du Comit\u00e9 Scientifique est invit\u00e9 \u00e0 prendre part aux R\u00e9unions du Bureau en tant qu\u2019observateur.<\/p><p style=\"text-align: justify;\">\u00a0<\/p><p style=\"text-align: justify;\">La Neuvi\u00e8me R\u00e9union des Parties a approuv\u00e9 la composition du Bureau comme suit pour la p\u00e9riode 2026-2028 :<\/p><table><tbody><tr><td style=\"text-align: center;\">Pr\u00e9sidente<\/td><td style=\"text-align: center;\">Mr Lavrentios VASILIADES <em>(Chypre)<\/em><\/td><td style=\"text-align: center;\"><a href=\"https:\/\/accobams.org\/wp-content\/uploads\/2025\/12\/L.Vasiliades.jpg\"><img loading=\"lazy\" decoding=\"async\" class=\"alignleft wp-image-37726\" src=\"https:\/\/accobams.org\/wp-content\/uploads\/2025\/12\/L.Vasiliades.jpg\" alt=\"\" width=\"190\" height=\"237\" srcset=\"https:\/\/accobams.org\/wp-content\/uploads\/2025\/12\/L.Vasiliades.jpg 401w, https:\/\/accobams.org\/wp-content\/uploads\/2025\/12\/L.Vasiliades-241x300.jpg 241w\" sizes=\"auto, (max-width: 190px) 100vw, 190px\" \/><\/a><\/td><\/tr><tr><td style=\"text-align: center;\"><span id=\"result_box\" class=\"\" lang=\"fr\"><span class=\"\">Vice-Pr\u00e9sidente<\/span><\/span><\/td><td style=\"text-align: center;\">Mme Yana VELINA <em>(Bulgarie)<\/em><\/td><td style=\"text-align: center;\"><img loading=\"lazy\" decoding=\"async\" class=\"aligncenter wp-image-33999\" src=\"https:\/\/accobams.org\/wp-content\/uploads\/2024\/03\/Yana-VELINA-scaled-e1711635568725.jpg\" alt=\"\" width=\"190\" height=\"189\" srcset=\"https:\/\/accobams.org\/wp-content\/uploads\/2024\/03\/Yana-VELINA-scaled-e1711635568725.jpg 1901w, https:\/\/accobams.org\/wp-content\/uploads\/2024\/03\/Yana-VELINA-scaled-e1711635568725-300x300.jpg 300w, https:\/\/accobams.org\/wp-content\/uploads\/2024\/03\/Yana-VELINA-scaled-e1711635568725-1024x1020.jpg 1024w, https:\/\/accobams.org\/wp-content\/uploads\/2024\/03\/Yana-VELINA-scaled-e1711635568725-150x150.jpg 150w, https:\/\/accobams.org\/wp-content\/uploads\/2024\/03\/Yana-VELINA-scaled-e1711635568725-1536x1530.jpg 1536w\" sizes=\"auto, (max-width: 190px) 100vw, 190px\" \/><\/td><\/tr><tr><td style=\"text-align: center;\"><span id=\"result_box\" class=\"\" lang=\"fr\"><span class=\"\">Vice-Pr\u00e9sidente<\/span><\/span><\/td><td style=\"text-align: center;\">Mme Nora SUSBIELLE <em>(France)<\/em><\/td><td style=\"text-align: center;\"><img loading=\"lazy\" decoding=\"async\" class=\"aligncenter wp-image-34054\" src=\"https:\/\/accobams.org\/wp-content\/uploads\/2024\/03\/Unknown.png\" alt=\"\" width=\"185\" height=\"136\" srcset=\"https:\/\/accobams.org\/wp-content\/uploads\/2024\/03\/Unknown.png 667w, https:\/\/accobams.org\/wp-content\/uploads\/2024\/03\/Unknown-300x220.png 300w\" sizes=\"auto, (max-width: 185px) 100vw, 185px\" \/><p>&nbsp;<\/p><\/td><\/tr><tr><td style=\"text-align: center;\"><span id=\"result_box\" class=\"\" lang=\"fr\"><span class=\"\">Vice-Pr\u00e9sidente<\/span><\/span><\/td><td style=\"text-align: center;\">Mme Cristina FARCHI <em>(Italie)<\/em><\/td><td style=\"text-align: center;\"><img loading=\"lazy\" decoding=\"async\" class=\"aligncenter wp-image-34054\" src=\"https:\/\/accobams.org\/wp-content\/uploads\/2024\/03\/Unknown.png\" alt=\"\" width=\"185\" height=\"136\" srcset=\"https:\/\/accobams.org\/wp-content\/uploads\/2024\/03\/Unknown.png 667w, https:\/\/accobams.org\/wp-content\/uploads\/2024\/03\/Unknown-300x220.png 300w\" sizes=\"auto, (max-width: 185px) 100vw, 185px\" \/><\/td><\/tr><tr><td style=\"text-align: center;\"><span id=\"result_box\" class=\"\" lang=\"fr\"><span class=\"\">Vice-Pr\u00e9sident<\/span><\/span><\/td><td style=\"text-align: center;\">Mr Mohamed Yassine EL AROUSSI <em>(Maroc)<\/em><\/td><td style=\"text-align: center;\"><img loading=\"lazy\" decoding=\"async\" class=\"aligncenter wp-image-34054\" src=\"https:\/\/accobams.org\/wp-content\/uploads\/2024\/03\/Unknown.png\" alt=\"\" width=\"185\" height=\"136\" srcset=\"https:\/\/accobams.org\/wp-content\/uploads\/2024\/03\/Unknown.png 667w, https:\/\/accobams.org\/wp-content\/uploads\/2024\/03\/Unknown-300x220.png 300w\" sizes=\"auto, (max-width: 185px) 100vw, 185px\" \/><\/td><\/tr><\/tbody><\/table><p>&nbsp;<\/p><p><a href=\"https:\/\/accobams.org\/fr\/documents-resolutions\/rapports-officiels\/\" target=\"_blank\" rel=\"noopener\">Lien vers les Rapports du Bureau de l&rsquo;ACCOBAMS<\/a><\/p>","protected":false},"excerpt":{"rendered":"La R\u00e9union des Parties (MOP) \u00e9lit un Bureau compos\u00e9 d\u2019un Pr\u00e9sident et de quatre Vice-Pr\u00e9sidents de la MOP.Le Bureau:a) fournit une orientation politique g\u00e9n\u00e9rale et une direction op\u00e9rationnelle et financi\u00e8re au Secr\u00e9tariat de l\u2019Accord et aux Unit\u00e9s de Coordination Sous-R\u00e9gionales concernant la mise en \u0153uvre et la promotion de l\u2019Accord;b) s\u2019acquitte, entre les sessions de la R\u00e9union des Parties, de toutes les activit\u00e9s temporaires qui lui sont assign\u00e9es par la R\u00e9union des Parties ou qui peuvent \u00eatre dans son int\u00e9r\u00eat ;c) repr\u00e9sente les Parties aupr\u00e8s du Gouvernement du Pays h\u00f4te du Secr\u00e9tariat de l\u2019Accord, de la R\u00e9union des Parties, du D\u00e9positaire et des Parties des autres Organisations internationales sur les questions relatives \u00e0 l\u2019Accord et \u00e0 son Secr\u00e9tariat.Le Bureau se r\u00e9unit au moins deux fois entre deux R\u00e9unions des Parties. Une de ces R\u00e9unions devra avoir lieu six mois avant chaque R\u00e9union des Parties et fera office de R\u00e9union pr\u00e9paratoire [&hellip;]","protected":false},"author":1,"featured_media":0,"parent":0,"menu_order":0,"comment_status":"closed","ping_status":"closed","template":"","meta":{"footnotes":""},"class_list":["post-34220","page","type-page","status-publish","hentry","no-wpautop"],"aioseo_notices":[],"acf":[],"_links":{"self":[{"href":"https:\/\/accobams.org\/fr\/wp-json\/wp\/v2\/pages\/34220","targetHints":{"allow":["GET"]}}],"collection":[{"href":"https:\/\/accobams.org\/fr\/wp-json\/wp\/v2\/pages"}],"about":[{"href":"https:\/\/accobams.org\/fr\/wp-json\/wp\/v2\/types\/page"}],"author":[{"embeddable":true,"href":"https:\/\/accobams.org\/fr\/wp-json\/wp\/v2\/users\/1"}],"replies":[{"embeddable":true,"href":"https:\/\/accobams.org\/fr\/wp-json\/wp\/v2\/comments?post=34220"}],"version-history":[{"count":6,"href":"https:\/\/accobams.org\/fr\/wp-json\/wp\/v2\/pages\/34220\/revisions"}],"predecessor-version":[{"id":37729,"href":"https:\/\/accobams.org\/fr\/wp-json\/wp\/v2\/pages\/34220\/revisions\/37729"}],"wp:attachment":[{"href":"https:\/\/accobams.org\/fr\/wp-json\/wp\/v2\/media?parent=34220"}],"curies":[{"name":"wp","href":"https:\/\/api.w.org\/{rel}","templated":true}]}}