{"id":34216,"date":"2024-04-02T14:06:06","date_gmt":"2024-04-02T12:06:06","guid":{"rendered":"https:\/\/accobams.org\/accobams-follow-up-committee\/"},"modified":"2026-02-04T12:31:50","modified_gmt":"2026-02-04T11:31:50","slug":"accobams-follow-up-committee","status":"publish","type":"page","link":"https:\/\/accobams.org\/fr\/accobams-follow-up-committee\/","title":{"rendered":"Comit\u00e9 de Suivi des Obligations de l&rsquo;ACCOBAMS"},"content":{"rendered":"<p style=\"text-align: justify;\">Le Comit\u00e9 de Suivi des Obligations de l&rsquo;ACCOBAMS est compos\u00e9 de cinq membres \u00e9lus lors des R\u00e9unions des Parties. Trois des membres sont \u00e9lus par les Parties et deux des membres sont \u00e9lus par des entit\u00e9s ayant le statut de Partenaire de l&rsquo;ACCOBAMS.<\/p><p style=\"text-align: justify;\">Le mandat complet des Membres du Comit\u00e9 de Suivi des Obligations de l&rsquo;ACCOBAMS commence \u00e0 la fin d&rsquo;une R\u00e9union des Parties et se poursuit jusqu&rsquo;\u00e0 la fin de la deuxi\u00e8me R\u00e9union des Parties suivante.<\/p><p style=\"text-align: justify;\">Le Comit\u00e9 de Suivi des Obligations de l&rsquo;ACCOBAMS se r\u00e9unit au moins une fois par an. Les r\u00e9unions du Comit\u00e9 de Suivi des Obligations de l&rsquo;ACCOBAMS sont ouvertes aux observateurs \u00e0 moins que la Partie dont le suivi est en question n&rsquo;en fasse la demande.<\/p><p>&nbsp;<\/p><p><a href=\"https:\/\/accobams.org\/wp-content\/uploads\/2016\/06\/ACCOBAMS_MOP5.Res_.5.4_fr.pdf\" target=\"_blank\" rel=\"noopener\"><strong>R\u00e9solution 5.4<\/strong><\/a><strong> &#8211; Proc\u00e9dure de suivi des obligations de l\u2019ACCOBAMS<\/strong><\/p><p><a href=\"https:\/\/accobams.org\/wp-content\/uploads\/2017\/04\/ACCOBAMS_MOP6_Res.6.8_fr.pdf\" target=\"_blank\" rel=\"noopener\"><strong>R\u00e9solution 6.8<\/strong><\/a><strong> &#8211; Amendements \u00e0 la Proc\u00e9dure de Suivi des obligations<\/strong><\/p><p><a href=\"https:\/\/accobams.org\/wp-content\/uploads\/2023\/01\/MOP8.Doc31_Annexe13_Res8.8.pdf\" target=\"_blank\" rel=\"noopener\"><strong>ACCOBAMS-MOP8\/2022\/R\u00e9solution 8.8 <\/strong><\/a><strong>&#8211; Proc\u00e9dure de Suivi des Obligations<\/strong><\/p><p>ACCOBAMS-MOP9\/2025\/R\u00e9solution 9.6 &#8211;\u00a0<\/p><p>ACCOBAMS-MOP9\/2025\/R\u00e9solution 9.7 &#8211;\u00a0<\/p><p>&nbsp;<\/p><p><strong>Composition du Comit\u00e9 de Suivi des Obligations de l&rsquo;ACCOBAMS depuis la MOP9 (nov.2025) <br \/><\/strong><\/p><table><tbody><tr><td style=\"background-color: #cde8fa; text-align: center;\"><strong>Membres \u00e9lus par les Parties \u00e0 l&rsquo;ACCOBAMS<br \/><\/strong><\/td><\/tr><tr><td><strong>Membre: Mme Marie Th\u00e9r\u00e8se GAMBIN<\/strong><\/td><\/tr><tr><td><strong>Membre:\u00a0<\/strong><strong>Mr. Gaby KHALAF<\/strong><\/td><\/tr><tr><td><strong>Membre:\u00a0<\/strong><strong>Mr. Bayram OZT\u00dcRK<\/strong><\/td><\/tr><tr><td><strong><em>Suppl\u00e9ante:\u00a0<\/em><\/strong><strong>Mme Imane TAI<\/strong><\/td><\/tr><tr><td style=\"background-color: #cde8fa; text-align: center;\"><strong>Membres \u00e9lus par les Partenaires de l&rsquo;ACCOBAMS<br \/><\/strong><\/td><\/tr><tr><td><strong>Membre:\u00a0<\/strong><strong>Mr. Dimitar POPOV<\/strong><\/td><\/tr><tr><td><strong>Membre: Mr. Romulus-Marian PAIU\u00a0<\/strong><\/td><\/tr><tr><td><em><strong>Suppl\u00e9ant:\u00a0<\/strong><\/em><strong>Mrs. Aur\u00e9lie MOULINS<\/strong><\/td><\/tr><\/tbody><\/table>","protected":false},"excerpt":{"rendered":"Le Comit\u00e9 de Suivi des Obligations de l&rsquo;ACCOBAMS est compos\u00e9 de cinq membres \u00e9lus lors des R\u00e9unions des Parties. Trois des membres sont \u00e9lus par les Parties et deux des membres sont \u00e9lus par des entit\u00e9s ayant le statut de Partenaire de l&rsquo;ACCOBAMS.Le mandat complet des Membres du Comit\u00e9 de Suivi des Obligations de l&rsquo;ACCOBAMS commence \u00e0 la fin d&rsquo;une R\u00e9union des Parties et se poursuit jusqu&rsquo;\u00e0 la fin de la deuxi\u00e8me R\u00e9union des Parties suivante.Le Comit\u00e9 de Suivi des Obligations de l&rsquo;ACCOBAMS se r\u00e9unit au moins une fois par an. Les r\u00e9unions du Comit\u00e9 de Suivi des Obligations de l&rsquo;ACCOBAMS sont ouvertes aux observateurs \u00e0 moins que la Partie dont le suivi est en question n&rsquo;en fasse la demande.&nbsp;R\u00e9solution 5.4 &#8211; Proc\u00e9dure de suivi des obligations de l\u2019ACCOBAMSR\u00e9solution 6.8 &#8211; Amendements \u00e0 la Proc\u00e9dure de Suivi des obligationsACCOBAMS-MOP8\/2022\/R\u00e9solution 8.8 &#8211; Proc\u00e9dure de Suivi des ObligationsACCOBAMS-MOP9\/2025\/R\u00e9solution 9.6 &#8211;\u00a0ACCOBAMS-MOP9\/2025\/R\u00e9solution 9.7 &#8211;\u00a0&nbsp;Composition [&hellip;]","protected":false},"author":1,"featured_media":0,"parent":0,"menu_order":0,"comment_status":"closed","ping_status":"closed","template":"","meta":{"footnotes":""},"class_list":["post-34216","page","type-page","status-publish","hentry","no-wpautop"],"aioseo_notices":[],"acf":[],"_links":{"self":[{"href":"https:\/\/accobams.org\/fr\/wp-json\/wp\/v2\/pages\/34216","targetHints":{"allow":["GET"]}}],"collection":[{"href":"https:\/\/accobams.org\/fr\/wp-json\/wp\/v2\/pages"}],"about":[{"href":"https:\/\/accobams.org\/fr\/wp-json\/wp\/v2\/types\/page"}],"author":[{"embeddable":true,"href":"https:\/\/accobams.org\/fr\/wp-json\/wp\/v2\/users\/1"}],"replies":[{"embeddable":true,"href":"https:\/\/accobams.org\/fr\/wp-json\/wp\/v2\/comments?post=34216"}],"version-history":[{"count":5,"href":"https:\/\/accobams.org\/fr\/wp-json\/wp\/v2\/pages\/34216\/revisions"}],"predecessor-version":[{"id":38738,"href":"https:\/\/accobams.org\/fr\/wp-json\/wp\/v2\/pages\/34216\/revisions\/38738"}],"wp:attachment":[{"href":"https:\/\/accobams.org\/fr\/wp-json\/wp\/v2\/media?parent=34216"}],"curies":[{"name":"wp","href":"https:\/\/api.w.org\/{rel}","templated":true}]}}