{"id":31142,"date":"2022-10-20T14:56:19","date_gmt":"2022-10-20T12:56:19","guid":{"rendered":"https:\/\/accobams.org\/population-genetics\/"},"modified":"2024-01-25T14:40:09","modified_gmt":"2024-01-25T13:40:09","slug":"population-genetics","status":"publish","type":"page","link":"https:\/\/accobams.org\/fr\/population-genetics\/","title":{"rendered":"G\u00e9n\u00e9tique des Populations de C\u00e9tac\u00e9s"},"content":{"rendered":"<p style=\"text-align: justify;\">Le Programme de Travail 2023-2025 (<a href=\"https:\/\/accobams.org\/wp-content\/uploads\/2023\/01\/MOP8.Doc31_Annexe13_Res8.2.pdf\" target=\"_blank\" rel=\"noopener\">R\u00e9solution 8.2<\/a>) pr\u00e9voit que le Secr\u00e9tariat de l&rsquo;ACCOBAMS et le Comit\u00e9 Scientifique am\u00e9liorent la collecte de donn\u00e9es sur la g\u00e9n\u00e9tique des populations de c\u00e9tac\u00e9s dans la zone de l&rsquo;ACCOBAMS, et d\u00e9veloppent l&rsquo;identification g\u00e9n\u00e9tique de la structure des populations (en particulier pour la M\u00e9diterran\u00e9e) en :<\/p><p style=\"padding-left: 40px;\">\u00b7\u00a0\u00a0\u00a0 \u00c9tablissant et promouvant un protocole commun de collecte de donn\u00e9es sur les populations de c\u00e9tac\u00e9s<\/p><p style=\"padding-left: 40px;\">\u00b7\u00a0\u00a0\u00a0 Facilitant la cr\u00e9ation d&rsquo;une base de donn\u00e9es\/archives\/inventaire g\u00e9n\u00e9ral sur les \u00e9chantillons\/tissus existants dans la zone de l&rsquo;ACCOBAMS<\/p><p style=\"padding-left: 40px;\">\u00b7\u00a0\u00a0\u00a0 Diffusant les bases de donn\u00e9es et les Lignes Directrices aux parties prenantes<\/p><p style=\"padding-left: 40px;\">\u00b7\u00a0\u00a0\u00a0 Facilitant l&rsquo;analyse des \u00e9chantillons de tissus existants (y compris ceux provenant de biopsies) pour r\u00e9pondre aux questions sur la structure des stocks et la diversit\u00e9 g\u00e9n\u00e9tique<\/p><p style=\"padding-left: 40px;\">\u00b7\u00a0\u00a0\u00a0 Organisant un atelier sur la structure g\u00e9n\u00e9tique de la population (y compris l&rsquo;e-DNA) pour les mammif\u00e8res marins dans le cadre d&rsquo;\u00e9v\u00e9nements ou de r\u00e9unions scientifiques internationaux<\/p><p style=\"padding-left: 40px;\">\u00b7\u00a0\u00a0\u00a0 Collaborant avec d\u2019autres organisations pertinentes (CITES, ABS Nagoya protocole,\u2026)<\/p><p>&nbsp;<\/p><p style=\"text-align: justify;\">Une meilleure collaboration entre les Institutions a \u00e9galement \u00e9t\u00e9 encourag\u00e9e afin de faciliter les \u00e9changes d&rsquo;\u00e9chantillons pour des analyses conjointes.<\/p><p>Deux ateliers d&rsquo;experts \u00ab\u00a0ACCOBAMS workshops on Data Collection on Cetacean Population Genetics in the ACCOBAMS area\u00a0\u00bb ont \u00e9t\u00e9 organis\u00e9s le 2 septembre 2022 (en ligne) et les 20-21 septembre 2022 (en pr\u00e9sentiel, \u00e0 Monaco). Le rapport de l&rsquo;atelier peut \u00eatre t\u00e9l\u00e9charg\u00e9 <a href=\"https:\/\/accobams.org\/wp-content\/uploads\/2022\/11\/MOP8.Inf25_Report-of-the-ACCOBAMS-Workshop-on-Data-Collection-on-Cetacean-Population-Genetics.pdf\" target=\"_blank\" rel=\"noopener\"><strong>ici<\/strong><\/a> .<\/p><p>Au cours des ateliers, plusieurs documents ont \u00e9t\u00e9 produits :<\/p><p style=\"text-align: justify;\"><strong>Base de donn\u00e9es des \u00e9chantillons pr\u00e9lev\u00e9s sur les c\u00e9tac\u00e9s dans la zone de l&rsquo;ACCOBAMS<br \/><\/strong>Pour mieux comprendre l&rsquo;effort d&rsquo;\u00e9chantillonnage dans la zone de l&rsquo;Accord, les institutions scientifiques (universit\u00e9s, centres de recherche, banques de tissus, ONG) qui collectent des \u00e9chantillons biologiques de c\u00e9tac\u00e9s en libert\u00e9 ou \u00e9chou\u00e9s, adapt\u00e9s aux analyses g\u00e9n\u00e9tiques, ont \u00e9t\u00e9 contact\u00e9es pour recueillir des informations sur leurs \u00e9chantillons.<\/p><p><img loading=\"lazy\" decoding=\"async\" class=\"wp-image-31070 size-full aligncenter\" src=\"https:\/\/accobams.org\/wp-content\/uploads\/2022\/10\/Genetics-1.png\" alt=\"\" width=\"602\" height=\"479\" srcset=\"https:\/\/accobams.org\/wp-content\/uploads\/2022\/10\/Genetics-1.png 602w, https:\/\/accobams.org\/wp-content\/uploads\/2022\/10\/Genetics-1-300x239.png 300w\" sizes=\"auto, (max-width: 602px) 100vw, 602px\" \/><\/p><p style=\"text-align: justify;\">La premi\u00e8re version de la base de donn\u00e9es, bas\u00e9e sur 40 questionnaires re\u00e7us entre juillet et octobre 2022, peut \u00eatre consult\u00e9e <a href=\"https:\/\/accobams.org\/wp-content\/uploads\/2022\/10\/sample_database_population-genetics.pdf\" target=\"_blank\" rel=\"noopener\"><strong>ici<\/strong><\/a>. Elle sera mise \u00e0 jour r\u00e9guli\u00e8rement. Il est \u00e0 noter que d&rsquo;autres institutions peuvent collecter des \u00e9chantillons de c\u00e9tac\u00e9s et sont encourag\u00e9es \u00e0 contacter le Secr\u00e9tariat de l&rsquo;ACCOBAMS.<\/p><p style=\"text-align: justify;\"><strong>Base de donn\u00e9es des laboratoires g\u00e9n\u00e9tiques appropri\u00e9s<br \/><\/strong>Une base de donn\u00e9es avec les laboratoires g\u00e9n\u00e9tiques qui peuvent effectuer des analyses g\u00e9n\u00e9tiques dans la zone de l&rsquo;ACCOBAMS a \u00e9t\u00e9 cr\u00e9\u00e9e sur la base des informations re\u00e7ues des PFN de l&rsquo;ACCOBAMS et des participants \u00e0 l&rsquo;atelier en septembre 2022. Les chercheurs sur le terrain qui ont besoin d&rsquo;installations de laboratoire pour traiter ou stocker des \u00e9chantillons biologiques peuvent se r\u00e9f\u00e9rer \u00e0 cette base de donn\u00e9es pour identifier les laboratoires nationaux appropri\u00e9s ou pour faciliter la collaboration avec les institutions internationales. La liste des laboratoires est fournie<strong><a href=\"https:\/\/accobams.org\/wp-content\/uploads\/2022\/10\/Suitable-genetics-labs-in-the-ACCOBAMS-area.pdf\" target=\"_blank\" rel=\"noopener\"> ici<\/a><\/strong>. Il convient de noter que cette liste n&rsquo;est pas exhaustive et que d&rsquo;autres laboratoires peuvent \u00e9galement disposer d&rsquo;installations ad\u00e9quates.<\/p><p style=\"text-align: justify;\"><strong>Meilleures pratiques de l&rsquo;ACCOBAMS sur la G\u00e9n\u00e9tique des Populations de C\u00e9tac\u00e9s<br \/><\/strong>Un document a \u00e9t\u00e9 r\u00e9dig\u00e9 au cours de l&rsquo;atelier qui s&rsquo;est tenu en septembre 2022 afin d&rsquo;aider les chercheurs int\u00e9ress\u00e9s par la g\u00e9n\u00e9tique des populations. En raison du d\u00e9veloppement rapide de nouvelles techniques d&rsquo;analyse, ces lignes directrices doivent \u00eatre consid\u00e9r\u00e9es comme un document vivant et \u00eatre mises \u00e0 jour r\u00e9guli\u00e8rement. Les <a href=\"https:\/\/accobams.org\/wp-content\/uploads\/2024\/01\/ACCOBAMS-BEST-PRACTICES-CETACEAN-GENETICS-FRENCH_final-version.pdf\" target=\"_blank\" rel=\"noopener\"><strong>meilleures pratiques de l&rsquo;ACCOBAMS sur la G\u00e9n\u00e9tique des Populations de C\u00e9tac\u00e9s<\/strong><\/a> [version 2, novembre 2023] peuvent \u00eatre t\u00e9l\u00e9charg\u00e9es.<\/p><p style=\"text-align: justify;\"><span style=\"text-decoration: underline;\">Attention<\/span> : Des permis peuvent \u00eatre n\u00e9cessaires pour pr\u00e9lever des \u00e9chantillons sur des c\u00e9tac\u00e9s vivants ou \u00e9chou\u00e9s.\u00a0<strong>Les chercheurs doivent contacter les autorit\u00e9s nationales et r\u00e9gionales comp\u00e9tentes pour s&rsquo;assurer qu&rsquo;ils respectent toutes les lois relatives \u00e0 la collecte d&rsquo;\u00e9chantillons de c\u00e9tac\u00e9s dans leur pays.<\/strong><\/p><p><strong>ACCOBAMS Webinar &#8211; Regional Training on Genetic Data Collection &amp; Analysis<br \/><\/strong>Le webinaire a \u00e9t\u00e9 organis\u00e9 sur la base du Programme de Travail 2023-2025 de l&rsquo;ACCOBAMS (MOP8 R\u00e9solution 8.2) qui pr\u00e9voit que le Secr\u00e9tariat de l&rsquo;ACCOBAMS et le Comit\u00e9 Scientifique am\u00e9liorent la collecte de donn\u00e9es sur la g\u00e9n\u00e9tique des populations de c\u00e9tac\u00e9s dans la zone de l&rsquo;ACCOBAMS, et d\u00e9veloppent l&rsquo;identification g\u00e9n\u00e9tique de la structure des populations (en particulier en mer M\u00e9diterran\u00e9e) en diffusant des bases de donn\u00e9es et des lignes directrices aux parties prenantes. Ce webinaire a \u00e9t\u00e9 organis\u00e9 gr\u00e2ce \u00e0 une contribution du Minist\u00e8re italien de Environnement et de la S\u00e9curit\u00e9 Energ\u00e9tique<\/p><p><strong><a href=\"https:\/\/accobams.org\/wp-content\/uploads\/2024\/01\/ACCOBAMS-Webinar-Genetic2023Report.pdf\" target=\"_blank\" rel=\"noopener\">Lien Rapport final (<em>disponible en anglais uniquement<\/em>)<\/a><\/strong><\/p><p>&nbsp;<\/p><p><span style=\"text-decoration: underline;\"><strong>R\u00e9solutions pertinentes de l&rsquo;ACCOBAMS<br \/><\/strong><\/span><\/p><table><tbody><tr><td><a href=\"https:\/\/accobams.org\/wp-content\/uploads\/2016\/06\/ACCOBAMS_MOP1_Res.1.10_fr.pdf\" target=\"_blank\" rel=\"noopener\">1.10<\/a><\/td><td>Coop\u00e9ration entre les r\u00e9seaux nationaux d\u2019\u00e9chouages de c\u00e9tac\u00e9s et cr\u00e9ation d\u2019une base de donn\u00e9es<\/td><\/tr><tr><td><a href=\"https:\/\/accobams.org\/wp-content\/uploads\/2016\/06\/ACCOBAMS_MOP2_Res.2.10_fr.pdf\" target=\"_blank\" rel=\"noopener\">2.10<\/a><\/td><td>Facilitation des \u00e9changes d\u2019\u00e9chantillons de tissus<\/td><\/tr><tr><td><a href=\"https:\/\/accobams.org\/wp-content\/uploads\/2016\/06\/ACCOBAMS_MOP2_Res.2.11_fr.pdf\" target=\"_blank\" rel=\"noopener\">2.11<\/a><\/td><td>Lignes Directrices pour l\u2019utilisation de dispositifs acoustiques r\u00e9pulsifs<\/td><\/tr><tr><td><a href=\"https:\/\/accobams.org\/wp-content\/uploads\/2016\/06\/ACCOBAMS_MOP3_Res.3.9_fr.pdf\" target=\"_blank\" rel=\"noopener\">3.9<\/a><\/td><td>Lignes Directrices pour l\u2019\u00e9tablissement d\u2019une Banque de Tissus dans l\u2019aire ACCOBAMS et Code d\u2019Ethique<\/td><\/tr><tr><td><a href=\"https:\/\/accobams.org\/wp-content\/uploads\/2016\/06\/ACCOBAMS_MOP4_Res.4.18_fr.pdf\" target=\"_blank\" rel=\"noopener\">4.18<\/a><\/td><td>Lignes Directrices pour l\u2019octroi de d\u00e9rogations \u00e0 l\u2019Article II, paragraphe 1, aux fins de recherches in situ non-l\u00e9tales dans la zone de l\u2019Accord<\/td><\/tr><tr><td><a href=\"https:\/\/accobams.org\/wp-content\/uploads\/2016\/06\/ACCOBAMS_MOP4_Res.4.19_fr.pdf\" target=\"_blank\" rel=\"noopener\">4.19<\/a><\/td><td>L\u00e9gislation mod\u00e8le pour la conservation des c\u00e9tac\u00e9s<\/td><\/tr><tr><td><a href=\"https:\/\/accobams.org\/wp-content\/uploads\/2020\/01\/MOP7.Res_.7.14_Surveillance-et-gestion-des-echouages.pdf\" target=\"_blank\" rel=\"noopener\">7.14<\/a><\/td><td>Meilleures pratiques en mati\u00e8re de surveillance et de gestion d\u2019\u00e9chouages de c\u00e9tac\u00e9s<\/td><\/tr><tr><td><a href=\"https:\/\/accobams.org\/wp-content\/uploads\/2023\/01\/MOP8.Doc31_Annexe13_Res8.11.pdf\" target=\"_blank\" rel=\"noopener\">8.11<\/a><\/td><td>G\u00e9n\u00e9tique des Populations de C\u00e9tac\u00e9s<\/td><\/tr><\/tbody><\/table>","protected":false},"excerpt":{"rendered":"Le Programme de Travail 2023-2025 (R\u00e9solution 8.2) pr\u00e9voit que le Secr\u00e9tariat de l&rsquo;ACCOBAMS et le Comit\u00e9 Scientifique am\u00e9liorent la collecte de donn\u00e9es sur la g\u00e9n\u00e9tique des populations de c\u00e9tac\u00e9s dans la zone de l&rsquo;ACCOBAMS, et d\u00e9veloppent l&rsquo;identification g\u00e9n\u00e9tique de la structure des populations (en particulier pour la M\u00e9diterran\u00e9e) en :\u00b7\u00a0\u00a0\u00a0 \u00c9tablissant et promouvant un protocole commun de collecte de donn\u00e9es sur les populations de c\u00e9tac\u00e9s\u00b7\u00a0\u00a0\u00a0 Facilitant la cr\u00e9ation d&rsquo;une base de donn\u00e9es\/archives\/inventaire g\u00e9n\u00e9ral sur les \u00e9chantillons\/tissus existants dans la zone de l&rsquo;ACCOBAMS\u00b7\u00a0\u00a0\u00a0 Diffusant les bases de donn\u00e9es et les Lignes Directrices aux parties prenantes\u00b7\u00a0\u00a0\u00a0 Facilitant l&rsquo;analyse des \u00e9chantillons de tissus existants (y compris ceux provenant de biopsies) pour r\u00e9pondre aux questions sur la structure des stocks et la diversit\u00e9 g\u00e9n\u00e9tique\u00b7\u00a0\u00a0\u00a0 Organisant un atelier sur la structure g\u00e9n\u00e9tique de la population (y compris l&rsquo;e-DNA) pour les mammif\u00e8res marins dans le cadre d&rsquo;\u00e9v\u00e9nements ou de r\u00e9unions scientifiques internationaux\u00b7\u00a0\u00a0\u00a0 Collaborant avec d\u2019autres organisations [&hellip;]","protected":false},"author":1,"featured_media":0,"parent":0,"menu_order":0,"comment_status":"closed","ping_status":"closed","template":"","meta":{"footnotes":""},"class_list":["post-31142","page","type-page","status-publish","hentry","no-wpautop"],"aioseo_notices":[],"acf":[],"_links":{"self":[{"href":"https:\/\/accobams.org\/fr\/wp-json\/wp\/v2\/pages\/31142","targetHints":{"allow":["GET"]}}],"collection":[{"href":"https:\/\/accobams.org\/fr\/wp-json\/wp\/v2\/pages"}],"about":[{"href":"https:\/\/accobams.org\/fr\/wp-json\/wp\/v2\/types\/page"}],"author":[{"embeddable":true,"href":"https:\/\/accobams.org\/fr\/wp-json\/wp\/v2\/users\/1"}],"replies":[{"embeddable":true,"href":"https:\/\/accobams.org\/fr\/wp-json\/wp\/v2\/comments?post=31142"}],"version-history":[{"count":8,"href":"https:\/\/accobams.org\/fr\/wp-json\/wp\/v2\/pages\/31142\/revisions"}],"predecessor-version":[{"id":33641,"href":"https:\/\/accobams.org\/fr\/wp-json\/wp\/v2\/pages\/31142\/revisions\/33641"}],"wp:attachment":[{"href":"https:\/\/accobams.org\/fr\/wp-json\/wp\/v2\/media?parent=31142"}],"curies":[{"name":"wp","href":"https:\/\/api.w.org\/{rel}","templated":true}]}}