{"id":30191,"date":"2022-02-21T10:03:04","date_gmt":"2022-02-21T09:03:04","guid":{"rendered":"https:\/\/accobams.org\/the-2022-accobams-call-for-proposals\/"},"modified":"2022-04-28T12:27:53","modified_gmt":"2022-04-28T10:27:53","slug":"the-2022-accobams-call-for-proposals","status":"publish","type":"page","link":"https:\/\/accobams.org\/fr\/the-2022-accobams-call-for-proposals\/","title":{"rendered":"Appel \u00e0 propositions 2022 de l\u2019ACCOBAMS"},"content":{"rendered":"<p style=\"text-align: justify;\">Le Secr\u00e9tariat de l&rsquo;ACCOBAMS a le plaisir d&rsquo;annoncer le lancement d&rsquo;un nouvel appel \u00e0 propositions pour des projets \u00e0 financer dans le cadre du Fonds additionnel de conservation de l\u2019ACCOBAMS (FAC). Le budget disponible, gr\u00e2ce aux contributions volontaires re\u00e7ues de l&rsquo;Italie et de Monaco, permettra de financer jusqu&rsquo;\u00e0 4 projets.<\/p><p>&nbsp;<\/p><p style=\"text-align: justify;\"><strong><span style=\"text-decoration: underline;\">Th\u00e8mes prioritaires :<br \/><\/span><\/strong>En vue de soutenir la mise en \u0153uvre du Programme de Travail 2020-2022 de l&rsquo;ACCOBAMS, des priorit\u00e9s ont \u00e9t\u00e9 d\u00e9finies afin de s\u00e9lectionner des projets abordant un (ou plusieurs) des th\u00e8mes indiqu\u00e9s ci-apr\u00e8s, incluant des activit\u00e9s de renforcement des capacit\u00e9s pour soutenir la mise en \u0153uvre du projet, si n\u00e9cessaire :<\/p><p style=\"text-align: justify; padding-left: 40px;\">&#8211; Soutenir les activit\u00e9s de surveillance des d\u00e9chets marins lors des n\u00e9cropsies en suivant les Meilleures pratiques de l&rsquo;ACCOBAMS\/ASCOBANS sur l&rsquo;investigation post mortem des c\u00e9tac\u00e9s et le pr\u00e9l\u00e8vement de tissus, y compris l&rsquo;\u00e9tablissement\/le renforcement des r\u00e9seaux nationaux d&rsquo;\u00e9chouage, le cas \u00e9ch\u00e9ant ;<\/p><p style=\"text-align: justify; padding-left: 40px;\">&#8211; Am\u00e9liorer les connaissances sur l&rsquo;abondance et\/ou la distribution des c\u00e9tac\u00e9s dans des zones sous-\u00e9tudi\u00e9es, y compris par &#8211; mais non limit\u00e9 \u00e0 &#8211; l&rsquo;utilisation de plateformes d&rsquo;opportunit\u00e9 ;<\/p><p style=\"text-align: justify; padding-left: 40px;\">&#8211; Soutenir l&rsquo;\u00e9valuation et l&rsquo;att\u00e9nuation des interactions avec la p\u00eache dans les r\u00e9gions qui ne sont pas couvertes par les projets financ\u00e9s par la Fondation MAVA sur les interactions avec la p\u00eache.<\/p><p style=\"text-align: justify;\">Les propositions de projet doivent d\u00e9montrer qu&rsquo;elles contribuent \u00e0 la mise en \u0153uvre des plans d&rsquo;action nationaux pour les c\u00e9tac\u00e9s existants, le cas \u00e9ch\u00e9ant.<\/p><p>&nbsp;<\/p><p style=\"text-align: justify;\"><strong><span style=\"text-decoration: underline;\">Liste des pays \u00e9ligibles<\/span> :<br \/><\/strong>Consid\u00e9rant les dispositions de la proc\u00e9dure de l\u2019appel \u00e0 propositions ACCOBAMS pour les projets financ\u00e9s par le Fonds additionnel de conservation, telle qu\u2019adopt\u00e9e par la R\u00e9solution 7.8, les projets soumis par des Organisations l\u00e9galement bas\u00e9es dans les pays suivants seront \u00e9ligibles \u00e0 un financement : <strong>Albanie<\/strong>, <strong>Alg\u00e9rie<\/strong>, <strong>Bulgarie<\/strong>, <strong>\u00c9gypte<\/strong>, <strong>G\u00e9orgie<\/strong>, <strong>Liban<\/strong>, <strong>Maroc<\/strong>, <strong>Mont\u00e9n\u00e9gro<\/strong>, <strong>Roumanie<\/strong>, <strong>Tunisie<\/strong>, <strong>Turquie<\/strong> et <strong>Ukraine<\/strong>.<\/p><p>&nbsp;<\/p><p><span style=\"text-decoration: underline;\"><strong>Comment pr\u00e9senter une proposition et date limite de soumission<\/strong><\/span> <strong>:<\/strong><\/p><p style=\"text-align: justify;\">Veuillez suivre la <strong><a href=\"https:\/\/accobams.org\/wp-content\/uploads\/2022\/04\/FR-Procedure-de-lappel-a-propositions-ACCOBAMS.pdf\" target=\"_blank\" rel=\"noopener\">proc\u00e9dure de l&rsquo;appel \u00e0 propositions de l&rsquo;ACCOBAMS<\/a><\/strong> pour des informations sur les documents \u00e0 soumettre. Les propositions doivent parvenir au Secr\u00e9tariat de l&rsquo;ACCOBAMS <strong>avant le 31 mai 2022 \u00e0 minuit (CET)<\/strong>. Les propositions soumises devront inclure des copies scann\u00e9es des documents originaux (tous dat\u00e9s et sign\u00e9s).<\/p><p>&nbsp;<\/p><p style=\"text-align: justify;\">Les propositions d\u00fbment remplies doivent \u00eatre adress\u00e9es par email \u00e0:<\/p><p style=\"text-align: justify;\">Mme Susana SALVADOR<br \/>ACCOBAMS Executive Secretary<br \/>Jardin de l\u2019UNESCO, Terrasses de Fontvieille<br \/>98000 MONACO<br \/>Email: <strong><a href=\"mailto:secretariat@accobams.net\">secretariat@accobams.net<\/a><\/strong><\/p><p style=\"text-align: justify;\">La d\u00e9cision sur les projets s\u00e9lectionn\u00e9s pour le financement sera prise par le Bureau de l&rsquo;ACCOBAMS en juin 2022, apr\u00e8s l&rsquo;\u00e9valuation des propositions \u00e9ligibles par le Comit\u00e9 Scientifique de l&rsquo;ACCOBAMS.<\/p><p>&nbsp;<\/p><p><strong><span style=\"text-decoration: underline;\">Documents<\/span>:<br \/><\/strong>&#8211;\u00a0\u00a0\u00a0\u00a0\u00a0\u00a0\u00a0\u00a0\u00a0 <a href=\"https:\/\/accobams.org\/wp-content\/uploads\/2022\/02\/31-Appel-a-propositions-ACCOBAMS.pdf\" target=\"_blank\" rel=\"noopener\">Lettre d\u2019information<\/a><br \/>&#8211;\u00a0\u00a0\u00a0\u00a0\u00a0\u00a0\u00a0\u00a0\u00a0<a href=\"https:\/\/accobams.org\/wp-content\/uploads\/2022\/04\/FR-Procedure-de-lappel-a-propositions-ACCOBAMS.pdf\" target=\"_blank\" rel=\"noopener\"> Proc\u00e9dure de l\u2019appel \u00e0 propositions ACCOBAMS pour des projets financ\u00e9s par le Fonds additionnel de conservation<\/a><br \/>&#8211;\u00a0\u00a0\u00a0\u00a0\u00a0\u00a0\u00a0\u00a0\u00a0 <a href=\"https:\/\/accobams.org\/wp-content\/uploads\/2022\/02\/FR-Doc-1-Note-de-concept-du-projet.docx\" target=\"_blank\" rel=\"noopener\">Doc 1: Note de concept du projet<\/a><br \/>&#8211;\u00a0\u00a0\u00a0\u00a0\u00a0\u00a0\u00a0\u00a0\u00a0 <a href=\"https:\/\/accobams.org\/wp-content\/uploads\/2022\/04\/FR-Doc-2-Note-de-presentation-du-projet.docx\" target=\"_blank\" rel=\"noopener\">Doc 2: Note de pr\u00e9sentation du projet<\/a><br \/>&#8211;\u00a0\u00a0\u00a0\u00a0\u00a0\u00a0\u00a0\u00a0\u00a0 <a href=\"https:\/\/accobams.org\/wp-content\/uploads\/2022\/02\/FR-Doc-5-Formulaire-de-soutien.docx\" target=\"_blank\" rel=\"noopener\">Doc 5: Formulaire de soutien<\/a><br \/>&#8211;\u00a0\u00a0\u00a0\u00a0\u00a0\u00a0\u00a0\u00a0\u00a0 <a href=\"https:\/\/accobams.org\/wp-content\/uploads\/2022\/02\/FR-Doc-6-Declaration-abscence-conflit-d-interet.docx\" target=\"_blank\" rel=\"noopener\">Doc 6: D\u00e9claration d\u2019absence de conflit d\u2019int\u00e9r\u00eats<\/a><br \/><br \/><a href=\"https:\/\/accobams.org\/wp-content\/uploads\/2022\/04\/ACCOBAMS-National-Focal-Points_Points-Focaux-Nationaux-de-lACCOBAMS.pdf\" target=\"_blank\" rel=\"noopener\">Liste des Points Focaux de l\u2019ACCOBAMS<\/a><\/p>","protected":false},"excerpt":{"rendered":"Le Secr\u00e9tariat de l&rsquo;ACCOBAMS a le plaisir d&rsquo;annoncer le lancement d&rsquo;un nouvel appel \u00e0 propositions pour des projets \u00e0 financer dans le cadre du Fonds additionnel de conservation de l\u2019ACCOBAMS (FAC). Le budget disponible, gr\u00e2ce aux contributions volontaires re\u00e7ues de l&rsquo;Italie et de Monaco, permettra de financer jusqu&rsquo;\u00e0 4 projets.&nbsp;Th\u00e8mes prioritaires :En vue de soutenir la mise en \u0153uvre du Programme de Travail 2020-2022 de l&rsquo;ACCOBAMS, des priorit\u00e9s ont \u00e9t\u00e9 d\u00e9finies afin de s\u00e9lectionner des projets abordant un (ou plusieurs) des th\u00e8mes indiqu\u00e9s ci-apr\u00e8s, incluant des activit\u00e9s de renforcement des capacit\u00e9s pour soutenir la mise en \u0153uvre du projet, si n\u00e9cessaire :&#8211; Soutenir les activit\u00e9s de surveillance des d\u00e9chets marins lors des n\u00e9cropsies en suivant les Meilleures pratiques de l&rsquo;ACCOBAMS\/ASCOBANS sur l&rsquo;investigation post mortem des c\u00e9tac\u00e9s et le pr\u00e9l\u00e8vement de tissus, y compris l&rsquo;\u00e9tablissement\/le renforcement des r\u00e9seaux nationaux d&rsquo;\u00e9chouage, le cas \u00e9ch\u00e9ant ;&#8211; Am\u00e9liorer les connaissances sur l&rsquo;abondance et\/ou la [&hellip;]","protected":false},"author":1,"featured_media":0,"parent":0,"menu_order":0,"comment_status":"closed","ping_status":"closed","template":"","meta":{"footnotes":""},"class_list":["post-30191","page","type-page","status-publish","hentry","no-wpautop"],"aioseo_notices":[],"acf":[],"_links":{"self":[{"href":"https:\/\/accobams.org\/fr\/wp-json\/wp\/v2\/pages\/30191","targetHints":{"allow":["GET"]}}],"collection":[{"href":"https:\/\/accobams.org\/fr\/wp-json\/wp\/v2\/pages"}],"about":[{"href":"https:\/\/accobams.org\/fr\/wp-json\/wp\/v2\/types\/page"}],"author":[{"embeddable":true,"href":"https:\/\/accobams.org\/fr\/wp-json\/wp\/v2\/users\/1"}],"replies":[{"embeddable":true,"href":"https:\/\/accobams.org\/fr\/wp-json\/wp\/v2\/comments?post=30191"}],"version-history":[{"count":0,"href":"https:\/\/accobams.org\/fr\/wp-json\/wp\/v2\/pages\/30191\/revisions"}],"wp:attachment":[{"href":"https:\/\/accobams.org\/fr\/wp-json\/wp\/v2\/media?parent=30191"}],"curies":[{"name":"wp","href":"https:\/\/api.w.org\/{rel}","templated":true}]}}