{"id":28952,"date":"2021-04-21T14:06:34","date_gmt":"2021-04-21T12:06:34","guid":{"rendered":"https:\/\/accobams.org\/asi-results-for-the-mediterranean-and-black-sea-are-out\/"},"modified":"2021-11-03T11:03:41","modified_gmt":"2021-11-03T10:03:41","slug":"asi-results-for-the-mediterranean-and-black-sea-are-out","status":"publish","type":"page","link":"https:\/\/accobams.org\/fr\/asi-results-for-the-mediterranean-and-black-sea-are-out\/","title":{"rendered":"R\u00e9sultats de l&rsquo;ASI pour la M\u00e9diterran\u00e9e et la mer Noire"},"content":{"rendered":"<p style=\"text-align: justify;\">L&rsquo;ACCOBAMS Survey Initiative (ASI) a conduit en 2018 et 2019 aux premi\u00e8res campagnes de suivi de la m\u00e9gafaune marine jamais r\u00e9alis\u00e9es \u00e0 l&rsquo;\u00e9chelle de la mer M\u00e9diterran\u00e9e et de la mer Noire.\u00a0 Apr\u00e8s deux ans d&rsquo;analyse intensive et approfondie des donn\u00e9es collect\u00e9es, les rapports des r\u00e9sultats sont d\u00e9sormais disponibles pour diffusion, pour une utilisation optimale et la plus large possible au service de la conservation de l&rsquo;environnement marin.<\/p><p>&nbsp;<\/p><table><tbody><tr><td><a href=\"https:\/\/accobams.org\/wp-content\/uploads\/2021\/04\/ASI-Med-Report.pdf\" target=\"_blank\" rel=\"noopener\"><img loading=\"lazy\" decoding=\"async\" class=\"aligncenter size-full wp-image-28972\" src=\"https:\/\/accobams.org\/wp-content\/uploads\/2021\/04\/Cover-Med-report-cadre.jpg\" alt=\"\" width=\"355\" height=\"500\" srcset=\"https:\/\/accobams.org\/wp-content\/uploads\/2021\/04\/Cover-Med-report-cadre.jpg 355w, https:\/\/accobams.org\/wp-content\/uploads\/2021\/04\/Cover-Med-report-cadre-213x300.jpg 213w\" sizes=\"auto, (max-width: 355px) 100vw, 355px\" \/><\/a><\/td><td><p>Rapport pour la M\u00e9diterran\u00e9e :<\/p><p style=\"text-align: justify;\"><a href=\"https:\/\/accobams.org\/wp-content\/uploads\/2021\/11\/ASI-Med-Report-updated.pdf\" target=\"_blank\" rel=\"noopener\"><span style=\"text-decoration: underline; color: #000000;\"><strong>Estimates of abundance and distribution of cetaceans, marine mega fauna and marine litter in the Mediterranean Sea from 2018 2019 surveys<\/strong><\/span><\/a><\/p><\/td><\/tr><tr><td><a href=\"https:\/\/accobams.org\/wp-content\/uploads\/2021\/04\/ASI_CeNoBS-Black-Sea-report.pdf\" target=\"_blank\" rel=\"noopener\"><img loading=\"lazy\" decoding=\"async\" class=\"aligncenter size-full wp-image-28974\" src=\"https:\/\/accobams.org\/wp-content\/uploads\/2021\/04\/Cover-BS-report-cadre.jpg\" alt=\"\" width=\"355\" height=\"500\" srcset=\"https:\/\/accobams.org\/wp-content\/uploads\/2021\/04\/Cover-BS-report-cadre.jpg 355w, https:\/\/accobams.org\/wp-content\/uploads\/2021\/04\/Cover-BS-report-cadre-213x300.jpg 213w\" sizes=\"auto, (max-width: 355px) 100vw, 355px\" \/><\/a><\/td><td><p>Rapport pour la Mer Noire :<\/p><p style=\"text-align: justify;\"><span style=\"color: #000000;\"><a style=\"color: #000000;\" href=\"https:\/\/accobams.org\/wp-content\/uploads\/2021\/04\/ASI_CeNoBS-Black-Sea-report.pdf\" target=\"_blank\" rel=\"noopener\"><strong><span style=\"text-decoration: underline;\">Estimates of abundance and distribution of cetaceans in the Black Sea from 2019 surveys<\/span><\/strong><\/a><\/span><\/p><p>&nbsp;<\/p><\/td><\/tr><\/tbody><\/table><p>&nbsp;<\/p><p style=\"text-align: center;\"><strong>Regardez l&rsquo;enregistrement de l&rsquo;\u00e9v\u00e9nement en ligne du 22 avril 2021 !<\/strong><\/p><p style=\"text-align: justify;\">A l&rsquo;occasion de la publication des rapports, le Secr\u00e9tariat de l&rsquo;ACCOBAMS a organis\u00e9 le 22 avril un \u00e9v\u00e9nement en ligne pour pr\u00e9senter les principales conclusions de l&rsquo;ASI en M\u00e9diterran\u00e9e et en Mer Noire.<\/p><p><iframe loading=\"lazy\" title=\"ACCOBAMS Survey Initiative Release Event 22 April 2021\" width=\"500\" height=\"281\" src=\"https:\/\/www.youtube.com\/embed\/9qTft-1_qWs?feature=oembed\" frameborder=\"0\" allow=\"accelerometer; autoplay; clipboard-write; encrypted-media; gyroscope; picture-in-picture; web-share\" referrerpolicy=\"strict-origin-when-cross-origin\" allowfullscreen><\/iframe><\/p><p>&nbsp;<\/p>","protected":false},"excerpt":{"rendered":"L&rsquo;ACCOBAMS Survey Initiative (ASI) a conduit en 2018 et 2019 aux premi\u00e8res campagnes de suivi de la m\u00e9gafaune marine jamais r\u00e9alis\u00e9es \u00e0 l&rsquo;\u00e9chelle de la mer M\u00e9diterran\u00e9e et de la mer Noire.\u00a0 Apr\u00e8s deux ans d&rsquo;analyse intensive et approfondie des donn\u00e9es collect\u00e9es, les rapports des r\u00e9sultats sont d\u00e9sormais disponibles pour diffusion, pour une utilisation optimale et la plus large possible au service de la conservation de l&rsquo;environnement marin.&nbsp;Rapport pour la M\u00e9diterran\u00e9e :Estimates of abundance and distribution of cetaceans, marine mega fauna and marine litter in the Mediterranean Sea from 2018 2019 surveysRapport pour la Mer Noire :Estimates of abundance and distribution of cetaceans in the Black Sea from 2019 surveys&nbsp;&nbsp;Regardez l&rsquo;enregistrement de l&rsquo;\u00e9v\u00e9nement en ligne du 22 avril 2021 !A l&rsquo;occasion de la publication des rapports, le Secr\u00e9tariat de l&rsquo;ACCOBAMS a organis\u00e9 le 22 avril un \u00e9v\u00e9nement en ligne pour pr\u00e9senter les principales conclusions de l&rsquo;ASI en M\u00e9diterran\u00e9e et en [&hellip;]","protected":false},"author":1,"featured_media":0,"parent":0,"menu_order":0,"comment_status":"closed","ping_status":"closed","template":"","meta":{"footnotes":""},"class_list":["post-28952","page","type-page","status-publish","hentry","no-wpautop"],"aioseo_notices":[],"acf":[],"_links":{"self":[{"href":"https:\/\/accobams.org\/fr\/wp-json\/wp\/v2\/pages\/28952","targetHints":{"allow":["GET"]}}],"collection":[{"href":"https:\/\/accobams.org\/fr\/wp-json\/wp\/v2\/pages"}],"about":[{"href":"https:\/\/accobams.org\/fr\/wp-json\/wp\/v2\/types\/page"}],"author":[{"embeddable":true,"href":"https:\/\/accobams.org\/fr\/wp-json\/wp\/v2\/users\/1"}],"replies":[{"embeddable":true,"href":"https:\/\/accobams.org\/fr\/wp-json\/wp\/v2\/comments?post=28952"}],"version-history":[{"count":0,"href":"https:\/\/accobams.org\/fr\/wp-json\/wp\/v2\/pages\/28952\/revisions"}],"wp:attachment":[{"href":"https:\/\/accobams.org\/fr\/wp-json\/wp\/v2\/media?parent=28952"}],"curies":[{"name":"wp","href":"https:\/\/api.w.org\/{rel}","templated":true}]}}