{"id":28788,"date":"2021-04-15T11:45:00","date_gmt":"2021-04-15T09:45:00","guid":{"rendered":"https:\/\/accobams.org\/csmc5-article-presentations\/"},"modified":"2021-04-15T12:38:59","modified_gmt":"2021-04-15T10:38:59","slug":"csmc5-article-presentations","status":"publish","type":"page","link":"https:\/\/accobams.org\/fr\/csmc5-article-presentations\/","title":{"rendered":"CSMC5 Pr\u00e9sentations des Articles"},"content":{"rendered":"<p><span style=\"font-family: tahoma, arial, helvetica, sans-serif;\"><strong>Session d&rsquo;Ouverture<\/strong><\/span><\/p><table><tbody><tr><td><span style=\"font-family: tahoma, arial, helvetica, sans-serif;\">Overview on the National Centre for Marine Sciences\u2019 recent activities for cetaceans\u2019 conservation in Lebanon (host country conference)<\/span><br \/><span style=\"font-family: tahoma, arial, helvetica, sans-serif;\"><em>Milad FAKHRI, ACCOBAMS National Focal Point for Lebanon<\/em><\/span><\/td><td><a href=\"https:\/\/accobams.org\/wp-content\/uploads\/2021\/04\/Presentation-FAKHRI-Milad.pdf\" target=\"_blank\" rel=\"noopener\"><img loading=\"lazy\" decoding=\"async\" class=\"aligncenter wp-image-785\" src=\"https:\/\/accobams.org\/wp-content\/uploads\/2016\/06\/PDF.png\" alt=\"PDF download Accobams\" width=\"30\" height=\"30\" \/><\/a><\/td><\/tr><\/tbody><\/table><p><strong>Session 1: Surveillance des populations de c\u00e9tac\u00e9s<\/strong><\/p><table><tbody><tr><td><span style=\"font-family: tahoma, arial, helvetica, sans-serif;\">Introductory presentation:<\/span> <br \/><span style=\"font-family: tahoma, arial, helvetica, sans-serif;\">ACCOBAMS Survey Initiative, reinforcement and sustainability of monitoring efforts &#8211; <em>Julie BELMONT<\/em><\/span> <br \/><span style=\"font-family: tahoma, arial, helvetica, sans-serif;\">Information on ASI Results Special Issue &#8211; <em>Nejla BEJAOUI<\/em><\/span><\/td><td><a href=\"https:\/\/accobams.org\/wp-content\/uploads\/2021\/04\/Introductory-presentation-BELMONT-Julie-BEJAOUI-Nejla.pdf\" target=\"_blank\" rel=\"noopener\"><img loading=\"lazy\" decoding=\"async\" class=\"aligncenter wp-image-785\" src=\"https:\/\/accobams.org\/wp-content\/uploads\/2016\/06\/PDF.png\" alt=\"PDF download Accobams\" width=\"30\" height=\"30\" \/><\/a><\/td><\/tr><tr><td><span style=\"font-family: tahoma, arial, helvetica, sans-serif;\">La r\u00e9gion tunisienne, un point chaud de m\u00e9gafaune marine en M\u00e9diterran\u00e9e<\/span><br \/><span style=\"font-family: tahoma, arial, helvetica, sans-serif;\"><em>Mehdi DEKHIL<\/em><\/span><\/td><td><a href=\"https:\/\/accobams.org\/wp-content\/uploads\/2021\/04\/Article-DEKHIL-Mehdi.pdf\" target=\"_blank\" rel=\"noopener\"><img loading=\"lazy\" decoding=\"async\" class=\"aligncenter wp-image-785\" src=\"https:\/\/accobams.org\/wp-content\/uploads\/2016\/06\/PDF.png\" alt=\"PDF download Accobams\" width=\"30\" height=\"30\" \/><\/a><\/td><\/tr><tr><td><span style=\"font-family: tahoma, arial, helvetica, sans-serif;\">Assessing knowledge on cetaceans inshore and offshore Algeria<\/span><br \/><span style=\"font-family: tahoma, arial, helvetica, sans-serif;\"><em>Souad LAMOUTI<\/em><\/span><\/td><td><a href=\"https:\/\/accobams.org\/wp-content\/uploads\/2021\/04\/Article-LAMOUTI-Souad.pdf\" target=\"_blank\" rel=\"noopener\"><img loading=\"lazy\" decoding=\"async\" class=\"aligncenter wp-image-785\" src=\"https:\/\/accobams.org\/wp-content\/uploads\/2016\/06\/PDF.png\" alt=\"PDF download Accobams\" width=\"30\" height=\"30\" \/><\/a><\/td><\/tr><tr><td><span style=\"font-family: tahoma, arial, helvetica, sans-serif;\">Estimation des biais associ\u00e9s \u00e0 l\u2019\u00e9valuation de l\u2019abondance de la m\u00e9gafaune marine au cours de la campagne d\u2019observation ASI<\/span><br \/><span style=\"font-family: tahoma, arial, helvetica, sans-serif;\"><em>Mehdi DEKHIL<\/em><\/span><\/td><td><a href=\"https:\/\/accobams.org\/wp-content\/uploads\/2021\/04\/Article-DEKHIL-Mehdi_2.pdf\" target=\"_blank\" rel=\"noopener\"><img loading=\"lazy\" decoding=\"async\" class=\"aligncenter wp-image-785\" src=\"https:\/\/accobams.org\/wp-content\/uploads\/2016\/06\/PDF.png\" alt=\"PDF download Accobams\" width=\"30\" height=\"30\" \/><\/a><\/td><\/tr><tr><td><span style=\"font-family: tahoma, arial, helvetica, sans-serif;\">A well-connected network for cetacean monitoring in south Mediterranean countries following the EcAp\/IMAP principles<\/span><br \/><span style=\"font-family: tahoma, arial, helvetica, sans-serif;\"><em>Mehdi AISSI<\/em><\/span><\/td><td><a href=\"https:\/\/accobams.org\/wp-content\/uploads\/2021\/04\/Article-AISSI-Mehdi.pdf\" target=\"_blank\" rel=\"noopener\"><img loading=\"lazy\" decoding=\"async\" class=\"aligncenter wp-image-785\" src=\"https:\/\/accobams.org\/wp-content\/uploads\/2016\/06\/PDF.png\" alt=\"PDF download Accobams\" width=\"30\" height=\"30\" \/><\/a><\/td><\/tr><tr><td><span style=\"font-family: tahoma, arial, helvetica, sans-serif;\">Collaboration tripartite (Liban, Tunisie et France) pour une am\u00e9lioration du suivi des c\u00e9tac\u00e9s en M\u00e9diterran\u00e9e<\/span><br \/><span style=\"font-family: tahoma, arial, helvetica, sans-serif;\"><em>Gaby KHALAF<\/em><\/span><\/td><td><a href=\"https:\/\/accobams.org\/wp-content\/uploads\/2021\/04\/Article-KHALAF-Gaby.pdf\" target=\"_blank\" rel=\"noopener\"><img loading=\"lazy\" decoding=\"async\" class=\"aligncenter wp-image-785\" src=\"https:\/\/accobams.org\/wp-content\/uploads\/2016\/06\/PDF.png\" alt=\"PDF download Accobams\" width=\"30\" height=\"30\" \/><\/a><\/td><\/tr><\/tbody><\/table><p><span style=\"font-family: tahoma, arial, helvetica, sans-serif;\"><strong>Session 2: Aires d&rsquo;importance pour les c\u00e9tac\u00e9s<\/strong><\/span><\/p><table><tbody><tr><td><span style=\"font-family: tahoma, arial, helvetica, sans-serif;\">Introductory presentation:<\/span><br \/><span style=\"font-family: tahoma, arial, helvetica, sans-serif;\">Toward the identification of important cetacean\u2019s areas at a regional scale<\/span><span style=\"font-family: tahoma, arial, helvetica, sans-serif;\"><br \/><em>L\u00e9a DAVID &amp; Ma\u00fflis SALIVAS<\/em><\/span><\/td><td><a href=\"https:\/\/accobams.org\/wp-content\/uploads\/2021\/04\/Introductory-presentation-DAVID-Lea-SALIVAS-Maylis.pdf\" target=\"_blank\" rel=\"noopener\"><img loading=\"lazy\" decoding=\"async\" class=\"aligncenter wp-image-785\" src=\"https:\/\/accobams.org\/wp-content\/uploads\/2016\/06\/PDF.png\" alt=\"PDF download Accobams\" width=\"30\" height=\"30\" \/><\/a><\/td><\/tr><\/tbody><\/table><p><span style=\"font-family: tahoma, arial, helvetica, sans-serif;\"><strong>Session 3: Interactions entre les c\u00e9tac\u00e9s et les activit\u00e9s humaines : whale watching et bruit<\/strong> <\/span><\/p><table><tbody><tr><td><span style=\"font-family: tahoma, arial, helvetica, sans-serif;\">Introductory presentation:<\/span><br \/><span style=\"font-family: tahoma, arial, helvetica, sans-serif;\">Progress for a better prevention and mitigation of underwater noise impacts on cetaceans and for a sustainable implementation of whale-watching activities<\/span><br \/><span style=\"font-family: tahoma, arial, helvetica, sans-serif;\"><em>Lobna BEN NAKHLA &amp; Ma\u00fflis SALIVAS<\/em><\/span><\/td><td><a href=\"https:\/\/accobams.org\/wp-content\/uploads\/2021\/04\/Introductory-presentation-BEN-NAKHLA-Lobna-SALIVAS-Maylis.pdf\" target=\"_blank\" rel=\"noopener\"><img loading=\"lazy\" decoding=\"async\" class=\"aligncenter wp-image-785\" src=\"https:\/\/accobams.org\/wp-content\/uploads\/2016\/06\/PDF.png\" alt=\"PDF download Accobams\" width=\"30\" height=\"30\" \/><\/a><\/td><\/tr><tr><td><span style=\"font-family: tahoma, arial, helvetica, sans-serif;\">Whale watching et pescatourisme au Maroc, enjeux et contraintes<\/span><br \/><span style=\"font-family: tahoma, arial, helvetica, sans-serif;\"><em>Abdelali LOUDRHIRI<\/em><\/span><\/td><td><a href=\"https:\/\/accobams.org\/wp-content\/uploads\/2021\/04\/Article-LOUDRHIRI-Abdelali.pdf\" target=\"_blank\" rel=\"noopener\"><img loading=\"lazy\" decoding=\"async\" class=\"aligncenter wp-image-785\" src=\"https:\/\/accobams.org\/wp-content\/uploads\/2016\/06\/PDF.png\" alt=\"PDF download Accobams\" width=\"30\" height=\"30\" \/><\/a><\/td><\/tr><tr><td><span style=\"font-family: tahoma, arial, helvetica, sans-serif;\">Investigating the impact of anthropogenic activities on cetaceans within the Eastern Mediterranean Sea of Turkey<\/span><br \/><span style=\"font-family: tahoma, arial, helvetica, sans-serif;\"><em>Aylin AKKAYA<\/em><\/span><\/td><td><a href=\"https:\/\/accobams.org\/wp-content\/uploads\/2021\/04\/Article-AKKAYA-Aylin.pdf\" target=\"_blank\" rel=\"noopener\"><img loading=\"lazy\" decoding=\"async\" class=\"aligncenter wp-image-785\" src=\"https:\/\/accobams.org\/wp-content\/uploads\/2016\/06\/PDF.png\" alt=\"PDF download Accobams\" width=\"30\" height=\"30\" \/><\/a><\/td><\/tr><tr><td><span style=\"font-family: tahoma, arial, helvetica, sans-serif;\">Cetacean sightings in the Mediterranean off the territorial waters of Moroccan Atlantic coast during oil exploration aboard the drilling vessel: Biodiversity and Sperm whale behaviour<\/span><br \/><span style=\"font-family: tahoma, arial, helvetica, sans-serif;\"><em>Mohammed RAMDANI<\/em><\/span><\/td><td><a href=\"https:\/\/accobams.org\/wp-content\/uploads\/2021\/04\/Article-RAMDANI-Mohamed.pdf\" target=\"_blank\" rel=\"noopener\"><img loading=\"lazy\" decoding=\"async\" class=\"aligncenter wp-image-785\" src=\"https:\/\/accobams.org\/wp-content\/uploads\/2016\/06\/PDF.png\" alt=\"PDF download Accobams\" width=\"30\" height=\"30\" \/><\/a><\/td><\/tr><tr><td><span style=\"font-family: tahoma, arial, helvetica, sans-serif;\">Prise en compte de la probl\u00e9matique du bruit sous-marin en Alg\u00e9rie<\/span><br \/><span style=\"font-family: tahoma, arial, helvetica, sans-serif;\"><em>Souad LAMOUTI<\/em><\/span><\/td><td><a href=\"https:\/\/accobams.org\/wp-content\/uploads\/2021\/04\/Article-LAMOUTI-Souad_2.pdf\" target=\"_blank\" rel=\"noopener\"><img loading=\"lazy\" decoding=\"async\" class=\"aligncenter wp-image-785\" src=\"https:\/\/accobams.org\/wp-content\/uploads\/2016\/06\/PDF.png\" alt=\"PDF download Accobams\" width=\"30\" height=\"30\" \/><\/a><\/td><\/tr><\/tbody><\/table><p><span style=\"font-family: tahoma, arial, helvetica, sans-serif;\"><strong>Session 4: Echouages de c\u00e9tac\u00e9s <br \/><\/strong><\/span><\/p><table><tbody><tr><td><span style=\"font-family: tahoma, arial, helvetica, sans-serif;\">Introductory presentation:<\/span><br \/><span style=\"font-family: tahoma, arial, helvetica, sans-serif;\">Best practices in monitoring and management of cetacean stranding<\/span><br \/><span style=\"font-family: tahoma, arial, helvetica, sans-serif;\"><em>Sandro MAZZARIOL<\/em><\/span><\/td><td><a href=\"https:\/\/accobams.org\/wp-content\/uploads\/2021\/04\/Introductory-presentation-MAZZARIOL-Sandro.pdf\" target=\"_blank\" rel=\"noopener\"><img loading=\"lazy\" decoding=\"async\" class=\"aligncenter wp-image-785\" src=\"https:\/\/accobams.org\/wp-content\/uploads\/2016\/06\/PDF.png\" alt=\"PDF download Accobams\" width=\"30\" height=\"30\" \/><\/a><\/td><\/tr><tr><td><span style=\"font-family: tahoma, arial, helvetica, sans-serif;\">On the occurrence of bottlenose dolphin, <em>Tursiops truncatus<\/em> (cetacea: delphinidae) from the Syrian coast (eastern Mediterranean Sea): historical data and recent records<\/span><br \/><span style=\"font-family: tahoma, arial, helvetica, sans-serif;\"><em>Malek ALI<\/em><\/span><\/td><td><a href=\"https:\/\/accobams.org\/wp-content\/uploads\/2021\/04\/Article-MALEK-Ali.pdf\" target=\"_blank\" rel=\"noopener\"><img loading=\"lazy\" decoding=\"async\" class=\"aligncenter wp-image-785\" src=\"https:\/\/accobams.org\/wp-content\/uploads\/2016\/06\/PDF.png\" alt=\"PDF download Accobams\" width=\"30\" height=\"30\" \/><\/a><\/td><\/tr><tr><td><span style=\"font-family: tahoma, arial, helvetica, sans-serif;\">\u00c9chouage des c\u00e9tac\u00e9s le long de la c\u00f4te Alg\u00e9rienne. Cas du grand dauphin <em>Tursiops truncatus<\/em><\/span><br \/><span style=\"font-family: tahoma, arial, helvetica, sans-serif;\"><em>Henda ASSIA<\/em><\/span><\/td><td><a href=\"https:\/\/accobams.org\/wp-content\/uploads\/2021\/04\/Article-HENDA-Assia.pdf\" target=\"_blank\" rel=\"noopener\"><img loading=\"lazy\" decoding=\"async\" class=\"aligncenter wp-image-785\" src=\"https:\/\/accobams.org\/wp-content\/uploads\/2016\/06\/PDF.png\" alt=\"PDF download Accobams\" width=\"30\" height=\"30\" \/><\/a><\/td><\/tr><tr><td><span style=\"font-family: tahoma, arial, helvetica, sans-serif;\">Cetacean in Libyan waters: recorded via a citizen science project and mining social media platforms<\/span><br \/><span style=\"font-family: tahoma, arial, helvetica, sans-serif;\"><em>Jamila RIZGALLA<\/em><\/span><\/td><td><a href=\"https:\/\/accobams.org\/wp-content\/uploads\/2021\/04\/Article-RIZGALLA-Jamila-1.pdf\" target=\"_blank\" rel=\"noopener\"><img loading=\"lazy\" decoding=\"async\" class=\"aligncenter wp-image-785\" src=\"https:\/\/accobams.org\/wp-content\/uploads\/2016\/06\/PDF.png\" alt=\"PDF download Accobams\" width=\"30\" height=\"30\" \/><\/a><\/td><\/tr><tr><td><span style=\"font-family: tahoma, arial, helvetica, sans-serif;\">Le R\u00e9seau National des Echouages en Tunisie : historique et perspectives<\/span><br \/><span style=\"font-family: tahoma, arial, helvetica, sans-serif;\"><em>H\u00e9dia ATTIA EL HILI<\/em><\/span><\/td><td><a href=\"https:\/\/accobams.org\/wp-content\/uploads\/2021\/04\/Article-ATTIA-EL-HILI-Hedia.pdf\" target=\"_blank\" rel=\"noopener\"><img loading=\"lazy\" decoding=\"async\" class=\"aligncenter wp-image-785\" src=\"https:\/\/accobams.org\/wp-content\/uploads\/2016\/06\/PDF.png\" alt=\"PDF download Accobams\" width=\"30\" height=\"30\" \/><\/a><\/td><\/tr><tr><td><span style=\"font-family: tahoma, arial, helvetica, sans-serif;\">Review and Compilation of Cetaceans\u2019 Stranding Records along the Libyan Coastline<\/span><br \/><span style=\"font-family: tahoma, arial, helvetica, sans-serif;\"><em>Ibrahem BEN AMER<\/em><\/span><\/td><td><a href=\"https:\/\/accobams.org\/wp-content\/uploads\/2021\/04\/Article-BEN-AMER-Ibrahem.pdf\" target=\"_blank\" rel=\"noopener\"><img loading=\"lazy\" decoding=\"async\" class=\"aligncenter wp-image-785\" src=\"https:\/\/accobams.org\/wp-content\/uploads\/2016\/06\/PDF.png\" alt=\"PDF download Accobams\" width=\"30\" height=\"30\" \/><\/a><\/td><\/tr><tr><td><span style=\"font-family: tahoma, arial, helvetica, sans-serif;\">\u00c9chouages de c\u00e9tac\u00e9s sur les c\u00f4tes marocaines entre 2015 et 2020<\/span> <br \/><span style=\"font-family: tahoma, arial, helvetica, sans-serif;\"><em>Imane TAI<\/em><\/span><\/td><td><a href=\"https:\/\/accobams.org\/wp-content\/uploads\/2021\/04\/Article-TAI-Imane.pdf\" target=\"_blank\" rel=\"noopener\"><img loading=\"lazy\" decoding=\"async\" class=\"aligncenter wp-image-785\" src=\"https:\/\/accobams.org\/wp-content\/uploads\/2016\/06\/PDF.png\" alt=\"PDF download Accobams\" width=\"30\" height=\"30\" \/><\/a><\/td><\/tr><\/tbody><\/table><p><span style=\"font-family: tahoma, arial, helvetica, sans-serif;\"><strong>Session 5: Interactions entre les c\u00e9tac\u00e9s et les activit\u00e9s humaines: p\u00eache et captures accidentelles<br \/><\/strong><\/span><\/p><table><tbody><tr><td><span style=\"font-family: tahoma, arial, helvetica, sans-serif;\">Introductory presentation:<\/span><br \/><span style=\"font-family: tahoma, arial, helvetica, sans-serif;\">Activities and progress in assessing and mitigating interactions with fisheries<\/span><br \/><span style=\"font-family: tahoma, arial, helvetica, sans-serif;\"><em>Souad LAMOUTI &amp; Celia LE RAVALLEC<\/em><\/span><\/td><td><a href=\"https:\/\/accobams.org\/wp-content\/uploads\/2021\/04\/Introductory-presentation-LE-RAVALLEC-Celia-et-LAMOUTI-Souad.pdf\" target=\"_blank\" rel=\"noopener\"><span style=\"font-family: tahoma, arial, helvetica, sans-serif;\"><img loading=\"lazy\" decoding=\"async\" class=\"aligncenter wp-image-785\" src=\"https:\/\/accobams.org\/wp-content\/uploads\/2016\/06\/PDF.png\" alt=\"PDF download Accobams\" width=\"30\" height=\"30\" \/><\/span><\/a><\/td><\/tr><tr><td><span style=\"font-family: tahoma, arial, helvetica, sans-serif;\">Incidental catch of vulnerable species in the Mediterranean: an overview of the \u201cMedBycath project\u201d and of the results from \u201cSoMFi 2020\u201d<\/span><br \/><span style=\"font-family: tahoma, arial, helvetica, sans-serif;\"><em>Paolo CARPENTIERI<\/em><\/span><\/td><td><a href=\"https:\/\/accobams.org\/wp-content\/uploads\/2021\/04\/Article-CARPENTIERI-Paolo.pdf\" target=\"_blank\" rel=\"noopener\"><span style=\"font-family: tahoma, arial, helvetica, sans-serif;\"><img loading=\"lazy\" decoding=\"async\" class=\"aligncenter wp-image-785\" src=\"https:\/\/accobams.org\/wp-content\/uploads\/2016\/06\/PDF.png\" alt=\"PDF download Accobams\" width=\"30\" height=\"30\" \/><\/span><\/a><\/td><\/tr><tr><td><span style=\"font-family: tahoma, arial, helvetica, sans-serif;\">Assessing the overlap of fishing and bottlenose dolphins in an understudied region of the Mediterranean<\/span><br \/><span style=\"font-family: tahoma, arial, helvetica, sans-serif;\"><em>Tim AWBERY<\/em><\/span><\/td><td><a href=\"https:\/\/accobams.org\/wp-content\/uploads\/2021\/04\/Article-AWBERY-Tim.pdf\" target=\"_blank\" rel=\"noopener\"><span style=\"font-family: tahoma, arial, helvetica, sans-serif;\"><img loading=\"lazy\" decoding=\"async\" class=\"aligncenter wp-image-785\" src=\"https:\/\/accobams.org\/wp-content\/uploads\/2016\/06\/PDF.png\" alt=\"PDF download Accobams\" width=\"30\" height=\"30\" \/><\/span><\/a><\/td><\/tr><tr><td><span style=\"font-family: tahoma, arial, helvetica, sans-serif;\">Changement dans le volume et la composition des captures des sardiniers attribuable \u00e0 la d\u00e9pr\u00e9dation par <em>Tursiops truncatus<\/em> au Nord-Est de la Tunisie (K\u00e9libia)<\/span><br \/><span style=\"font-family: tahoma, arial, helvetica, sans-serif;\"><em>Rimel BENMESSAOUD<\/em><\/span><\/td><td><a href=\"https:\/\/accobams.org\/wp-content\/uploads\/2021\/04\/Article-BENMESSAOUD-Rimel.pdf\" target=\"_blank\" rel=\"noopener\"><span style=\"font-family: tahoma, arial, helvetica, sans-serif;\"><img loading=\"lazy\" decoding=\"async\" class=\"aligncenter wp-image-785\" src=\"https:\/\/accobams.org\/wp-content\/uploads\/2016\/06\/PDF.png\" alt=\"PDF download Accobams\" width=\"30\" height=\"30\" \/><\/span><\/a><\/td><\/tr><\/tbody><\/table>","protected":false},"excerpt":{"rendered":"Session d&rsquo;OuvertureOverview on the National Centre for Marine Sciences\u2019 recent activities for cetaceans\u2019 conservation in Lebanon (host country conference)Milad FAKHRI, ACCOBAMS National Focal Point for LebanonSession 1: Surveillance des populations de c\u00e9tac\u00e9sIntroductory presentation: ACCOBAMS Survey Initiative, reinforcement and sustainability of monitoring efforts &#8211; Julie BELMONT Information on ASI Results Special Issue &#8211; Nejla BEJAOUILa r\u00e9gion tunisienne, un point chaud de m\u00e9gafaune marine en M\u00e9diterran\u00e9eMehdi DEKHILAssessing knowledge on cetaceans inshore and offshore AlgeriaSouad LAMOUTIEstimation des biais associ\u00e9s \u00e0 l\u2019\u00e9valuation de l\u2019abondance de la m\u00e9gafaune marine au cours de la campagne d\u2019observation ASIMehdi DEKHILA well-connected network for cetacean monitoring in south Mediterranean countries following the EcAp\/IMAP principlesMehdi AISSICollaboration tripartite (Liban, Tunisie et France) pour une am\u00e9lioration du suivi des c\u00e9tac\u00e9s en M\u00e9diterran\u00e9eGaby KHALAFSession 2: Aires d&rsquo;importance pour les c\u00e9tac\u00e9sIntroductory presentation:Toward the identification of important cetacean\u2019s areas at a regional scaleL\u00e9a DAVID &amp; Ma\u00fflis SALIVASSession 3: Interactions entre les c\u00e9tac\u00e9s et les activit\u00e9s [&hellip;]","protected":false},"author":1,"featured_media":0,"parent":0,"menu_order":0,"comment_status":"closed","ping_status":"closed","template":"","meta":{"footnotes":""},"class_list":["post-28788","page","type-page","status-publish","hentry","no-wpautop"],"aioseo_notices":[],"acf":[],"_links":{"self":[{"href":"https:\/\/accobams.org\/fr\/wp-json\/wp\/v2\/pages\/28788","targetHints":{"allow":["GET"]}}],"collection":[{"href":"https:\/\/accobams.org\/fr\/wp-json\/wp\/v2\/pages"}],"about":[{"href":"https:\/\/accobams.org\/fr\/wp-json\/wp\/v2\/types\/page"}],"author":[{"embeddable":true,"href":"https:\/\/accobams.org\/fr\/wp-json\/wp\/v2\/users\/1"}],"replies":[{"embeddable":true,"href":"https:\/\/accobams.org\/fr\/wp-json\/wp\/v2\/comments?post=28788"}],"version-history":[{"count":0,"href":"https:\/\/accobams.org\/fr\/wp-json\/wp\/v2\/pages\/28788\/revisions"}],"wp:attachment":[{"href":"https:\/\/accobams.org\/fr\/wp-json\/wp\/v2\/media?parent=28788"}],"curies":[{"name":"wp","href":"https:\/\/api.w.org\/{rel}","templated":true}]}}