{"id":28080,"date":"2021-03-31T14:55:21","date_gmt":"2021-03-31T12:55:21","guid":{"rendered":"https:\/\/accobams.org\/release-of-the-accobams-survey-initiative-results-in-the-mediterranean-and-black-sea-online-event-on-22-april-2021\/"},"modified":"2021-04-22T13:37:15","modified_gmt":"2021-04-22T11:37:15","slug":"release-of-the-accobams-survey-initiative-results-in-the-mediterranean-and-black-sea-online-event-on-22-april-2021","status":"publish","type":"page","link":"https:\/\/accobams.org\/fr\/release-of-the-accobams-survey-initiative-results-in-the-mediterranean-and-black-sea-online-event-on-22-april-2021\/","title":{"rendered":"Publication des r\u00e9sultats de l&rsquo;ACCOBAMS Survey Initiative en M\u00e9diterran\u00e9e et en Mer Noire &#8211; \u00c9v\u00e9nement en ligne le 22 avril 2021"},"content":{"rendered":"<p style=\"text-align: justify;\">\u00c0 l&rsquo;occasion de la publication des rapports, le Secr\u00e9tariat de l&rsquo;ACCOBAMS organise le 22 avril un \u00e9v\u00e9nement en ligne pour pr\u00e9senter les principaux r\u00e9sultats de l&rsquo;ACCOBAMS Survey Initiative (ASI) en M\u00e9diterran\u00e9e et en mer Noire.<\/p><p style=\"text-align: justify;\">L&rsquo;ASI a conduit en 2018 et 2019 aux premi\u00e8res campagnes de suivi de la m\u00e9gafaune marine jamais r\u00e9alis\u00e9es \u00e0 l&rsquo;\u00e9chelle de la mer M\u00e9diterran\u00e9e et de la mer Noire \u00e0 travers le projet CeNoBS.\u00a0 Apr\u00e8s deux ans d&rsquo;analyse intensive et approfondie des donn\u00e9es, les rapports des r\u00e9sultats sont mis \u00e0 disposition pour une utilisation optimale et la plus large possible, au service de la conservation de l&rsquo;environnement marin.<\/p><p style=\"text-align: justify;\">L&rsquo;\u00e9v\u00e9nement se d\u00e9roulera de 14h00 \u00e0 14h40 heure de Monaco (CET) et consistera en une br\u00e8ve pr\u00e9sentation des rapports ASI, mettant en \u00e9vidence les principaux r\u00e9sultats concernant les esp\u00e8ces de c\u00e9tac\u00e9s, suivie d&rsquo;une session de questions-r\u00e9ponses ouverte \u00e0 tous les participants.<\/p><p style=\"text-align: justify;\">L&rsquo;interpr\u00e9tation sera assur\u00e9e en anglais et en fran\u00e7ais.<\/p><p style=\"text-align: center;\"><span style=\"color: #3366ff;\"><strong>Les rapports de l&rsquo;ASI sur la M\u00e9diterran\u00e9e et la mer Noire seront disponibles ici le jour de l&rsquo;\u00e9v\u00e9nement.<\/strong><\/span><\/p><p style=\"text-align: center;\"><img loading=\"lazy\" decoding=\"async\" class=\"aligncenter wp-image-28126\" src=\"https:\/\/accobams.org\/wp-content\/uploads\/2021\/04\/Inscriptio-en-ligne-bouton-FR.jpg\" alt=\"Inscription en ligne ASI\" width=\"276\" height=\"62\" srcset=\"https:\/\/accobams.org\/wp-content\/uploads\/2021\/04\/Inscriptio-en-ligne-bouton-FR.jpg 476w, https:\/\/accobams.org\/wp-content\/uploads\/2021\/04\/Inscriptio-en-ligne-bouton-FR-300x67.jpg 300w\" sizes=\"auto, (max-width: 276px) 100vw, 276px\" \/><\/p><p style=\"text-align: center;\"><em><strong>Seuls les participants inscrits recevront le lien pour assister \u00e0 l&rsquo;\u00e9v\u00e9nement.<\/strong><\/em><\/p><p style=\"text-align: center;\"><span style=\"color: #3366ff;\"><strong>Nous nous r\u00e9jouissons de votre participation !<\/strong><\/span><\/p><p>&nbsp;<\/p><p><img loading=\"lazy\" decoding=\"async\" class=\"aligncenter size-full wp-image-28153\" src=\"https:\/\/accobams.org\/wp-content\/uploads\/2021\/04\/ASI-Release-Event-image.png\" alt=\"\" width=\"925\" height=\"236\" srcset=\"https:\/\/accobams.org\/wp-content\/uploads\/2021\/04\/ASI-Release-Event-image.png 925w, https:\/\/accobams.org\/wp-content\/uploads\/2021\/04\/ASI-Release-Event-image-300x77.png 300w\" sizes=\"auto, (max-width: 925px) 100vw, 925px\" \/><\/p>","protected":false},"excerpt":{"rendered":"\u00c0 l&rsquo;occasion de la publication des rapports, le Secr\u00e9tariat de l&rsquo;ACCOBAMS organise le 22 avril un \u00e9v\u00e9nement en ligne pour pr\u00e9senter les principaux r\u00e9sultats de l&rsquo;ACCOBAMS Survey Initiative (ASI) en M\u00e9diterran\u00e9e et en mer Noire.L&rsquo;ASI a conduit en 2018 et 2019 aux premi\u00e8res campagnes de suivi de la m\u00e9gafaune marine jamais r\u00e9alis\u00e9es \u00e0 l&rsquo;\u00e9chelle de la mer M\u00e9diterran\u00e9e et de la mer Noire \u00e0 travers le projet CeNoBS.\u00a0 Apr\u00e8s deux ans d&rsquo;analyse intensive et approfondie des donn\u00e9es, les rapports des r\u00e9sultats sont mis \u00e0 disposition pour une utilisation optimale et la plus large possible, au service de la conservation de l&rsquo;environnement marin.L&rsquo;\u00e9v\u00e9nement se d\u00e9roulera de 14h00 \u00e0 14h40 heure de Monaco (CET) et consistera en une br\u00e8ve pr\u00e9sentation des rapports ASI, mettant en \u00e9vidence les principaux r\u00e9sultats concernant les esp\u00e8ces de c\u00e9tac\u00e9s, suivie d&rsquo;une session de questions-r\u00e9ponses ouverte \u00e0 tous les participants.L&rsquo;interpr\u00e9tation sera assur\u00e9e en anglais et en fran\u00e7ais.Les rapports [&hellip;]","protected":false},"author":1,"featured_media":0,"parent":0,"menu_order":0,"comment_status":"closed","ping_status":"closed","template":"","meta":{"footnotes":""},"class_list":["post-28080","page","type-page","status-publish","hentry","no-wpautop"],"aioseo_notices":[],"acf":[],"_links":{"self":[{"href":"https:\/\/accobams.org\/fr\/wp-json\/wp\/v2\/pages\/28080","targetHints":{"allow":["GET"]}}],"collection":[{"href":"https:\/\/accobams.org\/fr\/wp-json\/wp\/v2\/pages"}],"about":[{"href":"https:\/\/accobams.org\/fr\/wp-json\/wp\/v2\/types\/page"}],"author":[{"embeddable":true,"href":"https:\/\/accobams.org\/fr\/wp-json\/wp\/v2\/users\/1"}],"replies":[{"embeddable":true,"href":"https:\/\/accobams.org\/fr\/wp-json\/wp\/v2\/comments?post=28080"}],"version-history":[{"count":0,"href":"https:\/\/accobams.org\/fr\/wp-json\/wp\/v2\/pages\/28080\/revisions"}],"wp:attachment":[{"href":"https:\/\/accobams.org\/fr\/wp-json\/wp\/v2\/media?parent=28080"}],"curies":[{"name":"wp","href":"https:\/\/api.w.org\/{rel}","templated":true}]}}