{"id":25320,"date":"2021-01-26T14:49:07","date_gmt":"2021-01-26T13:49:07","guid":{"rendered":"https:\/\/accobams.org\/upcoming-meetings\/"},"modified":"2024-09-13T08:59:22","modified_gmt":"2024-09-13T06:59:22","slug":"structure-accobams","status":"publish","type":"page","link":"https:\/\/accobams.org\/fr\/structure-accobams\/","title":{"rendered":"Structure ACCOBAMS"},"content":{"rendered":"<p style=\"text-align: justify;\">Les organismes suivants sont pr\u00e9vus dans l&rsquo;Accord pour promouvoir sa mise en \u0153uvre :<\/p><table style=\"height: 303px;\" width=\"464\"><tbody><tr><td><p><a href=\"https:\/\/accobams.org\/fr\/the-meeting-of-the-parties\/\" target=\"_blank\" rel=\"noopener\">La R\u00e9union des Parties (MOP)<\/a><\/p><p>\u00a0 \u00a0<a href=\"https:\/\/accobams.org\/fr\/the-accobams-bureau\/\" target=\"_blank\" rel=\"noopener\">Le Bureau de l&rsquo;ACCOBAMS (BU)<\/a><\/p><p>\u00a0 \u00a0 \u00a0\u00a0 <a href=\"https:\/\/accobams.org\/fr\/secretariat-de-laccobams\/\" target=\"_blank\" rel=\"noopener\">Le Secr\u00e9tariat de l&rsquo;ACCOBAMS<\/a><\/p><p>\u00a0 \u00a0 \u00a0 \u00a0 \u00a0 \u00a0<a href=\"https:\/\/accobams.org\/fr\/accobams-scientific-committee\/\" target=\"_blank\" rel=\"noopener\">Le Comit\u00e9 Scientifique de l&rsquo;ACCOBAMS (CS)<\/a><\/p><p>\u00a0 \u00a0 \u00a0 \u00a0 \u00a0 \u00a0 \u00a0 \u00a0<a href=\"https:\/\/accobams.org\/fr\/accobams-follow-up-committee\/\" target=\"_blank\" rel=\"noopener\">Le Comit\u00e9 de Suivi des Obligations de l&rsquo;ACCOBAMS<\/a><\/p><p>\u00a0 \u00a0 \u00a0 \u00a0 \u00a0 \u00a0 \u00a0 \u00a0 \u00a0 <a href=\"https:\/\/accobams.org\/fr\/accobams-sub-regional-coordination-units\/\" target=\"_blank\" rel=\"noopener\">Les Unit\u00e9s de Coordination Sous-R\u00e9gionales (UCSR)<\/a><\/p><p>\u00a0 \u00a0\u00a0 \u00a0\u00a0 \u00a0\u00a0 \u00a0\u00a0 \u00a0\u00a0 \u00a0\u00a0 \u00a0\u00a0<a href=\"https:\/\/accobams.org\/fr\/accobams-partners\/\" target=\"_blank\" rel=\"noopener\">Les Partenaires \u00e0 l&rsquo;ACCOBAMS<\/a><\/p><\/td><\/tr><\/tbody><\/table><p>&nbsp;<\/p>","protected":false},"excerpt":{"rendered":"Les organismes suivants sont pr\u00e9vus dans l&rsquo;Accord pour promouvoir sa mise en \u0153uvre :La R\u00e9union des Parties (MOP)\u00a0 \u00a0Le Bureau de l&rsquo;ACCOBAMS (BU)\u00a0 \u00a0 \u00a0\u00a0 Le Secr\u00e9tariat de l&rsquo;ACCOBAMS\u00a0 \u00a0 \u00a0 \u00a0 \u00a0 \u00a0Le Comit\u00e9 Scientifique de l&rsquo;ACCOBAMS (CS)\u00a0 \u00a0 \u00a0 \u00a0 \u00a0 \u00a0 \u00a0 \u00a0Le Comit\u00e9 de Suivi des Obligations de l&rsquo;ACCOBAMS\u00a0 \u00a0 \u00a0 \u00a0 \u00a0 \u00a0 \u00a0 \u00a0 \u00a0 Les Unit\u00e9s de Coordination Sous-R\u00e9gionales (UCSR)\u00a0 \u00a0\u00a0 \u00a0\u00a0 \u00a0\u00a0 \u00a0\u00a0 \u00a0\u00a0 \u00a0\u00a0 \u00a0\u00a0Les Partenaires \u00e0 l&rsquo;ACCOBAMS&nbsp;","protected":false},"author":1,"featured_media":0,"parent":0,"menu_order":0,"comment_status":"closed","ping_status":"closed","template":"","meta":{"footnotes":""},"class_list":["post-25320","page","type-page","status-publish","hentry","no-wpautop"],"aioseo_notices":[],"acf":[],"_links":{"self":[{"href":"https:\/\/accobams.org\/fr\/wp-json\/wp\/v2\/pages\/25320","targetHints":{"allow":["GET"]}}],"collection":[{"href":"https:\/\/accobams.org\/fr\/wp-json\/wp\/v2\/pages"}],"about":[{"href":"https:\/\/accobams.org\/fr\/wp-json\/wp\/v2\/types\/page"}],"author":[{"embeddable":true,"href":"https:\/\/accobams.org\/fr\/wp-json\/wp\/v2\/users\/1"}],"replies":[{"embeddable":true,"href":"https:\/\/accobams.org\/fr\/wp-json\/wp\/v2\/comments?post=25320"}],"version-history":[{"count":18,"href":"https:\/\/accobams.org\/fr\/wp-json\/wp\/v2\/pages\/25320\/revisions"}],"predecessor-version":[{"id":34734,"href":"https:\/\/accobams.org\/fr\/wp-json\/wp\/v2\/pages\/25320\/revisions\/34734"}],"wp:attachment":[{"href":"https:\/\/accobams.org\/fr\/wp-json\/wp\/v2\/media?parent=25320"}],"curies":[{"name":"wp","href":"https:\/\/api.w.org\/{rel}","templated":true}]}}