{"id":24428,"date":"2020-04-01T18:42:54","date_gmt":"2020-04-01T16:42:54","guid":{"rendered":"https:\/\/accobams.org\/the-depredation-project-ongoing\/"},"modified":"2023-03-07T09:46:53","modified_gmt":"2023-03-07T08:46:53","slug":"projet-depredation","status":"publish","type":"page","link":"https:\/\/accobams.org\/fr\/projet-depredation\/","title":{"rendered":"LE PROJET DEPREDATION (2018-2022)"},"content":{"rendered":"<p style=\"text-align: center;\"><span style=\"font-family: arial black, sans-serif; font-size: 12pt;\">PROJET \u00ab\u00a0VERS DES SOLUTIONS AUX INTERACTIONS ENTRE LA P\u00caCHE ET LES C\u00c9TAC\u00c9S DANS LES EAUX MAROCAINES ET TUNISIENNES\u00a0\u00bb<\/span><\/p>","protected":false},"excerpt":{"rendered":"PROJET \u00ab\u00a0VERS DES SOLUTIONS AUX INTERACTIONS ENTRE LA P\u00caCHE ET LES C\u00c9TAC\u00c9S DANS LES EAUX MAROCAINES ET TUNISIENNES\u00a0\u00bb","protected":false},"author":1,"featured_media":0,"parent":0,"menu_order":0,"comment_status":"closed","ping_status":"closed","template":"template-depredation.php","meta":{"footnotes":""},"class_list":["post-24428","page","type-page","status-publish","hentry","no-wpautop"],"aioseo_notices":[],"acf":[],"_links":{"self":[{"href":"https:\/\/accobams.org\/fr\/wp-json\/wp\/v2\/pages\/24428","targetHints":{"allow":["GET"]}}],"collection":[{"href":"https:\/\/accobams.org\/fr\/wp-json\/wp\/v2\/pages"}],"about":[{"href":"https:\/\/accobams.org\/fr\/wp-json\/wp\/v2\/types\/page"}],"author":[{"embeddable":true,"href":"https:\/\/accobams.org\/fr\/wp-json\/wp\/v2\/users\/1"}],"replies":[{"embeddable":true,"href":"https:\/\/accobams.org\/fr\/wp-json\/wp\/v2\/comments?post=24428"}],"version-history":[{"count":0,"href":"https:\/\/accobams.org\/fr\/wp-json\/wp\/v2\/pages\/24428\/revisions"}],"wp:attachment":[{"href":"https:\/\/accobams.org\/fr\/wp-json\/wp\/v2\/media?parent=24428"}],"curies":[{"name":"wp","href":"https:\/\/api.w.org\/{rel}","templated":true}]}}