{"id":24421,"date":"2020-04-01T18:38:56","date_gmt":"2020-04-01T16:38:56","guid":{"rendered":"https:\/\/accobams.org\/the-mava-2-project-ongoing\/"},"modified":"2023-03-07T09:47:34","modified_gmt":"2023-03-07T08:47:34","slug":"projet-medbycatch","status":"publish","type":"page","link":"https:\/\/accobams.org\/fr\/projet-medbycatch\/","title":{"rendered":"LE PROJET MEDBYCATCH (2017-2022)"},"content":{"rendered":"<p style=\"text-align: center;\"><span style=\"font-size: 12pt; font-family: arial black, sans-serif;\">PROJET \u00ab\u00a0COMPRENDRE LES PRISES ACCIDENTELLES D&rsquo;ESP\u00c8CES VULN\u00c9RABLES EN M\u00c9DITERRAN\u00c9E ET TESTER LES MESURES D&rsquo;ATT\u00c9NUATION &#8211; UNE APPROCHE COLLABORATIVE\u00a0\u00bb<\/span><\/p>","protected":false},"excerpt":{"rendered":"PROJET \u00ab\u00a0COMPRENDRE LES PRISES ACCIDENTELLES D&rsquo;ESP\u00c8CES VULN\u00c9RABLES EN M\u00c9DITERRAN\u00c9E ET TESTER LES MESURES D&rsquo;ATT\u00c9NUATION &#8211; UNE APPROCHE COLLABORATIVE\u00a0\u00bb","protected":false},"author":1,"featured_media":0,"parent":0,"menu_order":0,"comment_status":"closed","ping_status":"closed","template":"template-depredation.php","meta":{"footnotes":""},"class_list":["post-24421","page","type-page","status-publish","hentry","no-wpautop"],"aioseo_notices":[],"acf":[],"_links":{"self":[{"href":"https:\/\/accobams.org\/fr\/wp-json\/wp\/v2\/pages\/24421","targetHints":{"allow":["GET"]}}],"collection":[{"href":"https:\/\/accobams.org\/fr\/wp-json\/wp\/v2\/pages"}],"about":[{"href":"https:\/\/accobams.org\/fr\/wp-json\/wp\/v2\/types\/page"}],"author":[{"embeddable":true,"href":"https:\/\/accobams.org\/fr\/wp-json\/wp\/v2\/users\/1"}],"replies":[{"embeddable":true,"href":"https:\/\/accobams.org\/fr\/wp-json\/wp\/v2\/comments?post=24421"}],"version-history":[{"count":0,"href":"https:\/\/accobams.org\/fr\/wp-json\/wp\/v2\/pages\/24421\/revisions"}],"wp:attachment":[{"href":"https:\/\/accobams.org\/fr\/wp-json\/wp\/v2\/media?parent=24421"}],"curies":[{"name":"wp","href":"https:\/\/api.w.org\/{rel}","templated":true}]}}