{"id":24402,"date":"2020-04-01T18:27:57","date_gmt":"2020-04-01T16:27:57","guid":{"rendered":"https:\/\/accobams.org\/activites-principales\/the-mava-1-project-2015-2018\/"},"modified":"2021-03-09T11:09:43","modified_gmt":"2021-03-09T10:09:43","slug":"le-projet-mava-2015-2018","status":"publish","type":"page","link":"https:\/\/accobams.org\/fr\/activites-principales\/le-projet-mava-2015-2018\/","title":{"rendered":"LE PROJET MAVA 1 (2015 &#8211; 2018)"},"content":{"rendered":"<p class=\"p1\" style=\"text-align: center;\"><span class=\"s1\" style=\"color: #000000; font-family: arial black, sans-serif; font-size: 12pt;\"><b>PROJET: ATT\u00c9NUER LES INTERACTIONS ENTRE LES ESP\u00c8CES MARINES MENAC\u00c9ES ET LES ACTIVIT\u00c9S DE P\u00caCHE (2015 \u2013 2018)<\/b><\/span><\/p>","protected":false},"excerpt":{"rendered":"PROJET: ATT\u00c9NUER LES INTERACTIONS ENTRE LES ESP\u00c8CES MARINES MENAC\u00c9ES ET LES ACTIVIT\u00c9S DE P\u00caCHE (2015 \u2013 2018)","protected":false},"author":1,"featured_media":0,"parent":418,"menu_order":0,"comment_status":"closed","ping_status":"closed","template":"template-depredation.php","meta":{"footnotes":""},"class_list":["post-24402","page","type-page","status-publish","hentry","no-wpautop"],"aioseo_notices":[],"acf":[],"_links":{"self":[{"href":"https:\/\/accobams.org\/fr\/wp-json\/wp\/v2\/pages\/24402","targetHints":{"allow":["GET"]}}],"collection":[{"href":"https:\/\/accobams.org\/fr\/wp-json\/wp\/v2\/pages"}],"about":[{"href":"https:\/\/accobams.org\/fr\/wp-json\/wp\/v2\/types\/page"}],"author":[{"embeddable":true,"href":"https:\/\/accobams.org\/fr\/wp-json\/wp\/v2\/users\/1"}],"replies":[{"embeddable":true,"href":"https:\/\/accobams.org\/fr\/wp-json\/wp\/v2\/comments?post=24402"}],"version-history":[{"count":0,"href":"https:\/\/accobams.org\/fr\/wp-json\/wp\/v2\/pages\/24402\/revisions"}],"up":[{"embeddable":true,"href":"https:\/\/accobams.org\/fr\/wp-json\/wp\/v2\/pages\/418"}],"wp:attachment":[{"href":"https:\/\/accobams.org\/fr\/wp-json\/wp\/v2\/media?parent=24402"}],"curies":[{"name":"wp","href":"https:\/\/api.w.org\/{rel}","templated":true}]}}