{"id":23921,"date":"2020-03-27T10:26:33","date_gmt":"2020-03-27T09:26:33","guid":{"rendered":"https:\/\/accobams.org\/use-of-new-technologies\/"},"modified":"2020-04-01T13:53:18","modified_gmt":"2020-04-01T11:53:18","slug":"use-of-new-technologies","status":"publish","type":"page","link":"https:\/\/accobams.org\/fr\/use-of-new-technologies\/","title":{"rendered":"Utilisation de nouvelles technologies"},"content":{"rendered":"<p style=\"text-align: center;\"><span style=\"color: #3366ff;\"><strong>SUITE DE L&rsquo;ASI:<br \/>TEST DES DRONES DE SURFACE AUTONOMES POUR ESTIMER L&rsquo;ABONDANCE ET LA DISTRIBUTION DES C\u00c9TAC\u00c9S<\/strong><\/span><\/p><p>&nbsp;<\/p><p style=\"text-align: justify;\">Apr\u00e8s la campagne de suivi a\u00e9rien et en bateau de l\u2019ASI visant \u00e0 estimer l&rsquo;abondance et la distribution des c\u00e9tac\u00e9s dans la zone de l\u2019ACCOBAMS, le Secr\u00e9tariat Permanent s&rsquo;efforce d&rsquo;assurer la durabilit\u00e9 de cette initiative \u00e0 l&rsquo;avenir, en particulier en explorant l&rsquo;utilisation des meilleures technologies disponibles.<\/p><p style=\"text-align: justify;\"><img loading=\"lazy\" decoding=\"async\" class=\"wp-image-23890 alignleft\" src=\"https:\/\/accobams.org\/wp-content\/uploads\/2020\/03\/Sphyrna-Odyssee-5.jpg\" alt=\"\" width=\"400\" height=\"267\" srcset=\"https:\/\/accobams.org\/wp-content\/uploads\/2020\/03\/Sphyrna-Odyssee-5.jpg 2208w, https:\/\/accobams.org\/wp-content\/uploads\/2020\/03\/Sphyrna-Odyssee-5-300x200.jpg 300w, https:\/\/accobams.org\/wp-content\/uploads\/2020\/03\/Sphyrna-Odyssee-5-1024x684.jpg 1024w, https:\/\/accobams.org\/wp-content\/uploads\/2020\/03\/Sphyrna-Odyssee-5-1536x1025.jpg 1536w, https:\/\/accobams.org\/wp-content\/uploads\/2020\/03\/Sphyrna-Odyssee-5-2048x1367.jpg 2048w\" sizes=\"auto, (max-width: 400px) 100vw, 400px\" \/><\/p><p style=\"text-align: justify;\">\u00a0<\/p><p>&nbsp;<\/p><p style=\"text-align: justify;\"><a href=\"http:\/\/www.sphyrna-odyssey.com\/\"><strong>Le projet Sphyrna Odyssey<\/strong>,<\/a> issu d\u2019une collaboration entre l\u2019ACCOBAMS, <a href=\"https:\/\/www.marineconservationresearch.co.uk\/\" target=\"_blank\" rel=\"noopener noreferrer\">Marine Conservation Research<\/a> (MCR), <a href=\"http:\/\/seaproven.com\/\" target=\"_blank\" rel=\"noopener noreferrer\">SeaProven<\/a>, la revue <a href=\"https:\/\/www.acoram.fr\/association\/marine-oceans\/\" target=\"_blank\" rel=\"noopener noreferrer\">Marine &amp; Oc\u00e9ans<\/a> et l&rsquo;<a href=\"http:\/\/www.univ-tln.fr\/\" target=\"_blank\" rel=\"noopener noreferrer\">Universit\u00e9 de Toulon<\/a>, a conduit ses partenaires \u00e0 effectuer mi-mars une s\u00e9rie d&rsquo;essais en mer au large des c\u00f4tes de Toulon, dans une zone de canyons profonds o\u00f9 l&rsquo;on rencontre souvent des cachalots. Le but de l\u2019exp\u00e9rience \u00e9tait de d\u00e9ployer diff\u00e9rents types de syst\u00e8mes d&rsquo;hydrophones (microphones sous-marins) \u00e0 partir du drone flottant autonome Sphyrna de SeaProven, afin d\u2019\u00e9valuer le potentiel d&rsquo;utilisation de ces laboratoires autonomes flottants pour suivre et \u00e9tudier la distribution et l&rsquo;abondance des esp\u00e8ces de c\u00e9tac\u00e9s \u00e9voluant en grande profondeur.<\/p><p>&nbsp;<\/p><p>&nbsp;<\/p><p style=\"text-align: justify;\"><img loading=\"lazy\" decoding=\"async\" class=\"alignright wp-image-23888\" src=\"https:\/\/accobams.org\/wp-content\/uploads\/2020\/03\/Sphyrna-Odyssee-4.jpg\" alt=\"\" width=\"350\" height=\"233\" srcset=\"https:\/\/accobams.org\/wp-content\/uploads\/2020\/03\/Sphyrna-Odyssee-4.jpg 1859w, https:\/\/accobams.org\/wp-content\/uploads\/2020\/03\/Sphyrna-Odyssee-4-300x200.jpg 300w, https:\/\/accobams.org\/wp-content\/uploads\/2020\/03\/Sphyrna-Odyssee-4-1024x682.jpg 1024w, https:\/\/accobams.org\/wp-content\/uploads\/2020\/03\/Sphyrna-Odyssee-4-1536x1024.jpg 1536w\" sizes=\"auto, (max-width: 350px) 100vw, 350px\" \/><\/p><p>&nbsp;<\/p><p>&nbsp;<\/p><p style=\"text-align: justify;\">Les cachalots, cibles de l\u2019\u00e9tude, sont plus faciles \u00e0 d\u00e9tecter acoustiquement que visuellement car ils effectuent r\u00e9guli\u00e8rement des plong\u00e9es profondes pour chercher leur nourriture. Ces plong\u00e9es durent g\u00e9n\u00e9ralement de 30 \u00e0 45 minutes, et sont suivies d&rsquo;une p\u00e9riode de r\u00e9cup\u00e9ration (environ 7 \u00e0 12 minutes) \u00e0 la surface avant de plonger \u00e0 nouveau. Pendant la majeure partie de la dur\u00e9e de leurs plong\u00e9es, les cachalots produisent des clics d&rsquo;\u00e9cholocation forts et r\u00e9guliers qui peuvent \u00eatre d\u00e9tect\u00e9s \u00e0 de grandes distances : g\u00e9n\u00e9ralement \u00e0 environ 8-10 km d&rsquo;un navire mais jusqu&rsquo;\u00e0 37 km dans certaines conditions. En comparaison, la distance de d\u00e9tection maximale des cachalots pour les suivis visuels est de 4,3 km.<\/p><p>&nbsp;<\/p><p style=\"text-align: justify;\">Malgr\u00e9 des conditions m\u00e9t\u00e9orologiques mitig\u00e9es et l&rsquo;\u00e9volution rapide de la situation du Covid-19, l&rsquo;\u00e9quipe a pu effectuer trois sorties depuis sa base dans le port de La Seyne Sur Mer. Les donn\u00e9es acoustiques ont \u00e9t\u00e9 collect\u00e9es \u00e0 partir du r\u00e9seau d&rsquo;hydrophones fixes (mont\u00e9s sur la coque) d\u00e9velopp\u00e9 par l&rsquo;Universit\u00e9 de Toulon et du r\u00e9seau d&rsquo;hydrophones tract\u00e9s de MCR. En raison du confinement imminent en France, la mission a d\u00fb \u00eatre arr\u00eat\u00e9e. Cependant, les progr\u00e8s r\u00e9alis\u00e9s lors de ces premiers essais sont tr\u00e8s encourageants pour de futures collaborations et de nouveaux d\u00e9veloppements. L&rsquo;analyse des donn\u00e9es acoustiques va bient\u00f4t commencer, et l&rsquo;\u00e9quipe est convaincue que des cachalots ont \u00e9t\u00e9 d\u00e9tect\u00e9s acoustiquement lors de ces essais.<\/p><p>&nbsp;<\/p><p style=\"text-align: justify;\"><em><strong>Le projet Sphyrna Odyssey est mis en \u0153uvre gr\u00e2ce au soutien de l&rsquo;ACCOBAMS, de la <a href=\"https:\/\/www.monacoexplorations.org\/\" target=\"_blank\" rel=\"noopener noreferrer\">Soci\u00e9t\u00e9 des Explorations de Monaco<\/a> et de la <a href=\"https:\/\/www.fpa2.org\/accueil.html\" target=\"_blank\" rel=\"noopener noreferrer\">Fondation Prince Albert II<\/a>.<\/strong><\/em><\/p><p style=\"text-align: justify;\"><strong><em>\u00a0<\/em><\/strong><\/p><table style=\"height: 703px;\" width=\"778\"><tbody><tr><td><br \/><p><img loading=\"lazy\" decoding=\"async\" class=\"wp-image-23886 aligncenter\" src=\"https:\/\/accobams.org\/wp-content\/uploads\/2020\/03\/Sphyrna-Odyssee-3.jpg\" alt=\"\" width=\"213\" height=\"319\" srcset=\"https:\/\/accobams.org\/wp-content\/uploads\/2020\/03\/Sphyrna-Odyssee-3.jpg 1296w, https:\/\/accobams.org\/wp-content\/uploads\/2020\/03\/Sphyrna-Odyssee-3-200x300.jpg 200w, https:\/\/accobams.org\/wp-content\/uploads\/2020\/03\/Sphyrna-Odyssee-3-682x1024.jpg 682w, https:\/\/accobams.org\/wp-content\/uploads\/2020\/03\/Sphyrna-Odyssee-3-1023x1536.jpg 1023w\" sizes=\"auto, (max-width: 213px) 100vw, 213px\" \/><\/p><\/td><td><img loading=\"lazy\" decoding=\"async\" class=\"aligncenter wp-image-23894\" src=\"https:\/\/accobams.org\/wp-content\/uploads\/2020\/03\/Sphyrna-Odyssee-7.jpg\" alt=\"\" width=\"350\" height=\"222\" \/><\/td><\/tr><tr><td><img loading=\"lazy\" decoding=\"async\" class=\"aligncenter wp-image-23884\" src=\"https:\/\/accobams.org\/wp-content\/uploads\/2020\/03\/Sphyrna-Odyssee-2.jpg\" alt=\"\" width=\"350\" height=\"263\" \/><\/td><td><img loading=\"lazy\" decoding=\"async\" class=\"wp-image-23882 aligncenter\" src=\"https:\/\/accobams.org\/wp-content\/uploads\/2020\/03\/Sphyrna-Odyssee-1.jpg\" alt=\"\" width=\"239\" height=\"319\" srcset=\"https:\/\/accobams.org\/wp-content\/uploads\/2020\/03\/Sphyrna-Odyssee-1.jpg 1619w, https:\/\/accobams.org\/wp-content\/uploads\/2020\/03\/Sphyrna-Odyssee-1-225x300.jpg 225w, https:\/\/accobams.org\/wp-content\/uploads\/2020\/03\/Sphyrna-Odyssee-1-768x1024.jpg 768w, https:\/\/accobams.org\/wp-content\/uploads\/2020\/03\/Sphyrna-Odyssee-1-1151x1536.jpg 1151w, https:\/\/accobams.org\/wp-content\/uploads\/2020\/03\/Sphyrna-Odyssee-1-1535x2048.jpg 1535w\" sizes=\"auto, (max-width: 239px) 100vw, 239px\" \/><\/td><\/tr><\/tbody><\/table><p><img loading=\"lazy\" decoding=\"async\" class=\"aligncenter wp-image-23892\" src=\"https:\/\/accobams.org\/wp-content\/uploads\/2020\/03\/Sphyrna-Odyssee-6.jpg\" alt=\"\" width=\"1100\" height=\"472\" \/><\/p>","protected":false},"excerpt":{"rendered":"SUITE DE L&rsquo;ASI:TEST DES DRONES DE SURFACE AUTONOMES POUR ESTIMER L&rsquo;ABONDANCE ET LA DISTRIBUTION DES C\u00c9TAC\u00c9S&nbsp;Apr\u00e8s la campagne de suivi a\u00e9rien et en bateau de l\u2019ASI visant \u00e0 estimer l&rsquo;abondance et la distribution des c\u00e9tac\u00e9s dans la zone de l\u2019ACCOBAMS, le Secr\u00e9tariat Permanent s&rsquo;efforce d&rsquo;assurer la durabilit\u00e9 de cette initiative \u00e0 l&rsquo;avenir, en particulier en explorant l&rsquo;utilisation des meilleures technologies disponibles.\u00a0&nbsp;Le projet Sphyrna Odyssey, issu d\u2019une collaboration entre l\u2019ACCOBAMS, Marine Conservation Research (MCR), SeaProven, la revue Marine &amp; Oc\u00e9ans et l&rsquo;Universit\u00e9 de Toulon, a conduit ses partenaires \u00e0 effectuer mi-mars une s\u00e9rie d&rsquo;essais en mer au large des c\u00f4tes de Toulon, dans une zone de canyons profonds o\u00f9 l&rsquo;on rencontre souvent des cachalots. Le but de l\u2019exp\u00e9rience \u00e9tait de d\u00e9ployer diff\u00e9rents types de syst\u00e8mes d&rsquo;hydrophones (microphones sous-marins) \u00e0 partir du drone flottant autonome Sphyrna de SeaProven, afin d\u2019\u00e9valuer le potentiel d&rsquo;utilisation de ces laboratoires autonomes flottants pour suivre et \u00e9tudier [&hellip;]","protected":false},"author":1,"featured_media":0,"parent":0,"menu_order":0,"comment_status":"closed","ping_status":"closed","template":"","meta":{"footnotes":""},"class_list":["post-23921","page","type-page","status-publish","hentry","no-wpautop"],"aioseo_notices":[],"acf":[],"_links":{"self":[{"href":"https:\/\/accobams.org\/fr\/wp-json\/wp\/v2\/pages\/23921","targetHints":{"allow":["GET"]}}],"collection":[{"href":"https:\/\/accobams.org\/fr\/wp-json\/wp\/v2\/pages"}],"about":[{"href":"https:\/\/accobams.org\/fr\/wp-json\/wp\/v2\/types\/page"}],"author":[{"embeddable":true,"href":"https:\/\/accobams.org\/fr\/wp-json\/wp\/v2\/users\/1"}],"replies":[{"embeddable":true,"href":"https:\/\/accobams.org\/fr\/wp-json\/wp\/v2\/comments?post=23921"}],"version-history":[{"count":0,"href":"https:\/\/accobams.org\/fr\/wp-json\/wp\/v2\/pages\/23921\/revisions"}],"wp:attachment":[{"href":"https:\/\/accobams.org\/fr\/wp-json\/wp\/v2\/media?parent=23921"}],"curies":[{"name":"wp","href":"https:\/\/api.w.org\/{rel}","templated":true}]}}