{"id":22523,"date":"2019-09-26T10:12:16","date_gmt":"2019-09-26T08:12:16","guid":{"rendered":"http:\/\/www.accobams.org\/download-data-page-list-for-mediterranean-or-black-sea\/"},"modified":"2020-05-07T13:20:05","modified_gmt":"2020-05-07T11:20:05","slug":"download-data-page-list-for-mediterranean-or-black-sea","status":"publish","type":"page","link":"https:\/\/accobams.org\/fr\/download-data-page-list-for-mediterranean-or-black-sea\/","title":{"rendered":"Donn\u00e9es ASI pour la mer M\u00e9diterran\u00e9e et la mer Noire"},"content":{"rendered":"&nbsp;\r\n\r\n<img loading=\"lazy\" decoding=\"async\" class=\"aligncenter wp-image-22550\" src=\"https:\/\/accobams.org\/wp-content\/uploads\/2019\/10\/med-map-blue-new.jpg\" alt=\"\" width=\"739\" height=\"411\" srcset=\"https:\/\/accobams.org\/wp-content\/uploads\/2019\/10\/med-map-blue-new.jpg 656w, https:\/\/accobams.org\/wp-content\/uploads\/2019\/10\/med-map-blue-new-300x167.jpg 300w\" sizes=\"auto, (max-width: 739px) 100vw, 739px\" \/>\r\n\r\n&nbsp;\r\n<p class=\"p1\" style=\"text-align: center;\"><strong>Merci de choisir un menu pour t\u00e9l\u00e9charger les fichiers<\/strong><\/p>","protected":false},"excerpt":{"rendered":"&nbsp; &nbsp; Merci de choisir un menu pour t\u00e9l\u00e9charger les fichiers","protected":false},"author":1,"featured_media":0,"parent":0,"menu_order":0,"comment_status":"closed","ping_status":"closed","template":"template-downloadprivate.php","meta":{"footnotes":""},"class_list":["post-22523","page","type-page","status-publish","hentry","no-wpautop"],"aioseo_notices":[],"acf":[],"_links":{"self":[{"href":"https:\/\/accobams.org\/fr\/wp-json\/wp\/v2\/pages\/22523","targetHints":{"allow":["GET"]}}],"collection":[{"href":"https:\/\/accobams.org\/fr\/wp-json\/wp\/v2\/pages"}],"about":[{"href":"https:\/\/accobams.org\/fr\/wp-json\/wp\/v2\/types\/page"}],"author":[{"embeddable":true,"href":"https:\/\/accobams.org\/fr\/wp-json\/wp\/v2\/users\/1"}],"replies":[{"embeddable":true,"href":"https:\/\/accobams.org\/fr\/wp-json\/wp\/v2\/comments?post=22523"}],"version-history":[{"count":0,"href":"https:\/\/accobams.org\/fr\/wp-json\/wp\/v2\/pages\/22523\/revisions"}],"wp:attachment":[{"href":"https:\/\/accobams.org\/fr\/wp-json\/wp\/v2\/media?parent=22523"}],"curies":[{"name":"wp","href":"https:\/\/api.w.org\/{rel}","templated":true}]}}