{"id":22512,"date":"2019-10-08T10:15:52","date_gmt":"2019-10-08T08:15:52","guid":{"rendered":"http:\/\/www.accobams.org\/?page_id=22512"},"modified":"2024-05-14T09:21:40","modified_gmt":"2024-05-14T07:21:40","slug":"donnees-de-laccobams-survey-initiative","status":"publish","type":"page","link":"https:\/\/accobams.org\/fr\/activites-principales\/accobams-survey-initiative-2\/donnees-de-laccobams-survey-initiative\/","title":{"rendered":"LES DONN\u00c9ES DE L\u2019ACCOBAMS SURVEY INITIATIVE"},"content":{"rendered":"<p style=\"text-align: justify;\">Le projet ACCOBAMS Survey Initiative (ASI) vise \u00e0 mettre en place un syst\u00e8me de suivi int\u00e9gr\u00e9, collaboratif et coordonn\u00e9 de l\u2019\u00e9tat des populations de c\u00e9tac\u00e9s dans l\u2019ensemble de la zone de l\u2019ACCOBAMS, dans le but de renforcer la gouvernance et les efforts pour la conservation de ces esp\u00e8ces. Mis en \u0153uvre par le Secr\u00e9tariat Permanent de l&rsquo;ACCOBAMS, en coordination et avec le soutien des pays riverains et des scientifiques locaux, l&rsquo;ASI a conduit en 2018 et 2019 \u00e0 collecter une quantit\u00e9 de donn\u00e9es sans pr\u00e9c\u00e9dent sur la faune marine (c\u00e9tac\u00e9s et autres esp\u00e8ces de m\u00e9gafaune marine) et sur les pressions anthropiques, gr\u00e2ce \u00e0 des suivis r\u00e9gionaux men\u00e9s dans toute la M\u00e9diterran\u00e9e et la mer Noire.<\/p><p style=\"text-align: justify;\">En M\u00e9diterran\u00e9e, les efforts de suivi ont \u00e9t\u00e9 men\u00e9s avec :<\/p><ol><li style=\"text-align: justify;\"><strong>Des suivis a\u00e9riens dans plus de 75 % de la r\u00e9gion<\/strong><\/li><\/ol><p style=\"text-align: justify;\"><img loading=\"lazy\" decoding=\"async\" class=\"aligncenter  wp-image-22516\" src=\"https:\/\/accobams.org\/wp-content\/uploads\/2019\/10\/Asi-map1-FR.jpg\" alt=\"Asi map1 FR\" width=\"797\" height=\"351\" srcset=\"https:\/\/accobams.org\/wp-content\/uploads\/2019\/10\/Asi-map1-FR.jpg 792w, https:\/\/accobams.org\/wp-content\/uploads\/2019\/10\/Asi-map1-FR-300x132.jpg 300w\" sizes=\"auto, (max-width: 797px) 100vw, 797px\" \/><\/p><ol><li style=\"text-align: justify;\"><strong>Des suivis visuels en bateau dans les eaux \u00e9gyptiennes, libanaises et syriennes <\/strong><\/li><li style=\"text-align: justify;\"><strong>Des suivis visuels et acoustiques (suivi acoustique passif) <\/strong>depuis le voilier de recherche Song of the Whale (appartenant \u00e0 Marine Conservation Research) dans le bassin occidental de la M\u00e9diterran\u00e9e, au sud de la Gr\u00e8ce et dans les eaux au large de la Libye.<\/li><\/ol><p style=\"text-align: justify;\"><img loading=\"lazy\" decoding=\"async\" class=\"aligncenter wp-image-22514\" src=\"https:\/\/accobams.org\/wp-content\/uploads\/2019\/10\/Asi-map2-FR.jpg\" alt=\"\" width=\"815\" height=\"392\" srcset=\"https:\/\/accobams.org\/wp-content\/uploads\/2019\/10\/Asi-map2-FR.jpg 827w, https:\/\/accobams.org\/wp-content\/uploads\/2019\/10\/Asi-map2-FR-300x144.jpg 300w\" sizes=\"auto, (max-width: 815px) 100vw, 815px\" \/><\/p><p style=\"text-align: justify;\">En Mer Noire,\u00a0les efforts de suivi ont \u00e9t\u00e9 men\u00e9s avec:<\/p><p><strong>1. Des suivis a\u00e9riens au-dessus des eaux de Bulgarie, G\u00e9orgie, Roumanie, Turquie et Ukraine grace au project CeNoBS<\/strong> (Support Marine Strategy Framework Directive implementation in the Black Sea through establishing a regional monitoring system of cetaceans (D1) and noise monitoring (D11) for achieving Good Environmental Status )<strong>\u00a0<\/strong><span class=\"s2\"><a href=\"https:\/\/www.accobams.org\/fr\/activites-principales\/cenobs-project\/\" target=\"_blank\" rel=\"noopener noreferrer\"><strong>CeNOBS<\/strong><\/a><\/span><\/p><p><strong>2. Des suivis a\u00e9riens au -dessus des eaux de Russie<\/strong> gr\u00e2ce \u00e0 une collaboration avec le <a href=\"http:\/\/emblasproject.org\/\" target=\"_blank\" rel=\"noopener noreferrer\"><strong>projet EMBLAS + de l\u2019UE et de UNDP<\/strong><\/a><\/p><p>&nbsp;<\/p><p>Au cours de ces efforts de suivi, des donn\u00e9es ont \u00e9t\u00e9 collect\u00e9es sur les c\u00e9tac\u00e9s, des esp\u00e8ces de la m\u00e9gafaune marine (tortues de mer, \u00e9lasmobranches, poissons, oiseaux), des esp\u00e8ces marines plus petites (plancton, m\u00e9duses), les activit\u00e9s humaines et les pressions anthropiques (d\u00e9chets flottants, activit\u00e9s de navigation, activit\u00e9s de p\u00eache).<\/p><p>&nbsp;<\/p><p style=\"text-align: justify;\">Les donn\u00e9es collect\u00e9es dans le cadre de l&rsquo;ASI sont mises \u00e0 disposition pour une utilisation la plus large possible \u00e0 des fins de conservation, conform\u00e9ment aux <strong><a href=\"https:\/\/www.accobams.org\/fr\/conditions-utilisation-asi\" target=\"_blank\" rel=\"noopener noreferrer\">Conditions d\u2019Utilisation<\/a><\/strong> d\u00e9velopp\u00e9es par ACCOBAMS.<\/p><p>&nbsp;<\/p><p style=\"text-align: justify;\">Les informations accessibles <a href=\"https:\/\/www.accobams.org\/fr\/asi-acces-donnees\/\" target=\"_blank\" rel=\"noopener\"><strong>ici<\/strong><\/a> contiennent des <strong>fichiers de m\u00e9tadonn\u00e9es<\/strong> <span style=\"font-size: 10pt;\">(au format Excel et shapefile)<\/span>:<br \/>&#8211; toutes les donn\u00e9es collect\u00e9es pour chaque type de suivi: y compris des cartes des blocs et des transects<br \/>&#8211; des ensembles de donn\u00e9es d\u2019observations et de donn\u00e9es acoustiques: observations, taxon, nombre d&rsquo;individus, coordonn\u00e9es g\u00e9ographiques, blocs, etc.<\/p><p>&nbsp;<\/p><p style=\"text-align: justify;\">Les informations sur l&rsquo;effort de suivi associ\u00e9 aux jeux de donn\u00e9es de l\u2019ASI <strong>ne sont pas accessibles ici<\/strong>. Si ces informations suppl\u00e9mentaires vous int\u00e9ressent, veuillez contacter directement le Secr\u00e9tariat de l&rsquo;ACCOBAMS (<strong><a href=\"mailto:secretariat@accobams.net\">secretariat@accobams.net<\/a><\/strong>)<\/p>","protected":false},"excerpt":{"rendered":"Le projet ACCOBAMS Survey Initiative (ASI) vise \u00e0 mettre en place un syst\u00e8me de suivi int\u00e9gr\u00e9, collaboratif et coordonn\u00e9 de l\u2019\u00e9tat des populations de c\u00e9tac\u00e9s dans l\u2019ensemble de la zone de l\u2019ACCOBAMS, dans le but de renforcer la gouvernance et les efforts pour la conservation de ces esp\u00e8ces. Mis en \u0153uvre par le Secr\u00e9tariat Permanent de l&rsquo;ACCOBAMS, en coordination et avec le soutien des pays riverains et des scientifiques locaux, l&rsquo;ASI a conduit en 2018 et 2019 \u00e0 collecter une quantit\u00e9 de donn\u00e9es sans pr\u00e9c\u00e9dent sur la faune marine (c\u00e9tac\u00e9s et autres esp\u00e8ces de m\u00e9gafaune marine) et sur les pressions anthropiques, gr\u00e2ce \u00e0 des suivis r\u00e9gionaux men\u00e9s dans toute la M\u00e9diterran\u00e9e et la mer Noire.En M\u00e9diterran\u00e9e, les efforts de suivi ont \u00e9t\u00e9 men\u00e9s avec :Des suivis a\u00e9riens dans plus de 75 % de la r\u00e9gionDes suivis visuels en bateau dans les eaux \u00e9gyptiennes, libanaises et syriennes Des suivis visuels et [&hellip;]","protected":false},"author":1,"featured_media":0,"parent":8522,"menu_order":0,"comment_status":"closed","ping_status":"closed","template":"","meta":{"footnotes":""},"class_list":["post-22512","page","type-page","status-publish","hentry","no-wpautop"],"aioseo_notices":[],"acf":[],"_links":{"self":[{"href":"https:\/\/accobams.org\/fr\/wp-json\/wp\/v2\/pages\/22512","targetHints":{"allow":["GET"]}}],"collection":[{"href":"https:\/\/accobams.org\/fr\/wp-json\/wp\/v2\/pages"}],"about":[{"href":"https:\/\/accobams.org\/fr\/wp-json\/wp\/v2\/types\/page"}],"author":[{"embeddable":true,"href":"https:\/\/accobams.org\/fr\/wp-json\/wp\/v2\/users\/1"}],"replies":[{"embeddable":true,"href":"https:\/\/accobams.org\/fr\/wp-json\/wp\/v2\/comments?post=22512"}],"version-history":[{"count":7,"href":"https:\/\/accobams.org\/fr\/wp-json\/wp\/v2\/pages\/22512\/revisions"}],"predecessor-version":[{"id":34439,"href":"https:\/\/accobams.org\/fr\/wp-json\/wp\/v2\/pages\/22512\/revisions\/34439"}],"up":[{"embeddable":true,"href":"https:\/\/accobams.org\/fr\/wp-json\/wp\/v2\/pages\/8522"}],"wp:attachment":[{"href":"https:\/\/accobams.org\/fr\/wp-json\/wp\/v2\/media?parent=22512"}],"curies":[{"name":"wp","href":"https:\/\/api.w.org\/{rel}","templated":true}]}}