{"id":22206,"date":"2019-09-13T15:23:46","date_gmt":"2019-09-13T13:23:46","guid":{"rendered":"http:\/\/www.accobams.org\/asi-data-access-request\/"},"modified":"2019-10-30T11:23:59","modified_gmt":"2019-10-30T10:23:59","slug":"asi-acces-donnees","status":"publish","type":"page","link":"https:\/\/accobams.org\/fr\/asi-acces-donnees\/","title":{"rendered":"Demande d\u2019acc\u00e8s aux donn\u00e9es ASI"},"content":{"rendered":"<p class=\"p1\"><span class=\"s1\">Pour mieux comprendre et suivre l&rsquo;utilisation des donn\u00e9es issues de l\u2019ASI, vous \u00eates invit\u00e9(e) \u00e0 remplir le formulaire suivant, sur l&rsquo;utilisation que vous pr\u00e9voyez de faire des donn\u00e9es.<\/span><\/p>\n<p>&nbsp;<\/p>\n\n<div class=\"wpcf7 no-js\" id=\"wpcf7-f22208-o1\" lang=\"en-GB\" dir=\"ltr\" data-wpcf7-id=\"22208\">\n<div class=\"screen-reader-response\"><p role=\"status\" aria-live=\"polite\" aria-atomic=\"true\"><\/p> <ul><\/ul><\/div>\n<form action=\"\/fr\/wp-json\/wp\/v2\/pages\/22206#wpcf7-f22208-o1\" method=\"post\" class=\"wpcf7-form init\" aria-label=\"Contact form\" novalidate=\"novalidate\" data-status=\"init\">\n<fieldset class=\"hidden-fields-container\"><input type=\"hidden\" name=\"_wpcf7\" value=\"22208\" \/><input type=\"hidden\" name=\"_wpcf7_version\" value=\"6.1.5\" \/><input type=\"hidden\" name=\"_wpcf7_locale\" value=\"en_GB\" \/><input type=\"hidden\" name=\"_wpcf7_unit_tag\" value=\"wpcf7-f22208-o1\" \/><input type=\"hidden\" name=\"_wpcf7_container_post\" value=\"0\" \/><input type=\"hidden\" name=\"_wpcf7_posted_data_hash\" value=\"\" \/><input type=\"hidden\" name=\"_wpcf7cf_hidden_group_fields\" value=\"[]\" \/><input type=\"hidden\" name=\"_wpcf7cf_hidden_groups\" value=\"[]\" \/><input type=\"hidden\" name=\"_wpcf7cf_visible_groups\" value=\"[]\" \/><input type=\"hidden\" name=\"_wpcf7cf_repeaters\" value=\"[]\" \/><input type=\"hidden\" name=\"_wpcf7cf_steps\" value=\"{}\" \/><input type=\"hidden\" name=\"_wpcf7cf_options\" value=\"{&quot;form_id&quot;:22208,&quot;conditions&quot;:[],&quot;settings&quot;:{&quot;animation&quot;:&quot;yes&quot;,&quot;animation_intime&quot;:200,&quot;animation_outtime&quot;:200,&quot;conditions_ui&quot;:&quot;normal&quot;,&quot;notice_dismissed&quot;:false,&quot;notice_dismissed_rollback-cf7-5.6.2&quot;:true,&quot;notice_dismissed_rollback-cf7-6.1.3&quot;:true}}\" \/><input type=\"hidden\" name=\"_wpcf7_recaptcha_response\" value=\"\" \/>\n<\/fieldset>\n<div class=\"row\">\n\t<div class=\"large-12 columns single_fields\">\n\t\t<p><label><br \/>\n<span class=\"columns large-3 small-12 medium-4\">Titre<\/span> <span class=\"columns large-9 small-12 medium-8\"><span class=\"wpcf7-form-control-wrap\" data-name=\"menu-382\"><select class=\"wpcf7-form-control wpcf7-select wpcf7-validates-as-required\" aria-required=\"true\" aria-invalid=\"false\" name=\"menu-382\"><option value=\"Mme\">Mme<\/option><option value=\"Mlle\">Mlle<\/option><option value=\"Mr\">Mr<\/option><option value=\"Dr\">Dr<\/option><option value=\"Prof\">Prof<\/option><\/select><\/span><\/span><br \/>\n<\/label>\n\t\t<\/p>\n\t<\/div>\n\t<div class=\"large-12 columns single_fields\">\n\t\t<p><label><span class=\"columns large-3 small-12 medium-4\">Pr\u00e9nom<\/span><span class=\"columns large-9 small-12 medium-8\"><span class=\"wpcf7-form-control-wrap\" data-name=\"text-875\"><input size=\"40\" maxlength=\"400\" class=\"wpcf7-form-control wpcf7-text wpcf7-validates-as-required\" aria-required=\"true\" aria-invalid=\"false\" placeholder=\"Pr\u00e9nom\" value=\"\" type=\"text\" name=\"text-875\" \/><\/span><\/span><br \/>\n<\/label>\n\t\t<\/p>\n\t<\/div>\n\t<div class=\"large-12 columns single_fields\">\n\t\t<p><label><span class=\"columns large-3 small-12 medium-4\">Nom<\/span><span class=\"columns large-9 small-12 medium-8\"><span class=\"wpcf7-form-control-wrap\" data-name=\"family-name\"><input size=\"40\" maxlength=\"400\" class=\"wpcf7-form-control wpcf7-text wpcf7-validates-as-required\" aria-required=\"true\" aria-invalid=\"false\" placeholder=\"Nom\" value=\"\" type=\"text\" name=\"family-name\" \/><\/span><\/span><br \/>\n<\/label>\n\t\t<\/p>\n\t<\/div>\n\t<div class=\"large-12 columns single_fields\">\n\t\t<p><label><span class=\"columns large-3 small-12 medium-4\">Addresse<\/span><span class=\"columns large-9 small-12 medium-8\"><span class=\"wpcf7-form-control-wrap\" data-name=\"posta_address\"><input size=\"40\" maxlength=\"400\" class=\"wpcf7-form-control wpcf7-text wpcf7-validates-as-required\" aria-required=\"true\" aria-invalid=\"false\" placeholder=\"Adresse postale\" value=\"\" type=\"text\" name=\"posta_address\" \/><\/span><\/span><small class=\"right columns large-9 small-12 medium-8\">Merci d\u2019inclure les d\u00e9tails Rue, Code Postal, ville, Pays<\/small><br \/>\n<\/label>\n\t\t<\/p>\n\t<\/div>\n\t<div class=\"large-12 columns single_fields\">\n\t\t<p><label><span class=\"columns large-3 small-12 medium-4\">Affiliation \/ Organisation<\/span><span class=\"columns large-9 small-12 medium-8\"><span class=\"wpcf7-form-control-wrap\" data-name=\"affiliation-organisation\"><input size=\"40\" maxlength=\"400\" class=\"wpcf7-form-control wpcf7-text wpcf7-validates-as-required\" aria-required=\"true\" aria-invalid=\"false\" placeholder=\"Affiliation \/ Organisation\" value=\"\" type=\"text\" name=\"affiliation-organisation\" \/><\/span><\/span><br \/>\n<\/label>\n\t\t<\/p>\n\t<\/div>\n\t<div class=\"large-12 columns single_fields\">\n\t\t<p><label> <span class=\"columns large-3 small-12 medium-4\">Email<\/span><span class=\"columns large-9 small-12 medium-8\"><span class=\"wpcf7-form-control-wrap\" data-name=\"email-12\"><input size=\"40\" maxlength=\"400\" class=\"wpcf7-form-control wpcf7-email wpcf7-validates-as-required wpcf7-text wpcf7-validates-as-email\" aria-required=\"true\" aria-invalid=\"false\" placeholder=\"Email\" value=\"\" type=\"email\" name=\"email-12\" \/><\/span><\/span><br \/>\n<\/label>\n\t\t<\/p>\n\t<\/div>\n\t<div class=\"large-12 columns single_fields\">\n\t\t<p><label> <span class=\"columns large-3 small-12 medium-4\">T\u00e9l<\/span><span class=\"columns large-9 small-12 medium-8\"><span class=\"wpcf7-form-control-wrap\" data-name=\"phone-12\"><input size=\"40\" maxlength=\"400\" class=\"wpcf7-form-control wpcf7-tel wpcf7-validates-as-required wpcf7-text wpcf7-validates-as-tel\" aria-required=\"true\" aria-invalid=\"false\" placeholder=\"T\u00e9l\" value=\"\" type=\"tel\" name=\"phone-12\" \/><\/span><\/span><br \/>\n<\/label>\n\t\t<\/p>\n\t<\/div>\n\t<div class=\"large-12 columns single_fields\">\n\t\t<p><label> <span class=\"columns large-3 small-12 medium-4\">Mobile<\/span><span class=\"columns large-9 small-12 medium-8\"><span class=\"wpcf7-form-control-wrap\" data-name=\"mobile-14\"><input size=\"40\" maxlength=\"400\" class=\"wpcf7-form-control wpcf7-tel wpcf7-text wpcf7-validates-as-tel\" aria-invalid=\"false\" placeholder=\"Mobile\" value=\"\" type=\"tel\" name=\"mobile-14\" \/><\/span><\/span><br \/>\n<\/label>\n\t\t<\/p>\n\t<\/div>\n\t<div class=\"large-12 columns single_fields\">\n\t\t<p><label><span class=\"columns large-3 small-12 medium-4\"><b>Donn\u00e9es ASI:<\/b> Veuillez indiquer le type de donn\u00e9es qui vous int\u00e9resse (esp\u00e8ce, \u00e9tude de bateau, enqu\u00eate a\u00e9rienne, zone g\u00e9ographique) ...) <\/span><span class=\"columns large-9 small-12 medium-8\"><span class=\"wpcf7-form-control-wrap\" data-name=\"asi_data\"><input size=\"40\" maxlength=\"400\" class=\"wpcf7-form-control wpcf7-text wpcf7-validates-as-required\" aria-required=\"true\" aria-invalid=\"false\" placeholder=\"Type de donn\u00e9es qui vous int\u00e9resse\" value=\"\" type=\"text\" name=\"asi_data\" \/><\/span><\/span><br \/>\n<\/label>\n\t\t<\/p>\n\t<\/div>\n\t<div class=\"large-12 columns single_fields\">\n\t\t<p><label><span class=\"columns large-3 small-12 medium-4\"><b>Utilisation pr\u00e9vue des donn\u00e9es:<\/b> Veuillez fournir une br\u00e8ve description des objectifs associ\u00e9s \u00e0 l'utilisation des donn\u00e9es ASI. <\/span><span class=\"columns large-9 small-12 medium-8\"><span class=\"wpcf7-form-control-wrap\" data-name=\"intended_use\"><input size=\"40\" maxlength=\"400\" class=\"wpcf7-form-control wpcf7-text wpcf7-validates-as-required\" aria-required=\"true\" aria-invalid=\"false\" placeholder=\"Objectifs associ\u00e9s \u00e0 l&#039;utilisation des donn\u00e9es ASI\" value=\"\" type=\"text\" name=\"intended_use\" \/><\/span><\/span><br \/>\n<\/label>\n\t\t<\/p>\n\t<\/div>\n\t<div class=\"large-12 columns single_fields\">\n\t\t<p><label><span class=\"columns large-3 small-12 medium-4\"><b>R\u00e9sultats attendus:<\/b> Veuillez indiquer les r\u00e9sultats attendus de l'utilisation des donn\u00e9es ASI (rapport, publication scientifique, communiqu\u00e9 de presse, mat\u00e9riel de sensibilisation, etc.). <\/span><span class=\"columns large-9 small-12 medium-8\"><span class=\"wpcf7-form-control-wrap\" data-name=\"exp_outputs\"><input size=\"40\" maxlength=\"400\" class=\"wpcf7-form-control wpcf7-text wpcf7-validates-as-required\" aria-required=\"true\" aria-invalid=\"false\" placeholder=\"R\u00e9sultats attendus\" value=\"\" type=\"text\" name=\"exp_outputs\" \/><\/span><\/span><br \/>\n<\/label>\n\t\t<\/p>\n\t<\/div>\n\t<p><span class=\"columns large-9 small-12 medium-12 right\"><input class=\"wpcf7-form-control wpcf7-submit has-spinner\" type=\"submit\" value=\"Envoyer et acc\u00e9der aux donn\u00e9es\" \/><\/span>\n\t<\/p>\n\t<p><span class=\"wpcf7-form-control-wrap\" data-name=\"your-consent\"><span class=\"wpcf7-form-control wpcf7-acceptance\"><span class=\"wpcf7-list-item\"><label><input type=\"checkbox\" name=\"your-consent\" value=\"1\" aria-invalid=\"false\" \/><span class=\"wpcf7-list-item-label\">&nbsp;En cochant cette case <a href=\"https:\/\/www.accobams.org\/fr\/donnees-personnelles-rgpd\/\" target=\"_blank\">J'accepte la politique de confidentialit\u00e9 de ce site <\/a><\/span><\/label><\/span><\/span><\/span><br \/>\n<span class=\"wpcf7-form-control-wrap\" data-name=\"your-consent\"><span class=\"wpcf7-form-control wpcf7-acceptance\"><span class=\"wpcf7-list-item\"><label><input type=\"checkbox\" name=\"your-consent\" value=\"1\" aria-invalid=\"false\" \/><span class=\"wpcf7-list-item-label\">&nbsp;En cochant cette case <a href=\"https:\/\/www.accobams.org\/fr\/conditions-utilisation-asi\/\" target=\"_blank\"> j\u2019accepte les Conditions d\u2019utilisation des donn\u00e9es de l\u2019ACCOBAMS Survey Initiative<\/span><\/label><\/span><\/span><\/span>\n\t<\/p>\n\t<p>[cf7sr-recaptcha]\n\t<\/p>\n<\/div><p style=\"display: none !important;\" class=\"akismet-fields-container\" data-prefix=\"_wpcf7_ak_\"><label>&#916;<textarea name=\"_wpcf7_ak_hp_textarea\" cols=\"45\" rows=\"8\" maxlength=\"100\"><\/textarea><\/label><input type=\"hidden\" id=\"ak_js_1\" name=\"_wpcf7_ak_js\" value=\"163\"\/><script>document.getElementById( \"ak_js_1\" ).setAttribute( \"value\", ( new Date() ).getTime() );<\/script><\/p><div class=\"wpcf7-response-output\" aria-hidden=\"true\"><\/div>\n<\/form>\n<\/div>\n\n","protected":false},"excerpt":{"rendered":"<p>Pour mieux comprendre et suivre l&rsquo;utilisation des donn\u00e9es issues de l\u2019ASI, vous \u00eates invit\u00e9(e) \u00e0 remplir le formulaire suivant, sur l&rsquo;utilisation que vous pr\u00e9voyez de faire des donn\u00e9es. &nbsp;<\/p>\n","protected":false},"author":1,"featured_media":0,"parent":0,"menu_order":0,"comment_status":"closed","ping_status":"closed","template":"","meta":{"footnotes":""},"class_list":["post-22206","page","type-page","status-publish","hentry","wpautop"],"aioseo_notices":[],"acf":[],"_links":{"self":[{"href":"https:\/\/accobams.org\/fr\/wp-json\/wp\/v2\/pages\/22206","targetHints":{"allow":["GET"]}}],"collection":[{"href":"https:\/\/accobams.org\/fr\/wp-json\/wp\/v2\/pages"}],"about":[{"href":"https:\/\/accobams.org\/fr\/wp-json\/wp\/v2\/types\/page"}],"author":[{"embeddable":true,"href":"https:\/\/accobams.org\/fr\/wp-json\/wp\/v2\/users\/1"}],"replies":[{"embeddable":true,"href":"https:\/\/accobams.org\/fr\/wp-json\/wp\/v2\/comments?post=22206"}],"version-history":[{"count":0,"href":"https:\/\/accobams.org\/fr\/wp-json\/wp\/v2\/pages\/22206\/revisions"}],"wp:attachment":[{"href":"https:\/\/accobams.org\/fr\/wp-json\/wp\/v2\/media?parent=22206"}],"curies":[{"name":"wp","href":"https:\/\/api.w.org\/{rel}","templated":true}]}}