{"id":13106,"date":"2019-02-25T15:21:51","date_gmt":"2019-02-25T14:21:51","guid":{"rendered":"http:\/\/www.accobams.org\/activites-principales\/cenobs-project\/"},"modified":"2019-03-22T15:45:35","modified_gmt":"2019-03-22T14:45:35","slug":"cenobs-project","status":"publish","type":"page","link":"https:\/\/accobams.org\/fr\/activites-principales\/cenobs-project\/","title":{"rendered":"Projet CeNoBS"},"content":{"rendered":"<p><img loading=\"lazy\" decoding=\"async\" class=\"wp-image-13055 aligncenter\" src=\"http:\/\/www.accobams.org\/wp-content\/uploads\/2019\/02\/logo_CeNoBS-1024x750.jpg\" alt=\"\" width=\"295\" height=\"216\" srcset=\"https:\/\/accobams.org\/wp-content\/uploads\/2019\/02\/logo_CeNoBS-1024x750.jpg 1024w, https:\/\/accobams.org\/wp-content\/uploads\/2019\/02\/logo_CeNoBS-300x220.jpg 300w, https:\/\/accobams.org\/wp-content\/uploads\/2019\/02\/logo_CeNoBS.jpg 1229w\" sizes=\"auto, (max-width: 295px) 100vw, 295px\" \/><\/p><p style=\"text-align: justify;\"><span style=\"font-family: trebuchet ms, geneva, sans-serif;\">Apr\u00e8s avoir men\u00e9 \u00e0 bien l'\u00a0\u00bbACCOBAMS Survey Initiative\u00a0\u00bb en mer M\u00e9diterran\u00e9e et collect\u00e9 des donn\u00e9es sur les c\u00e9tac\u00e9s mais aussi sur la m\u00e9gafaune marine, le bruit sous-marin et les d\u00e9chets marins, le Secr\u00e9tariat Permanent de l&rsquo;ACCOBAMS et ses partenaires de la mer Noire ont r\u00e9cemment obtenu une subvention de la Commission europ\u00e9enne pour couvrir la mer Noire. Ce projet est intitul\u00e9 <strong>CeNoBS &#8211; Soutenir la mise en \u0153uvre de la DCSMM en mer Noire par la mise en place d&rsquo;un syst\u00e8me r\u00e9gional de surveillance des c\u00e9tac\u00e9s (D1) et de surveillance du bruit (D11) pour la r\u00e9alisation du GES<\/strong> &#8211; et permettra de mener l&rsquo;\u00e9tude dans une grande partie de la mer Noire l&rsquo;\u00e9t\u00e9 prochain (2019).<br \/><\/span><\/p><p style=\"text-align: center;\"><strong><span style=\"font-family: arial black, sans-serif; color: #235382; font-size: 18pt;\">OBJECTIFS<\/span><\/strong><\/p><p style=\"text-align: justify;\"><span style=\"font-family: trebuchet ms, geneva, sans-serif;\">En ce qui concerne la directive-cadre relative \u00e0 la strat\u00e9gie pour le milieu marin (DCSMM), les principaux objectifs sont les suivants : <br \/>&#8211; \u00e9valuer les crit\u00e8res relatifs aux c\u00e9tac\u00e9s D1 (diversit\u00e9 biologique) et l&rsquo;\u00e9tablissement de valeurs seuils, <br \/>&#8211; \u00e9valuer et soutenir le d\u00e9veloppement de la surveillance D11 (\u00e9nergie et bruit) dans la r\u00e9gion de la mer Noire par la diffusion des activit\u00e9s, r\u00e9sultats et r\u00e9sultats du projet.<\/span><\/p><p style=\"text-align: center;\"><span style=\"font-size: 18pt; color: #235382; font-family: arial black, sans-serif;\"><strong>ACTIVIT\u00c9S<\/strong><\/span><\/p><table><tbody><tr><td style=\"background-color: #e0f6ff; text-align: center;\"><span style=\"font-family: trebuchet ms, geneva, sans-serif;\">\u00a0<strong>R\u00e9partition des c\u00e9tac\u00e9s <\/strong><\/span><br \/><strong><span style=\"font-family: trebuchet ms, geneva, sans-serif;\">&amp;<\/span><\/strong><br \/><strong><span style=\"font-family: trebuchet ms, geneva, sans-serif;\">Surveillance de l&rsquo;abondance<\/span><\/strong><\/td><td style=\"background-color: #e0f6ff;\"><p style=\"text-align: justify;\"><span style=\"font-family: trebuchet ms, geneva, sans-serif;\">L&rsquo;application de m\u00e9thodes de pointe de surveillance des mammif\u00e8res marins permettra d&rsquo;\u00e9valuer les m\u00e9thodes pertinentes, de recommander celles qui conviennent le mieux aux pays partenaires et d&rsquo;identifier les aspects qui n\u00e9cessitent une harmonisation plus pouss\u00e9e entre les \u00c9tats membres pour am\u00e9liorer la coh\u00e9rence de la surveillance et de l&rsquo;\u00e9valuation \u00e0 l&rsquo;\u00e9chelle r\u00e9gionale.<\/span><\/p><p style=\"text-align: justify;\"><span style=\"font-family: trebuchet ms, geneva, sans-serif;\">Au cours de l&rsquo;\u00e9t\u00e9 2019, la r\u00e9partition et l&rsquo;abondance des populations de c\u00e9tac\u00e9s seront \u00e9valu\u00e9es gr\u00e2ce \u00e0 un relev\u00e9 a\u00e9rien r\u00e9gional visant \u00e0 recueillir des observations visuelles des c\u00e9tac\u00e9s selon des protocoles sp\u00e9cifiques et partag\u00e9s. Un atelier de formation pr\u00e9parera les chefs d&rsquo;\u00e9quipe et les observateurs juste avant le d\u00e9but de l&rsquo;enqu\u00eate qui d\u00e9butera \u00e0 la mi-juin 2019. Les donn\u00e9es recueillies seront analys\u00e9es en 2019 et 2020. Les r\u00e9sultats seront utilis\u00e9s pour lancer la d\u00e9finition de valeurs seuils pour les indicateurs et crit\u00e8res relatifs aux c\u00e9tac\u00e9s, conform\u00e9ment \u00e0 la nouvelle d\u00e9cision GES (d\u00e9cision 2017\/848).<\/span><\/p><\/td><\/tr><tr><td style=\"background-color: #e3e3e3; text-align: center;\"><span style=\"font-family: trebuchet ms, geneva, sans-serif;\"><strong>Surveillance du bruit<br \/><\/strong><\/span><\/td><td style=\"background-color: #e3e3e3;\"><p style=\"text-align: justify;\"><span style=\"font-family: trebuchet ms, geneva, sans-serif;\">Les actions pilotes de surveillance du bruit permettront de tester les m\u00e9thodologies appliqu\u00e9es dans d&rsquo;autres zones marines et de d\u00e9finir des propositions et recommandations pour la surveillance du bruit D11 en mer Noire. Les \u00e9tudes pilotes permettront d&rsquo;\u00e9valuer le niveau de bruit sous-marin dans des endroits sp\u00e9cifiques sur le plateau oc\u00e9anique des \u00c9tats membres.<br \/><\/span><\/p><p style=\"text-align: justify;\"><span style=\"font-family: trebuchet ms, geneva, sans-serif;\">Un atelier de formation sera organis\u00e9 avec des participants de tous les pays de la mer Noire. Il visera \u00e0 renforcer les capacit\u00e9s de surveillance du D11, en s&rsquo;attaquant \u00e0 la fois aux bruits impulsifs anthropiques dans l&rsquo;eau et aux bruits continus et anthropiques \u00e0 basse fr\u00e9quence dans l&rsquo;eau.<\/span><\/p><\/td><\/tr><tr style=\"background-color: #e0f6ff;\"><td style=\"text-align: center;\"><span style=\"font-family: trebuchet ms, geneva, sans-serif;\"><strong>Surveillance des prises accidentelles<br \/><\/strong><\/span><\/td><td style=\"text-align: justify;\"><p style=\"text-align: justify;\"><span style=\"font-family: trebuchet ms, geneva, sans-serif;\">Les activit\u00e9s pilotes de surveillance des prises accidentelles de c\u00e9tac\u00e9s seront mises en \u0153uvre. Les donn\u00e9es seront recueillies au moyen de questionnaires dans les ports et d&rsquo;observateurs embarqu\u00e9s. L&rsquo;examen post-mortem des carcasses de c\u00e9tac\u00e9s \u00e9chou\u00e9s \u00e0 terre sera effectu\u00e9 sous la forme d&rsquo;une estimation ind\u00e9pendante du taux de prises accessoires, l&rsquo;accent \u00e9tant mis en particulier sur la p\u00eache IUU.<br \/><\/span><\/p><span style=\"font-family: trebuchet ms, geneva, sans-serif;\">Cette activit\u00e9 vise \u00e0 d\u00e9montrer la faisabilit\u00e9 de d\u00e9velopper un programme de surveillance des prises accidentelles de mani\u00e8re harmonis\u00e9e dans la mer Noire afin de combler les lacunes en mati\u00e8re de distribution, d&rsquo;intensit\u00e9 et d&rsquo;effets de la pression des prises accidentelles sur les c\u00e9tac\u00e9s.<br \/><\/span><\/td><\/tr><\/tbody><\/table>","protected":false},"excerpt":{"rendered":"Apr\u00e8s avoir men\u00e9 \u00e0 bien l&rsquo;\u00a0\u00bbACCOBAMS Survey Initiative\u00a0\u00bb en mer M\u00e9diterran\u00e9e et collect\u00e9 des donn\u00e9es sur les c\u00e9tac\u00e9s mais aussi sur la m\u00e9gafaune marine, le bruit sous-marin et les d\u00e9chets marins, le Secr\u00e9tariat Permanent de l&rsquo;ACCOBAMS et ses partenaires de la mer Noire ont r\u00e9cemment obtenu une subvention de la Commission europ\u00e9enne pour couvrir la mer Noire. Ce projet est intitul\u00e9 CeNoBS &#8211; Soutenir la mise en \u0153uvre de la DCSMM en mer Noire par la mise en place d&rsquo;un syst\u00e8me r\u00e9gional de surveillance des c\u00e9tac\u00e9s (D1) et de surveillance du bruit (D11) pour la r\u00e9alisation du GES &#8211; et permettra de mener l&rsquo;\u00e9tude dans une grande partie de la mer Noire l&rsquo;\u00e9t\u00e9 prochain (2019).OBJECTIFSEn ce qui concerne la directive-cadre relative \u00e0 la strat\u00e9gie pour le milieu marin (DCSMM), les principaux objectifs sont les suivants : &#8211; \u00e9valuer les crit\u00e8res relatifs aux c\u00e9tac\u00e9s D1 (diversit\u00e9 biologique) et l&rsquo;\u00e9tablissement de valeurs [&hellip;]","protected":false},"author":1,"featured_media":0,"parent":418,"menu_order":0,"comment_status":"closed","ping_status":"closed","template":"","meta":{"footnotes":""},"class_list":["post-13106","page","type-page","status-publish","hentry","no-wpautop"],"aioseo_notices":[],"acf":[],"_links":{"self":[{"href":"https:\/\/accobams.org\/fr\/wp-json\/wp\/v2\/pages\/13106","targetHints":{"allow":["GET"]}}],"collection":[{"href":"https:\/\/accobams.org\/fr\/wp-json\/wp\/v2\/pages"}],"about":[{"href":"https:\/\/accobams.org\/fr\/wp-json\/wp\/v2\/types\/page"}],"author":[{"embeddable":true,"href":"https:\/\/accobams.org\/fr\/wp-json\/wp\/v2\/users\/1"}],"replies":[{"embeddable":true,"href":"https:\/\/accobams.org\/fr\/wp-json\/wp\/v2\/comments?post=13106"}],"version-history":[{"count":0,"href":"https:\/\/accobams.org\/fr\/wp-json\/wp\/v2\/pages\/13106\/revisions"}],"up":[{"embeddable":true,"href":"https:\/\/accobams.org\/fr\/wp-json\/wp\/v2\/pages\/418"}],"wp:attachment":[{"href":"https:\/\/accobams.org\/fr\/wp-json\/wp\/v2\/media?parent=13106"}],"curies":[{"name":"wp","href":"https:\/\/api.w.org\/{rel}","templated":true}]}}